{"id":5,"date":"2024-04-04T03:12:54","date_gmt":"2024-04-04T00:12:54","guid":{"rendered":"https:\/\/sisu.ut.ee\/kultuur\/kultuur-ja-ruumikasutus\/"},"modified":"2024-04-04T03:12:57","modified_gmt":"2024-04-04T00:12:57","slug":"kultuur-ja-ruumikasutus","status":"publish","type":"page","link":"https:\/\/sisu.ut.ee\/kultuur\/kultuur-ja-ruumikasutus\/","title":{"rendered":"6. Kultuur ja ruumikasutus"},"content":{"rendered":"<p style=\"text-align: justify\"><span style=\"color: #4c4c4c\" data-mce-mark=\"1\"><\/span><\/p>\n<p style=\"text-align: justify\"><span style=\"color: #4c4c4c\" data-mce-mark=\"1\">Kanname isiklikku ruumi endaga kogu aeg kaasas ning see m\u00f5jutab mitte ainult seda, kui kaugel me kaask\u00f5nelejast r\u00e4\u00e4kides seisame, vaid ka seda, kuidas me ennast laiemalt teiste suhtes ruumis asetame ning ruumi enda \u00fcmber korrastame.<\/span><\/p>\n<p style=\"text-align: justify\"><span style=\"color: #4c4c4c\">Kuna kultuuride vahel on suured erinevused selles, mida peetakse isiklikuks ja avalikuks distantsiks, siis n\u00e4eme kultuurilisi erinevusi laiemalt ruumikasutuses. Nt suurema personaalse distantsiga kultuuris istuvad inimesed bussis v\u00f5i klassis \u00fcksteisest v\u00f5imalikult kaugele, v\u00e4ltides igasugust f\u00fc\u00fcsilist kontakti ja v\u00f5\u00f5raste k\u00f5netamist, v\u00e4iksema personaalse ruumi vajadusega kultuurides aga l\u00e4hedale ning alustavad v\u00f5\u00f5ra inimesega jutuajamist. Suure distantsiga kultuurides v\u00e4lditakse teise inimese ruumi tungimist ka oma kehal\u00f5hna ja hinge\u00f5huga.<\/span><\/p>\n<blockquote>\n<p style=\"text-align: justify\"><span style=\"color: #4c89b1;font-size: medium\">Suure personaalse distantsiga kultuurides v\u00e4\u00e4rtustatakse isiklikku privaatsust ka kodus: pereliikmetel on omad toad, nende uksi v\u00f5ib sulgeda ning enne sisenemist tuleb koputada. Distantsinorme aitab kehtestada see, kuidas on kodus paigutatud m\u00f6\u00f6bel. Rangeid distantsireegleid eelistavates kultuurides v\u00f5idakse eelistada ka raskemat m\u00f6\u00f6blit, mida on raske liigutada. V\u00e4iksema kultuurilise distantsiga kultuurides eelistab pere viibida jagatud ruumis, oma uste sulgemine on ebaviisakas, nagu ka range vahet tegemine oma ja teiste asjade vahel.<\/span><\/p>\n<\/blockquote>\n<p style=\"text-align: justify\"><span style=\"color: #4c4c4c\">Ruumijaotus t\u00f6\u00f6kohas on samuti seotud kultuuriliste v\u00e4\u00e4rtustega: distantsi eelistavates kultuurides on t\u00f6\u00f6tajatel omad kabinetid v\u00f5i on t\u00f6\u00f6kohad eraldatud vaheseinte v\u00f5i riiulitega, kabinettide uksi saab ja tohib sulgeda ning fookuses on t\u00f6\u00f6\u00fclesannete t\u00e4itmine, mitte inimeste vaheline suhtlus. V\u00e4iksema distantsiga kultuurides on enam jagatud avatud plaaniga t\u00f6\u00f6kohti, uste sulgemine pole lubatud ning t\u00f6\u00f6\u00fclesandeid t\u00e4ites on fookuses meeskonnat\u00f6\u00f6. M\u00f5ned autorid on seega eristanud avatud ja suletud ustega kultuure (Hall 1966). T\u00f6\u00f6kultuuri kontekstis aga on lisaks kultuurikontekstile oluline organisatsioonikultuur, sest meeskonnat\u00f6\u00f6 ja avatud kontori p\u00f5him\u00f5tted on t\u00e4nases p\u00e4evas liikunud enamustesse riikidesse, s\u00f5ltumata kohalikest kultuurinormidest.<\/span><\/p>\n<p style=\"text-align: justify\"><span style=\"color: #4c4c4c\">Suurema ruumivajadusega kultuurides r\u00f5hutatakse isiklikku ruum ka oma kinnisvara eraldamiselt teistest aia v\u00f5i puude-p\u00f5\u00f5sastega ning akendele pannakse ette l\u00e4bipaistmatud kardinad. Majad eelistatakse ehitada \u00fcksteisest v\u00f5imalikult kaugele. \u00dchistranspordi asemel eelistatakse s\u00f5ita isikliku autoga, kus keegi isiklikku ruumi ei tiku. V\u00e4iksema isikliku ruumivajadusega kultuurides (nt L\u00f5una-Euroopa riikides) on isiklik elu sageli laiendatud t\u00e4navale (nt inimesed istuvad ja s\u00f6\u00f6vad oma maja ees t\u00e4naval v\u00f5i terrassil, pesu kuivatatakse t\u00e4naval), ennast tuntakse mugavamalt inimesi t\u00e4is t\u00e4naval ning \u00fchistransport ei tekita ebamugavustunnet.<\/span><\/p>\n<blockquote>\n<p style=\"text-align: justify\"><span style=\"color: #4c89b1;font-size: medium\">Ruumikasutuses v\u00f5ib esineda vastur\u00e4\u00e4kivusi, sest lisaks kultuurile m\u00f5jutavad ruumikasutust ka inimeste elukoht (suurlinn v\u00f5i maakoht), materiaalsed v\u00f5imalused, vanus, rahvastiku tihedus ja kasutada geograafiline ruum.<\/span><\/p>\n<\/blockquote>\n<p>\u00a0<\/p>\n<p style=\"text-align: justify\"><span style=\"color: #000080\" data-mce-mark=\"1\"><\/span><img loading=\"lazy\" decoding=\"async\" src=\"\/wp-content\/uploads\/sites\/193\/nota-bene.png\" width=\"50\" height=\"50\"><\/p>\n<table class=\"table table-hover\" style=\"background-color: #e7eeee\" border=\"0\">\n<tbody>\n<tr>\n<td>\n<ul>\n<li style=\"text-align: justify\">Ruumitaju m\u00f5jutab mitte ainult inimeste vahelist distantsi suhtluses, vaid ka seda, kuidas me korrastame ennast \u00fcmbritsevat ruumi.<\/li>\n<li>Kultuuriline ruumitaju m\u00f5jutab seda, kuidas me paigutame ennast teiste inimeste suhtes avalikus transpordis v\u00f5i ka klassiruumis.<\/li>\n<li>Erinev isikliku ja avaliku ruumi eristus m\u00f5jutab ka seda, kuidas kujundatakse linnaruumi ja oma isiklikku elamispinda.<\/li>\n<\/ul>\n<\/td>\n<\/tr>\n<\/tbody>\n<\/table>\n<p>\u00a0<\/p>\n<p style=\"text-align: justify\"><span style=\"color: #4c4c4c\" data-mce-mark=\"1\"><\/span><\/p>\n<h4 style=\"text-align: justify\"><span style=\"color: #000080\" data-mce-mark=\"1\"><\/span><span style=\"color: #4c89b1\"><\/span><\/h4>\n<hr>\n<h4 style=\"text-align: justify\"><span style=\"color: #4c89b1\">Enesekontrollik\u00fcsimused<\/span><\/h4>\n<p style=\"text-align: justify\"><span style=\"color: #4c4c4c\">1. Kuidas m\u00f5jutab kultuurile omane ruumiline distants ruumikasutust?<\/span><br><\/p><div class=\"accordion mb-3\">\n        <div class=\"accordion-item accordion-item--white\">\n        <h2 class=\"accordion-header\" id=\"accordion-69e293c65d6fc-heading\">\n            <button class=\"accordion-button collapsed\" type=\"button\" data-bs-toggle=\"collapse\" data-bs-target=\"#accordion-69e293c65d6fc-collapse\" aria-expanded=\"true\" aria-controls=\"accordion-69e293c65d6fc-collapse\">Vastus<\/button>\n        <\/h2>\n        <div id=\"accordion-69e293c65d6fc-collapse\" class=\"accordion-collapse collapse\" aria-labelledby=\"accordion-69e293c65d6fc-heading\">\n            <div class=\"accordion-body\">See, kui l\u00e4hedale me suheldes teisi endale laseme m\u00f5jutab ka seda, kuidas me k\u00e4itume avalikus ruumis.<\/div>\n        <\/div>\n        <\/div>\n    <\/div><br><span style=\"color: #4c4c4c\">2. Kuidas k\u00e4ituvad suure ja v\u00e4ikese distantsiga kultuuride esindajad avalikus ruumis?<\/span><br><div class=\"accordion mb-3\">\n        <div class=\"accordion-item accordion-item--white\">\n        <h2 class=\"accordion-header\" id=\"accordion-69e293c65d702-heading\">\n            <button class=\"accordion-button collapsed\" type=\"button\" data-bs-toggle=\"collapse\" data-bs-target=\"#accordion-69e293c65d702-collapse\" aria-expanded=\"true\" aria-controls=\"accordion-69e293c65d702-collapse\">Vastus<\/button>\n        <\/h2>\n        <div id=\"accordion-69e293c65d702-collapse\" class=\"accordion-collapse collapse\" aria-labelledby=\"accordion-69e293c65d702-heading\">\n            <div class=\"accordion-body\">Suure distantsiga kultuuride esindajad eelistavad istuda teistest inimestest kaugele, v\u00e4ltida silmsidet ja vestlust v\u00f5\u00f5rastega; v\u00e4ikse distantsiga kultuuride esindajad istuvad \u00fcksteisele l\u00e4hedale ja astuvad v\u00f5\u00f5rastega kergesti vestlusse.<\/div>\n        <\/div>\n        <\/div>\n    <\/div><br><span style=\"color: #4c4c4c\">3. Mida t\u00e4hendavad kultuurilise distantsi kontekstis suletud v\u00f5i avatud uksed?<\/span><br><div class=\"accordion mb-3\">\n        <div class=\"accordion-item accordion-item--white\">\n        <h2 class=\"accordion-header\" id=\"accordion-69e293c65d704-heading\">\n            <button class=\"accordion-button collapsed\" type=\"button\" data-bs-toggle=\"collapse\" data-bs-target=\"#accordion-69e293c65d704-collapse\" aria-expanded=\"true\" aria-controls=\"accordion-69e293c65d704-collapse\">Vastus<\/button>\n        <\/h2>\n        <div id=\"accordion-69e293c65d704-collapse\" class=\"accordion-collapse collapse\" aria-labelledby=\"accordion-69e293c65d704-heading\">\n            <div class=\"accordion-body\">Suurema distantsivajadusega kultuurides eelistatakse (n\u00e4iteks kontorites) suletud, v\u00e4iksema distantsivajadusega kultuurides avatud uksi.<\/div>\n        <\/div>\n        <\/div>\n    <\/div>\n","protected":false},"excerpt":{"rendered":"<p>Kanname isiklikku ruumi endaga kogu aeg kaasas ning see m\u00f5jutab mitte ainult seda, kui kaugel me kaask\u00f5nelejast r\u00e4\u00e4kides seisame, vaid ka seda, kuidas me ennast laiemalt teiste suhtes ruumis asetame ning ruumi enda \u00fcmber korrastame. Kuna kultuuride vahel on suured &#8230;<\/p>\n","protected":false},"author":95,"featured_media":0,"parent":0,"menu_order":0,"comment_status":"closed","ping_status":"closed","template":"","meta":{"_acf_changed":false,"inline_featured_image":false,"footnotes":""},"class_list":["post-5","page","type-page","status-publish","hentry"],"acf":[],"_links":{"self":[{"href":"https:\/\/sisu.ut.ee\/kultuur\/wp-json\/wp\/v2\/pages\/5","targetHints":{"allow":["GET"]}}],"collection":[{"href":"https:\/\/sisu.ut.ee\/kultuur\/wp-json\/wp\/v2\/pages"}],"about":[{"href":"https:\/\/sisu.ut.ee\/kultuur\/wp-json\/wp\/v2\/types\/page"}],"author":[{"embeddable":true,"href":"https:\/\/sisu.ut.ee\/kultuur\/wp-json\/wp\/v2\/users\/95"}],"replies":[{"embeddable":true,"href":"https:\/\/sisu.ut.ee\/kultuur\/wp-json\/wp\/v2\/comments?post=5"}],"version-history":[{"count":1,"href":"https:\/\/sisu.ut.ee\/kultuur\/wp-json\/wp\/v2\/pages\/5\/revisions"}],"predecessor-version":[{"id":36,"href":"https:\/\/sisu.ut.ee\/kultuur\/wp-json\/wp\/v2\/pages\/5\/revisions\/36"}],"wp:attachment":[{"href":"https:\/\/sisu.ut.ee\/kultuur\/wp-json\/wp\/v2\/media?parent=5"}],"curies":[{"name":"wp","href":"https:\/\/api.w.org\/{rel}","templated":true}]}}