{"id":12,"date":"2024-04-04T03:12:55","date_gmt":"2024-04-04T00:12:55","guid":{"rendered":"https:\/\/sisu.ut.ee\/kultuur\/avaleht\/"},"modified":"2024-04-30T15:29:34","modified_gmt":"2024-04-30T12:29:34","slug":"avaleht","status":"publish","type":"page","link":"https:\/\/sisu.ut.ee\/kultuur\/","title":{"rendered":"1.Avaleht"},"content":{"rendered":"<h2 style=\"text-align: center\">KUIDAS V\u00d5\u00d5RAS KULTUURIS ELLU J\u00c4\u00c4DA<\/h2>\n<p style=\"text-align: justify\">\n<\/p><p style=\"text-align: justify\">Tere tulemast tutvuma kultuuridevahelise suhtluse teemalise \u00f5piobjektiga \u201eKuidas v\u00f5\u00f5ras kultuuris ellu j\u00e4\u00e4da\u201d. \u00d5piobjekt koosneb kaheksast teemast (vt men\u00fc\u00fcd k\u00f5rval), viiest videost ning enesekontrollik\u00fcsimustest. Teemad annavad \u00f5ppijaile teoreetilise \u00fclevaate kultuuridevahelises suhtluses arusaamatusi tekitada v\u00f5ivatest elementidest: viisakusk\u00e4itumine, ruumikasutus, vaikus ja ajakasutus.\u00a0Videointervjuud erinevate kultuuride esindajatega aitavad \u00f5ppijail teoreetilises osas esitatud probleeme n\u00e4itlikustada ning aitavad vaadata eesti kultuuri teise kultuuri esindaja silmadega. Suhtlussituatsioonis pakutav teave juhib t\u00e4helepau ka keelelise ja mittekeelelise suhtluse olulisusele. Enesekontrollik\u00fcsimused aitavad \u00f5ppijal aru saada, kas ta on m\u00f5istnud olulisimat teoreetilises osas ja intervjuudes. \u00d5piobjekti p\u00f5hjalik l\u00e4bimine v\u00f5tab aega umbes 6-8 tundi. \u00d5piobjekt on osa samanimelisest t\u00e4ienduskoolituskursusest.<\/p>\n<p style=\"text-align: justify\">Tartu \u00dclikooli maailma keelte ja kultuuride kolled\u017ei anglistika osakonna dotsent Raili Marlingu videoloeng annab \u00fclevaate kursuse eesm\u00e4rkidest ning tutvustab kahte esimest teemat \u201cMis on kultuur?\u201d ja \u201cMis on suhtlus?\u201d.<\/p>\n<p><\/p><div class=\"ratio ratio-16x9 mb-3\"><div class=\"video-placeholder-wrapper video-placeholder-wrapper--16x9\">\n\t\t\t    <div class=\"video-placeholder d-flex justify-content-center align-items-center\">\n\t\t\t        <div class=\"overlay text-white p-2 w-100 text-center d-block justify-content-center align-items-center\">\n\t\t\t            <div>Kolmandate osapoolte sisu n\u00e4gemiseks palun n\u00f5ustu k\u00fcpsistega.<\/div>\n\t\t\t            <button class=\"btn btn-secondary btn-sm mt-1 consent-change\">Muuda n\u00f5usolekut<\/button>\n\t\t\t        <\/div>\n\t\t\t    <\/div>\n\t\t\t<\/div>\n<\/div>\n\n<p>\u00a0<\/p>\n<p><a href=\"http:\/\/www.maailmakeeled.ut.ee\/et\" target=\"_blank\" rel=\"noopener\"><img loading=\"lazy\" decoding=\"async\" src=\"\/wp-content\/uploads\/sites\/193\/logo_maailmakeeled_et.png\" alt=\"Tartu \u00dclikooli maailma keelte ja kultuuride kolled\u017e\" height=\"60\" width=\"451\"><\/a><\/p>\n<ul>\n<li><a style=\"background-color: #ffffff\" href=\"http:\/\/www.maailmakeeled.ut.ee\/et\" target=\"_blank\" title=\"Kolled\u017ei koduleht\" rel=\"noopener\">Kolled\u017ei koduleht<\/a><\/li>\n<li><a style=\"background-color: #ffffff\" href=\"http:\/\/www.maailmakeeled.ut.ee\/et\/osakonnad\/anglistika\/oppimine\" target=\"_blank\" title=\"Kolled\u017ei koduleht\" rel=\"noopener\">\u00d5ppimine kolled\u017ei anglistika osakonnas<\/a><\/li>\n<\/ul>\n<div class=\"clearfix _o46 _3erg _29_7 direction_ltr text_align_ltr\"><\/div>\n","protected":false},"excerpt":{"rendered":"<p>KUIDAS V\u00d5\u00d5RAS KULTUURIS ELLU J\u00c4\u00c4DA Tere tulemast tutvuma kultuuridevahelise suhtluse teemalise \u00f5piobjektiga \u201eKuidas v\u00f5\u00f5ras kultuuris ellu j\u00e4\u00e4da\u201d. \u00d5piobjekt koosneb kaheksast teemast (vt men\u00fc\u00fcd k\u00f5rval), viiest videost ning enesekontrollik\u00fcsimustest. Teemad annavad \u00f5ppijaile teoreetilise \u00fclevaate kultuuridevahelises suhtluses arusaamatusi tekitada v\u00f5ivatest elementidest: viisakusk\u00e4itumine, &#8230;<\/p>\n","protected":false},"author":95,"featured_media":0,"parent":0,"menu_order":0,"comment_status":"closed","ping_status":"closed","template":"","meta":{"_acf_changed":false,"inline_featured_image":false,"footnotes":""},"class_list":["post-12","page","type-page","status-publish","hentry"],"acf":[],"_links":{"self":[{"href":"https:\/\/sisu.ut.ee\/kultuur\/wp-json\/wp\/v2\/pages\/12","targetHints":{"allow":["GET"]}}],"collection":[{"href":"https:\/\/sisu.ut.ee\/kultuur\/wp-json\/wp\/v2\/pages"}],"about":[{"href":"https:\/\/sisu.ut.ee\/kultuur\/wp-json\/wp\/v2\/types\/page"}],"author":[{"embeddable":true,"href":"https:\/\/sisu.ut.ee\/kultuur\/wp-json\/wp\/v2\/users\/95"}],"replies":[{"embeddable":true,"href":"https:\/\/sisu.ut.ee\/kultuur\/wp-json\/wp\/v2\/comments?post=12"}],"version-history":[{"count":2,"href":"https:\/\/sisu.ut.ee\/kultuur\/wp-json\/wp\/v2\/pages\/12\/revisions"}],"predecessor-version":[{"id":42,"href":"https:\/\/sisu.ut.ee\/kultuur\/wp-json\/wp\/v2\/pages\/12\/revisions\/42"}],"wp:attachment":[{"href":"https:\/\/sisu.ut.ee\/kultuur\/wp-json\/wp\/v2\/media?parent=12"}],"curies":[{"name":"wp","href":"https:\/\/api.w.org\/{rel}","templated":true}]}}