{"id":11,"date":"2024-04-04T03:12:55","date_gmt":"2024-04-04T00:12:55","guid":{"rendered":"https:\/\/sisu.ut.ee\/kultuur\/vaikus-ja-raakimine\/"},"modified":"2024-04-04T03:12:57","modified_gmt":"2024-04-04T00:12:57","slug":"vaikus-ja-raakimine","status":"publish","type":"page","link":"https:\/\/sisu.ut.ee\/kultuur\/vaikus-ja-raakimine\/","title":{"rendered":"7. Vaikus ja r\u00e4\u00e4kimine"},"content":{"rendered":"<p style=\"text-align: justify\">\n<\/p><p style=\"text-align: justify\"><span style=\"color: #4c4c4c\">Vaikus v\u00f5i r\u00e4\u00e4kimine aitavad muuhulgas n\u00e4idata erinevust isikliku ja avaliku ruumi vahel, s.t ka vaikus aitab kujundada nn turvatsooni meie \u00fcmber. R\u00e4\u00e4kimine signaliseerib meie suhet teistega, sh selles, kui l\u00e4hedased nad meile on. Vaikuse ja r\u00e4\u00e4kimise t\u00f5lgendamises on suuri kultuurilisi erinevusi.<\/span><\/p>\n<p style=\"text-align: justify\">\n<\/p><blockquote>\n<p style=\"text-align: justify\"><span style=\"color: #4c89b1;font-size: medium\">Vaikus on v\u00e4ga mitmem\u00f5tteline: see v\u00f5ib olla positiivne (nt l\u00e4hedaste inimeste vahel), aga ka negatiivne (nt kui keegi teie s\u00f5braliku k\u00f5netamise peale midagi ei \u00fctle). V\u00f5\u00f5ras kultuuris me ei tea, kas vaikimine t\u00e4hendab austust, intiimsust, n\u00f5ustumist, kahtlust, t\u00f5rjumist, solvumist, vms.<\/span><\/p>\n<\/blockquote>\n<p style=\"text-align: justify\"><span style=\"color: #4c4c4c\">Otsuste tegemise teeb raskemaks see, et me ei taju teise kultuuri puhul alati pauside pikkust, mida tavalises vestluses eeldatakse. Vestlusreeglid \u00fctlevad, et korraga r\u00e4\u00e4gib \u00fcks inimene ja me ei tohiks oma panust vestlusse alustada enne kui teine on l\u00f5petanud, aga ka mitte j\u00e4tta k\u00f5nevoorude vahele liiga pikki pause. Nende normaalsete pauside pikkused on kultuuriti erinevad. Pikema k\u00f5nevooruvahega kultuuri esindaja ootab, et olla kindel, et v\u00f5ib k\u00f5nelema hakata, l\u00fchema k\u00f5nevooruga kultuuri esindaja tunneb n\u00f5nda tekkinud vaikuse p\u00e4rast ebamugavust, kordab \u00f6eldut teiste s\u00f5nadega, r\u00e4\u00e4gib muust jne, mis toob kaasa selle, et teine ei saagi aru, et tegelikult v\u00f5ib ta juba r\u00e4\u00e4kima hakata. Tulemuseks on vastastikune \u00e4rritustunne.<\/span><\/p>\n<p style=\"text-align: justify\"><span style=\"color: #4c4c4c\">Vaikimist ja r\u00e4\u00e4kimist saab seondada ka negatiivse ja positiivse viisakusega: vaikimine v\u00f5i s\u00f5naahtrus signaliseerib distantseerivat ehk negatiivset viisakust (ennast ei suruta teisele peale), jutukus solidaarsust r\u00f5hutavat positiivset viisakust (kaasvestlejale saadetakse signaal, et ta on meeldiv ja soovime temaga kontakti). R\u00e4\u00e4kimist eelistavas kultuuris (USA, Itaalia) tekitab vaikus tugevat ebamugavust ja kartust, et miski, mida on \u00f6eldud, on kaasvestlejat solvanud. Vaikust eelistavas kultuuris (Eesti, Soome) on mugav vaikus, aitab s\u00e4ilitada inimese privaatsust ning pigem tekitab ebamugavust vajadus s\u00f5bralikkuse signaliseerimiseks r\u00e4\u00e4kida (Lehtonen &amp; Sajavaara 1985). Pigem r\u00e4\u00e4gitakse ainult siis, kui seda on vaja.<\/span><\/p>\n<p style=\"text-align: justify\"><span style=\"color: #4c4c4c\">Vaikimise v\u00f5i r\u00e4\u00e4kimise eelistamine peegeldub ka kehakeeles (suletud v\u00f5i avatud kehakeel).<\/span><\/p>\n<blockquote>\n<p style=\"text-align: justify\"><span style=\"color: #4c89b1;font-size: medium\">K\u00f5ne ja vaikimine on kultuurilise t\u00e4hendusega ja siin pole mingit absoluutset v\u00e4\u00e4rtuste skaalat v\u00f5imalik luua. Samuti on suured erinevused kultuuride sees (P\u00f5hja- ja L\u00f5una Hispaania v\u00f5i Itaalia, USA P\u00f5hja- ja L\u00f5unaosariigid, aga ka Ida- ja L\u00e4\u00e4nekallas). Ka kehtivad enamuses kultuurides naistele ja meestele erinevad reeglid.<\/span><\/p>\n<\/blockquote>\n<p>\u00a0<\/p>\n<p style=\"text-align: justify\"><span style=\"color: #4c4c4c\"><span style=\"color: #000080\"><\/span><img loading=\"lazy\" decoding=\"async\" src=\"\/wp-content\/uploads\/sites\/193\/nota-bene.png\" height=\"50\" width=\"50\"><\/span><\/p>\n<table class=\"table table-hover\" style=\"background-color: #e7eeee\" border=\"0\">\n<tbody>\n<tr>\n<td>\n<ul>\n<li style=\"text-align: justify\">Vaikus on mitmem\u00f5tteline, eriti kui suhtleme teise kultuuri esindajaga<\/li>\n<li>Vaikuse tajumist m\u00f5jutab meie kultuurkonnas loomulikuks peetav pausitunnetus vestluses.<\/li>\n<li>Vaikus on seotud distantseeriva viisakusega, jutukus solidaarsust r\u00f5hutava viisakusega.<\/li>\n<\/ul>\n<\/td>\n<\/tr>\n<\/tbody>\n<\/table>\n<p>\u00a0<\/p>\n<p>Tartu \u00dclikool maailma keelte ja kultuuride kolled\u017ei anglistika osakonna \u00fcli\u00f5pilane Teele M\u00e4nnik on suurema osa oma elust elanud Ameerikas. Seet\u00f5ttu on tal nii ameerika kui ka eesti kultuurile unikaalne vaade. Pane t\u00e4hele, et kultuuride vahel liikudes muutuvad meie arusaamad erinevatest kultuurik\u00e4itumise aspektidest.<\/p>\n<p style=\"text-align: justify\"><span style=\"color: #4c4c4c\" data-mce-mark=\"1\"><\/span><\/p>\n<h4 style=\"text-align: justify\"><div class=\"ratio ratio-16x9 mb-3\"><div class=\"video-placeholder-wrapper video-placeholder-wrapper--16x9\">\n\t\t\t    <div class=\"video-placeholder d-flex justify-content-center align-items-center\">\n\t\t\t        <div class=\"overlay text-white p-2 w-100 text-center d-block justify-content-center align-items-center\">\n\t\t\t            <div>Kolmandate osapoolte sisu n\u00e4gemiseks palun n\u00f5ustu k\u00fcpsistega.<\/div>\n\t\t\t            <button class=\"btn btn-secondary btn-sm mt-1 consent-change\">Muuda n\u00f5usolekut<\/button>\n\t\t\t        <\/div>\n\t\t\t    <\/div>\n\t\t\t<\/div>\n<\/div><br><span style=\"color: #000080\" data-mce-mark=\"1\"><\/span><span style=\"color: #4c89b1\"><\/span><\/h4>\n<hr>\n<h4 style=\"text-align: justify\"><span style=\"color: #4c89b1\">Enesekontrollik\u00fcsimused<\/span><\/h4>\n<p style=\"text-align: justify\">1. Miks on raske otsustada, kas vaikusel kultuuridevahelises kontekstis positiivne v\u00f5i negatiivne t\u00e4hendus?<br><\/p><div class=\"accordion mb-3\">\n        <div class=\"accordion-item accordion-item--white\">\n        <h2 class=\"accordion-header\" id=\"accordion-69e2bcac20bd9-heading\">\n            <button class=\"accordion-button collapsed\" type=\"button\" data-bs-toggle=\"collapse\" data-bs-target=\"#accordion-69e2bcac20bd9-collapse\" aria-expanded=\"true\" aria-controls=\"accordion-69e2bcac20bd9-collapse\">Vastus<\/button>\n        <\/h2>\n        <div id=\"accordion-69e2bcac20bd9-collapse\" class=\"accordion-collapse collapse\" aria-labelledby=\"accordion-69e2bcac20bd9-heading\">\n            <div class=\"accordion-body\">Vaikus on mitmet\u00e4henduslik ja raskesti t\u00f5lgendatav suhtluse vorm.<\/div>\n        <\/div>\n        <\/div>\n    <\/div><br>2. Milline on tavaarusaam sujuvast vestlusest ja kuidas see m\u00f5jutab vaikuse m\u00f5istmist?<br><div class=\"accordion mb-3\">\n        <div class=\"accordion-item accordion-item--white\">\n        <h2 class=\"accordion-header\" id=\"accordion-69e2bcac20bdf-heading\">\n            <button class=\"accordion-button collapsed\" type=\"button\" data-bs-toggle=\"collapse\" data-bs-target=\"#accordion-69e2bcac20bdf-collapse\" aria-expanded=\"true\" aria-controls=\"accordion-69e2bcac20bdf-collapse\">Vastus<\/button>\n        <\/h2>\n        <div id=\"accordion-69e2bcac20bdf-collapse\" class=\"accordion-collapse collapse\" aria-labelledby=\"accordion-69e2bcac20bdf-heading\">\n            <div class=\"accordion-body\">Erinevates kultuurides on sujuvas vestluses eeldatavate pauside pikkus erinev. L\u00fchema ja pikema k\u00f5nevooruga kultuuride esindajad v\u00f5ivad vestluses \u00fcksteise peale \u00e4rrituda, kuna m\u00f5istavad vestluses ettetulevaid pause erinevalt. <\/div>\n        <\/div>\n        <\/div>\n    <\/div><br>3. Kuidas on vaikimine\/r\u00e4\u00e4kimine seotud solidaarsust taotleva ja distantseeriva viisakusega?<br><div class=\"accordion mb-3\">\n        <div class=\"accordion-item accordion-item--white\">\n        <h2 class=\"accordion-header\" id=\"accordion-69e2bcac20be1-heading\">\n            <button class=\"accordion-button collapsed\" type=\"button\" data-bs-toggle=\"collapse\" data-bs-target=\"#accordion-69e2bcac20be1-collapse\" aria-expanded=\"true\" aria-controls=\"accordion-69e2bcac20be1-collapse\">Vastus<\/button>\n        <\/h2>\n        <div id=\"accordion-69e2bcac20be1-collapse\" class=\"accordion-collapse collapse\" aria-labelledby=\"accordion-69e2bcac20be1-heading\">\n            <div class=\"accordion-body\">Solidaarsust taotlevas viisakuses on sobiv olla teiste suhtes avatud ja kaasata neid vestlusse, distantseerivas viisakuses on sobiv teist mitte t\u00fclitada.<\/div>\n        <\/div>\n        <\/div>\n    <\/div><br>4. Milline on peamine erinevus, mida Teele M\u00e4nnik on eestlaste ja ameeriklaste suhtlus- ja viisakusk\u00e4itumises m\u00e4rganud?<br><div class=\"accordion mb-3\">\n        <div class=\"accordion-item accordion-item--white\">\n        <h2 class=\"accordion-header\" id=\"accordion-69e2bcac20be3-heading\">\n            <button class=\"accordion-button collapsed\" type=\"button\" data-bs-toggle=\"collapse\" data-bs-target=\"#accordion-69e2bcac20be3-collapse\" aria-expanded=\"true\" aria-controls=\"accordion-69e2bcac20be3-collapse\">Vastus<\/button>\n        <\/h2>\n        <div id=\"accordion-69e2bcac20be3-collapse\" class=\"accordion-collapse collapse\" aria-labelledby=\"accordion-69e2bcac20be3-heading\">\n            <div class=\"accordion-body\">Kuigi ameeriklased naeratavad palju ja k\u00fcsivad, kuidas l\u00e4heb, siis tegelikult neid see ei huvita. Eestlased m\u00f5tlevad enne, kui \u00fctlevad ja \u00fctlevad seda, mida m\u00f5tlevad.<\/div>\n        <\/div>\n        <\/div>\n    <\/div><br>5. Mida \u00fctleb Teele M\u00e4nnik eestlaste ja ameeriklaste k\u00f5netempo kohta?<br><div class=\"accordion mb-3\">\n        <div class=\"accordion-item accordion-item--white\">\n        <h2 class=\"accordion-header\" id=\"accordion-69e2bcac20be5-heading\">\n            <button class=\"accordion-button collapsed\" type=\"button\" data-bs-toggle=\"collapse\" data-bs-target=\"#accordion-69e2bcac20be5-collapse\" aria-expanded=\"true\" aria-controls=\"accordion-69e2bcac20be5-collapse\">Vastus<\/button>\n        <\/h2>\n        <div id=\"accordion-69e2bcac20be5-collapse\" class=\"accordion-collapse collapse\" aria-labelledby=\"accordion-69e2bcac20be5-heading\">\n            <div class=\"accordion-body\">Ameeriklaste ja eestlaste k\u00f5netempod on erinevad. Eestlased ei pruugi ameeriklastega vestledes aru saada, millal on vestluses loomulik paus, et oma k\u00f5nevooruga alustada.<\/div>\n        <\/div>\n        <\/div>\n    <\/div><br>6. Milliseid p\u00f5lvkondadevahelisi erinevusi on Teele M\u00e4nnik Eestis m\u00e4rganud?<br><div class=\"accordion mb-3\">\n        <div class=\"accordion-item accordion-item--white\">\n        <h2 class=\"accordion-header\" id=\"accordion-69e2bcac20be6-heading\">\n            <button class=\"accordion-button collapsed\" type=\"button\" data-bs-toggle=\"collapse\" data-bs-target=\"#accordion-69e2bcac20be6-collapse\" aria-expanded=\"true\" aria-controls=\"accordion-69e2bcac20be6-collapse\">Vastus<\/button>\n        <\/h2>\n        <div id=\"accordion-69e2bcac20be6-collapse\" class=\"accordion-collapse collapse\" aria-labelledby=\"accordion-69e2bcac20be6-heading\">\n            <div class=\"accordion-body\">Noorem p\u00f5lvkond kallistab ning sega rohkem teiste jutule vahele. Vanem p\u00f5lvkond ei taha v\u00f5\u00f5raste puudutusi ning ei sega vahele.<\/div>\n        <\/div>\n        <\/div>\n    <\/div>\n","protected":false},"excerpt":{"rendered":"<p>Vaikus v\u00f5i r\u00e4\u00e4kimine aitavad muuhulgas n\u00e4idata erinevust isikliku ja avaliku ruumi vahel, s.t ka vaikus aitab kujundada nn turvatsooni meie \u00fcmber. R\u00e4\u00e4kimine signaliseerib meie suhet teistega, sh selles, kui l\u00e4hedased nad meile on. Vaikuse ja r\u00e4\u00e4kimise t\u00f5lgendamises on suuri kultuurilisi &#8230;<\/p>\n","protected":false},"author":95,"featured_media":0,"parent":0,"menu_order":0,"comment_status":"closed","ping_status":"closed","template":"","meta":{"_acf_changed":false,"inline_featured_image":false,"footnotes":""},"class_list":["post-11","page","type-page","status-publish","hentry"],"acf":[],"_links":{"self":[{"href":"https:\/\/sisu.ut.ee\/kultuur\/wp-json\/wp\/v2\/pages\/11","targetHints":{"allow":["GET"]}}],"collection":[{"href":"https:\/\/sisu.ut.ee\/kultuur\/wp-json\/wp\/v2\/pages"}],"about":[{"href":"https:\/\/sisu.ut.ee\/kultuur\/wp-json\/wp\/v2\/types\/page"}],"author":[{"embeddable":true,"href":"https:\/\/sisu.ut.ee\/kultuur\/wp-json\/wp\/v2\/users\/95"}],"replies":[{"embeddable":true,"href":"https:\/\/sisu.ut.ee\/kultuur\/wp-json\/wp\/v2\/comments?post=11"}],"version-history":[{"count":1,"href":"https:\/\/sisu.ut.ee\/kultuur\/wp-json\/wp\/v2\/pages\/11\/revisions"}],"predecessor-version":[{"id":30,"href":"https:\/\/sisu.ut.ee\/kultuur\/wp-json\/wp\/v2\/pages\/11\/revisions\/30"}],"wp:attachment":[{"href":"https:\/\/sisu.ut.ee\/kultuur\/wp-json\/wp\/v2\/media?parent=11"}],"curies":[{"name":"wp","href":"https:\/\/api.w.org\/{rel}","templated":true}]}}