{"id":10,"date":"2024-04-04T03:12:55","date_gmt":"2024-04-04T00:12:55","guid":{"rendered":"https:\/\/sisu.ut.ee\/kultuur\/sina-ja-teie-kasutamine-erinevates-kultuurides\/"},"modified":"2024-04-04T03:12:57","modified_gmt":"2024-04-04T00:12:57","slug":"sina-ja-teie-kasutamine-erinevates-kultuurides","status":"publish","type":"page","link":"https:\/\/sisu.ut.ee\/kultuur\/sina-ja-teie-kasutamine-erinevates-kultuurides\/","title":{"rendered":"4. Sina ja Teie kasutamine erinevates kultuurides"},"content":{"rendered":"<p>\u00a0<\/p>\n<blockquote>\n<p style=\"text-align: justify\"><span style=\"color: #4c89b1;font-size: medium\"><em>Sina<\/em> ja <em>teie<\/em> kasutamine on \u00fcks kultuuriti erinevalt t\u00f5lgendatud vestlusk\u00e4itumises avalduvaid viisakuse vorme. See h\u00f5lmab erinevaid teiste inimeste poole p\u00f6\u00f6rdumise viise, mis t\u00e4histavad viisakust v\u00f5i solvangut, sotsiaalset distantsi v\u00f5i s\u00f5bralikkust, suhtumist endast vanematesse inimestesse jne.<\/span><\/p>\n<\/blockquote>\n<p style=\"text-align: justify\"><span style=\"color: #4c4c4c\">Paljudes keeltes on olemas eraldi keelevormid viisakuse\/sotsiaalset distantsi ning s\u00f5bralikkuse\/solidaarsuse t\u00e4histamiseks: eesti keeles <em>teie<\/em> ja <em>sina<\/em>, prantsuse keeles <em>vous<\/em> ja <em>tu<\/em>, vene keeles <em>\u0432\u044b<\/em> <em>ja \u0442\u044b<\/em>. Keeltes, kus eraldi keelevormid puuduvad (nt t\u00e4nap\u00e4evane inglise keel), antakse sama t\u00e4hendus edasi erinevate teiste <a href=\"http:\/\/www.eki.ee\/dict\/vsl\/index.cgi?Q=semantika&amp;F=M&amp;C06=en\" target=\"_blank\" rel=\"noopener\">semantliste<\/a> vahenditega (nt kasutades tiitleid \u201ch\u00e4rra\u201d ja \u201cproua\u201d, perekonnanimesid ja muid sotsiaalset distantsi m\u00e4rkivaid keelendeid).<\/span><\/p>\n<p style=\"text-align: justify\"><span style=\"color: #4c4c4c\"><em>Teie<\/em>-vorm t\u00e4histab <a href=\"http:\/\/www.eki.ee\/dict\/vsl\/index.cgi?Q=formaalsus&amp;F=M&amp;C06=en\" target=\"_blank\" rel=\"noopener\">formaalsus<\/a>t, austust ja viisakust ning on paljudes keeltes, kus see eristus esineb, vorm, mida esimese kohtumise puhul ja ametlikes olukordades suheldes eelistatakse. <em>Sina<\/em>-vormi kasutatakse \u00fcldiselt p\u00f6\u00f6rdudes laste ja l\u00e4hisugulaste poole. <em>Sina<\/em>-vormile minnakse vastastikusel kokkuleppel t\u00e4iskasvanute vahelises suhtluses \u00fcle, kui tutvus on l\u00e4hedasem. <em>Sina<\/em>-vormi kasutamine v\u00f5ib m\u00f5juda solvavana, eriti kui tegu on as\u00fcmmeetrilise kasutusega (k\u00f5neleja kasutab <em>sina<\/em>-vormi teise poole p\u00f6\u00f6rdudes, kuid ootab <em>teie<\/em>-vormi enda poole p\u00f6\u00f6rdumisel).<\/span><\/p>\n<blockquote>\n<p style=\"text-align: justify\"><span style=\"color: #4c89b1;font-size: medium\"><em>Sina<\/em> ja <em>teie<\/em> kasutamises on kultuuriti suured erinevused ning samuti erinevused kultuuride sees (nt erinevas vanuses inimeste vahel). \u00dcldiseks reegliks on samas, et esmasel suhtlemisel, eriti ametlikes kontekstides ja endast vanemate inimestega, on viisakas kasutada formaalsemat <em>teie<\/em>-vormi. Kuigi eelduseks on, et <em>teie<\/em>\u2013 kasutamisega k\u00e4ib kaasa formaalne p\u00f6\u00f6rdumine (nt perekonnanime kasutamine), ei ole see kindel reegel (ka eesti keeles saab kasutada inimese eesnimega koos <em>teie<\/em>-vormi).<\/span><\/p>\n<\/blockquote>\n<p style=\"text-align: justify\"><span style=\"color: #4c4c4c\"><em>Sina<\/em> ja <em>teie<\/em> kasutamine on seotud ka v\u00f5imusuhetega. K\u00f5rgemal sotsiaalsel ja v\u00f5imupositsioonil olev inimene (nt \u00fclemus v\u00f5i klient) saab valida, kas kasutada <em>sina<\/em>\u2013 v\u00f5i <em>teie<\/em>-vormi, madalamal positsioonil inimene (nt alluv v\u00f5i klienditeenindaja) peab kasutama <em>teie<\/em>-vormi. Meeles tuleb pidada, et ebaviisakas v\u00f5ib olla ka <em>teie<\/em> kasutamine (nt kontekstis, kus eeldatakse solidaarsust)!<\/span><\/p>\n<p style=\"text-align: justify\"><span style=\"color: #4c4c4c\">Paljudes kultuurides on viimase sajandi jooksul hakatud \u00fcha enam eelistama solidaarsuse ja mitte sotsiaalse distantsi r\u00f5hutamist. Nt rootsi keeles on <em>teie<\/em>-vormi kasutamine harv ja v\u00e4ga <a href=\"http:\/\/www.eki.ee\/dict\/vsl\/index.cgi?Q=markeerima&amp;F=M&amp;C06=en\" target=\"_blank\" rel=\"noopener\">markeeritud<\/a>. Ka teistes kultuurides on <em>teie<\/em> kasutamise sagedus muutunud (nt t\u00e4na ei p\u00f6\u00f6rdu enamuses kultuurides lapsed vanemate poole <em>teie<\/em>\u2013 vormi kasutades, sest lapsevanema suhet ei vaadelda enam v\u00f5imul, vaid solidaarsusel p\u00f5hineva suhtena). Muutusi on toonud kaasa ka interneti- ja sotsiaalmeediasuhtlus.<\/span><\/p>\n<p>\u00a0<\/p>\n<p style=\"text-align: justify\"><span style=\"color: #4c4c4c\" data-mce-mark=\"1\"><span style=\"color: #000080\" data-mce-mark=\"1\"><img loading=\"lazy\" decoding=\"async\" src=\"\/wp-content\/uploads\/sites\/193\/nota-bene.png\" height=\"50\" width=\"50\"><\/span><\/span><\/p>\n<table class=\"table table-hover\" style=\"background-color: #e7eeee\" border=\"0\">\n<tbody>\n<tr>\n<td><em><br><\/em>\n<ul>\n<li><em>Sina<\/em>\u2013 ja <em>teie<\/em>-vormide kasutamises on kultuuriti suured erinevused, samuti v\u00f5ivad esineda erinevused sama kultuuri sees.<\/li>\n<li><em>Sina<\/em> ja <em>teie<\/em> kasutamine v\u00f5ib edasi anda konteksti ametlikkust, viisakust, v\u00f5imuvahekorda, suhtlejate vanusevahet.<\/li>\n<li>Kui te ei oska valida kahe vormi vahel, siis on uues kultuuris turvaline valida formaalsem ja suuremat austust t\u00e4histav <em>teie<\/em>-vorm.<\/li>\n<\/ul>\n<\/td>\n<\/tr>\n<\/tbody>\n<\/table>\n<p>\u00a0<\/p>\n<p style=\"text-align: justify\">\n<\/p><p style=\"text-align: justify\">Tartu \u00dclikooli maailma keelte ja kultuuride kolled\u017ei anglistika osakonna inglise filoloogia assistent Natalja Zagura on eesti venelaste kultuuri esindaja. Kuigi eesti- ja venekeelne kultuur toimivad Eestis paralleelselt, on neis siiski olulised erinevused viisakusk\u00e4itumises. Samas m\u00e4rka, et Eestis eksisteeriv vene kultuur erineb Venemaa omast. Kultuurist r\u00e4\u00e4kides peame seega m\u00f5tlema nii keelele kui ka asukohariigile..<\/p>\n<p>\u00a0<span style=\"color: #4c4c4c\" data-mce-mark=\"1\"><span style=\"color: #000080\" data-mce-mark=\"1\"><div class=\"ratio ratio-16x9 mb-3\"><div class=\"video-placeholder-wrapper video-placeholder-wrapper--16x9\">\n\t\t\t    <div class=\"video-placeholder d-flex justify-content-center align-items-center\">\n\t\t\t        <div class=\"overlay text-white p-2 w-100 text-center d-block justify-content-center align-items-center\">\n\t\t\t            <div>Kolmandate osapoolte sisu n\u00e4gemiseks palun n\u00f5ustu k\u00fcpsistega.<\/div>\n\t\t\t            <button class=\"btn btn-secondary btn-sm mt-1 consent-change\">Muuda n\u00f5usolekut<\/button>\n\t\t\t        <\/div>\n\t\t\t    <\/div>\n\t\t\t<\/div>\n<\/div><\/span><\/span><br><span style=\"color: #4c4c4c\" data-mce-mark=\"1\"><span style=\"color: #000080\" data-mce-mark=\"1\"><\/span><\/span><\/p>\n<h4 style=\"text-align: justify\"><span style=\"color: #4c4c4c\" data-mce-mark=\"1\"><span style=\"color: #000080\" data-mce-mark=\"1\"><br><\/span><\/span><span style=\"color: #4c89b1\"><\/span><\/h4>\n<hr>\n<h4 style=\"text-align: justify\"><span style=\"color: #4c89b1\">Enesekontrollik\u00fcsimused<\/span><\/h4>\n<p style=\"text-align: justify\"><span style=\"color: #4c4c4c\"><span style=\"color: #000080\"><span style=\"color: #4c4c4c\">1. Kas <em>sina<\/em> ja <em>teie<\/em> eristus esineb k\u00f5ikides keeltes?<br><div class=\"accordion mb-3\">\n        <div class=\"accordion-item accordion-item--white\">\n        <h2 class=\"accordion-header\" id=\"accordion-69e2a83ae1ea1-heading\">\n            <button class=\"accordion-button collapsed\" type=\"button\" data-bs-toggle=\"collapse\" data-bs-target=\"#accordion-69e2a83ae1ea1-collapse\" aria-expanded=\"true\" aria-controls=\"accordion-69e2a83ae1ea1-collapse\">Vastus<\/button>\n        <\/h2>\n        <div id=\"accordion-69e2a83ae1ea1-collapse\" class=\"accordion-collapse collapse\" aria-labelledby=\"accordion-69e2a83ae1ea1-heading\">\n            <div class=\"accordion-body\">Ei. N\u00e4iteks inglise keeles seda ei ole.<\/div>\n        <\/div>\n        <\/div>\n    <\/div><br>2. Mida <em>sina<\/em> v\u00f5i <em>teie<\/em> kasutamine edasi annab?<br><div class=\"accordion mb-3\">\n        <div class=\"accordion-item accordion-item--white\">\n        <h2 class=\"accordion-header\" id=\"accordion-69e2a83ae1eb8-heading\">\n            <button class=\"accordion-button collapsed\" type=\"button\" data-bs-toggle=\"collapse\" data-bs-target=\"#accordion-69e2a83ae1eb8-collapse\" aria-expanded=\"true\" aria-controls=\"accordion-69e2a83ae1eb8-collapse\">Vastus<\/button>\n        <\/h2>\n        <div id=\"accordion-69e2a83ae1eb8-collapse\" class=\"accordion-collapse collapse\" aria-labelledby=\"accordion-69e2a83ae1eb8-heading\">\n            <div class=\"accordion-body\"><em>Teie<\/em>-vormi kasutamine m\u00e4rgib formaalsust, austust ja viisakust, <em>sina<\/em>-vormi kasutamine s\u00f5prust, solidaarsust, l\u00e4hedust.<\/div>\n        <\/div>\n        <\/div>\n    <\/div><br>3. Millised on <em>sina<\/em> v\u00f5i <em>teie<\/em> kasutamise erinevused erinevates keeltes?<br><div class=\"accordion mb-3\">\n        <div class=\"accordion-item accordion-item--white\">\n        <h2 class=\"accordion-header\" id=\"accordion-69e2a83ae1eba-heading\">\n            <button class=\"accordion-button collapsed\" type=\"button\" data-bs-toggle=\"collapse\" data-bs-target=\"#accordion-69e2a83ae1eba-collapse\" aria-expanded=\"true\" aria-controls=\"accordion-69e2a83ae1eba-collapse\">Vastus<\/button>\n        <\/h2>\n        <div id=\"accordion-69e2a83ae1eba-collapse\" class=\"accordion-collapse collapse\" aria-labelledby=\"accordion-69e2a83ae1eba-heading\">\n            <div class=\"accordion-body\">Paljudes kultuurides kasutatakse esmakordsel suhtlemisel ja ametlikus kontekstis <em>teie<\/em>-vormi, kuid nt rootsi keeles on eelistatud <em>sina<\/em>-vorm.<\/div>\n        <\/div>\n        <\/div>\n    <\/div><br>4. Milline on Natalja Zagura arvates peamine eestlaste ja venelaste vaheline erinevus suhtlemisel?<br><div class=\"accordion mb-3\">\n        <div class=\"accordion-item accordion-item--white\">\n        <h2 class=\"accordion-header\" id=\"accordion-69e2a83ae1ebb-heading\">\n            <button class=\"accordion-button collapsed\" type=\"button\" data-bs-toggle=\"collapse\" data-bs-target=\"#accordion-69e2a83ae1ebb-collapse\" aria-expanded=\"true\" aria-controls=\"accordion-69e2a83ae1ebb-collapse\">Vastus<\/button>\n        <\/h2>\n        <div id=\"accordion-69e2a83ae1ebb-collapse\" class=\"accordion-collapse collapse\" aria-labelledby=\"accordion-69e2a83ae1ebb-heading\">\n            <div class=\"accordion-body\">Venelased on emotsionaalsemad ja avatumad. Kui venelane ei ole millegagi rahul, siis ta \u00fctleb. Eestlase puhul saab aru, et talle midagi ei meeldi, aga ta ei \u00fctle, mis viga on.<\/div>\n        <\/div>\n        <\/div>\n    <\/div><br>5. Milline on Natalja Zagura arvates suurim erinevuse eestlaste ja venelaste suhtlusk\u00e4itumises?<br><div class=\"accordion mb-3\">\n        <div class=\"accordion-item accordion-item--white\">\n        <h2 class=\"accordion-header\" id=\"accordion-69e2a83ae1ebd-heading\">\n            <button class=\"accordion-button collapsed\" type=\"button\" data-bs-toggle=\"collapse\" data-bs-target=\"#accordion-69e2a83ae1ebd-collapse\" aria-expanded=\"true\" aria-controls=\"accordion-69e2a83ae1ebd-collapse\">Vastus<\/button>\n        <\/h2>\n        <div id=\"accordion-69e2a83ae1ebd-collapse\" class=\"accordion-collapse collapse\" aria-labelledby=\"accordion-69e2a83ae1ebd-heading\">\n            <div class=\"accordion-body\">Suurimaks erinevuseks on <em>sina<\/em>\u2013 ja <em>teie<\/em>-vormi kasutamine. Vene kultuuris on teietamine loomulik.<\/div>\n        <\/div>\n        <\/div>\n    <\/div> <br>6. Millist n\u00f5u annab Natalja Zagura <em>sina<\/em>\u2013 ja <em>teie<\/em>-vormi kasutamisel venelastega suheldes?<br><div class=\"accordion mb-3\">\n        <div class=\"accordion-item accordion-item--white\">\n        <h2 class=\"accordion-header\" id=\"accordion-69e2a83ae1ebe-heading\">\n            <button class=\"accordion-button collapsed\" type=\"button\" data-bs-toggle=\"collapse\" data-bs-target=\"#accordion-69e2a83ae1ebe-collapse\" aria-expanded=\"true\" aria-controls=\"accordion-69e2a83ae1ebe-collapse\">Vastus<\/button>\n        <\/h2>\n        <div id=\"accordion-69e2a83ae1ebe-collapse\" class=\"accordion-collapse collapse\" aria-labelledby=\"accordion-69e2a83ae1ebe-heading\">\n            <div class=\"accordion-body\">Venelastega suheldes peaks esimesena v\u00e4lja pakkuma <em>teie<\/em>-vormi.<\/div>\n        <\/div>\n        <\/div>\n    <\/div> <\/span><br><\/span><\/span><\/p>\n","protected":false},"excerpt":{"rendered":"<p>\u00a0 Sina ja teie kasutamine on \u00fcks kultuuriti erinevalt t\u00f5lgendatud vestlusk\u00e4itumises avalduvaid viisakuse vorme. See h\u00f5lmab erinevaid teiste inimeste poole p\u00f6\u00f6rdumise viise, mis t\u00e4histavad viisakust v\u00f5i solvangut, sotsiaalset distantsi v\u00f5i s\u00f5bralikkust, suhtumist endast vanematesse inimestesse jne. Paljudes keeltes on olemas &#8230;<\/p>\n","protected":false},"author":95,"featured_media":0,"parent":0,"menu_order":0,"comment_status":"closed","ping_status":"closed","template":"","meta":{"_acf_changed":false,"inline_featured_image":false,"footnotes":""},"class_list":["post-10","page","type-page","status-publish","hentry"],"acf":[],"_links":{"self":[{"href":"https:\/\/sisu.ut.ee\/kultuur\/wp-json\/wp\/v2\/pages\/10","targetHints":{"allow":["GET"]}}],"collection":[{"href":"https:\/\/sisu.ut.ee\/kultuur\/wp-json\/wp\/v2\/pages"}],"about":[{"href":"https:\/\/sisu.ut.ee\/kultuur\/wp-json\/wp\/v2\/types\/page"}],"author":[{"embeddable":true,"href":"https:\/\/sisu.ut.ee\/kultuur\/wp-json\/wp\/v2\/users\/95"}],"replies":[{"embeddable":true,"href":"https:\/\/sisu.ut.ee\/kultuur\/wp-json\/wp\/v2\/comments?post=10"}],"version-history":[{"count":1,"href":"https:\/\/sisu.ut.ee\/kultuur\/wp-json\/wp\/v2\/pages\/10\/revisions"}],"predecessor-version":[{"id":31,"href":"https:\/\/sisu.ut.ee\/kultuur\/wp-json\/wp\/v2\/pages\/10\/revisions\/31"}],"wp:attachment":[{"href":"https:\/\/sisu.ut.ee\/kultuur\/wp-json\/wp\/v2\/media?parent=10"}],"curies":[{"name":"wp","href":"https:\/\/api.w.org\/{rel}","templated":true}]}}