{"id":7,"date":"2024-04-04T05:33:33","date_gmt":"2024-04-04T02:33:33","guid":{"rendered":"https:\/\/sisu.ut.ee\/ktk\/kolmas-etapp\/"},"modified":"2024-04-04T05:33:42","modified_gmt":"2024-04-04T02:33:42","slug":"kolmas-etapp","status":"publish","type":"page","link":"https:\/\/sisu.ut.ee\/ktk\/kolmas-etapp\/","title":{"rendered":"Kolmas etapp"},"content":{"rendered":"<p style=\"text-align:justify\">\n\t<span><span style=\"line-height:107%\"><span>Kolmas etapp h\u00f5lmab tegevuskava rakendamist ning p\u00fcstitatud eesm\u00e4rgini\/eesm\u00e4rkideni j\u00f5udmist. Eelnevalt fikseeritud ajavahemike j\u00e4rel viiakse l\u00e4bi p\u00f5hjalikum anal\u00fc\u00fcs ja vajadusel tehakse kavas kohandusi. <\/span><\/span><\/span>\n<\/p>\n<p style=\"text-align:justify\">\n\t<img loading=\"lazy\" decoding=\"async\" width=\"1280\" height=\"720\" class=\"alignnone wp-image-24\" src=\"https:\/\/sisu.ut.ee\/wp-content\/uploads\/sites\/396\/e3.jpg\" title=\"e3.jpg\" alt=\"Etapp 3\" srcset=\"https:\/\/sisu.ut.ee\/wp-content\/uploads\/sites\/396\/e3.jpg 1280w, https:\/\/sisu.ut.ee\/wp-content\/uploads\/sites\/396\/e3-300x169.jpg 300w, https:\/\/sisu.ut.ee\/wp-content\/uploads\/sites\/396\/e3-1024x576.jpg 1024w, https:\/\/sisu.ut.ee\/wp-content\/uploads\/sites\/396\/e3-768x432.jpg 768w\" sizes=\"auto, (max-width: 1280px) 100vw, 1280px\"><\/p>\n","protected":false},"excerpt":{"rendered":"<p>Kolmas etapp h\u00f5lmab tegevuskava rakendamist ning p\u00fcstitatud eesm\u00e4rgini\/eesm\u00e4rkideni j\u00f5udmist. Eelnevalt fikseeritud ajavahemike j\u00e4rel viiakse l\u00e4bi p\u00f5hjalikum anal\u00fc\u00fcs ja vajadusel tehakse kavas kohandusi.<\/p>\n","protected":false},"author":207,"featured_media":0,"parent":0,"menu_order":0,"comment_status":"closed","ping_status":"closed","template":"","meta":{"_acf_changed":false,"inline_featured_image":false,"footnotes":""},"class_list":["post-7","page","type-page","status-publish","hentry"],"acf":[],"_links":{"self":[{"href":"https:\/\/sisu.ut.ee\/ktk\/wp-json\/wp\/v2\/pages\/7","targetHints":{"allow":["GET"]}}],"collection":[{"href":"https:\/\/sisu.ut.ee\/ktk\/wp-json\/wp\/v2\/pages"}],"about":[{"href":"https:\/\/sisu.ut.ee\/ktk\/wp-json\/wp\/v2\/types\/page"}],"author":[{"embeddable":true,"href":"https:\/\/sisu.ut.ee\/ktk\/wp-json\/wp\/v2\/users\/207"}],"replies":[{"embeddable":true,"href":"https:\/\/sisu.ut.ee\/ktk\/wp-json\/wp\/v2\/comments?post=7"}],"version-history":[{"count":1,"href":"https:\/\/sisu.ut.ee\/ktk\/wp-json\/wp\/v2\/pages\/7\/revisions"}],"predecessor-version":[{"id":54,"href":"https:\/\/sisu.ut.ee\/ktk\/wp-json\/wp\/v2\/pages\/7\/revisions\/54"}],"wp:attachment":[{"href":"https:\/\/sisu.ut.ee\/ktk\/wp-json\/wp\/v2\/media?parent=7"}],"curies":[{"name":"wp","href":"https:\/\/api.w.org\/{rel}","templated":true}]}}