{"id":6,"date":"2024-04-04T05:33:33","date_gmt":"2024-04-04T02:33:33","guid":{"rendered":"https:\/\/sisu.ut.ee\/ktk\/teine-etapp\/"},"modified":"2024-04-04T05:33:42","modified_gmt":"2024-04-04T02:33:42","slug":"teine-etapp","status":"publish","type":"page","link":"https:\/\/sisu.ut.ee\/ktk\/teine-etapp\/","title":{"rendered":"Teine etapp"},"content":{"rendered":"<p style=\"text-align:justify\">\n\t<span><span style=\"line-height:107%\"><span>L\u00e4htuvalt tugikava eesm\u00e4rgist ja lapse toimetulekut m\u00f5jutavatest teguritest valitakse tegevussuunad ning konkreetsed tegevused.\u00a0<\/span><\/span><\/span><span><span style=\"line-height:107%\"><span>Hea tugikava h\u00f5lmab nii ennetavaid tegevusi (muudatused last \u00fcmbritsevas keskkonnas ja uute oskuste \u00f5petamine) kui ka soovitud ja\/v\u00f5i mittesoovitud k\u00e4itumisele reageerimist. M\u00e4\u00e4ratletud on tegevuste elluviijad ja tegevuste l\u00e4biviimise aeg.<\/span><\/span><\/span>\n<\/p>\n<p style=\"text-align:justify\">\n\t<img loading=\"lazy\" decoding=\"async\" width=\"1280\" height=\"720\" class=\"alignnone wp-image-23\" src=\"https:\/\/sisu.ut.ee\/wp-content\/uploads\/sites\/396\/e2.jpg\" title=\"e2.jpg\" alt=\"Etapp 2\" srcset=\"https:\/\/sisu.ut.ee\/wp-content\/uploads\/sites\/396\/e2.jpg 1280w, https:\/\/sisu.ut.ee\/wp-content\/uploads\/sites\/396\/e2-300x169.jpg 300w, https:\/\/sisu.ut.ee\/wp-content\/uploads\/sites\/396\/e2-1024x576.jpg 1024w, https:\/\/sisu.ut.ee\/wp-content\/uploads\/sites\/396\/e2-768x432.jpg 768w\" sizes=\"auto, (max-width: 1280px) 100vw, 1280px\"><\/p>\n","protected":false},"excerpt":{"rendered":"<p>L\u00e4htuvalt tugikava eesm\u00e4rgist ja lapse toimetulekut m\u00f5jutavatest teguritest valitakse tegevussuunad ning konkreetsed tegevused.\u00a0Hea tugikava h\u00f5lmab nii ennetavaid tegevusi (muudatused last \u00fcmbritsevas keskkonnas ja uute oskuste \u00f5petamine) kui ka soovitud ja\/v\u00f5i mittesoovitud k\u00e4itumisele reageerimist. M\u00e4\u00e4ratletud on tegevuste elluviijad ja tegevuste l\u00e4biviimise &#8230;<\/p>\n","protected":false},"author":207,"featured_media":0,"parent":0,"menu_order":0,"comment_status":"closed","ping_status":"closed","template":"","meta":{"_acf_changed":false,"inline_featured_image":false,"footnotes":""},"class_list":["post-6","page","type-page","status-publish","hentry"],"acf":[],"_links":{"self":[{"href":"https:\/\/sisu.ut.ee\/ktk\/wp-json\/wp\/v2\/pages\/6","targetHints":{"allow":["GET"]}}],"collection":[{"href":"https:\/\/sisu.ut.ee\/ktk\/wp-json\/wp\/v2\/pages"}],"about":[{"href":"https:\/\/sisu.ut.ee\/ktk\/wp-json\/wp\/v2\/types\/page"}],"author":[{"embeddable":true,"href":"https:\/\/sisu.ut.ee\/ktk\/wp-json\/wp\/v2\/users\/207"}],"replies":[{"embeddable":true,"href":"https:\/\/sisu.ut.ee\/ktk\/wp-json\/wp\/v2\/comments?post=6"}],"version-history":[{"count":1,"href":"https:\/\/sisu.ut.ee\/ktk\/wp-json\/wp\/v2\/pages\/6\/revisions"}],"predecessor-version":[{"id":53,"href":"https:\/\/sisu.ut.ee\/ktk\/wp-json\/wp\/v2\/pages\/6\/revisions\/53"}],"wp:attachment":[{"href":"https:\/\/sisu.ut.ee\/ktk\/wp-json\/wp\/v2\/media?parent=6"}],"curies":[{"name":"wp","href":"https:\/\/api.w.org\/{rel}","templated":true}]}}