{"id":5,"date":"2024-04-04T05:33:33","date_gmt":"2024-04-04T02:33:33","guid":{"rendered":"https:\/\/sisu.ut.ee\/ktk\/esimene-etapp\/"},"modified":"2024-04-04T05:33:42","modified_gmt":"2024-04-04T02:33:42","slug":"esimene-etapp","status":"publish","type":"page","link":"https:\/\/sisu.ut.ee\/ktk\/esimene-etapp\/","title":{"rendered":"Esimene etapp"},"content":{"rendered":"<p style=\"text-align:justify\">\n\t<span><span style=\"line-height:107%\"><span>K\u00e4itumise tugikava loomise esimeses etapis selgitatakse v\u00e4lja k\u00e4itumisraskuse iseloom, seda p\u00f5hjustavad ning alal hoidvad tegurid, leitakse realistlik suund j\u00e4rgnevaks t\u00f6\u00f6ks. <\/span><\/span><\/span>\n<\/p>\n<p style=\"text-align:justify\">\n\t<img loading=\"lazy\" decoding=\"async\" width=\"1280\" height=\"720\" class=\"alignnone wp-image-22\" src=\"https:\/\/sisu.ut.ee\/wp-content\/uploads\/sites\/396\/e1.jpg\" title=\"e1.jpg\" alt=\"Etapp 1\" srcset=\"https:\/\/sisu.ut.ee\/wp-content\/uploads\/sites\/396\/e1.jpg 1280w, https:\/\/sisu.ut.ee\/wp-content\/uploads\/sites\/396\/e1-300x169.jpg 300w, https:\/\/sisu.ut.ee\/wp-content\/uploads\/sites\/396\/e1-1024x576.jpg 1024w, https:\/\/sisu.ut.ee\/wp-content\/uploads\/sites\/396\/e1-768x432.jpg 768w\" sizes=\"auto, (max-width: 1280px) 100vw, 1280px\"><\/p>\n","protected":false},"excerpt":{"rendered":"<p>K\u00e4itumise tugikava loomise esimeses etapis selgitatakse v\u00e4lja k\u00e4itumisraskuse iseloom, seda p\u00f5hjustavad ning alal hoidvad tegurid, leitakse realistlik suund j\u00e4rgnevaks t\u00f6\u00f6ks.<\/p>\n","protected":false},"author":207,"featured_media":0,"parent":0,"menu_order":0,"comment_status":"closed","ping_status":"closed","template":"","meta":{"_acf_changed":false,"inline_featured_image":false,"footnotes":""},"class_list":["post-5","page","type-page","status-publish","hentry"],"acf":[],"_links":{"self":[{"href":"https:\/\/sisu.ut.ee\/ktk\/wp-json\/wp\/v2\/pages\/5","targetHints":{"allow":["GET"]}}],"collection":[{"href":"https:\/\/sisu.ut.ee\/ktk\/wp-json\/wp\/v2\/pages"}],"about":[{"href":"https:\/\/sisu.ut.ee\/ktk\/wp-json\/wp\/v2\/types\/page"}],"author":[{"embeddable":true,"href":"https:\/\/sisu.ut.ee\/ktk\/wp-json\/wp\/v2\/users\/207"}],"replies":[{"embeddable":true,"href":"https:\/\/sisu.ut.ee\/ktk\/wp-json\/wp\/v2\/comments?post=5"}],"version-history":[{"count":1,"href":"https:\/\/sisu.ut.ee\/ktk\/wp-json\/wp\/v2\/pages\/5\/revisions"}],"predecessor-version":[{"id":52,"href":"https:\/\/sisu.ut.ee\/ktk\/wp-json\/wp\/v2\/pages\/5\/revisions\/52"}],"wp:attachment":[{"href":"https:\/\/sisu.ut.ee\/ktk\/wp-json\/wp\/v2\/media?parent=5"}],"curies":[{"name":"wp","href":"https:\/\/api.w.org\/{rel}","templated":true}]}}