{"id":18,"date":"2024-04-04T05:33:34","date_gmt":"2024-04-04T02:33:34","guid":{"rendered":"https:\/\/sisu.ut.ee\/ktk\/kaitumise-tugikava-koostamise-ja-rakendamise-dokumenteerimine\/"},"modified":"2024-04-04T05:33:42","modified_gmt":"2024-04-04T02:33:42","slug":"kaitumise-tugikava-koostamise-ja-rakendamise-dokumenteerimine","status":"publish","type":"page","link":"https:\/\/sisu.ut.ee\/ktk\/kaitumise-tugikava-koostamise-ja-rakendamise-dokumenteerimine\/","title":{"rendered":"Dokumenteerimine"},"content":{"rendered":"<p style=\"text-align:justify\">\n\t<span><span style=\"line-height:107%\"><span>K\u00e4itumise tugikava kirjalikuks vormistamiseks on mitmeid v\u00f5imalusi. Kuna laste probleemk\u00e4itumised on eriilmelised ning tegevuskavad v\u00f5ivad \u00fcksteisest m\u00e4rkimisv\u00e4\u00e4rselt erineda, on soovitav olla kava vormistamisel paindlik. Iga juhtumi mahutamine \u00fchte ettem\u00e4\u00e4ratud vormi v\u00f5ib hakata tegevuskava koostajaid piirama. <\/span><\/span><\/span>\n<\/p>\n<p style=\"text-align:justify\">\n\t<span><span style=\"line-height:107%\"><span>Samuti tuleb arvestada, et \u00f5pilasele, vanemale v\u00f5i \u00f5petajale ei ole tingimata abiks \u00fchesugune kirjalik tekst. Olenevalt sihtr\u00fchmast v\u00f5ib tegevusplaan tervikuna v\u00f5i m\u00f5ni selle osa olla s\u00f5nastatud erinevas mahus. Eelistada tuleks dokumenteerimisviisi, mis ei ole osapooltele liiga ressursimahukas, kuid on inforikas. Tekst peaks olema selge, \u00fchem\u00f5tteline ja neutraalselt s\u00f5nastatud. <\/span><\/span><\/span>\n<\/p>\n<p style=\"text-align:justify\">\n\t<span><span style=\"line-height:107%\"><span>Lapsele esitatakse talle m\u00f5istetaval moel vaid see info, mis otseselt teda puudutab.\u00a0<\/span><\/span><\/span>\n<\/p>\n<p style=\"text-align:justify\">\n\t<span><span style=\"line-height:107%\"><span>J\u00e4rgnevalt on esitatud info, mida kirjalik k\u00e4itumise tugikava tavaliselt sisaldab.<\/span><\/span><\/span>\n<\/p>\n<table class=\"table table-hover\" border=\"1\" cellpadding=\"1\" cellspacing=\"1\" style=\"width: 650px\">\n<tbody>\n<tr>\n<td>\n\t\t\t\t<span style=\"line-height:normal\"><b><span><span>Lapse \u00fcldandmed<\/span><\/span><\/b><\/span>\n\t\t\t<\/td>\n<td>\n\t\t\t\t<span style=\"line-height:normal\"><span><span>Nimi, s\u00fcnniaeg, \u00f5ppeaasta, r\u00fchm\/klass.<\/span><\/span><\/span>\n\t\t\t<\/td>\n<\/tr>\n<tr>\n<td>\n\t\t\t\t<span style=\"line-height:normal\"><b><span><span>Probleemi l\u00fchikirjeldus<\/span><\/span><\/b><\/span>\n\t\t\t<\/td>\n<td>\n\t\t\t\t<span style=\"line-height:normal\"><span><span>Esitatakse k\u00e4itumise faktiline info neutraalse kirjeldusena.<\/span><\/span><\/span>\n\t\t\t<\/td>\n<\/tr>\n<tr>\n<td>\n\t\t\t\t<span style=\"line-height:normal\"><b><span><span>H\u00fcpotees<\/span><\/span><\/b><\/span>\n\t\t\t<\/td>\n<td>\n\t\t\t\t<span style=\"line-height:normal\"><span><span>Esialgne oletus probleemi p\u00f5hjuste ja p\u00fcsimist soodustavate tegurite kohta.<\/span><\/span><\/span>\n\t\t\t<\/td>\n<\/tr>\n<tr>\n<td>\n\t\t\t\t<span style=\"line-height:normal\"><b><span><span>Eesm\u00e4rk<\/span><\/span><\/b><\/span>\n\t\t\t<\/td>\n<td>\n<p style=\"margin-bottom:.0001pt;text-align:justify;padding:0cm5.4pt0cm5.4pt\">\n\t\t\t\t\t<span style=\"line-height:normal\"><span><span>Konkreetne eesm\u00e4rgi s\u00f5nastus. <\/span><\/span><\/span>\n\t\t\t\t<\/p>\n<p style=\"margin-bottom:.0001pt;text-align:justify;padding:0cm5.4pt0cm5.4pt\">\n\t\t\t\t\t<span style=\"line-height:normal\"><span><span>S\u00f5nastada v\u00f5ib ka vahe- ja alaeesm\u00e4rgid.<\/span><\/span><\/span>\n\t\t\t\t<\/p>\n<\/td>\n<\/tr>\n<tr>\n<td>\n\t\t\t\t<span style=\"line-height:normal\"><b><span><span>Tegevuskava<\/span><\/span><\/b><\/span>\n\t\t\t<\/td>\n<td>\n\t\t\t\t<span style=\"line-height:normal\"><span><span>Tegevuste l\u00fchikirjeldus, t\u00e4htajad, elluviijad.<\/span><\/span><\/span>\n\t\t\t<\/td>\n<\/tr>\n<tr>\n<td>\n\t\t\t\t<span style=\"line-height:normal\"><b><span><span>K\u00e4itumise tugikava koostamise ja rakendamise juht (koordineerija)<\/span><\/span><\/b><\/span>\n\t\t\t<\/td>\n<td>\n\t\t\t\t<span style=\"line-height:normal\"><span><span>Isik, kes on meeskonna juht ning suunab ja j\u00e4lgib tugikava koostamist ning rakendamist<\/span><\/span><\/span>\n\t\t\t<\/td>\n<\/tr>\n<tr>\n<td>\n\t\t\t\t<span style=\"line-height:normal\"><b><span><span>Tugikava koostamisel osalevad isikud<\/span><\/span><\/b><\/span>\n\t\t\t<\/td>\n<td>\n\t\t\t\t<span style=\"line-height:normal\"><span><span>Nimetada tuleks k\u00f5ik isikud, kes on seotud tugikava koostamise ja rakendamisega, m\u00e4rkida nende seos lapsega (nt isa, kehalise kasvatuse \u00f5petaja), samuti iga isiku konkreetsed \u00fclesanded.<\/span><\/span><\/span>\n\t\t\t<\/td>\n<\/tr>\n<tr>\n<td>\n\t\t\t\t<span style=\"line-height:normal\"><b><span><span>Kava rakendamise periood<\/span><\/span><\/b><\/span>\n\t\t\t<\/td>\n<td>\n\t\t\t\t<span style=\"line-height:normal\"><span><span>Koostamisel kokkulepitud ajavahemik, mil tegevuskava j\u00e4rgitakse.<\/span><\/span><\/span>\n\t\t\t<\/td>\n<\/tr>\n<tr>\n<td>\n\t\t\t\t<span style=\"line-height:normal\"><b><span><span>Kava koostamise kuup\u00e4ev<\/span><\/span><\/b><\/span>\n\t\t\t<\/td>\n<td>\n\t\t\t\t<span style=\"line-height:normal\"><span><span>Kokkuleppe vormistamise kuup\u00e4ev.<\/span><\/span><\/span>\n\t\t\t<\/td>\n<\/tr>\n<\/tbody>\n<\/table>\n<p style=\"text-align:justify\">\n\t\u00a0\n<\/p>\n<p style=\"text-align:justify\">\n\t\u00a0<\/p>\n","protected":false},"excerpt":{"rendered":"<p>K\u00e4itumise tugikava kirjalikuks vormistamiseks on mitmeid v\u00f5imalusi. Kuna laste probleemk\u00e4itumised on eriilmelised ning tegevuskavad v\u00f5ivad \u00fcksteisest m\u00e4rkimisv\u00e4\u00e4rselt erineda, on soovitav olla kava vormistamisel paindlik. Iga juhtumi mahutamine \u00fchte ettem\u00e4\u00e4ratud vormi v\u00f5ib hakata tegevuskava koostajaid piirama. Samuti tuleb arvestada, et \u00f5pilasele, &#8230;<\/p>\n","protected":false},"author":207,"featured_media":0,"parent":0,"menu_order":0,"comment_status":"closed","ping_status":"closed","template":"","meta":{"_acf_changed":false,"inline_featured_image":false,"footnotes":""},"class_list":["post-18","page","type-page","status-publish","hentry"],"acf":[],"_links":{"self":[{"href":"https:\/\/sisu.ut.ee\/ktk\/wp-json\/wp\/v2\/pages\/18","targetHints":{"allow":["GET"]}}],"collection":[{"href":"https:\/\/sisu.ut.ee\/ktk\/wp-json\/wp\/v2\/pages"}],"about":[{"href":"https:\/\/sisu.ut.ee\/ktk\/wp-json\/wp\/v2\/types\/page"}],"author":[{"embeddable":true,"href":"https:\/\/sisu.ut.ee\/ktk\/wp-json\/wp\/v2\/users\/207"}],"replies":[{"embeddable":true,"href":"https:\/\/sisu.ut.ee\/ktk\/wp-json\/wp\/v2\/comments?post=18"}],"version-history":[{"count":1,"href":"https:\/\/sisu.ut.ee\/ktk\/wp-json\/wp\/v2\/pages\/18\/revisions"}],"predecessor-version":[{"id":51,"href":"https:\/\/sisu.ut.ee\/ktk\/wp-json\/wp\/v2\/pages\/18\/revisions\/51"}],"wp:attachment":[{"href":"https:\/\/sisu.ut.ee\/ktk\/wp-json\/wp\/v2\/media?parent=18"}],"curies":[{"name":"wp","href":"https:\/\/api.w.org\/{rel}","templated":true}]}}