{"id":16,"date":"2024-04-04T05:33:33","date_gmt":"2024-04-04T02:33:33","guid":{"rendered":"https:\/\/sisu.ut.ee\/ktk\/samm-6-tegevuskava-rakendamine\/"},"modified":"2024-04-04T05:33:42","modified_gmt":"2024-04-04T02:33:42","slug":"samm-6-tegevuskava-rakendamine","status":"publish","type":"page","link":"https:\/\/sisu.ut.ee\/ktk\/samm-6-tegevuskava-rakendamine\/","title":{"rendered":"Samm 6: Tegevuskava rakendamine"},"content":{"rendered":"<p>\n\t\u00a0\n<\/p>\n<p style=\"text-align:justify\">\n\t<span><span style=\"line-height:107%\"><span>Tegevuskava s\u00f5nastamisele j\u00e4rgneb koheselt selle rakendamine. K\u00f5ige olulisemateks p\u00f5him\u00f5teteks on tegevuse <b>s\u00fcsteemsus ja j\u00e4rjepidevus<\/b>. Sagedaseks eba\u00f5nnestumise p\u00f5hjuseks on kokkulepitud tegevuste liigvarajane l\u00f5petamine.\u00a0Meeles tuleb pidada, et tegevuskava elluviimist peab pidevalt toetama. \u00d5pilane, keda harjutatakse tunni ajal korrektselt k\u00e4tt t\u00f5stma, v\u00f5ib vajada meeldetuletuseks sellekohast pilti oma lauale. Ka \u00f5petajal v\u00f5ib olla vastav m\u00e4rk oma laual, see aitab tal t\u00e4helepanu p\u00f6\u00f6rata lapse k\u00e4itumise j\u00e4lgimisele. Lapsevanemale on vaja tutvustada ja selgitada koostatud k\u00e4itumise tugikava, samas v\u00f5ib vanem vajada sotsiaalpedagoogilt, ps\u00fchholoogilt v\u00f5i eripedagoogilt kasvatusk\u00fcsimuste alast n\u00f5ustamist ja j\u00f5ustamist. <\/span><\/span><\/span>\n<\/p>\n<p style=\"text-align:justify\">\n\t<span><span style=\"line-height:107%\"><span>Olulised abimeetmed tuleb tegevuskavasse s\u00f5nastada, kuid t\u00f6\u00f6 k\u00e4igus ilmneb sageli nende t\u00e4iendamise vajadus. Mida selgemalt on tegevused s\u00f5nastatud, seda kergem on neid ka lapsel j\u00e4rgida!<\/span><\/span><\/span>\n<\/p>\n<p>\n\t\u00a0<\/p>\n","protected":false},"excerpt":{"rendered":"<p>\u00a0 Tegevuskava s\u00f5nastamisele j\u00e4rgneb koheselt selle rakendamine. K\u00f5ige olulisemateks p\u00f5him\u00f5teteks on tegevuse s\u00fcsteemsus ja j\u00e4rjepidevus. Sagedaseks eba\u00f5nnestumise p\u00f5hjuseks on kokkulepitud tegevuste liigvarajane l\u00f5petamine.\u00a0Meeles tuleb pidada, et tegevuskava elluviimist peab pidevalt toetama. \u00d5pilane, keda harjutatakse tunni ajal korrektselt k\u00e4tt t\u00f5stma, v\u00f5ib &#8230;<\/p>\n","protected":false},"author":207,"featured_media":0,"parent":0,"menu_order":0,"comment_status":"closed","ping_status":"closed","template":"","meta":{"_acf_changed":false,"inline_featured_image":false,"footnotes":""},"class_list":["post-16","page","type-page","status-publish","hentry"],"acf":[],"_links":{"self":[{"href":"https:\/\/sisu.ut.ee\/ktk\/wp-json\/wp\/v2\/pages\/16","targetHints":{"allow":["GET"]}}],"collection":[{"href":"https:\/\/sisu.ut.ee\/ktk\/wp-json\/wp\/v2\/pages"}],"about":[{"href":"https:\/\/sisu.ut.ee\/ktk\/wp-json\/wp\/v2\/types\/page"}],"author":[{"embeddable":true,"href":"https:\/\/sisu.ut.ee\/ktk\/wp-json\/wp\/v2\/users\/207"}],"replies":[{"embeddable":true,"href":"https:\/\/sisu.ut.ee\/ktk\/wp-json\/wp\/v2\/comments?post=16"}],"version-history":[{"count":1,"href":"https:\/\/sisu.ut.ee\/ktk\/wp-json\/wp\/v2\/pages\/16\/revisions"}],"predecessor-version":[{"id":63,"href":"https:\/\/sisu.ut.ee\/ktk\/wp-json\/wp\/v2\/pages\/16\/revisions\/63"}],"wp:attachment":[{"href":"https:\/\/sisu.ut.ee\/ktk\/wp-json\/wp\/v2\/media?parent=16"}],"curies":[{"name":"wp","href":"https:\/\/api.w.org\/{rel}","templated":true}]}}