{"id":13,"date":"2024-04-04T05:33:33","date_gmt":"2024-04-04T02:33:33","guid":{"rendered":"https:\/\/sisu.ut.ee\/ktk\/meeskonnatoo\/"},"modified":"2024-04-04T05:33:42","modified_gmt":"2024-04-04T02:33:42","slug":"meeskonnatoo","status":"publish","type":"page","link":"https:\/\/sisu.ut.ee\/ktk\/meeskonnatoo\/","title":{"rendered":"Koost\u00f6\u00f6"},"content":{"rendered":"<p style=\"text-align:justify\">\n\t<span><span style=\"line-height:107%\"><span>K\u00e4itumise tugikava koostamine on meeskondlik \u00fclesanne. Selle loomisel osalevad lapsega enam kokku puutuvad \u00f5petajad ja tugispetsialistid. T\u00f6\u00f6sse kaasatakse etappide kaupa ka lapse vanemad ja laps. Parimal juhul on laps ja tema pere t\u00e4iel m\u00e4\u00e4ral kaasatud. Kui see pole v\u00f5imalik, ei j\u00e4eta seet\u00f5ttu tugikava loomata. \u00dclesanded valitakse tegevuskavasse kaasatud rakendajaid silmas pidades.\u00a0\u00a0<\/span><\/span><\/span>\n<\/p>\n<p style=\"text-align:justify\">\n\t<span><span style=\"line-height:107%\"><span>T\u00f5husa koost\u00f6\u00f6 eelduseks on selgelt s\u00f5nastatud siht, millega k\u00f5ik osapooled n\u00f5ustuvad. Kui \u00fcksmeelt kohe ei leita, tuleb avatult olukorrast r\u00e4\u00e4kida, et erinevates n\u00e4gemustes \u00fchisosa leida. Koost\u00f6\u00f6 n\u00f5uab selgeid s\u00f5numeid ja osapoolte austamist. Hea, kui s\u00f5lmitud on kokkulepped, <em>kuidas <\/em>ning <em>kui sageli<\/em> infot omavahel vahetatakse.<\/span><\/span><\/span>\n<\/p>\n<p style=\"text-align:justify\">\n\t<span><span style=\"line-height:107%\"><span>Haridusasutuses on soovitav reguleerida, kuidas tugikava loomine algatatakse ning protsessi juht valitakse. T\u00f6\u00f6 koordineerija \u00fclesandeks on siis kava loomise ja rakendamise meeskonna loomine, koost\u00f6\u00f6 kokkulepete s\u00f5lmimine ning osapoolte t\u00f5husa kommunikatsiooni tagamine. Otstarbekas on ka see, kui tugikava loomise eest vastutav isik selle rakendamist monitooriks. <\/span><\/span><\/span>\n<\/p>\n<p style=\"text-align:justify\">\n\t<img loading=\"lazy\" decoding=\"async\" width=\"1920\" height=\"1280\" class=\"alignnone wp-image-29\" src=\"https:\/\/sisu.ut.ee\/wp-content\/uploads\/sites\/396\/business-meeting-5395567_1920.jpg\" title=\"business-meeting-5395567_1920.jpg\" alt=\"Koost\u00f6\u00f6\" srcset=\"https:\/\/sisu.ut.ee\/wp-content\/uploads\/sites\/396\/business-meeting-5395567_1920.jpg 1920w, https:\/\/sisu.ut.ee\/wp-content\/uploads\/sites\/396\/business-meeting-5395567_1920-300x200.jpg 300w, https:\/\/sisu.ut.ee\/wp-content\/uploads\/sites\/396\/business-meeting-5395567_1920-1024x683.jpg 1024w, https:\/\/sisu.ut.ee\/wp-content\/uploads\/sites\/396\/business-meeting-5395567_1920-768x512.jpg 768w, https:\/\/sisu.ut.ee\/wp-content\/uploads\/sites\/396\/business-meeting-5395567_1920-1536x1024.jpg 1536w\" sizes=\"auto, (max-width: 1920px) 100vw, 1920px\"><\/p>\n","protected":false},"excerpt":{"rendered":"<p>K\u00e4itumise tugikava koostamine on meeskondlik \u00fclesanne. Selle loomisel osalevad lapsega enam kokku puutuvad \u00f5petajad ja tugispetsialistid. T\u00f6\u00f6sse kaasatakse etappide kaupa ka lapse vanemad ja laps. Parimal juhul on laps ja tema pere t\u00e4iel m\u00e4\u00e4ral kaasatud. Kui see pole v\u00f5imalik, ei &#8230;<\/p>\n","protected":false},"author":207,"featured_media":0,"parent":0,"menu_order":0,"comment_status":"closed","ping_status":"closed","template":"","meta":{"_acf_changed":false,"inline_featured_image":false,"footnotes":""},"class_list":["post-13","page","type-page","status-publish","hentry"],"acf":[],"_links":{"self":[{"href":"https:\/\/sisu.ut.ee\/ktk\/wp-json\/wp\/v2\/pages\/13","targetHints":{"allow":["GET"]}}],"collection":[{"href":"https:\/\/sisu.ut.ee\/ktk\/wp-json\/wp\/v2\/pages"}],"about":[{"href":"https:\/\/sisu.ut.ee\/ktk\/wp-json\/wp\/v2\/types\/page"}],"author":[{"embeddable":true,"href":"https:\/\/sisu.ut.ee\/ktk\/wp-json\/wp\/v2\/users\/207"}],"replies":[{"embeddable":true,"href":"https:\/\/sisu.ut.ee\/ktk\/wp-json\/wp\/v2\/comments?post=13"}],"version-history":[{"count":1,"href":"https:\/\/sisu.ut.ee\/ktk\/wp-json\/wp\/v2\/pages\/13\/revisions"}],"predecessor-version":[{"id":60,"href":"https:\/\/sisu.ut.ee\/ktk\/wp-json\/wp\/v2\/pages\/13\/revisions\/60"}],"wp:attachment":[{"href":"https:\/\/sisu.ut.ee\/ktk\/wp-json\/wp\/v2\/media?parent=13"}],"curies":[{"name":"wp","href":"https:\/\/api.w.org\/{rel}","templated":true}]}}