{"id":33,"date":"2026-03-28T19:24:51","date_gmt":"2026-03-28T17:24:51","guid":{"rendered":"https:\/\/sisu.ut.ee\/kreekakultuur\/?page_id=33"},"modified":"2026-04-07T22:26:15","modified_gmt":"2026-04-07T19:26:15","slug":"classes","status":"publish","type":"page","link":"https:\/\/sisu.ut.ee\/kreekakultuur\/classes\/","title":{"rendered":"Kreeka keele kursus"},"content":{"rendered":"<p><a href=\"https:\/\/ois2.ut.ee\/#\/courses\/HVLC.02.018\/version\/c9d194e4-2844-9c7b-edc7-02cc4a7275d3\/details\" data-type=\"link\" data-id=\"https:\/\/ois2.ut.ee\/#\/courses\/HVLC.02.018\/version\/c9d194e4-2844-9c7b-edc7-02cc4a7275d3\/details\" target=\"_blank\" rel=\"noreferrer noopener\">Uuskreeka keel algtasemele (3 EAP)\u00a0<\/a><\/p>\n\n\n\n<p>HVLC.02.018<\/p>\n\n\n\n<p>2025\/2026. \u00f5ppeaasta s\u00fcgissemestril toimus esmakordselt uuskreeka keele algkursus.<\/p>\n\n\n\n<p>Kursuse eesm\u00e4rk on anda \u00f5ppijatele algteadmised kreeka t\u00e4hestikust, lugemisest ja kirjutamisest ning arendada esmaseid suhtlusoskusi, et saada hakkama lihtsates igap\u00e4evastes olukordades \u2013 olgu selleks enese tutvustamine, k\u00fcsimuste esitamine v\u00f5i vestlus poes ja kohvikus.<\/p>\n\n\n\n<p>\u00d5ppet\u00f6\u00f6s \u00fchendatakse praktiline keele\u00f5pe ja kultuuriline taust: lisaks s\u00f5navarale ja grammatikale tutvutakse ka igap\u00e4evaelu, traditsioone ja tavasid Kreekas.<\/p>\n\n\n\n<p>See kursus loob tugeva aluse edasiseks keele\u00f5ppeks ning pakub avastamisr\u00f5\u00f5mu k\u00f5igile, keda paelub kreeka keel ja kultuur.<\/p>\n\n\n\n<div class=\"wp-block-columns is-layout-flex wp-container-core-columns-is-layout-9d6595d7 wp-block-columns-is-layout-flex\">\n<div class=\"wp-block-column is-layout-flow wp-block-column-is-layout-flow\" style=\"flex-basis:100%\">\n<div class=\"wp-block-columns is-layout-flex wp-container-core-columns-is-layout-9d6595d7 wp-block-columns-is-layout-flex\">\n<div class=\"wp-block-column is-layout-flow wp-block-column-is-layout-flow\" style=\"flex-basis:66.66%\">\n<figure class=\"wp-block-image size-large is-resized\"><img loading=\"lazy\" decoding=\"async\" width=\"1024\" height=\"576\" src=\"https:\/\/sisu.ut.ee\/wp-content\/uploads\/sites\/982\/Uuskreeka-1024x576.jpg\" alt=\"\" class=\"wp-image-147\" style=\"aspect-ratio:1.7778267951676394;width:776px;height:auto\" srcset=\"https:\/\/sisu.ut.ee\/wp-content\/uploads\/sites\/982\/Uuskreeka-1024x576.jpg 1024w, https:\/\/sisu.ut.ee\/wp-content\/uploads\/sites\/982\/Uuskreeka-300x169.jpg 300w, https:\/\/sisu.ut.ee\/wp-content\/uploads\/sites\/982\/Uuskreeka-768x432.jpg 768w, https:\/\/sisu.ut.ee\/wp-content\/uploads\/sites\/982\/Uuskreeka.jpg 1920w\" sizes=\"auto, (max-width: 1024px) 100vw, 1024px\"><\/figure>\n<\/div>\n\n\n\n<div class=\"wp-block-column is-layout-flow wp-block-column-is-layout-flow\" style=\"flex-basis:33.33%\">\n<figure class=\"wp-block-image size-full is-style-default\"><img loading=\"lazy\" decoding=\"async\" width=\"491\" height=\"362\" src=\"https:\/\/sisu.ut.ee\/wp-content\/uploads\/sites\/982\/Learning-Greek-starter-pack.png\" alt=\"\" class=\"wp-image-146\" srcset=\"https:\/\/sisu.ut.ee\/wp-content\/uploads\/sites\/982\/Learning-Greek-starter-pack.png 491w, https:\/\/sisu.ut.ee\/wp-content\/uploads\/sites\/982\/Learning-Greek-starter-pack-300x221.png 300w\" sizes=\"auto, (max-width: 491px) 100vw, 491px\"><\/figure>\n<\/div>\n<\/div>\n<\/div>\n<\/div>\n","protected":false},"excerpt":{"rendered":"<p>Uuskreeka keel algtasemele (3 EAP)\u00a0 HVLC.02.018 2025\/2026. \u00f5ppeaasta s\u00fcgissemestril toimus esmakordselt uuskreeka keele algkursus. Kursuse eesm\u00e4rk on anda \u00f5ppijatele algteadmised kreeka t\u00e4hestikust, lugemisest ja kirjutamisest ning arendada esmaseid suhtlusoskusi, et saada hakkama lihtsates igap\u00e4evastes olukordades \u2013 olgu selleks enese tutvustamine, &#8230;<\/p>\n","protected":false},"author":912,"featured_media":0,"parent":0,"menu_order":0,"comment_status":"closed","ping_status":"closed","template":"","meta":{"_acf_changed":false,"inline_featured_image":false,"footnotes":""},"class_list":["post-33","page","type-page","status-publish","hentry"],"acf":[],"_links":{"self":[{"href":"https:\/\/sisu.ut.ee\/kreekakultuur\/wp-json\/wp\/v2\/pages\/33","targetHints":{"allow":["GET"]}}],"collection":[{"href":"https:\/\/sisu.ut.ee\/kreekakultuur\/wp-json\/wp\/v2\/pages"}],"about":[{"href":"https:\/\/sisu.ut.ee\/kreekakultuur\/wp-json\/wp\/v2\/types\/page"}],"author":[{"embeddable":true,"href":"https:\/\/sisu.ut.ee\/kreekakultuur\/wp-json\/wp\/v2\/users\/912"}],"replies":[{"embeddable":true,"href":"https:\/\/sisu.ut.ee\/kreekakultuur\/wp-json\/wp\/v2\/comments?post=33"}],"version-history":[{"count":4,"href":"https:\/\/sisu.ut.ee\/kreekakultuur\/wp-json\/wp\/v2\/pages\/33\/revisions"}],"predecessor-version":[{"id":192,"href":"https:\/\/sisu.ut.ee\/kreekakultuur\/wp-json\/wp\/v2\/pages\/33\/revisions\/192"}],"wp:attachment":[{"href":"https:\/\/sisu.ut.ee\/kreekakultuur\/wp-json\/wp\/v2\/media?parent=33"}],"curies":[{"name":"wp","href":"https:\/\/api.w.org\/{rel}","templated":true}]}}