{"id":31,"date":"2026-03-28T19:23:12","date_gmt":"2026-03-28T17:23:12","guid":{"rendered":"https:\/\/sisu.ut.ee\/kreekakultuur\/?page_id=31"},"modified":"2026-04-07T22:21:58","modified_gmt":"2026-04-07T19:21:58","slug":"homepage","status":"publish","type":"page","link":"https:\/\/sisu.ut.ee\/kreekakultuur\/","title":{"rendered":"Kreeka keel ja kultuur"},"content":{"rendered":"<section class=\"hero-news-block page-section--wide\">\n\t<div class=\"container-fluid\">\n\t\t<div class=\"row\">\n\t\t\t\t\t\t\t<div class=\"col-12\">\n\t\t\t\t\t<div class=\"news-card-large mb-2\" style=\"background-image: url(https:\/\/sisu.ut.ee\/wp-content\/uploads\/sites\/982\/pexels-nihal-patil-250459521-14325851-1920x1440.jpg);\">\n\t\t\t\t\t\t<div class=\"news-card-large__content\">\n\t\t\t\t\t\t\t\t\t\t\t\t\t\t\t<a href=\"https:\/\/sisu.ut.ee\/kreekakultuur\/events1\/\" target=\"_self\">\n\t\t\t\t\t\t\t\t\t\t\t\t\t\t\t\t\t\t\t<h2 class=\"h1 mb-4\">Kreeka keel ja kultuur<\/h2>\n\t\t\t\t\t\t\t\t\t\t\t\t\t\t\t\t\t<\/a>\n\t\t\t\t\t\t\t\t<a href=\"https:\/\/sisu.ut.ee\/kreekakultuur\/events1\/\" class=\"btn btn-outline-light btn-icon\" target=\"_self\">S\u00fcndmused Tartus<\/a>\n\t\t\t\t\t\t\t\t\t\t\t\t\t<\/div>\n\t\t\t\t\t<\/div>\n\t\t\t\t<\/div>\n\t\t\t\t\t\t    <\/div>\n  <\/div>\n<\/section>\n\n\n\n<p><\/p>\n\n\n\n<p class=\"has-large-font-size\">Siit lehek\u00fcljelt leiad infot uuskreeka keele kursuste ja \u00f5ppimisv\u00f5imaluste kohta, kui oled alles alustamas v\u00f5i juba keelt \u00f5ppinud. Jagame ka kasulikke \u00f5ppematerjale ja infot kreeka kultuuriga seotud s\u00fcndmuste kohta. Lehelt leiad ka viiteid uuskreeka kirjandusele eesti keeles ning muudele huvitavatele materjalidele, mis aitavad kreeka kultuuri paremini tundma \u00f5ppida.<\/p>\n\n\n\n<div class=\"wp-block-columns is-layout-flex wp-container-core-columns-is-layout-9d6595d7 wp-block-columns-is-layout-flex\">\n<div class=\"wp-block-column is-layout-flow wp-block-column-is-layout-flow\" style=\"flex-basis:66.66%\">\n<p class=\"has-regular-font-size\" style=\"padding-top:var(--wp--preset--spacing--80);padding-bottom:0\">Veebilehte ja kreeka keele \u00f5pet 2025.\u20132026. \u00f5ppeaastal toetas Kreeka Vabariigi suursaatkond.<\/p>\n\n\n\n<div class=\"wp-block-buttons is-layout-flex wp-block-buttons-is-layout-flex\">\n<div class=\"wp-block-button\"><a class=\"wp-block-button__link wp-element-button\" href=\"https:\/\/www.mfa.gr\/missionsabroad\/en\/estonia-en\" target=\"_blank\" rel=\"noreferrer noopener\">Suursaatkonna veebileht<\/a><\/div>\n<\/div>\n<\/div>\n<\/div>\n\n\n\n<div class=\"wp-block-columns is-layout-flex wp-container-core-columns-is-layout-9d6595d7 wp-block-columns-is-layout-flex\">\n<div class=\"wp-block-column is-vertically-aligned-center is-layout-flow wp-block-column-is-layout-flow\">\n<p style=\"padding-top:var(--wp--preset--spacing--30);padding-bottom:0\">Kontakt Tartu \u00dclikoolis:<\/p>\n\n\n\n<p style=\"padding-top:0;padding-bottom:0\">Janika P\u00e4ll, <a href=\"mailto:janika.pall@ut.ee\">janika.pall@ut.ee<\/a><\/p>\n<\/div>\n\n\n\n<div class=\"wp-block-column is-layout-flow wp-block-column-is-layout-flow\"><\/div>\n<\/div>\n\n\n\n<p><\/p>\n","protected":false},"excerpt":{"rendered":"<p>Siit lehek\u00fcljelt leiad infot uuskreeka keele kursuste ja \u00f5ppimisv\u00f5imaluste kohta, kui oled alles alustamas v\u00f5i juba keelt \u00f5ppinud. Jagame ka kasulikke \u00f5ppematerjale ja infot kreeka kultuuriga seotud s\u00fcndmuste kohta. Lehelt leiad ka viiteid uuskreeka kirjandusele eesti keeles ning muudele huvitavatele &#8230;<\/p>\n","protected":false},"author":912,"featured_media":0,"parent":0,"menu_order":0,"comment_status":"closed","ping_status":"closed","template":"","meta":{"_acf_changed":false,"inline_featured_image":false,"footnotes":""},"class_list":["post-31","page","type-page","status-publish","hentry"],"acf":[],"_links":{"self":[{"href":"https:\/\/sisu.ut.ee\/kreekakultuur\/wp-json\/wp\/v2\/pages\/31","targetHints":{"allow":["GET"]}}],"collection":[{"href":"https:\/\/sisu.ut.ee\/kreekakultuur\/wp-json\/wp\/v2\/pages"}],"about":[{"href":"https:\/\/sisu.ut.ee\/kreekakultuur\/wp-json\/wp\/v2\/types\/page"}],"author":[{"embeddable":true,"href":"https:\/\/sisu.ut.ee\/kreekakultuur\/wp-json\/wp\/v2\/users\/912"}],"replies":[{"embeddable":true,"href":"https:\/\/sisu.ut.ee\/kreekakultuur\/wp-json\/wp\/v2\/comments?post=31"}],"version-history":[{"count":30,"href":"https:\/\/sisu.ut.ee\/kreekakultuur\/wp-json\/wp\/v2\/pages\/31\/revisions"}],"predecessor-version":[{"id":190,"href":"https:\/\/sisu.ut.ee\/kreekakultuur\/wp-json\/wp\/v2\/pages\/31\/revisions\/190"}],"wp:attachment":[{"href":"https:\/\/sisu.ut.ee\/kreekakultuur\/wp-json\/wp\/v2\/media?parent=31"}],"curies":[{"name":"wp","href":"https:\/\/api.w.org\/{rel}","templated":true}]}}