{"id":6,"date":"2024-04-04T06:40:00","date_gmt":"2024-04-04T03:40:00","guid":{"rendered":"https:\/\/sisu.ut.ee\/koroonakonverents\/kontakt\/"},"modified":"2024-04-04T06:40:16","modified_gmt":"2024-04-04T03:40:16","slug":"kontakt","status":"publish","type":"page","link":"https:\/\/sisu.ut.ee\/koroonakonverents\/kontakt\/","title":{"rendered":"Korraldajad"},"content":{"rendered":"<p>\n\t<strong>Peakorraldaja<\/strong><br>Mikk J\u00fcrisson<br>rahvatervishoiu teadur<br>peremeditsiini ja rahvatervishoiu instituut\u00a0<br>Tartu \u00dclikool<br>516 1315<br><a href=\"mailto:mikk.jurisson@ut.ee\">mikk.jurisson@ut.ee<\/a>\n<\/p>\n<p>\n\t<strong>Kommunikatsioon<\/strong><br>Piret Ehrenpreis<br>teaduskommunikatsiooni n\u00f5unik<br>Tartu \u00dclikool\u00a0<br>5816 0090<br><a href=\"mailto:piret.ehrenpreis@ut.ee\">piret.ehrenpreis@ut.ee<\/a>\n<\/p>\n<p>\n\t<strong>Konverentsi\u00a0kava koostajad<\/strong><br>Riho Altnurme, humanitaarteaduste ja kunstide valdkonna teadusprodekaan<br>Kirsti Akkermann, sotsiaalteaduste valdkonna\u00a0teadus-arendusprodekaan<br>K\u00fclli Kingo, meditsiiniteaduste valdkonna teadusprodekaan<br>Piia Post, loodus- ja t\u00e4ppisteaduste valdkonna\u00a0teadus-arendusprodekaan<br>Kersti P\u00e4rna,\u00a0peremeditsiini ja rahvatervishoiu instituudi\u00a0tervisedenduse dotsent\n<\/p>\n<p>\n\t<strong>Korraldustoimkond<\/strong><br>Katrin Pajuste-Kuul, teadus- ja arendustegevuse n\u00f5unik<br>Kaja Karo, avalike suhete peaspetsialist<br>Sirly Napritson, peremeditsiini ja rahvatervishoiu instituudi sekret\u00e4r<br>Mariel Padar, rektoraadi juhiabi<br>Kristel Pedassaar, rahvusvahelise koost\u00f6\u00f6 peaspetsialist<br>Mari-Liis Pintson, kommunikatsioonin\u00f5unik\u00a0<\/p>\n","protected":false},"excerpt":{"rendered":"<p>PeakorraldajaMikk J\u00fcrissonrahvatervishoiu teadurperemeditsiini ja rahvatervishoiu instituut\u00a0Tartu \u00dclikool516 1315mikk.jurisson@ut.ee KommunikatsioonPiret Ehrenpreisteaduskommunikatsiooni n\u00f5unikTartu \u00dclikool\u00a05816 0090piret.ehrenpreis@ut.ee Konverentsi\u00a0kava koostajadRiho Altnurme, humanitaarteaduste ja kunstide valdkonna teadusprodekaanKirsti Akkermann, sotsiaalteaduste valdkonna\u00a0teadus-arendusprodekaanK\u00fclli Kingo, meditsiiniteaduste valdkonna teadusprodekaanPiia Post, loodus- ja t\u00e4ppisteaduste valdkonna\u00a0teadus-arendusprodekaanKersti P\u00e4rna,\u00a0peremeditsiini ja rahvatervishoiu instituudi\u00a0tervisedenduse dotsent KorraldustoimkondKatrin Pajuste-Kuul, &#8230;<\/p>\n","protected":false},"author":237,"featured_media":0,"parent":0,"menu_order":0,"comment_status":"closed","ping_status":"closed","template":"","meta":{"_acf_changed":false,"inline_featured_image":false,"footnotes":""},"class_list":["post-6","page","type-page","status-publish","hentry"],"acf":[],"_links":{"self":[{"href":"https:\/\/sisu.ut.ee\/koroonakonverents\/wp-json\/wp\/v2\/pages\/6","targetHints":{"allow":["GET"]}}],"collection":[{"href":"https:\/\/sisu.ut.ee\/koroonakonverents\/wp-json\/wp\/v2\/pages"}],"about":[{"href":"https:\/\/sisu.ut.ee\/koroonakonverents\/wp-json\/wp\/v2\/types\/page"}],"author":[{"embeddable":true,"href":"https:\/\/sisu.ut.ee\/koroonakonverents\/wp-json\/wp\/v2\/users\/237"}],"replies":[{"embeddable":true,"href":"https:\/\/sisu.ut.ee\/koroonakonverents\/wp-json\/wp\/v2\/comments?post=6"}],"version-history":[{"count":1,"href":"https:\/\/sisu.ut.ee\/koroonakonverents\/wp-json\/wp\/v2\/pages\/6\/revisions"}],"predecessor-version":[{"id":96,"href":"https:\/\/sisu.ut.ee\/koroonakonverents\/wp-json\/wp\/v2\/pages\/6\/revisions\/96"}],"wp:attachment":[{"href":"https:\/\/sisu.ut.ee\/koroonakonverents\/wp-json\/wp\/v2\/media?parent=6"}],"curies":[{"name":"wp","href":"https:\/\/api.w.org\/{rel}","templated":true}]}}