{"id":3,"date":"2024-04-04T06:40:00","date_gmt":"2024-04-04T03:40:00","guid":{"rendered":"https:\/\/sisu.ut.ee\/koroonakonverents\/avaleht\/"},"modified":"2024-04-24T23:01:10","modified_gmt":"2024-04-24T20:01:10","slug":"avaleht","status":"publish","type":"page","link":"https:\/\/sisu.ut.ee\/koroonakonverents\/","title":{"rendered":"Avaleht"},"content":{"rendered":"<p>\n\t\u00a0\n<\/p>\n<p>\n\t<strong>Konverents on j\u00e4relvaadatav<\/strong> <strong><a data-url=\"https:\/\/www.uttv.ee\/naita?id=30821\" href=\"https:\/\/www.uttv.ee\/naita?id=30821\" target=\"_blank\" title=\"\" rel=\"noopener\">UTTVs<\/a><\/strong><strong>.<\/strong>\n<\/p>\n<p>\n\t<strong>Koroonaviiruse m\u00f5ju ei piirdu ainult tervise kaotusega, vaid puudutab k\u00f5iki eluvaldkondi alates rahvatervisest ning l\u00f5petades tagaj\u00e4rgedega majandusele ja keskkonnale. Teadus otsib lahendusi epideemia toime v\u00e4hendamiseks \u00fchiskonnas.<\/strong>\n<\/p>\n<p>\n\tKonverentsil anname \u00fclevaate meie ees seisvatest probleemidest ning sellest, kuidas aitab Tartu \u00dclikooli teadlaste t\u00f6\u00f6 viiruse levikuga toime tulla ja koroonaajastuga kohaneda.\n<\/p>\n<p>\n\tTutvustame uuringuid, mille teemadering ulatub koroonaviiruse seirest ja kliinilisest meditsiinist kuni epideemia sotsiaal-majandusliku m\u00f5ju v\u00e4hendamiseni. Vaatleme suur- ja geeniandmete rolli pandeemia ohjeldamisel, tutvustame uuenduslikke lahendusi, mis aitavad koos viirusega elada, ning katsume hinnata, mida koroona levik edaspidi kaasa toob.\u00a0\n<\/p>\n<p>\n\t\u00dchiskonna ootusi koroonaviirusega kohanemisel m\u00f5testavad president\u00a0<strong>Kersti Kaljulaid<\/strong>, Stanfordi \u00dclikooli k\u00fclalisteadur, president <strong>Toomas Hendrik Ilves<\/strong>, sotsiaalminister <strong>Tanel Kiik<\/strong>, Terviseameti meditsiinistaabi juht\u00a0<strong>Arkadi Popov<\/strong> ja Majandus- ja Kommunikatsiooniministeeriumi side ja riigi infos\u00fcsteemide asekantsler <strong>Siim Sikkut<\/strong>.\u00a0<br>\u00a0\n<\/p>\n<p>\n\t<b>Veebikonverentsi teostas<\/b>\n<\/p>\n<p>\n\t<a data-url=\"https:\/\/www.videal.ee\/\" href=\"https:\/\/www.videal.ee\/\" target=\"_blank\" title=\"\" rel=\"noopener\"><img loading=\"lazy\" decoding=\"async\" width=\"131\" height=\"131\" class=\"alignnone wp-image-9\" src=\"https:\/\/sisu.ut.ee\/wp-content\/uploads\/sites\/455\/videali-logo-artboard-1.png\" title=\"videali-logo-artboard-1.png\" alt=\"Videali logo\"><\/a><br>\u00a0<\/p>\n","protected":false},"excerpt":{"rendered":"<p>\u00a0 Konverents on j\u00e4relvaadatav UTTVs. Koroonaviiruse m\u00f5ju ei piirdu ainult tervise kaotusega, vaid puudutab k\u00f5iki eluvaldkondi alates rahvatervisest ning l\u00f5petades tagaj\u00e4rgedega majandusele ja keskkonnale. Teadus otsib lahendusi epideemia toime v\u00e4hendamiseks \u00fchiskonnas. Konverentsil anname \u00fclevaate meie ees seisvatest probleemidest ning sellest, &#8230;<\/p>\n","protected":false},"author":237,"featured_media":0,"parent":0,"menu_order":0,"comment_status":"closed","ping_status":"closed","template":"","meta":{"_acf_changed":false,"inline_featured_image":false,"footnotes":""},"class_list":["post-3","page","type-page","status-publish","hentry"],"acf":[],"_links":{"self":[{"href":"https:\/\/sisu.ut.ee\/koroonakonverents\/wp-json\/wp\/v2\/pages\/3","targetHints":{"allow":["GET"]}}],"collection":[{"href":"https:\/\/sisu.ut.ee\/koroonakonverents\/wp-json\/wp\/v2\/pages"}],"about":[{"href":"https:\/\/sisu.ut.ee\/koroonakonverents\/wp-json\/wp\/v2\/types\/page"}],"author":[{"embeddable":true,"href":"https:\/\/sisu.ut.ee\/koroonakonverents\/wp-json\/wp\/v2\/users\/237"}],"replies":[{"embeddable":true,"href":"https:\/\/sisu.ut.ee\/koroonakonverents\/wp-json\/wp\/v2\/comments?post=3"}],"version-history":[{"count":2,"href":"https:\/\/sisu.ut.ee\/koroonakonverents\/wp-json\/wp\/v2\/pages\/3\/revisions"}],"predecessor-version":[{"id":103,"href":"https:\/\/sisu.ut.ee\/koroonakonverents\/wp-json\/wp\/v2\/pages\/3\/revisions\/103"}],"wp:attachment":[{"href":"https:\/\/sisu.ut.ee\/koroonakonverents\/wp-json\/wp\/v2\/media?parent=3"}],"curies":[{"name":"wp","href":"https:\/\/api.w.org\/{rel}","templated":true}]}}