{"id":123,"date":"2024-04-25T08:34:52","date_gmt":"2024-04-25T05:34:52","guid":{"rendered":"https:\/\/sisu.ut.ee\/koroonakonverents\/?page_id=123"},"modified":"2024-04-25T08:35:03","modified_gmt":"2024-04-25T05:35:03","slug":"praktiline-teave","status":"publish","type":"page","link":"https:\/\/sisu.ut.ee\/koroonakonverents\/praktiline-teave\/","title":{"rendered":"Praktiline teave"},"content":{"rendered":"<p>Konverentsil filmitakse ja pildistatakse. Video ja pildid on hiljem j\u00e4relvaadatavad\u00a0<strong><a href=\"https:\/\/www.uttv.ee\/naita?id=30821\" target=\"_blank\" rel=\"noreferrer noopener\">UTTVs<\/a><\/strong><strong>,\u00a0<\/strong>Tartu \u00dclikooli veebilehel ja sotsiaalmeedias.\u00a0Tartu \u00dclikooli andmekaitsetingimustega saab tutvuda veebilehel\u00a0<a href=\"https:\/\/www.ut.ee\/et\/andmekaitsetingimused\" target=\"_blank\" rel=\"noreferrer noopener\">https:\/\/www.ut.ee\/et\/andmekaitsetingimused<\/a>.<\/p>\n\n\n\n<p>J\u00e4rgime konverentsi korraldamisel Vabariigi Valitsuse ja Terviseameti korraldusi. Palun \u00e4rge osalege\u00a0konverentsil, kui olete\u00a0haige, olete\u00a0viimase 14 p\u00e4eva jooksul tundnud ennast halvasti v\u00f5i viibinud l\u00e4hikontaktis koroonat p\u00f5deva inimesega.<\/p>\n\n\n\n<p><strong>Veebikonverentsi teostas<\/strong><\/p>\n\n\n\n<figure class=\"wp-block-image\"><a href=\"https:\/\/www.videal.ee\/\" target=\"_blank\" rel=\"noreferrer noopener\"><img decoding=\"async\" src=\"https:\/\/sisu-vana.ut.ee\/sites\/default\/files\/koroonakonverents\/files\/videali-logo-artboard-1.png\" alt=\"Videali logo\" title=\"\"><\/a><\/figure>\n","protected":false},"excerpt":{"rendered":"<p>Konverentsil filmitakse ja pildistatakse. Video ja pildid on hiljem j\u00e4relvaadatavad\u00a0UTTVs,\u00a0Tartu \u00dclikooli veebilehel ja sotsiaalmeedias.\u00a0Tartu \u00dclikooli andmekaitsetingimustega saab tutvuda veebilehel\u00a0https:\/\/www.ut.ee\/et\/andmekaitsetingimused. J\u00e4rgime konverentsi korraldamisel Vabariigi Valitsuse ja Terviseameti korraldusi. Palun \u00e4rge osalege\u00a0konverentsil, kui olete\u00a0haige, olete\u00a0viimase 14 p\u00e4eva jooksul tundnud ennast halvasti v\u00f5i &#8230;<\/p>\n","protected":false},"author":76,"featured_media":0,"parent":0,"menu_order":0,"comment_status":"closed","ping_status":"closed","template":"","meta":{"_acf_changed":false,"inline_featured_image":false,"footnotes":""},"class_list":["post-123","page","type-page","status-publish","hentry"],"acf":[],"_links":{"self":[{"href":"https:\/\/sisu.ut.ee\/koroonakonverents\/wp-json\/wp\/v2\/pages\/123","targetHints":{"allow":["GET"]}}],"collection":[{"href":"https:\/\/sisu.ut.ee\/koroonakonverents\/wp-json\/wp\/v2\/pages"}],"about":[{"href":"https:\/\/sisu.ut.ee\/koroonakonverents\/wp-json\/wp\/v2\/types\/page"}],"author":[{"embeddable":true,"href":"https:\/\/sisu.ut.ee\/koroonakonverents\/wp-json\/wp\/v2\/users\/76"}],"replies":[{"embeddable":true,"href":"https:\/\/sisu.ut.ee\/koroonakonverents\/wp-json\/wp\/v2\/comments?post=123"}],"version-history":[{"count":2,"href":"https:\/\/sisu.ut.ee\/koroonakonverents\/wp-json\/wp\/v2\/pages\/123\/revisions"}],"predecessor-version":[{"id":125,"href":"https:\/\/sisu.ut.ee\/koroonakonverents\/wp-json\/wp\/v2\/pages\/123\/revisions\/125"}],"wp:attachment":[{"href":"https:\/\/sisu.ut.ee\/koroonakonverents\/wp-json\/wp\/v2\/media?parent=123"}],"curies":[{"name":"wp","href":"https:\/\/api.w.org\/{rel}","templated":true}]}}