{"id":8,"date":"2024-04-04T07:15:36","date_gmt":"2024-04-04T04:15:36","guid":{"rendered":"https:\/\/sisu.ut.ee\/koostooprojekt\/ajakiri\/"},"modified":"2024-04-19T10:14:43","modified_gmt":"2024-04-19T07:14:43","slug":"ajakiri","status":"publish","type":"page","link":"https:\/\/sisu.ut.ee\/koostooprojekt\/ajakiri\/","title":{"rendered":"Veebiajakirja ajakava ja t\u00f6\u00f6juhised"},"content":{"rendered":"<p><a href=\"https:\/\/madmagz.com\/magazine\/1825887#\/\" target=\"_blank\" rel=\"noopener\"><img loading=\"lazy\" decoding=\"async\" width=\"1873\" height=\"820\" class=\"alignnone wp-image-23\" style=\"width: 900px; height: 394px;\" title=\"Veebiajakirja Espa\u00f1arte avaleht MadMagzis\" src=\"https:\/\/sisu.ut.ee\/wp-content\/uploads\/sites\/498\/revista_digital_espanarte_portada.jpg\" alt=\"Veebiajakirja Espa\u00f1arte avaleht (link)\" srcset=\"https:\/\/sisu.ut.ee\/wp-content\/uploads\/sites\/498\/revista_digital_espanarte_portada.jpg 1873w, https:\/\/sisu.ut.ee\/wp-content\/uploads\/sites\/498\/revista_digital_espanarte_portada-300x131.jpg 300w, https:\/\/sisu.ut.ee\/wp-content\/uploads\/sites\/498\/revista_digital_espanarte_portada-1024x448.jpg 1024w, https:\/\/sisu.ut.ee\/wp-content\/uploads\/sites\/498\/revista_digital_espanarte_portada-768x336.jpg 768w, https:\/\/sisu.ut.ee\/wp-content\/uploads\/sites\/498\/revista_digital_espanarte_portada-1536x672.jpg 1536w\" sizes=\"auto, (max-width: 1873px) 100vw, 1873px\"><\/a><\/p>\n<p><a title=\"\" href=\"https:\/\/sisu.ut.ee\/koostooprojekt\/ajakiri\/juhised-tudengile\" target=\"_blank\" rel=\"noopener\" data-url=\"https:\/\/sisu.ut.ee\/koostooprojekt\/ajakiri\/juhised-tudengile\">Juhised tudengile<\/a> (Moodle\u2019ist)<\/p>\n<p>1. n\u00e4dal (10.09.-16.09.)<\/p>\n<ul>\n<li>R\u00fchmadesse jaotumine (3-5 liiget).<\/li>\n<\/ul>\n<p>2.-3. n\u00e4dal (17.-30.09.)<\/p>\n<ul>\n<li>Sissejuhatav \u00fclesanne (t\u00e4htaeg 27.09.): panna kirja, milliseid Hispaania \u00fchiskonna ja kultuuriga seotud teemasid teatakse ja mille kohta tahetakse rohkem teada.<\/li>\n<li>Teemade valik (t\u00e4htaeg 1.10.): r\u00fchmad otsustavad, milliseid sissejuhatava \u00fclesande p\u00f5hjal populaarseks osutunud teemadest soovitakse oma artiklites k\u00e4sitleda. Edaspidi k\u00e4ib paralleelselt muude tegevustega sisuline t\u00f6\u00f6 artiklite valmimiseks.<\/li>\n<\/ul>\n<p>4. n\u00e4dal (1.10.-7.10.)<\/p>\n<ul>\n<li>Ajakirja nimekonkurss (t\u00e4htaeg 8.10.), hispaania emakeelega tudengitest ja eestlastest \u017e\u00fcrii otsus teatatakse 5. n\u00e4dala l\u00f5puks. Projektip\u00e4eviku pidamise algus.<\/li>\n<li>\u00d5ppej\u00f5ud saadab soovitused valitud teemadele l\u00e4henemiseks, gruppide esindajad kirjutavad vastuseks, milline on nende plaan artikli teema k\u00e4sitlemiseks (t\u00e4htaeg 11.10.: milline on keskne m\u00f5te, kust kavatsetakse infot leida, milline on oodatav tulemus).<\/li>\n<\/ul>\n<p>5.-6. n\u00e4dal (8.10.-21.10.)<\/p>\n<ul>\n<li>Foorumidiskussioon ajakirja jaoks sobivaima virtuaalse keskkonna valimiseks (ettepanekute t\u00e4htaeg 18.10.).<\/li>\n<\/ul>\n<p>7.-8. n\u00e4dal (22.10.-4.11.)<\/p>\n<ul>\n<li>T\u00f6\u00f6 artikli esimese versiooniga (esitamise t\u00e4htaeg 5.11.).<\/li>\n<\/ul>\n<p>9. n\u00e4dal (5.-11.11.)<\/p>\n<ul>\n<li>\u00d5ppej\u00f5ud parandab ja tagasisidestab esitatud t\u00f6id.<\/li>\n<\/ul>\n<p>10.-13. n\u00e4dal (12.11.-9.12.)<\/p>\n<ul>\n<li>T\u00f6\u00f6 artikli teise, parandatud versiooniga (t\u00e4htaeg 6.12.). Samal ajal valitakse ajakirja jaoks kasutatav veebikeskkond (t\u00e4htaeg 9.12.; iga osaleja t\u00e4idab individuaalselt ankeedi valitud keskkondade plusside ja miinuste kohta ning otsustab, milline on tema eelistus).<\/li>\n<\/ul>\n<p>14.-15. n\u00e4dal (10.-23.12.)<\/p>\n<ul>\n<li>\u00d5ppej\u00f5ud parandab artiklid. Tudengid viivad sisse parandused, laevad tekstid ajakirja keskkonda ning kujundavad oma artikli.<\/li>\n<li>Jaanuaris levitatakse valminud ajakirja linki postiloendites ja sotsiaalmeedias.<\/li>\n<\/ul>\n","protected":false},"excerpt":{"rendered":"<p>Juhised tudengile (Moodle\u2019ist) 1. n\u00e4dal (10.09.-16.09.) R\u00fchmadesse jaotumine (3-5 liiget). 2.-3. n\u00e4dal (17.-30.09.) Sissejuhatav \u00fclesanne (t\u00e4htaeg 27.09.): panna kirja, milliseid Hispaania \u00fchiskonna ja kultuuriga seotud teemasid teatakse ja mille kohta tahetakse rohkem teada. Teemade valik (t\u00e4htaeg 1.10.): r\u00fchmad otsustavad, milliseid &#8230;<\/p>\n","protected":false},"author":259,"featured_media":0,"parent":0,"menu_order":0,"comment_status":"closed","ping_status":"closed","template":"","meta":{"_acf_changed":false,"inline_featured_image":false,"footnotes":""},"class_list":["post-8","page","type-page","status-publish","hentry"],"acf":[],"_links":{"self":[{"href":"https:\/\/sisu.ut.ee\/koostooprojekt\/wp-json\/wp\/v2\/pages\/8","targetHints":{"allow":["GET"]}}],"collection":[{"href":"https:\/\/sisu.ut.ee\/koostooprojekt\/wp-json\/wp\/v2\/pages"}],"about":[{"href":"https:\/\/sisu.ut.ee\/koostooprojekt\/wp-json\/wp\/v2\/types\/page"}],"author":[{"embeddable":true,"href":"https:\/\/sisu.ut.ee\/koostooprojekt\/wp-json\/wp\/v2\/users\/259"}],"replies":[{"embeddable":true,"href":"https:\/\/sisu.ut.ee\/koostooprojekt\/wp-json\/wp\/v2\/comments?post=8"}],"version-history":[{"count":2,"href":"https:\/\/sisu.ut.ee\/koostooprojekt\/wp-json\/wp\/v2\/pages\/8\/revisions"}],"predecessor-version":[{"id":56,"href":"https:\/\/sisu.ut.ee\/koostooprojekt\/wp-json\/wp\/v2\/pages\/8\/revisions\/56"}],"wp:attachment":[{"href":"https:\/\/sisu.ut.ee\/koostooprojekt\/wp-json\/wp\/v2\/media?parent=8"}],"curies":[{"name":"wp","href":"https:\/\/api.w.org\/{rel}","templated":true}]}}