{"id":7,"date":"2024-04-04T07:15:36","date_gmt":"2024-04-04T04:15:36","guid":{"rendered":"https:\/\/sisu.ut.ee\/koostooprojekt\/virtuaalnaitus\/"},"modified":"2024-04-19T10:14:07","modified_gmt":"2024-04-19T07:14:07","slug":"virtuaalnaitus","status":"publish","type":"page","link":"https:\/\/sisu.ut.ee\/koostooprojekt\/virtuaalnaitus\/","title":{"rendered":"Virtuaaln\u00e4ituse ajakava ja t\u00f6\u00f6juhised"},"content":{"rendered":"<figure id=\"attachment_22\" aria-describedby=\"caption-attachment-22\" style=\"width: 1024px\" class=\"wp-caption alignnone\"><a href=\"https:\/\/sites.google.com\/view\/historiasdepueblos\/home\" target=\"_blank\" rel=\"noopener\"><img loading=\"lazy\" decoding=\"async\" class=\"wp-image-22 size-large\" src=\"https:\/\/sisu.ut.ee\/wp-content\/uploads\/sites\/498\/portada_expo-1024x422.jpg\" alt=\"N\u00e4ituse avalehe foto\" width=\"1024\" height=\"422\" srcset=\"https:\/\/sisu.ut.ee\/wp-content\/uploads\/sites\/498\/portada_expo-1024x422.jpg 1024w, https:\/\/sisu.ut.ee\/wp-content\/uploads\/sites\/498\/portada_expo-300x124.jpg 300w, https:\/\/sisu.ut.ee\/wp-content\/uploads\/sites\/498\/portada_expo-768x316.jpg 768w, https:\/\/sisu.ut.ee\/wp-content\/uploads\/sites\/498\/portada_expo-1536x633.jpg 1536w, https:\/\/sisu.ut.ee\/wp-content\/uploads\/sites\/498\/portada_expo.jpg 1816w\" sizes=\"auto, (max-width: 1024px) 100vw, 1024px\"><\/a><figcaption id=\"caption-attachment-22\" class=\"wp-caption-text\">Virtuaaln\u00e4ituse \u201cPeque\u00f1os pueblos con grandes historias\/Suure ajalooga v\u00e4ikek\u00fclad\u201d avaleht<\/figcaption><\/figure>\n<p class=\"MsoCommentText\"><a title=\"\" href=\"https:\/\/sisu.ut.ee\/koostooprojekt\/virtuaalnaitus\/juhised-tudengile\" target=\"_blank\" rel=\"noopener\" data-url=\"https:\/\/sisu.ut.ee\/koostooprojekt\/virtuaalnaitus\/juhised-tudengile\">Juhised tudengile<\/a> (Moodle\u2019ist)<\/p>\n<p class=\"MsoCommentText\"><strong>Ajakava:<\/strong><\/p>\n<p class=\"MsoCommentText\"><u>1. n\u00e4dal: 25.02-01.03. <\/u><\/p>\n<ul>\n<li class=\"MsoCommentText\">R\u00fchmadesse jaotamine.<\/li>\n<li class=\"MsoCommentText\">Pealkirjakonkurss (iga r\u00fchm esitab oma ettepaneku Moodle\u2019i foorumis).<\/li>\n<li class=\"MsoCommentText\">R\u00fchmasiseselt t\u00f6\u00f6\u00fclesannete jaotamine, info otsimisega alustamine.<\/li>\n<li class=\"MsoCommentText\">Projektip\u00e4eviku pidamise algus, edaspidi sissekanded igal n\u00e4dalal.<\/li>\n<\/ul>\n<p class=\"MsoCommentText\"><u>2. n\u00e4dal: 02.03.-08.03. <\/u><\/p>\n<ul>\n<li class=\"MsoCommentText\">Ametlike infop\u00e4ringu kirjade koostamine omavalitsustele ja muudele asjaomastele ametiasutustele. Kirjades kasutatavaid vormeleid leiab manustatud failist, valmis kirjad laadige \u00f5ppej\u00f5ududele kontrollimiseks Moodle\u2019i \u00fclesandesse (t\u00e4htaeg 05.03.). P\u00e4rast parandamist v\u00f5ib kirjad teele saata.<\/li>\n<\/ul>\n<p class=\"MsoCommentText\"><u>3. ja 4. n\u00e4dal: 09.03.-22.03.<\/u><\/p>\n<ul>\n<li class=\"MsoCommentText\">N\u00fc\u00fcd, kus ametlikud kirjad on saadetud, otsige k\u00fclade-linnakeste sotsiaalmeediakontosid ja kohalikke seltse-\u00fchinguid, et nendega suhelda ja saada lisainfot ning pilte. Valige v\u00e4lja sobiv teave, pidades silmas, et n\u00e4ituse p\u00f5hiteema on <b>ajalugu<\/b>.<\/li>\n<li class=\"MsoCommentText\">22. m\u00e4rtsiks peab valmis olema n\u00e4ituseteksti esimene mustand v\u00f5i v\u00e4hemalt selle sisu skeem, mille saate postitada Moodle\u2019i \u00fclesandesse (piisab, kui seda teeb \u00fcks r\u00fchma liige).<\/li>\n<\/ul>\n<p class=\"MsoCommentText\"><u>5. n\u00e4dal: 23.03.-26.03.<\/u><\/p>\n<ul>\n<li class=\"MsoCommentText\">V\u00e4ljateenitud puhkus, \u00f5ppej\u00f5ud parandavad ja toimetavad tekste.<\/li>\n<\/ul>\n<p class=\"MsoCommentText\"><u>6. ja 7. n\u00e4dal: 26.03.-09.04. <\/u><\/p>\n<ul>\n<li class=\"MsoCommentText\">Moodle\u2019i foorumis toimub arutelu sobiva n\u00e4itusekeskkonna valimiseks (26.03.-02.04.). Tingimus on, et see oleks tasuta kasutatav ja n\u00e4itust saaks levitada \u00fcheainsa lingi kujul.<\/li>\n<li class=\"MsoCommentText\">Samal ajal pannakse saadud tagasiside p\u00f5hjal kokku tekstide teine mustand (esitamine Moodle\u2019i \u00fclesandes).<\/li>\n<li class=\"MsoCommentText\">09.04.-13.04. parandavad ja toimetavad \u00f5ppej\u00f5ud tekstide uusi versioone.<\/li>\n<\/ul>\n<p class=\"MsoCommentText\"><u>8. n\u00e4dal: 14.04.-22.04.<\/u><\/p>\n<ul>\n<li class=\"MsoCommentText\">N\u00e4ituse tekstide puhtandite kirjutamine, pildimaterjali ja viidete esitamine.\n<ul>\n<li class=\"MsoCommentText\">13.04.-16.04.\n<ul>\n<li class=\"MsoCommentText\">R\u00fchmad valivad esindaja tehnilisse meeskonda.<\/li>\n<\/ul>\n<\/li>\n<li class=\"MsoCommentText\">16.04.-19.04.\n<ul>\n<li class=\"MsoCommentText\">Tehniline meeskond valib endale juhi, kes edaspidi vastutab suhtluse eest \u00f5ppej\u00f5ududega. Valitu meiliaadress saadetakse \u00f5ppej\u00f5ududele.<\/li>\n<\/ul>\n<\/li>\n<\/ul>\n<\/li>\n<\/ul>\n<p class=\"MsoCommentText\"><u>L\u00f5ppfaas: <\/u><\/p>\n<ul>\n<li class=\"MsoCommentText\">Tehniline meeskond valib n\u00e4itusekeskkonna.<\/li>\n<li class=\"MsoCommentText\">Kui hispaaniakeelsete tekstide l\u00f5plikud versioonid on \u00f5ppej\u00f5udude k\u00e4est tagasi saadud, t\u00f5lgitakse need eesti keelde. \u00d5ppej\u00f5ud toimetavad t\u00f5lked ja saadavad need parandamiseks tagasi.<\/li>\n<li class=\"MsoCommentText\">\u00d5ppej\u00f5ud laevad tekstide ja t\u00f5lgete l\u00f5plikud versioonid ja pildimaterjali jagatud Google Drive kausta.<\/li>\n<li class=\"MsoCommentText\">22.06. N\u00e4itus on l\u00f5puks valmis ja linki levitatakse eriala listis, Hispaania saatkonna listis ja sotsiaalmeedias. Link pannakse ka Maailma keelte ja kultuuride kolled\u017ei kodulehele.<\/li>\n<\/ul>\n","protected":false},"excerpt":{"rendered":"<p>Juhised tudengile (Moodle\u2019ist) Ajakava: 1. n\u00e4dal: 25.02-01.03. R\u00fchmadesse jaotamine. Pealkirjakonkurss (iga r\u00fchm esitab oma ettepaneku Moodle\u2019i foorumis). R\u00fchmasiseselt t\u00f6\u00f6\u00fclesannete jaotamine, info otsimisega alustamine. Projektip\u00e4eviku pidamise algus, edaspidi sissekanded igal n\u00e4dalal. 2. n\u00e4dal: 02.03.-08.03. Ametlike infop\u00e4ringu kirjade koostamine omavalitsustele ja muudele &#8230;<\/p>\n","protected":false},"author":259,"featured_media":0,"parent":0,"menu_order":0,"comment_status":"closed","ping_status":"closed","template":"","meta":{"_acf_changed":false,"inline_featured_image":false,"footnotes":""},"class_list":["post-7","page","type-page","status-publish","hentry"],"acf":[],"_links":{"self":[{"href":"https:\/\/sisu.ut.ee\/koostooprojekt\/wp-json\/wp\/v2\/pages\/7","targetHints":{"allow":["GET"]}}],"collection":[{"href":"https:\/\/sisu.ut.ee\/koostooprojekt\/wp-json\/wp\/v2\/pages"}],"about":[{"href":"https:\/\/sisu.ut.ee\/koostooprojekt\/wp-json\/wp\/v2\/types\/page"}],"author":[{"embeddable":true,"href":"https:\/\/sisu.ut.ee\/koostooprojekt\/wp-json\/wp\/v2\/users\/259"}],"replies":[{"embeddable":true,"href":"https:\/\/sisu.ut.ee\/koostooprojekt\/wp-json\/wp\/v2\/comments?post=7"}],"version-history":[{"count":4,"href":"https:\/\/sisu.ut.ee\/koostooprojekt\/wp-json\/wp\/v2\/pages\/7\/revisions"}],"predecessor-version":[{"id":55,"href":"https:\/\/sisu.ut.ee\/koostooprojekt\/wp-json\/wp\/v2\/pages\/7\/revisions\/55"}],"wp:attachment":[{"href":"https:\/\/sisu.ut.ee\/koostooprojekt\/wp-json\/wp\/v2\/media?parent=7"}],"curies":[{"name":"wp","href":"https:\/\/api.w.org\/{rel}","templated":true}]}}