{"id":5,"date":"2024-04-04T07:15:36","date_gmt":"2024-04-04T04:15:36","guid":{"rendered":"https:\/\/sisu.ut.ee\/koostooprojekt\/etapid\/"},"modified":"2024-04-04T07:15:42","modified_gmt":"2024-04-04T04:15:42","slug":"etapid","status":"publish","type":"page","link":"https:\/\/sisu.ut.ee\/koostooprojekt\/etapid\/","title":{"rendered":"Projekti etapid"},"content":{"rendered":"<div class=\"content\">\n<div class=\"node node-page clearfix\" id=\"node-29436\">\n<div class=\"content\">\n<div class=\"field field-name-body field-type-text-with-summary field-label-hidden\">\n<div class=\"field-items\">\n<div class=\"field-item even\">\n<p>\n\t\t\t\t\t\t\tEelt\u00f6\u00f6na valitakse teema ja pannakse paika, millal peaks projekt olema levitamiseks valmis. Koostatakse ettev\u00f5tmist tutvustav tekst ja t\u00f6\u00f6juhised.\n\t\t\t\t\t\t<\/p>\n<ol>\n<li>\n\t\t\t\t\t\t\t\tOsalejad jagatakse r\u00fchmadesse (nt kolmeliikmelistesse: on, kellega n\u00f5u pidada ja kelle vahel \u00fclesandeid jaotada, k\u00f5igile j\u00e4tkub tegevust ning keegi ei tunne end k\u00f5rvalej\u00e4etuna).\n\t\t\t\t\t\t\t<\/li>\n<li>\n\t\t\t\t\t\t\t\tKogutakse ja korrastatakse vajalik info ning illustreeriv materjal. \u00d5ppej\u00f5ud\/\u00f5petajad\/juhendajad aitavad tekste toimetada ja t\u00e4iendada. Mitmekeelse v\u00f5i v\u00f5\u00f5rkeelse n\u00e4ituse puhul tekstid t\u00f5lgitakse ja t\u00f5lked toimetatakse omakorda.\n\t\t\t\t\t\t\t<\/li>\n<li>\n\t\t\t\t\t\t\t\tPannakse kokku tehniline meeskond, kes valib ettepanekute p\u00f5hjal sobiva keskkonna projekti eksponeerimiseks ja levitamiseks ning vastutab kujunduse eest.\n\t\t\t\t\t\t\t<\/li>\n<li>\n\t\t\t\t\t\t\t\tTehniline meeskond viimistleb projekti kujunduse valitud keskkonnas r\u00fchmade koostatud tekstide ja illustreeriva materjali p\u00f5hjal.\n\t\t\t\t\t\t\t<\/li>\n<li>\n\t\t\t\t\t\t\t\t<span><span style=\"line-height:107%\"><span>Valminud projekti linki saab levitada nii postiloendites kui sotsiaalmeedias ja \u00f5ppeasutuse osakonna kodulehel. <\/span><\/span><\/span>\n\t\t\t\t\t\t\t<\/li>\n<\/ol><\/div>\n<\/div>\n<\/div>\n<\/div>\n<\/div>\n<\/div>\n","protected":false},"excerpt":{"rendered":"<p>Eelt\u00f6\u00f6na valitakse teema ja pannakse paika, millal peaks projekt olema levitamiseks valmis. Koostatakse ettev\u00f5tmist tutvustav tekst ja t\u00f6\u00f6juhised. Osalejad jagatakse r\u00fchmadesse (nt kolmeliikmelistesse: on, kellega n\u00f5u pidada ja kelle vahel \u00fclesandeid jaotada, k\u00f5igile j\u00e4tkub tegevust ning keegi ei tunne end &#8230;<\/p>\n","protected":false},"author":259,"featured_media":0,"parent":0,"menu_order":0,"comment_status":"closed","ping_status":"closed","template":"","meta":{"_acf_changed":false,"inline_featured_image":false,"footnotes":""},"class_list":["post-5","page","type-page","status-publish","hentry"],"acf":[],"_links":{"self":[{"href":"https:\/\/sisu.ut.ee\/koostooprojekt\/wp-json\/wp\/v2\/pages\/5","targetHints":{"allow":["GET"]}}],"collection":[{"href":"https:\/\/sisu.ut.ee\/koostooprojekt\/wp-json\/wp\/v2\/pages"}],"about":[{"href":"https:\/\/sisu.ut.ee\/koostooprojekt\/wp-json\/wp\/v2\/types\/page"}],"author":[{"embeddable":true,"href":"https:\/\/sisu.ut.ee\/koostooprojekt\/wp-json\/wp\/v2\/users\/259"}],"replies":[{"embeddable":true,"href":"https:\/\/sisu.ut.ee\/koostooprojekt\/wp-json\/wp\/v2\/comments?post=5"}],"version-history":[{"count":1,"href":"https:\/\/sisu.ut.ee\/koostooprojekt\/wp-json\/wp\/v2\/pages\/5\/revisions"}],"predecessor-version":[{"id":35,"href":"https:\/\/sisu.ut.ee\/koostooprojekt\/wp-json\/wp\/v2\/pages\/5\/revisions\/35"}],"wp:attachment":[{"href":"https:\/\/sisu.ut.ee\/koostooprojekt\/wp-json\/wp\/v2\/media?parent=5"}],"curies":[{"name":"wp","href":"https:\/\/api.w.org\/{rel}","templated":true}]}}