{"id":4,"date":"2024-04-04T07:15:36","date_gmt":"2024-04-04T04:15:36","guid":{"rendered":"https:\/\/sisu.ut.ee\/koostooprojekt\/opivaljundid\/"},"modified":"2024-04-04T07:15:42","modified_gmt":"2024-04-04T04:15:42","slug":"opivaljundid","status":"publish","type":"page","link":"https:\/\/sisu.ut.ee\/koostooprojekt\/opivaljundid\/","title":{"rendered":"\u00d5piv\u00e4ljundid"},"content":{"rendered":"<div class=\"content\">\n<div class=\"node node-page clearfix\" id=\"node-29434\">\n<div class=\"content\">\n<div class=\"field field-name-body field-type-text-with-summary field-label-hidden\">\n<div class=\"field-items\">\n<div class=\"field-item even\">\n<p>\n\t\t\t\t\t\t\tProjekti koostamise k\u00e4igus:\n\t\t\t\t\t\t<\/p>\n<ul>\n<li>\n\t\t\t\t\t\t\t\tavardatakse teadmisi projekti teemavaldkonna kohta (kirjandus, kultuur, ajalugu, \u2026).\n\t\t\t\t\t\t\t<\/li>\n<li>\n\t\t\t\t\t\t\t\tarendatakse digip\u00e4devusi: info otsimine, kujundamine, valitud digitaalse keskkonna kasutamine.\n\t\t\t\t\t\t\t<\/li>\n<li>\n\t\t\t\t\t\t\t\tkoostatakse korrektsed ja ladusalt esitatavad v\u00f5i loetavad tekstid <span>(vastavalt vajadusele ema ja\/v\u00f5i v\u00f5\u00f5rkeeles)<\/span> ja otsitakse illustreeriv materjal koosk\u00f5las kehtivate autori\u00f5igustega.\n\t\t\t\t\t\t\t<\/li>\n<li>\n\t\t\t\t\t\t\t\tsaadakse grupis t\u00f6\u00f6tamise kogemust, sh \u00fclesannete jaotamisel, motivatsiooni \u00fcleval hoidmisel.\n\t\t\t\t\t\t\t<\/li>\n<li>\n\t\t\t\t\t\t\t\tarendatakse ajaplaneerimise ja formaalse suhtlemise oskust.\n\t\t\t\t\t\t\t<\/li>\n<\/ul><\/div>\n<\/div>\n<\/div>\n<\/div>\n<\/div>\n<\/div>\n","protected":false},"excerpt":{"rendered":"<p>Projekti koostamise k\u00e4igus: avardatakse teadmisi projekti teemavaldkonna kohta (kirjandus, kultuur, ajalugu, \u2026). arendatakse digip\u00e4devusi: info otsimine, kujundamine, valitud digitaalse keskkonna kasutamine. koostatakse korrektsed ja ladusalt esitatavad v\u00f5i loetavad tekstid (vastavalt vajadusele ema ja\/v\u00f5i v\u00f5\u00f5rkeeles) ja otsitakse illustreeriv materjal koosk\u00f5las kehtivate &#8230;<\/p>\n","protected":false},"author":259,"featured_media":0,"parent":0,"menu_order":0,"comment_status":"closed","ping_status":"closed","template":"","meta":{"_acf_changed":false,"inline_featured_image":false,"footnotes":""},"class_list":["post-4","page","type-page","status-publish","hentry"],"acf":[],"_links":{"self":[{"href":"https:\/\/sisu.ut.ee\/koostooprojekt\/wp-json\/wp\/v2\/pages\/4","targetHints":{"allow":["GET"]}}],"collection":[{"href":"https:\/\/sisu.ut.ee\/koostooprojekt\/wp-json\/wp\/v2\/pages"}],"about":[{"href":"https:\/\/sisu.ut.ee\/koostooprojekt\/wp-json\/wp\/v2\/types\/page"}],"author":[{"embeddable":true,"href":"https:\/\/sisu.ut.ee\/koostooprojekt\/wp-json\/wp\/v2\/users\/259"}],"replies":[{"embeddable":true,"href":"https:\/\/sisu.ut.ee\/koostooprojekt\/wp-json\/wp\/v2\/comments?post=4"}],"version-history":[{"count":1,"href":"https:\/\/sisu.ut.ee\/koostooprojekt\/wp-json\/wp\/v2\/pages\/4\/revisions"}],"predecessor-version":[{"id":34,"href":"https:\/\/sisu.ut.ee\/koostooprojekt\/wp-json\/wp\/v2\/pages\/4\/revisions\/34"}],"wp:attachment":[{"href":"https:\/\/sisu.ut.ee\/koostooprojekt\/wp-json\/wp\/v2\/media?parent=4"}],"curies":[{"name":"wp","href":"https:\/\/api.w.org\/{rel}","templated":true}]}}