{"id":3,"date":"2024-04-04T07:15:36","date_gmt":"2024-04-04T04:15:36","guid":{"rendered":"https:\/\/sisu.ut.ee\/koostooprojekt\/tutvustus\/"},"modified":"2024-04-08T11:51:51","modified_gmt":"2024-04-08T08:51:51","slug":"tutvustus","status":"publish","type":"page","link":"https:\/\/sisu.ut.ee\/koostooprojekt\/","title":{"rendered":"Tutvustus"},"content":{"rendered":"<p style=\"text-align: justify;\">Sellest lehestikust leiab \u00f5pistsenaariume koost\u00f6ise projekti l\u00e4biviimiseks. Need on suurep\u00e4rane v\u00f5imalus omandada ja kinnistada \u00fclekantavaid oskusi k\u00e4sik\u00e4es erialateadmiste t\u00e4iendamisega. Toodud n\u00e4ited on kultuuri ja ajalugu k\u00e4sitlevatelt v\u00f5\u00f5rkeele kursustelt \u00fclikoolis, aga sarnaseid projekte v\u00f5ib ette v\u00f5tta ka teistes haridusastmetes ja teemavaldkondades.<\/p>\n<p style=\"text-align: justify;\"><span style=\"line-height: 107%;\">Projektide kestuse ja loodava sisu mahu \u00fcle otsustavad \u00f5ppej\u00f5ud-\u00f5petajad-juhendajad vastavalt vajadustele ja v\u00f5imalustele. Silmas tuleb k\u00fcll pidada, et erinevad etapid on \u00fcsna aegan\u00f5udvad, tegemist on pigem pikemaajalise ettev\u00f5tmisega. Projekt hinnatakse arvestatuks v\u00f5i mittearvestatuks.<\/span><\/p>\n<p style=\"text-align: justify;\">Lehestikus on kirjeldatud, millised on meeskonnat\u00f6\u00f6 projekti koostamise eesm\u00e4rgid, etapid ja v\u00f5imalik ajakasutus. N\u00e4itena on \u00e4ra toodud 2019\/2020 \u00f5ppeaastal Tartu \u00dclikooli maailma keelte ja kultuuride kolled\u017ei hispaania keele ja kirjanduse erialal valminud kakskeelne n\u00e4itus Hispaania ajaloolistest k\u00fcladest ja v\u00e4ikelinnadest ning 2020\/2021 \u00f5ppeaastal samas loodud veebiajakirja ning podcastide seeria Hispaania ajaloost l\u00e4bi kirjandusteoste.<\/p>\n<p style=\"text-align: justify;\"><img loading=\"lazy\" decoding=\"async\" width=\"1280\" height=\"853\" class=\"alignnone wp-image-17\" style=\"width: 401px; height: 267px;\" title=\"teamwork_pb.jpg\" src=\"https:\/\/sisu.ut.ee\/wp-content\/uploads\/sites\/498\/teamwork_pb.jpg\" alt=\"Koost\u00f6\u00f6 on lahutamatu osa nii akadeemilisest kui t\u00f6\u00f6elust.\" srcset=\"https:\/\/sisu.ut.ee\/wp-content\/uploads\/sites\/498\/teamwork_pb.jpg 1280w, https:\/\/sisu.ut.ee\/wp-content\/uploads\/sites\/498\/teamwork_pb-300x200.jpg 300w, https:\/\/sisu.ut.ee\/wp-content\/uploads\/sites\/498\/teamwork_pb-1024x682.jpg 1024w, https:\/\/sisu.ut.ee\/wp-content\/uploads\/sites\/498\/teamwork_pb-768x512.jpg 768w\" sizes=\"auto, (max-width: 1280px) 100vw, 1280px\">\n<\/p>\n<p><img loading=\"lazy\" decoding=\"async\" class=\"alignnone wp-image-16\" title=\"haridus-_ja_noorteamet_vapp_est_rgb.jpg\" src=\"https:\/\/sisu.ut.ee\/wp-content\/uploads\/sites\/498\/haridus-_ja_noorteamet_vapp_est_rgb.jpg\" alt=\"Haridus- ja noorteameti vapp\" width=\"325\" height=\"106\" srcset=\"https:\/\/sisu.ut.ee\/wp-content\/uploads\/sites\/498\/haridus-_ja_noorteamet_vapp_est_rgb.jpg 1883w, https:\/\/sisu.ut.ee\/wp-content\/uploads\/sites\/498\/haridus-_ja_noorteamet_vapp_est_rgb-300x98.jpg 300w, https:\/\/sisu.ut.ee\/wp-content\/uploads\/sites\/498\/haridus-_ja_noorteamet_vapp_est_rgb-1024x334.jpg 1024w, https:\/\/sisu.ut.ee\/wp-content\/uploads\/sites\/498\/haridus-_ja_noorteamet_vapp_est_rgb-768x250.jpg 768w, https:\/\/sisu.ut.ee\/wp-content\/uploads\/sites\/498\/haridus-_ja_noorteamet_vapp_est_rgb-1536x501.jpg 1536w\" sizes=\"auto, (max-width: 325px) 100vw, 325px\"><img loading=\"lazy\" decoding=\"async\" class=\"alignnone wp-image-15\" title=\"it_akadeemia_logo_rgb.jpg\" src=\"https:\/\/sisu.ut.ee\/wp-content\/uploads\/sites\/498\/it_akadeemia_logo_rgb.jpg\" alt=\"IT Akadeemia logo\" width=\"162\" height=\"47\" srcset=\"https:\/\/sisu.ut.ee\/wp-content\/uploads\/sites\/498\/it_akadeemia_logo_rgb.jpg 1000w, https:\/\/sisu.ut.ee\/wp-content\/uploads\/sites\/498\/it_akadeemia_logo_rgb-300x88.jpg 300w, https:\/\/sisu.ut.ee\/wp-content\/uploads\/sites\/498\/it_akadeemia_logo_rgb-768x224.jpg 768w\" sizes=\"auto, (max-width: 162px) 100vw, 162px\"><\/p>\n<p style=\"text-align: right;\"><span style=\"font-size: 12px;\">\u00d5ppematerjali on loonud Virginia Rapun Mombiela ja Mari Kruse Haridus-ja noorteameti IT-akadeemia toetusel arendusprojektis<\/span><br>\n<span style=\"font-size: 12px;\">\u201cV\u00f5\u00f5rkeeltega seotud erialaste digip\u00e4devuste arendamine Tartu \u00dclikooli maailma keelte ja kultuuride kolled\u017eis\u201d.<\/span><\/p>\n","protected":false},"excerpt":{"rendered":"<p>Sellest lehestikust leiab \u00f5pistsenaariume koost\u00f6ise projekti l\u00e4biviimiseks. Need on suurep\u00e4rane v\u00f5imalus omandada ja kinnistada \u00fclekantavaid oskusi k\u00e4sik\u00e4es erialateadmiste t\u00e4iendamisega. Toodud n\u00e4ited on kultuuri ja ajalugu k\u00e4sitlevatelt v\u00f5\u00f5rkeele kursustelt \u00fclikoolis, aga sarnaseid projekte v\u00f5ib ette v\u00f5tta ka teistes haridusastmetes ja teemavaldkondades. &#8230;<\/p>\n","protected":false},"author":259,"featured_media":0,"parent":0,"menu_order":0,"comment_status":"closed","ping_status":"closed","template":"","meta":{"_acf_changed":false,"inline_featured_image":false,"footnotes":""},"class_list":["post-3","page","type-page","status-publish","hentry"],"acf":[],"_links":{"self":[{"href":"https:\/\/sisu.ut.ee\/koostooprojekt\/wp-json\/wp\/v2\/pages\/3","targetHints":{"allow":["GET"]}}],"collection":[{"href":"https:\/\/sisu.ut.ee\/koostooprojekt\/wp-json\/wp\/v2\/pages"}],"about":[{"href":"https:\/\/sisu.ut.ee\/koostooprojekt\/wp-json\/wp\/v2\/types\/page"}],"author":[{"embeddable":true,"href":"https:\/\/sisu.ut.ee\/koostooprojekt\/wp-json\/wp\/v2\/users\/259"}],"replies":[{"embeddable":true,"href":"https:\/\/sisu.ut.ee\/koostooprojekt\/wp-json\/wp\/v2\/comments?post=3"}],"version-history":[{"count":2,"href":"https:\/\/sisu.ut.ee\/koostooprojekt\/wp-json\/wp\/v2\/pages\/3\/revisions"}],"predecessor-version":[{"id":47,"href":"https:\/\/sisu.ut.ee\/koostooprojekt\/wp-json\/wp\/v2\/pages\/3\/revisions\/47"}],"wp:attachment":[{"href":"https:\/\/sisu.ut.ee\/koostooprojekt\/wp-json\/wp\/v2\/media?parent=3"}],"curies":[{"name":"wp","href":"https:\/\/api.w.org\/{rel}","templated":true}]}}