{"id":13,"date":"2024-04-04T07:15:36","date_gmt":"2024-04-04T04:15:36","guid":{"rendered":"https:\/\/sisu.ut.ee\/koostooprojekt\/hindamine\/"},"modified":"2024-04-04T07:15:41","modified_gmt":"2024-04-04T04:15:41","slug":"hindamine","status":"publish","type":"page","link":"https:\/\/sisu.ut.ee\/koostooprojekt\/hindamine\/","title":{"rendered":"Hindamismeetodid ja -kriteeriumid"},"content":{"rendered":"<div class=\"content\">\n<div class=\"node node-page clearfix\" id=\"node-33403\">\n<div class=\"content\">\n<div class=\"field field-name-body field-type-text-with-summary field-label-hidden\">\n<div class=\"field-items\">\n<div class=\"field-item even\">\n<div>\n<div>\n<div>\n<div>\n<div>\n<div>\n<p>\n\t\t\t\t\t\t\t\t\t\t\t\t\tProjekti peamine hindamismeetod on <strong>l\u00f5pptulemus kui tervik<\/strong>:\n\t\t\t\t\t\t\t\t\t\t\t\t<\/p>\n<ul>\n<li style=\"margin-left:36pt\">\n\t\t\t\t\t\t\t\t\t\t\t\t\t\tValitud\u00a0 digitaalses v\u00f5i reaalses keskkonnas on kokkulepitud kuup\u00e4evaks \u00fcleval sobivalt kujundatud materjalid (n\u00e4itus, ajakiri, podcastid vmt).\n\t\t\t\t\t\t\t\t\t\t\t\t\t<\/li>\n<li style=\"margin-left:36pt\">\n\t\t\t\t\t\t\t\t\t\t\t\t\t\tKoostatud tekstid (kui on, ka t\u00f5lked) on sisuliselt korrektsed, \u00fclevaatlikud, keeleliselt ladusad ja loetavad\/j\u00e4lgitavad. Osalejad on viinud sisse soovitatud parandused.\n\t\t\t\t\t\t\t\t\t\t\t\t\t<\/li>\n<li style=\"margin-left:36pt\">\n\t\t\t\t\t\t\t\t\t\t\t\t\t\tKasutatud illustreeriv materjal on sobilik, piisav ja korrektselt viidatud, autori\u00f5iguseid puudutavad otsused on asjakohased.\n\t\t\t\t\t\t\t\t\t\t\t\t\t<\/li>\n<\/ul>\n<p>\n\t\t\t\t\t\t\t\t\t\t\t\t\tLisaks sisaldab projekti lehek\u00fclg \u00f5pikeskkonnas (nt Moodle\u2019is) <strong>erinevaid \u00fclesandeid koos t\u00e4htaegadega<\/strong> ning <strong>\u00f5pip\u00e4evikut<\/strong>. Vajadusel v\u00f5ib l\u00f5pus l\u00e4bi viia k\u00fcsitluse koost\u00f6\u00f6 ning t\u00f6\u00f6protsessi hindamiseks.\n\t\t\t\t\t\t\t\t\t\t\t\t<\/p>\n<ul>\n<li style=\"margin-left:36pt\">\n\t\t\t\t\t\t\t\t\t\t\t\t\t\tAmetlikud kirjad (muuseumidele, haldusasutustele, seltsidele-seltsingutele jm) on saadetud \u00f5igeaegselt ning korrektselt vormistatuna.\n\t\t\t\t\t\t\t\t\t\t\t\t\t<\/li>\n<li style=\"margin-left:36pt\">\n\t\t\t\t\t\t\t\t\t\t\t\t\t\tKoostatud tekstide mustandid (vajadusel ka t\u00f5lked) on esitatud kokkulepitud kuup\u00e4evadeks.\n\t\t\t\t\t\t\t\t\t\t\t\t\t<\/li>\n<li style=\"margin-left:36pt\">\n\t\t\t\t\t\t\t\t\t\t\t\t\t\t\u00d5ppej\u00f5ud ja kaaslased hindavad koost\u00f6\u00f6d viljakaks ja meeldivaks.\n\t\t\t\t\t\t\t\t\t\t\t\t\t<\/li>\n<\/ul><\/div>\n<\/div>\n<\/div>\n<\/div>\n<\/div>\n<\/div>\n<\/div>\n<\/div>\n<\/div>\n<\/div>\n<\/div>\n<\/div>\n","protected":false},"excerpt":{"rendered":"<p>Projekti peamine hindamismeetod on l\u00f5pptulemus kui tervik: Valitud\u00a0 digitaalses v\u00f5i reaalses keskkonnas on kokkulepitud kuup\u00e4evaks \u00fcleval sobivalt kujundatud materjalid (n\u00e4itus, ajakiri, podcastid vmt). Koostatud tekstid (kui on, ka t\u00f5lked) on sisuliselt korrektsed, \u00fclevaatlikud, keeleliselt ladusad ja loetavad\/j\u00e4lgitavad. Osalejad on viinud &#8230;<\/p>\n","protected":false},"author":259,"featured_media":0,"parent":0,"menu_order":0,"comment_status":"closed","ping_status":"closed","template":"","meta":{"_acf_changed":false,"inline_featured_image":false,"footnotes":""},"class_list":["post-13","page","type-page","status-publish","hentry"],"acf":[],"_links":{"self":[{"href":"https:\/\/sisu.ut.ee\/koostooprojekt\/wp-json\/wp\/v2\/pages\/13","targetHints":{"allow":["GET"]}}],"collection":[{"href":"https:\/\/sisu.ut.ee\/koostooprojekt\/wp-json\/wp\/v2\/pages"}],"about":[{"href":"https:\/\/sisu.ut.ee\/koostooprojekt\/wp-json\/wp\/v2\/types\/page"}],"author":[{"embeddable":true,"href":"https:\/\/sisu.ut.ee\/koostooprojekt\/wp-json\/wp\/v2\/users\/259"}],"replies":[{"embeddable":true,"href":"https:\/\/sisu.ut.ee\/koostooprojekt\/wp-json\/wp\/v2\/comments?post=13"}],"version-history":[{"count":1,"href":"https:\/\/sisu.ut.ee\/koostooprojekt\/wp-json\/wp\/v2\/pages\/13\/revisions"}],"predecessor-version":[{"id":43,"href":"https:\/\/sisu.ut.ee\/koostooprojekt\/wp-json\/wp\/v2\/pages\/13\/revisions\/43"}],"wp:attachment":[{"href":"https:\/\/sisu.ut.ee\/koostooprojekt\/wp-json\/wp\/v2\/media?parent=13"}],"curies":[{"name":"wp","href":"https:\/\/api.w.org\/{rel}","templated":true}]}}