{"id":10,"date":"2024-04-04T07:15:36","date_gmt":"2024-04-04T04:15:36","guid":{"rendered":"https:\/\/sisu.ut.ee\/koostooprojekt\/juhised-tudengile\/"},"modified":"2024-04-04T07:15:42","modified_gmt":"2024-04-04T04:15:42","slug":"juhised-tudengile","status":"publish","type":"page","link":"https:\/\/sisu.ut.ee\/koostooprojekt\/juhised-tudengile\/","title":{"rendered":"T\u00f6\u00f6juhised Moodle\u2019ist"},"content":{"rendered":"<p>\n\t<span style=\",serif\">1. K\u00f5ik tudengid t\u00e4idavad individuaalselt esimese \u00fclesande tuttavate teemade ja huvide kohta (<b>t\u00e4htaeg 27. september<\/b>). <\/span>\n<\/p>\n<p>\n\t<span style=\",serif\">2. K\u00f5ik r\u00fchmad valivad lingitud populaarsete teemade nimekirjast kolm lemmikut ja kirjutavad r\u00fchma numbri valitud teema j\u00e4rele. Nende teemade kohta hakatakse ajakirja jaoks infot koguma (<b>t\u00e4htaeg 1. oktoober<\/b>). <\/span>\n<\/p>\n<p>\n\t<span style=\",serif\">3. Valime oma digiajakirjale nime: iga r\u00fchm teeb lingitud dokumendis oma ettepaneku, hispaania emakeelega inimestest ja eestlastest \u017e\u00fcrii valib neist parima. (Ettepanekute t\u00e4htaeg: <b>8. oktoober<\/b>, v\u00f5itnud nimi teatatakse 12.-18. oktoobri n\u00e4dalal).<\/span>\n<\/p>\n<p>\n\t<span style=\",serif\">4. Samuti on meil vaja v\u00e4lja valida keskkond, milles oma ajakirjaga t\u00f6\u00f6tada. K\u00f5ik r\u00fchmad otsivad internetist interaktiivsete ajakirjade platvorme ja tutvustavad oma lemmikut selle jaoks loodud foorumis Moodle\u2019is. On oluline, et platvorme saaks kasutada tasuta ning need v\u00f5imaldaksid \u00fchiselt artikleid toimetada ja kujundada. Enne r\u00fchma eelistuste teatavaks tegemist tuleb keskkonda korralikult tundma \u00f5ppida ja katsetada. Moodle\u2019i foorumisse kirjutage virtuaalkeskkonna nimi ja kirjeldage, millised on selle omadused ja v\u00f5imalused. OLULINE: enne oma postituse tegemist lugege l\u00e4bi, mida kursusekaaslased on enne teid kirjutanud. Juba valitud keskkondade kordumine ei ole lubatud (<b>t\u00e4htaeg 18. oktoober<\/b>). <\/span>\n<\/p>\n<p>\n\t<span style=\",serif\">5. K\u00f5igil r\u00fchmadel on kohustus pidada projektip\u00e4evikut ja t\u00e4hendada \u00fcles oma tegevus. Valitakse \u00dcKS ESINDAJA, kes t\u00e4idab Moodle\u2019i \u00f5pip\u00e4evikut (kohustuslik <b>\u00fcks postitus n\u00e4dalas<\/b>). Esimeses kandes kirjeldage 5.-11. oktoobri n\u00e4dala tegevusi. <\/span>\n<\/p>\n<p>\n\t<span style=\",serif\">6. Teema 1. Samal ajal kui t\u00e4idate \u00fclalpool toodud v\u00e4ikseid \u00fclesandeid, tuleb m\u00f5elda, kuidas hakkate esimest teemat k\u00e4sitlema. Saate meili soovitustega valitud teemadele l\u00e4henemiseks; teie \u00fclesanne on otsustada, milline on teie vaatenurk, kust plaanite infot leida ja millist tulemust soovite saavutada (<b>t\u00e4htaeg 11. november<\/b>). <\/span>\n<\/p>\n<p>\n\t<span style=\",serif\">7. T\u00f6\u00f6 esimene versioon. Saatke oma artikli mustand \u00f5ppej\u00f5ule, et tal oleks v\u00f5imalik see parandada ja anda tagasisidet (<b>t\u00e4htaeg 5. november<\/b>).<b> <\/b><\/span>\n<\/p>\n<p>\n\t<span style=\",serif\">8. T\u00f6\u00f6 teine versioon. Esitage artikli puhtand (v\u00f5ttes hoolega arvesse tagasisides saadud kommentaare)<b> <\/b>(<b>t\u00e4htaeg 6. detsember<\/b>).<\/span>\n<\/p>\n<p>\n\t<span style=\",serif\">9. Paralleelselt teise versiooni kirjutamisega tuleb meil otsustada, millises virtuaalses keskkonnas oma ajakiri teha. See \u00fclesanne on individuaalne. K\u00f5ik osalejad peavad tutvuma pakutud platvormidega (<a href=\"https:\/\/www.weebly.com\/\" target=\"_blank\" rel=\"noopener\"><span style=\"color:blue\">Weebly<\/span><\/a>, <a href=\"https:\/\/www.jilster.com\/\" target=\"_blank\" rel=\"noopener\"><span style=\"color:blue\">Jilster<\/span><\/a>, <a href=\"https:\/\/madmagz.com\" target=\"_blank\" rel=\"noopener\"><span style=\"color:blue\">Madmagz<\/span><\/a>, <a href=\"https:\/\/www.lucidpress.com\/pages\/\" target=\"_blank\" rel=\"noopener\"><span style=\"color:blue\">Lucid Press<\/span><\/a>, <a href=\"https:\/\/www.canva.com\/es_es\/crear\/anuario-escolar\/\" target=\"_blank\" rel=\"noopener\"><span style=\"color:blue\">Canva<\/span><\/a>, <a href=\"https:\/\/es.calameo.com\/\" target=\"_blank\" rel=\"noopener\"><span style=\"color:blue\">Calameo<\/span><\/a>) ja t\u00e4itma lingitud Google Formsi ankeedi oma arvamuse kohta. Pidage silmas, kas teie artiklit oleks lihtne keskkonda \u00fcles laadida, kas saate \u00fchiselt selle kallal t\u00f6\u00f6tada, millised on tasuta konto v\u00f5imalused\u2026). <span style=\"color:#ff3366\">SEDA \u00dcLESANNET EI TOHI V\u00d5TTA KERGELT EGA J\u00c4TTA VIIMASELE HETKELE, SELLELE KULUB P\u00c4RIS PALJU AEGA! <\/span><span style=\"color:black\">(<b>t\u00e4htaeg 9. detsember<\/b>)<\/span><\/span><\/p>\n","protected":false},"excerpt":{"rendered":"<p>1. K\u00f5ik tudengid t\u00e4idavad individuaalselt esimese \u00fclesande tuttavate teemade ja huvide kohta (t\u00e4htaeg 27. september). 2. K\u00f5ik r\u00fchmad valivad lingitud populaarsete teemade nimekirjast kolm lemmikut ja kirjutavad r\u00fchma numbri valitud teema j\u00e4rele. Nende teemade kohta hakatakse ajakirja jaoks infot koguma &#8230;<\/p>\n","protected":false},"author":259,"featured_media":0,"parent":0,"menu_order":0,"comment_status":"closed","ping_status":"closed","template":"","meta":{"_acf_changed":false,"inline_featured_image":false,"footnotes":""},"class_list":["post-10","page","type-page","status-publish","hentry"],"acf":[],"_links":{"self":[{"href":"https:\/\/sisu.ut.ee\/koostooprojekt\/wp-json\/wp\/v2\/pages\/10","targetHints":{"allow":["GET"]}}],"collection":[{"href":"https:\/\/sisu.ut.ee\/koostooprojekt\/wp-json\/wp\/v2\/pages"}],"about":[{"href":"https:\/\/sisu.ut.ee\/koostooprojekt\/wp-json\/wp\/v2\/types\/page"}],"author":[{"embeddable":true,"href":"https:\/\/sisu.ut.ee\/koostooprojekt\/wp-json\/wp\/v2\/users\/259"}],"replies":[{"embeddable":true,"href":"https:\/\/sisu.ut.ee\/koostooprojekt\/wp-json\/wp\/v2\/comments?post=10"}],"version-history":[{"count":1,"href":"https:\/\/sisu.ut.ee\/koostooprojekt\/wp-json\/wp\/v2\/pages\/10\/revisions"}],"predecessor-version":[{"id":40,"href":"https:\/\/sisu.ut.ee\/koostooprojekt\/wp-json\/wp\/v2\/pages\/10\/revisions\/40"}],"wp:attachment":[{"href":"https:\/\/sisu.ut.ee\/koostooprojekt\/wp-json\/wp\/v2\/media?parent=10"}],"curies":[{"name":"wp","href":"https:\/\/api.w.org\/{rel}","templated":true}]}}