{"id":4,"date":"2024-04-04T06:14:37","date_gmt":"2024-04-04T03:14:37","guid":{"rendered":"https:\/\/sisu.ut.ee\/kooligeograafia\/olumpiaadid\/"},"modified":"2024-04-04T06:15:01","modified_gmt":"2024-04-04T03:15:01","slug":"olumpiaadid","status":"publish","type":"page","link":"https:\/\/sisu.ut.ee\/kooligeograafia\/olumpiaadid\/","title":{"rendered":"Ol\u00fcmpiaadid"},"content":{"rendered":"<p>\n\tGeograafiaolumpiaadid toimuvad alates 1966. aastast. Aja jooksul on olumpiaadide sisu ja vorm k\u00fcll muutunud, kuid \u00a0endiseks on j\u00e4\u00e4nud \u00f5pilaste suur huvi selle \u00fcrituse vastu.\n<\/p>\n<p>\n\tOl\u00fcmpiaad toimub neljas vanuser\u00fchmas (<strong>7.klass<\/strong>,\u00a0<strong>8. klass<\/strong>,\u00a0<strong>9. klass<\/strong>\u00a0ja\u00a0<strong>g\u00fcmnaasium<\/strong>) ning kolmes voorus.\n<\/p>\n<p>\n\t<strong>Koolivoor<\/strong>\u00a0korraldatakse vastavalt v\u00e4ljakujunenud tavadele, soovitavalt novembri l\u00f5pus v\u00f5i detsembri algul. Koolivooru parimad saadetakse edasi Piirkonnavooru.\n<\/p>\n<p>\n\t<strong>Piirkonnavoor\u00a0<\/strong>toimub k\u00f5igile \u00fchel ajal \u017e\u00fcrii poolt koostatud k\u00fcsimuste p\u00f5hjal Eesti suuremates linnades (Tallinn, Tartu, Narva, P\u00e4rnu, J\u00f5hvi).\u00a0Piirkonnavooru t\u00f6\u00f6de alusel kutsutakse igast vanuser\u00fchmast kuni 25 \u00f5pilast L\u00f5ppvooru.\n<\/p>\n<p>\n\t<strong>L\u00f5ppvoor<\/strong>\u00a0toimub igal aastal Eesti erinevas paigas ja koosneb neljast osast: kirjalik t\u00f6\u00f6, arvutivoor, maastikuv\u00f5istlus ja v\u00e4ike viktoriin. Nende osav\u00f5istluste p\u00f5hjal selgitatakse iga vanuser\u00fchma parimad \u00f5pilased.\n<\/p>\n<p>\n\tP\u00f5hjalikuma \u00fclevaate geograafiaol\u00fcmpiaadi korraldusest saab ol\u00fcmpiaadi juhendist <a data-url=\"https:\/\/www.teaduskool.ut.ee\/et\/olumpiaadid\/geograafiaolumpiaad\" href=\"https:\/\/www.teaduskool.ut.ee\/et\/olumpiaadid\/geograafiaolumpiaad\" target=\"_blank\" title=\"\" rel=\"noopener\">T\u00dc teaduskooli lehel<\/a>.\n<\/p>\n<p>\n\tAlates 2012. aastast viiakse l\u00e4bi igal aastal rahvusvahelist geograafiaol\u00fcmpiaadi ja L\u00f5ppvooru tulemuste p\u00f5hjal valitakse v\u00e4lja Eestit esindav neljaliikmeline v\u00f5istkond (10.-12. klassi \u00f5pilased).\u00a0Lisaks on rahvusvahelise ol\u00fcmpiaadi v\u00f5istkonda p\u00e4\u00e4semise eelduseks hea inglise keele oskus. Rahvusvaheliste geograafiaolumpiaadidega saab t\u00e4psemalt tutvuda j\u00e4rgnevalt\u00a0<a href=\"http:\/\/www.geoolympiad.org\/\">lehelt<\/a>.<\/p>\n","protected":false},"excerpt":{"rendered":"<p>Geograafiaolumpiaadid toimuvad alates 1966. aastast. Aja jooksul on olumpiaadide sisu ja vorm k\u00fcll muutunud, kuid \u00a0endiseks on j\u00e4\u00e4nud \u00f5pilaste suur huvi selle \u00fcrituse vastu. Ol\u00fcmpiaad toimub neljas vanuser\u00fchmas (7.klass,\u00a08. klass,\u00a09. klass\u00a0ja\u00a0g\u00fcmnaasium) ning kolmes voorus. Koolivoor\u00a0korraldatakse vastavalt v\u00e4ljakujunenud tavadele, soovitavalt novembri &#8230;<\/p>\n","protected":false},"author":230,"featured_media":0,"parent":0,"menu_order":0,"comment_status":"closed","ping_status":"closed","template":"","meta":{"_acf_changed":false,"inline_featured_image":false,"footnotes":""},"class_list":["post-4","page","type-page","status-publish","hentry"],"acf":[],"_links":{"self":[{"href":"https:\/\/sisu.ut.ee\/kooligeograafia\/wp-json\/wp\/v2\/pages\/4","targetHints":{"allow":["GET"]}}],"collection":[{"href":"https:\/\/sisu.ut.ee\/kooligeograafia\/wp-json\/wp\/v2\/pages"}],"about":[{"href":"https:\/\/sisu.ut.ee\/kooligeograafia\/wp-json\/wp\/v2\/types\/page"}],"author":[{"embeddable":true,"href":"https:\/\/sisu.ut.ee\/kooligeograafia\/wp-json\/wp\/v2\/users\/230"}],"replies":[{"embeddable":true,"href":"https:\/\/sisu.ut.ee\/kooligeograafia\/wp-json\/wp\/v2\/comments?post=4"}],"version-history":[{"count":1,"href":"https:\/\/sisu.ut.ee\/kooligeograafia\/wp-json\/wp\/v2\/pages\/4\/revisions"}],"predecessor-version":[{"id":252,"href":"https:\/\/sisu.ut.ee\/kooligeograafia\/wp-json\/wp\/v2\/pages\/4\/revisions\/252"}],"wp:attachment":[{"href":"https:\/\/sisu.ut.ee\/kooligeograafia\/wp-json\/wp\/v2\/media?parent=4"}],"curies":[{"name":"wp","href":"https:\/\/api.w.org\/{rel}","templated":true}]}}