{"id":3,"date":"2024-04-04T06:14:37","date_gmt":"2024-04-04T03:14:37","guid":{"rendered":"https:\/\/sisu.ut.ee\/kooligeograafia\/avaleht\/"},"modified":"2026-04-17T11:29:43","modified_gmt":"2026-04-17T08:29:43","slug":"avaleht","status":"publish","type":"page","link":"https:\/\/sisu.ut.ee\/kooligeograafia\/","title":{"rendered":"Avaleht"},"content":{"rendered":"<h3 class=\"wp-block-heading\"><b>Geograafia ol\u00fcmpiaadi l\u00f5ppvoor 202<\/b><strong>6<\/strong><\/h3>\n\n\n\n<p>Geograafiaol\u00fcmpiaadi l\u00f5ppvoor\u00a0toimub <strong>24.-25.\u00a0aprillini Rakveres<\/strong>.<\/p>\n\n\n\n<p>Ol\u00fcmpiaadist osav\u00f5tuks on vaja end registreerida <strong>HTM moodle keskkonnas<\/strong> kursusele <em>Geograafia ol\u00fcmpiaadi l\u00f5ppvoor.<\/em>\u00a0Juhendi registreerimiseks leiad\u00a0<a href=\"https:\/\/kooligeograafia.ut.ee\/loppvoor-0\/\" target=\"_blank\" rel=\"noreferrer noopener\">SIIT.<\/a>\u00a0Ol\u00fcmpiaadile registreerumine algab<strong>\u00a020. m\u00e4rtsil\u00a0<\/strong>ja <strong>l\u00f5peb 21.04 kell 12<\/strong>. <span style=\"text-decoration: underline;\">V\u00f5ti: Rakvere<\/span><\/p>\n\n\n\n<p><strong>Geograafiaol\u00fcmpiaadi (orienteeruv) ajakava <\/strong><\/p>\n\n\n\n<p><strong><em>Reede, 24. aprill<\/em><\/strong><\/p>\n\n\n\n<figure class=\"wp-block-table is-style-stripes\"><table class=\"table table-hover\"><tbody><tr><td>11:30\u201312:00    Kogunemine <strong>Rakvere Riigig\u00fcmnaasiumis<\/strong> (Lai tn 36), <a>kottide panek koolimajja.<\/a><\/td><td><\/td><td><\/td><td><\/td><\/tr><tr><td>12:00\u201312:30   Ol\u00fcmpiaadi avamine.<\/td><td><\/td><td><\/td><td><\/td><\/tr><tr><td>12:30-15:00   <a>9. klassi kirjalik t\u00f6\u00f6<\/a><br>                        G\u00fcmnaasiumi \u00f5ppeekskursioon Rakveres Taavi Paega (ettevalmistus             maastikuv\u00f5istluseks)<\/td><td><\/td><td><\/td><td><\/td><\/tr><tr><td>12:45-15:15    7.-8. klasside maastikuv\u00f5istlus<\/td><td><\/td><td><\/td><td><\/td><\/tr><tr><td>15:00\u201316:00  L\u00f5unas\u00f6\u00f6k. Majutamine klassiruumidesse.<\/td><td><\/td><td><\/td><td><\/td><\/tr><tr><td>16:00\u201318:30  <a>7.\u20138. klasside kirjalik t\u00f6\u00f6 + multimeedia test (90 min<\/a>) <br>                       9. klassi maastikuv\u00f5istlus<br>                       <a>G<\/a>\u00fcmnaasiumi maastiku \u00fclesanded (paberil) 16.00-17.15 \u00a0+ kirjalik t\u00f6\u00f6 (arvutiklassis) <br>                       <a>17.30-18:30<\/a><\/td><td><\/td><td><\/td><td><br>\u00a0<\/td><\/tr><tr><td>18:30\u201319:30  \u00d5htus\u00f6\u00f6k<\/td><td><\/td><td><\/td><td><\/td><\/tr><tr><td>19:30-20:00  G\u00fcmnaasiumi multimeediatest<\/td><td><\/td><td><\/td><td><\/td><\/tr><\/tbody><\/table><\/figure>\n\n\n\n<p><strong><em>Laup\u00e4ev, 25. aprill<\/em><\/strong><\/p>\n\n\n\n<figure class=\"wp-block-table is-style-stripes\"><table class=\"table table-hover\"><tbody><tr><td>8:00\u20138:30 Hommikus\u00f6\u00f6k<br>8:30-9:00 Asjade pakkimine, klassiruumide koristamine.<\/td><td><\/td><\/tr><tr><td>8:30-11:00  G\u00fcmnaasiumi maastikuv\u00f5istluse II osa<\/td><td><\/td><\/tr><tr><td>9:00-11:00 7.-8. klasside ekskursioon<\/td><td><\/td><\/tr><tr><td>9:00\u20139:30   9. klassi multimeediatest<\/td><td><\/td><\/tr><tr><td>11:30\u201313:30 \u00dcritus \u00f5pilastele. Politseimuuseumi k\u00fclastus ja \u00f5pituba<\/td><td><\/td><\/tr><tr><td>11:00-13:30\u00a0\u00a09. klasside ja \u00f5petajate ekskursioon (\u00f5petajaid mahub ca 20)<\/td><td><\/td><\/tr><tr><td>13:45\u201314:25 L\u00f5una. Asjade pakkimine, klassiruumide koristamine.<\/td><td><\/td><\/tr><tr><td>14:30\u201315:15  Ol\u00fcmpiaadi l\u00f5petamine<\/td><td><\/td><\/tr><\/tbody><\/table><\/figure>\n\n\n\n<p><strong>Kirjalik t\u00f6\u00f6<\/strong> toimub HTM moodle keskkonnas. \u00dclesannete lahendamisel v\u00f5ivad k\u00f5ik \u00f5pilased kasutada internetti. 7. ja 8. klassi \u00f5pilastel on vaja kasutada ka <em>Uut Maailma atlast<\/em> ja <em>Eesti atlast.<\/em><\/p>\n\n\n\n<p><strong>Maastikuv\u00f5istluse<\/strong> \u00fclesannete lahendamiseks on vajalikud: kompass, kirjutusalus t\u00f6\u00f6 vormistamiseks, kirjutusvahendid, sh v\u00e4rvipliiatsid, joonlaud, kalkulaator, kompass. Sobiv riietus \u00f5ues liikumiseks ka vihmase ilma korral.<\/p>\n\n\n\n<p><strong>Multimeediatesti <\/strong>lahendamine toimub HTM moodle keskkonnas. \u00dclesannete lahendamisel ei tohi kasutada ei Internetti ega ka atlaseid.<\/p>\n\n\n\n<p>K\u00f5igile ol\u00fcmpiaadi loppvooru kutsutud \u00f5pilastele on tagatud ol\u00fcmpiaadi toimumise ajal tasuta toitlustus ja p\u00f5randamajutus, milleks tuleb kaasa v\u00f5tta magamiskott ja madrats. S\u00f5idukulusid ning \u00f5pilasi saatva t\u00e4iskasvanu l\u00e4hetuskulusid korraldajate poolt ei kaeta.<\/p>\n\n\n\n<p>Ol\u00fcmpiaadi juhendi leiad <a href=\"https:\/\/teaduskool.ut.ee\/et\/olumpiaadid\/geograafiaolumpiaad\" target=\"_blank\" rel=\"noreferrer noopener\">T\u00dc Teaduskooli lehelt<\/a><span style=\"font-family: Tahoma, Geneva, sans-serif;\">.<\/span><\/p>\n\n\n\n<p>Ol\u00fcmpiaadiga seotud jooksva info lisame sellele lehele, seega on kasulik seda aeg-ajalt j\u00e4lgida.<\/p>\n\n\n\n<p><\/p>\n\n\n\n<h3 class=\"wp-block-heading\">Geograafiaol\u00fcmpiaadi piirkonnavoor toimub <strong>10. veebruaril 2026<\/strong>\u00a0HTM moodle keskkonnas.<\/h3>\n\n\n\n<p>Ol\u00fcmpiaadist osav\u00f5tuks on vaja end registreerida <strong>HTM moodle keskkonnas<\/strong> kursusele <strong><em>Geograafia ol\u00fcmpiaadi piirkonnavoor.<\/em><\/strong>\u00a0Juhendi registreerimiseks leiad\u00a0<a title=\"\" data-url=\"https:\/\/sisu.ut.ee\/kooligeograafia\/piirkonnavoor-1\" href=\"https:\/\/sisu.ut.ee\/kooligeograafia\/piirkonnavoor-1\" target=\"_blank\" rel=\"noopener\">SIIT.<\/a>\u00a0<span style=\"text-decoration: underline;\"><mark style=\"background-color:rgba(0, 0, 0, 0)\" class=\"has-inline-color has-red-color\">Ol\u00fcmpiaadile registreerumine algab <strong>20. jaanuaril<\/strong> ja l\u00f5peb <strong>4. veebruaril<\/strong> 2026 kuni 23:59-ni. <\/mark><\/span><\/p>\n\n\n\n<p><mark style=\"background-color:rgba(0, 0, 0, 0)\" class=\"has-inline-color has-red-color\"><strong>NB! Alatest sellest aastast peab \u00f5pilane HTM moodles geograafiaol\u00fcmpiaadi piirkonnavooru kursusel t\u00e4itma ka registreerimisvormi<\/strong>,<\/mark> kus k\u00fcsitakse \u00f5pilase klassi, kooli, maakonda, e-maili, \u00f5petaja nime ja \u00f5petaja e-posti.<br><br><strong><mark style=\"background-color:rgba(0, 0, 0, 0)\" class=\"has-inline-color has-red-color\">NB! \u00d5igeaegne HTM Moodle kursusele registreerumine ning kursusel oleva registreerumisvormi t\u00e4itmine on piirkonnavoorul osalemise eelduseks.\u00a0<\/mark><\/strong><\/p>\n\n\n\n<figure class=\"wp-block-image size-full is-resized\"><img loading=\"lazy\" decoding=\"async\" width=\"977\" height=\"195\" src=\"https:\/\/sisu.ut.ee\/wp-content\/uploads\/sites\/437\/image.png\" alt=\"\" class=\"wp-image-319\" style=\"width:466px;height:auto\" srcset=\"https:\/\/sisu.ut.ee\/wp-content\/uploads\/sites\/437\/image.png 977w, https:\/\/sisu.ut.ee\/wp-content\/uploads\/sites\/437\/image-300x60.png 300w, https:\/\/sisu.ut.ee\/wp-content\/uploads\/sites\/437\/image-768x153.png 768w\" sizes=\"auto, (max-width: 977px) 100vw, 977px\"><\/figure>\n\n\n\n<figure class=\"wp-block-image size-full is-resized\"><img loading=\"lazy\" decoding=\"async\" width=\"816\" height=\"529\" src=\"https:\/\/sisu.ut.ee\/wp-content\/uploads\/sites\/437\/image-1.png\" alt=\"\" class=\"wp-image-320\" style=\"width:415px;height:auto\" srcset=\"https:\/\/sisu.ut.ee\/wp-content\/uploads\/sites\/437\/image-1.png 816w, https:\/\/sisu.ut.ee\/wp-content\/uploads\/sites\/437\/image-1-300x194.png 300w, https:\/\/sisu.ut.ee\/wp-content\/uploads\/sites\/437\/image-1-768x498.png 768w\" sizes=\"auto, (max-width: 816px) 100vw, 816px\"><\/figure>\n\n\n\n<p><\/p>\n\n\n\n<p>Ol\u00fcmpiaadi \u00fclesannete lahendamise orienteeruv ajavahemik (t\u00e4pse kellaaja saate teada oma \u00f5petajalt):<\/p>\n\n\n\n<p>7. -9. klassi testid on avatud 8.00 -13.00, 7. ja 8. klassil on testi tegemiseks on aega 90\u00a0minutit, 9. klassil\u00a0120\u00a0minutit.<\/p>\n\n\n\n<p>G\u00fcmnaasiumi testid on avatud 12.00-16.00, testi tegemiseks on aega 120 minutit.<\/p>\n\n\n\n<p>\u00dclesannete lahendamisel v\u00f5ivad k\u00f5ikide vanuser\u00fchmade \u00f5pilased kasutada internetti, samuti Eesti ja maailma atlast. <strong>NB! Tehisaru kasutamine <span style=\"text-decoration: underline;\">ei ole<\/span> lubatud.<\/strong><\/p>\n\n\n\n<p>Ol\u00fcmpiaadi juhendi leiad <a title=\"\" href=\"https:\/\/www.teaduskool.ut.ee\/et\/olumpiaadid\/geograafiaolumpiaad\" target=\"_blank\" rel=\"noopener\" data-url=\"https:\/\/www.teaduskool.ut.ee\/et\/olumpiaadid\/geograafiaolumpiaad\">T\u00dc Teaduskooli lehelt.<\/a><\/p>\n\n\n\n<p>Ol\u00fcmpiaadiga seotud jooksva info lisame sellele lehele, seega on kasulik seda aeg-ajalt j\u00e4lgida.<\/p>\n","protected":false},"excerpt":{"rendered":"<p>Geograafia ol\u00fcmpiaadi l\u00f5ppvoor 2026 Geograafiaol\u00fcmpiaadi l\u00f5ppvoor\u00a0toimub 24.-25.\u00a0aprillini Rakveres. Ol\u00fcmpiaadist osav\u00f5tuks on vaja end registreerida HTM moodle keskkonnas kursusele Geograafia ol\u00fcmpiaadi l\u00f5ppvoor.\u00a0Juhendi registreerimiseks leiad\u00a0SIIT.\u00a0Ol\u00fcmpiaadile registreerumine algab\u00a020. m\u00e4rtsil\u00a0ja l\u00f5peb 21.04 kell 12. V\u00f5ti: Rakvere Geograafiaol\u00fcmpiaadi (orienteeruv) ajakava Reede, 24. aprill 11:30\u201312:00 Kogunemine &#8230;<\/p>\n","protected":false},"author":230,"featured_media":0,"parent":0,"menu_order":0,"comment_status":"closed","ping_status":"closed","template":"","meta":{"_acf_changed":false,"inline_featured_image":false,"footnotes":""},"class_list":["post-3","page","type-page","status-publish","hentry"],"acf":[],"_links":{"self":[{"href":"https:\/\/sisu.ut.ee\/kooligeograafia\/wp-json\/wp\/v2\/pages\/3","targetHints":{"allow":["GET"]}}],"collection":[{"href":"https:\/\/sisu.ut.ee\/kooligeograafia\/wp-json\/wp\/v2\/pages"}],"about":[{"href":"https:\/\/sisu.ut.ee\/kooligeograafia\/wp-json\/wp\/v2\/types\/page"}],"author":[{"embeddable":true,"href":"https:\/\/sisu.ut.ee\/kooligeograafia\/wp-json\/wp\/v2\/users\/230"}],"replies":[{"embeddable":true,"href":"https:\/\/sisu.ut.ee\/kooligeograafia\/wp-json\/wp\/v2\/comments?post=3"}],"version-history":[{"count":29,"href":"https:\/\/sisu.ut.ee\/kooligeograafia\/wp-json\/wp\/v2\/pages\/3\/revisions"}],"predecessor-version":[{"id":338,"href":"https:\/\/sisu.ut.ee\/kooligeograafia\/wp-json\/wp\/v2\/pages\/3\/revisions\/338"}],"wp:attachment":[{"href":"https:\/\/sisu.ut.ee\/kooligeograafia\/wp-json\/wp\/v2\/media?parent=3"}],"curies":[{"name":"wp","href":"https:\/\/api.w.org\/{rel}","templated":true}]}}