{"id":23,"date":"2024-04-04T06:14:39","date_gmt":"2024-04-04T03:14:39","guid":{"rendered":"https:\/\/sisu.ut.ee\/kooligeograafia\/piirkonnavoor-1\/"},"modified":"2026-01-20T20:41:20","modified_gmt":"2026-01-20T18:41:20","slug":"piirkonnavoor-1","status":"publish","type":"page","link":"https:\/\/sisu.ut.ee\/kooligeograafia\/piirkonnavoor-1\/","title":{"rendered":"Geograafia ol\u00fcmpiaadi piirkonnavooru kursusele registreerumine"},"content":{"rendered":"<p>Kui sa pole varem HTM Moodle keskkonda kasutanud, siis tuleb ol\u00fcmpiaadile registreerimiseks l\u00e4bida kaks etappi:<\/p>\n<p>1. Registreeru HTM Moodle <a href=\"https:\/\/moodle.edu.ee\/\" target=\"_blank\" rel=\"noopener\">https:\/\/moodle.edu.ee\/<\/a>\u00a0kasutajaks \u2013\u00a0<a href=\"https:\/\/moodle.hitsa.ee\/login\/signup.php\" target=\"_blank\" rel=\"noopener\">kasutajaks registreerimine<\/a><\/p>\n<p>Kasutajaks registreerimisel pead teadma:<\/p>\n<p>a) enda\u00a0<strong>e-posti aadressi<\/strong>, kuhu saadetakse kinnituse viide, millel vajutades konto aktiveeritakse<\/p>\n<p>b)<strong>\u00a0 isikukoodi<\/strong>, mida l\u00e4heb vaja registreerimise kinnitamisel<\/p>\n<p>2. Leia Harno Moodlest kursus\u00a0<strong>Geograafia ol\u00fcmpiaadi piirkonnavoor\u00a0<\/strong>ja<strong>\u00a0<\/strong>registreeri\u00a0ennast sellele kursusele.<\/p>\n<p>Kirjuta\u00a0<strong>registreerimise v\u00f5tmeks<\/strong>\u00a0enda kooli piirkond (vali allj\u00e4rgnevatest \u00fcks, kasuta sama kirjapilti)<\/p>\n<ul>\n<li><strong>Linnad<\/strong>: Tallinn, Tartu, Narva, P\u00e4rnu<\/li>\n<li><strong>Maakonnad<\/strong>: Harjumaa, Hiiumaa, J\u00f5gevamaa, J\u00e4rvamaa, L\u00e4\u00e4ne-Virumaa, L\u00e4\u00e4nemaa, P\u00f5lvamaa, P\u00e4rnumaa, Raplamaa, Saaremaa, Tartumaa, Valgamaa, Viljandimaa, Ida-Virumaa, V\u00f5rumaa.<\/li>\n<li>Vajuta nuppu:\u00a0<strong>Registreeri mind<\/strong>!\u00a0Sulle saadetakse kinnitus, et oled edukalt registreerunud kursusele.<\/li>\n<\/ul>\n<p>Kui sul on HTM Moodles konto olemas, siis logi ennast sisse <strong><a href=\"https:\/\/moodle.edu.ee\/\" target=\"_blank\" rel=\"noopener\">https:\/\/moodle.edu.ee\/<\/a>\u00a0<\/strong>lehel ja registreeri ennast kursusele Geograafia ol\u00fcmpiaadi piirkonnavoor (vt. eespoolt punkt 2).<\/p>\n<p>Kui sul on kasutajanimi olemas, aga oled selle unustanud, siis leiad sisselogimise alt viite\u00a0<strong><a href=\"https:\/\/moodle.hitsa.ee\/login\/forgot_password.php\">salas\u00f5na ununenud?<\/a><\/strong>\u00a0P\u00e4rast selle vajutamist pead m\u00e4letama oma kasutajanime v\u00f5i e-posti aadressi, sisesta \u00fcks nendest ja vajuta otsi ning sinu epostile saadetakse viide, mille abil saad endale uue salas\u00f5na m\u00e4\u00e4rata.<\/p>\n<p><mark class=\"has-inline-color has-red-color\">Ol\u00fcmpiaadile registreerumine algab\u00a0<strong>20. jaanuaril<\/strong>\u00a0ja l\u00f5peb\u00a0<strong>4. veebruaril<\/strong>\u00a02026 kuni 23:59-ni.<\/mark><\/p>\n<p><mark class=\"has-inline-color has-red-color\"><strong>NB! Alatest sellest aastast peab \u00f5pilane HTM moodles geograafiaol\u00fcmpiaadi piirkonnavooru kursusel t\u00e4itma ka registreerimisvormi<\/strong>,<\/mark>\u00a0kus k\u00fcsitakse \u00f5pilase klassi, kooli, maakonda, e-maili, \u00f5petaja nime ja \u00f5petaja e-posti.<\/p>\n<p><strong><mark class=\"has-inline-color has-red-color\">NB! \u00d5igeaegne HTM Moodle kursusele registreerumine ning kursusel oleva registreerumisvormi t\u00e4itmine on piirkonnavoorul osalemise eelduseks.\u00a0<\/mark><\/strong><\/p>\n","protected":false},"excerpt":{"rendered":"<p>Kui sa pole varem HTM Moodle keskkonda kasutanud, siis tuleb ol\u00fcmpiaadile registreerimiseks l\u00e4bida kaks etappi: 1. Registreeru HTM Moodle https:\/\/moodle.edu.ee\/\u00a0kasutajaks \u2013\u00a0kasutajaks registreerimine Kasutajaks registreerimisel pead teadma: a) enda\u00a0e-posti aadressi, kuhu saadetakse kinnituse viide, millel vajutades konto aktiveeritakse b)\u00a0 isikukoodi, mida &#8230;<\/p>\n","protected":false},"author":230,"featured_media":0,"parent":0,"menu_order":0,"comment_status":"closed","ping_status":"closed","template":"","meta":{"_acf_changed":false,"inline_featured_image":false,"footnotes":""},"class_list":["post-23","page","type-page","status-publish","hentry"],"acf":[],"_links":{"self":[{"href":"https:\/\/sisu.ut.ee\/kooligeograafia\/wp-json\/wp\/v2\/pages\/23","targetHints":{"allow":["GET"]}}],"collection":[{"href":"https:\/\/sisu.ut.ee\/kooligeograafia\/wp-json\/wp\/v2\/pages"}],"about":[{"href":"https:\/\/sisu.ut.ee\/kooligeograafia\/wp-json\/wp\/v2\/types\/page"}],"author":[{"embeddable":true,"href":"https:\/\/sisu.ut.ee\/kooligeograafia\/wp-json\/wp\/v2\/users\/230"}],"replies":[{"embeddable":true,"href":"https:\/\/sisu.ut.ee\/kooligeograafia\/wp-json\/wp\/v2\/comments?post=23"}],"version-history":[{"count":2,"href":"https:\/\/sisu.ut.ee\/kooligeograafia\/wp-json\/wp\/v2\/pages\/23\/revisions"}],"predecessor-version":[{"id":325,"href":"https:\/\/sisu.ut.ee\/kooligeograafia\/wp-json\/wp\/v2\/pages\/23\/revisions\/325"}],"wp:attachment":[{"href":"https:\/\/sisu.ut.ee\/kooligeograafia\/wp-json\/wp\/v2\/media?parent=23"}],"curies":[{"name":"wp","href":"https:\/\/api.w.org\/{rel}","templated":true}]}}