{"id":7,"date":"2024-04-04T06:42:56","date_gmt":"2024-04-04T03:42:56","guid":{"rendered":"https:\/\/sisu.ut.ee\/konverentskliinik\/korraldajad\/"},"modified":"2025-12-10T09:42:29","modified_gmt":"2025-12-10T07:42:29","slug":"korraldajad","status":"publish","type":"page","link":"https:\/\/sisu.ut.ee\/konverentskliinik\/korraldajad\/","title":{"rendered":"Korraldajad"},"content":{"rendered":"<div style=\"border: 0px; margin: 0px; padding: 0px; text-align: left;\">\n<p><span style=\"background: white;\"><b><span style=\"color: #565656;\">Kontakt:<\/span><\/b><\/span><\/p>\n<p><span style=\"background: white;\"><span style=\"color: #565656;\">T\u00dc kliinilise meditsiini instituudi t\u00e4ienduskeskuse t\u00e4ienduskoolituse peaspetsialistid:<\/span><\/span><\/p>\n<p><span style=\"background: white;\"><span style=\"color: #565656;\"><strong>Marika Rosenthal<\/strong> ja <strong>Virve Einpaul<\/strong><\/span><\/span><\/p>\n<p><span style=\"background: white;\"><span style=\"color: #565656;\">731 8109<\/span><\/span><\/p>\n<p><span style=\"background: white;\"><span style=\"color: #565656;\"><a href=\"mailto:taiendus@med.ut.ee\"><span style=\"color: #428bca;\">taiendus@med.ut.ee<\/span><\/a><\/span><\/span><\/p>\n<p><span style=\"background: white;\"><span style=\"color: #565656;\">T\u00dc kliinilise meditsiini instituudi t\u00e4ienduskeskuse juhataja:<\/span><\/span><\/p>\n<p><strong><span style=\"background: white;\"><span style=\"color: #565656;\">kaasprofessor Eve Unt<\/span><\/span><\/strong><\/p>\n<p><span style=\"background: white;\"><span style=\"color: #565656;\">731 8109<\/span><\/span><\/p>\n<p><span style=\"color: #428bca;\">eve.unt@ut.ee<\/span><\/p>\n<\/div>\n<p>Registreerumine ja ruumid:<\/p>\n<p>Publicon <a href=\"https:\/\/www.publicon.ee\/\">https:\/\/www.publicon.ee\/<\/a><\/p>\n<p>Kirke Johanna N\u00f6ps<br>\n<em>Publicon O\u00dc<\/em><br>\n<a title=\"kliinik2026@publicon.ee\" href=\"mailto:kliinik2026@publicon.ee\">kliinik2026@publicon.ee<\/a><br>\n+372 5919 2019<\/p>\n<div style=\"border: 0px; margin: 0px; padding: 0px; text-align: left;\">\n<div style=\"border: 0px; margin: 0px; padding: 0px; text-align: left;\">\n<p>Rohkem teavet\u00a0T\u00dc kliinilise meditsiini instituudi\u00a0t\u00e4ienduskeskuse kohta leiab keskuse <a title=\"\" href=\"https:\/\/kliinilinemeditsiin.ut.ee\/taiendusope\" target=\"_blank\" rel=\"noopener\" data-url=\"https:\/\/kliinilinemeditsiin.ut.ee\/taiendusope\">veebilehelt<\/a>.<\/p>\n<\/div>\n<\/div>\n","protected":false},"excerpt":{"rendered":"<p>Kontakt: T\u00dc kliinilise meditsiini instituudi t\u00e4ienduskeskuse t\u00e4ienduskoolituse peaspetsialistid: Marika Rosenthal ja Virve Einpaul 731 8109 taiendus@med.ut.ee T\u00dc kliinilise meditsiini instituudi t\u00e4ienduskeskuse juhataja: kaasprofessor Eve Unt 731 8109 eve.unt@ut.ee Registreerumine ja ruumid: Publicon https:\/\/www.publicon.ee\/ Kirke Johanna N\u00f6ps Publicon O\u00dc kliinik2026@publicon.ee +372 &#8230;<\/p>\n","protected":false},"author":62,"featured_media":0,"parent":0,"menu_order":0,"comment_status":"closed","ping_status":"closed","template":"","meta":{"_acf_changed":false,"inline_featured_image":false,"footnotes":""},"class_list":["post-7","page","type-page","status-publish","hentry"],"acf":[],"_links":{"self":[{"href":"https:\/\/sisu.ut.ee\/konverentskliinik\/wp-json\/wp\/v2\/pages\/7","targetHints":{"allow":["GET"]}}],"collection":[{"href":"https:\/\/sisu.ut.ee\/konverentskliinik\/wp-json\/wp\/v2\/pages"}],"about":[{"href":"https:\/\/sisu.ut.ee\/konverentskliinik\/wp-json\/wp\/v2\/types\/page"}],"author":[{"embeddable":true,"href":"https:\/\/sisu.ut.ee\/konverentskliinik\/wp-json\/wp\/v2\/users\/62"}],"replies":[{"embeddable":true,"href":"https:\/\/sisu.ut.ee\/konverentskliinik\/wp-json\/wp\/v2\/comments?post=7"}],"version-history":[{"count":2,"href":"https:\/\/sisu.ut.ee\/konverentskliinik\/wp-json\/wp\/v2\/pages\/7\/revisions"}],"predecessor-version":[{"id":442,"href":"https:\/\/sisu.ut.ee\/konverentskliinik\/wp-json\/wp\/v2\/pages\/7\/revisions\/442"}],"wp:attachment":[{"href":"https:\/\/sisu.ut.ee\/konverentskliinik\/wp-json\/wp\/v2\/media?parent=7"}],"curies":[{"name":"wp","href":"https:\/\/api.w.org\/{rel}","templated":true}]}}