{"id":6,"date":"2024-04-04T06:42:55","date_gmt":"2024-04-04T03:42:55","guid":{"rendered":"https:\/\/sisu.ut.ee\/konverentskliinik\/praktiline-teave\/"},"modified":"2025-12-22T09:15:20","modified_gmt":"2025-12-22T07:15:20","slug":"praktiline-teave","status":"publish","type":"page","link":"https:\/\/sisu.ut.ee\/konverentskliinik\/praktiline-teave\/","title":{"rendered":"Praktiline teave, hotellid, parkimine"},"content":{"rendered":"<p><span style=\"background: white;\"><span style=\"color: #565656;\">Konverents Kliinik 2026 toimub <b>hajakonverentsina,\u00a0<\/b><strong>auditoorselt Tartus, Vanemuise Kontserdimajas <\/strong>ja\u00a0<strong>veebikeskkonnas.<\/strong><\/span><\/span><\/p>\n<p>Konverentsi osalustasu on<strong>\u00a0175 \u20ac<\/strong>. Alates 21.01.2026 on osalustasu\u00a0<strong>210 \u20ac<\/strong>\u00a0(<em>osalustasu sisaldab k\u00e4ibemaksu<\/em>).<\/p>\n<p>Varase registreerimise t\u00e4htaeg\u00a0on\u00a0<strong>20. jaanuar 2026<\/strong>. Hiline registreerimine\u00a0l\u00f5ppeb\u00a030. jaanuaril 2026 kell 12.00. Peale seda on v\u00f5imalik registreeruda ainult veebikonverentsile.<\/p>\n<p>Konverentsi sessioonide juhatajatele ja ettekandjatele on kogu konverents\u00a0sh \u00f5htus\u00f6\u00f6k tasuta.<\/p>\n<p>Esimese sessiooni ajal toimub konverentsi pildistamine.<\/p>\n<p class=\"contentpasted2\" style=\"margin-bottom: 7.5pt;\"><span style=\"background: white;\"><strong><span style=\"color: #565656;\">Konverentsil osalemine annab t\u00e4ienduspunkte: <\/span><\/strong><\/span><\/p>\n<ul>\n<li><span style=\"background: white;\"><span style=\"color: #565656;\">konverentsist osav\u00f5tt 30 t\u00e4ienduspunkti<\/span><\/span><\/li>\n<li><span style=\"background: white;\"><span style=\"color: #565656;\">ettekande esitamine 30 t\u00e4ienduspunkti<\/span><\/span><\/li>\n<\/ul>\n<p class=\"contentpasted2\" style=\"margin-bottom: 7.5pt;\"><span style=\"background: white;\"><span style=\"color: #565656;\">Tartu \u00dclikooli andmekaitsetingimustega saab tutvuda Tartu \u00dclikooli <\/span><\/span><a title=\"\" href=\"https:\/\/ut.ee\/et\/sisu\/andmekaitsetingimused\" target=\"_blank\" rel=\"noopener\" data-url=\"https:\/\/ut.ee\/et\/sisu\/andmekaitsetingimused\"><span style=\"color: #428bca;\">veebilehel<\/span><\/a><span style=\"background: white;\"><span style=\"color: #565656;\">.<\/span><\/span><\/p>\n<p><span style=\"color: #565656;\">K\u00fcsimuste korral palun p\u00f6\u00f6rduge konverents korraldajate poole, kelle kontaktid leiate korraldajate aknast.<br><\/span><\/p>\n<p><strong><br>PARKIMINE<\/strong><\/p>\n<p>Parkimine on tasuline kaubanduskeskustes <strong><a href=\"https:\/\/tasku.ee\/parkimine\/\">Tasku<\/a><\/strong>, <strong><a href=\"https:\/\/www.kvartal.com.ee\/kauplused\/list\/poed\/teenused\/parkla\/\">Kvartal<\/a>,<\/strong> <a href=\"https:\/\/www.kaubamaja.ee\/meist\/kulasta-meid\/parkimine\"><strong>Tartu Kaubamaja<\/strong><\/a>.<\/p>\n<p><a href=\"https:\/\/www.tartu.ee\/et\/parkimine\"><strong>Parkimine Tartu Linnas (A-piirkond)<\/strong><\/a><\/p>\n<p><strong><br>MAJUTUSE BRONEERIMINE <a href=\"https:\/\/kliinik2026majutus.publicon.ee\/majutuse-broneerimine\/\">siit<\/a><\/strong><\/p>\n<p>\u00a0<\/p>\n\n\n<p><\/p>\n","protected":false},"excerpt":{"rendered":"<p>Konverents Kliinik 2026 toimub hajakonverentsina,\u00a0auditoorselt Tartus, Vanemuise Kontserdimajas ja\u00a0veebikeskkonnas. Konverentsi osalustasu on\u00a0175 \u20ac. Alates 21.01.2026 on osalustasu\u00a0210 \u20ac\u00a0(osalustasu sisaldab k\u00e4ibemaksu). Varase registreerimise t\u00e4htaeg\u00a0on\u00a020. jaanuar 2026. Hiline registreerimine\u00a0l\u00f5ppeb\u00a030. jaanuaril 2026 kell 12.00. Peale seda on v\u00f5imalik registreeruda ainult veebikonverentsile. Konverentsi sessioonide &#8230;<\/p>\n","protected":false},"author":62,"featured_media":0,"parent":0,"menu_order":0,"comment_status":"closed","ping_status":"closed","template":"","meta":{"_acf_changed":false,"inline_featured_image":false,"footnotes":""},"class_list":["post-6","page","type-page","status-publish","hentry"],"acf":[],"_links":{"self":[{"href":"https:\/\/sisu.ut.ee\/konverentskliinik\/wp-json\/wp\/v2\/pages\/6","targetHints":{"allow":["GET"]}}],"collection":[{"href":"https:\/\/sisu.ut.ee\/konverentskliinik\/wp-json\/wp\/v2\/pages"}],"about":[{"href":"https:\/\/sisu.ut.ee\/konverentskliinik\/wp-json\/wp\/v2\/types\/page"}],"author":[{"embeddable":true,"href":"https:\/\/sisu.ut.ee\/konverentskliinik\/wp-json\/wp\/v2\/users\/62"}],"replies":[{"embeddable":true,"href":"https:\/\/sisu.ut.ee\/konverentskliinik\/wp-json\/wp\/v2\/comments?post=6"}],"version-history":[{"count":27,"href":"https:\/\/sisu.ut.ee\/konverentskliinik\/wp-json\/wp\/v2\/pages\/6\/revisions"}],"predecessor-version":[{"id":459,"href":"https:\/\/sisu.ut.ee\/konverentskliinik\/wp-json\/wp\/v2\/pages\/6\/revisions\/459"}],"wp:attachment":[{"href":"https:\/\/sisu.ut.ee\/konverentskliinik\/wp-json\/wp\/v2\/media?parent=6"}],"curies":[{"name":"wp","href":"https:\/\/api.w.org\/{rel}","templated":true}]}}