{"id":4,"date":"2024-04-04T06:42:55","date_gmt":"2024-04-04T03:42:55","guid":{"rendered":"https:\/\/sisu.ut.ee\/konverentskliinik\/avaleht\/"},"modified":"2026-03-27T11:19:17","modified_gmt":"2026-03-27T09:19:17","slug":"avaleht","status":"publish","type":"page","link":"https:\/\/sisu.ut.ee\/konverentskliinik\/","title":{"rendered":"Avaleht"},"content":{"rendered":"<p>Arste, hambaarste, \u00f5desid, \u00e4mmaemandaid, apteekreid, f\u00fcsioterapeute ja teisi tervisevaldkonna t\u00f6\u00f6tajaid \u00fchendav multidistsiplinaarne t\u00e4ienduskonverents\u00a0<strong>Kliinik 2026<\/strong>\u00a0toimus<strong>\u00a003.\u201305.02.2026<\/strong> Tartus ja \u00fclekanne <strong>veebikeskkonnas<\/strong>. Konverentsil k\u00e4sitleti aktuaalseid tervishoiu ja meditsiini teemasid. Seekordne konverents toimus <strong>35. korda.<\/strong><\/p>\n\n\n\n<p>Konverents toimus Tartus <strong>Vanemuise kontserdimajas<\/strong>.<\/p>\n\n\n\n<p>.<\/p>\n\n\n\n<p class=\"contentpasted3\"><span style=\"background: white;\"><span style=\"color: #565656;\">K\u00fcsimuste korral leiate korraldajate kontaktid \u201c<\/span><\/span>KORRALDAJAD<span style=\"background: white;\"><span style=\"color: #565656;\">\u201d lehelt.<\/span><\/span>\u00a0<\/p>\n\n\n\n<div style=\"height:20px\" aria-hidden=\"true\" class=\"wp-block-spacer\"><\/div>\n\n\n\n<h3 class=\"wp-block-heading\"><a href=\"https:\/\/uttv.ee\/otsing#sona=kliinik%202026\">J\u00e4relvaatamine<\/a><\/h3>\n\n\n\n<p><\/p>\n\n\n\n<div style=\"height:46px\" aria-hidden=\"true\" class=\"wp-block-spacer\"><\/div>\n\n\n\n<h3 class=\"wp-block-heading\"><a href=\"https:\/\/konverentskliinik.ut.ee\/kava\" data-type=\"link\" data-id=\"https:\/\/konverentskliinik.ut.ee\/kava\" target=\"_blank\" rel=\"noreferrer noopener\">KAVA<\/a><\/h3>\n\n\n\n<p><\/p>\n\n\n\n<div style=\"height:20px\" aria-hidden=\"true\" class=\"wp-block-spacer\"><\/div>\n\n\n\n<p><span style=\"background: white;\"><b><span style=\"color: #565656;\">Kohtumiseni konverentsil Kliinik 2026!<\/span><\/b><\/span><\/p>\n\n\n\n<p>\u00a0<\/p>\n\n\n\n<p><\/p>\n","protected":false},"excerpt":{"rendered":"<p>Arste, hambaarste, \u00f5desid, \u00e4mmaemandaid, apteekreid, f\u00fcsioterapeute ja teisi tervisevaldkonna t\u00f6\u00f6tajaid \u00fchendav multidistsiplinaarne t\u00e4ienduskonverents\u00a0Kliinik 2026\u00a0toimus\u00a003.\u201305.02.2026 Tartus ja \u00fclekanne veebikeskkonnas. Konverentsil k\u00e4sitleti aktuaalseid tervishoiu ja meditsiini teemasid. Seekordne konverents toimus 35. korda. Konverents toimus Tartus Vanemuise kontserdimajas. . K\u00fcsimuste korral leiate korraldajate &#8230;<\/p>\n","protected":false},"author":62,"featured_media":0,"parent":0,"menu_order":0,"comment_status":"closed","ping_status":"closed","template":"","meta":{"_acf_changed":false,"inline_featured_image":false,"footnotes":""},"class_list":["post-4","page","type-page","status-publish","hentry"],"acf":[],"_links":{"self":[{"href":"https:\/\/sisu.ut.ee\/konverentskliinik\/wp-json\/wp\/v2\/pages\/4","targetHints":{"allow":["GET"]}}],"collection":[{"href":"https:\/\/sisu.ut.ee\/konverentskliinik\/wp-json\/wp\/v2\/pages"}],"about":[{"href":"https:\/\/sisu.ut.ee\/konverentskliinik\/wp-json\/wp\/v2\/types\/page"}],"author":[{"embeddable":true,"href":"https:\/\/sisu.ut.ee\/konverentskliinik\/wp-json\/wp\/v2\/users\/62"}],"replies":[{"embeddable":true,"href":"https:\/\/sisu.ut.ee\/konverentskliinik\/wp-json\/wp\/v2\/comments?post=4"}],"version-history":[{"count":29,"href":"https:\/\/sisu.ut.ee\/konverentskliinik\/wp-json\/wp\/v2\/pages\/4\/revisions"}],"predecessor-version":[{"id":499,"href":"https:\/\/sisu.ut.ee\/konverentskliinik\/wp-json\/wp\/v2\/pages\/4\/revisions\/499"}],"wp:attachment":[{"href":"https:\/\/sisu.ut.ee\/konverentskliinik\/wp-json\/wp\/v2\/media?parent=4"}],"curies":[{"name":"wp","href":"https:\/\/api.w.org\/{rel}","templated":true}]}}