{"id":165,"date":"2024-12-11T10:10:55","date_gmt":"2024-12-11T08:10:55","guid":{"rendered":"https:\/\/sisu.ut.ee\/konverentskliinik\/?page_id=165"},"modified":"2026-01-21T13:59:21","modified_gmt":"2026-01-21T11:59:21","slug":"sponsorpaketid","status":"publish","type":"page","link":"https:\/\/sisu.ut.ee\/konverentskliinik\/sponsorpaketid\/","title":{"rendered":"Sponsorid\/Sponsorpaketid"},"content":{"rendered":"<h1 class=\"wp-block-heading\"><\/h1>\n\n\n\n<p><\/p>\n\n\n\n<p>Konverentsi Kliinik 2026 sponsorluse partneriks on <strong>Publicon<\/strong> <strong>O\u00dc<\/strong><br><\/p>\n\n\n\n<p><\/p>\n\n\n\n<h1 class=\"wp-block-heading\">KONVERENTSI SPONSORID<\/h1>\n\n\n\n<h2 class=\"wp-block-heading\"><br><strong>SUURSPONSORID<\/strong><br><\/h2>\n\n\n\n<div style=\"height:42px\" aria-hidden=\"true\" class=\"wp-block-spacer\"><\/div>\n\n\n\n<h3 class=\"wp-block-heading\"><strong>B. Braun Medical O\u00dc<\/strong><\/h3>\n\n\n\n<p><\/p>\n\n\n\n<h4 class=\"wp-block-heading\"><br><\/h4>\n\n\n\n<figure class=\"wp-block-image size-full is-resized\"><img loading=\"lazy\" decoding=\"async\" width=\"534\" height=\"94\" src=\"https:\/\/sisu.ut.ee\/wp-content\/uploads\/sites\/462\/image-1.png\" alt=\"\" class=\"wp-image-475\" style=\"aspect-ratio:5.681629260182876;width:296px;height:auto\" srcset=\"https:\/\/sisu.ut.ee\/wp-content\/uploads\/sites\/462\/image-1.png 534w, https:\/\/sisu.ut.ee\/wp-content\/uploads\/sites\/462\/image-1-300x53.png 300w\" sizes=\"auto, (max-width: 534px) 100vw, 534px\"><\/figure>\n\n\n\n<p><br><br><\/p>\n\n\n\n<h3 class=\"wp-block-heading\"><strong>Novo Nordisk AS Eesti filiaal<\/strong><\/h3>\n\n\n\n<figure class=\"wp-block-image size-full is-resized\"><a href=\"https:\/\/www.novonordisk.ee\/\"><img loading=\"lazy\" decoding=\"async\" width=\"1024\" height=\"706\" src=\"https:\/\/sisu.ut.ee\/wp-content\/uploads\/sites\/462\/novo-nordisk.jpg\" alt=\"\" class=\"wp-image-211\" style=\"aspect-ratio:1.4508085235000756;width:224px;height:auto\" srcset=\"https:\/\/sisu.ut.ee\/wp-content\/uploads\/sites\/462\/novo-nordisk.jpg 1024w, https:\/\/sisu.ut.ee\/wp-content\/uploads\/sites\/462\/novo-nordisk-300x207.jpg 300w, https:\/\/sisu.ut.ee\/wp-content\/uploads\/sites\/462\/novo-nordisk-768x530.jpg 768w\" sizes=\"auto, (max-width: 1024px) 100vw, 1024px\"><\/a><\/figure>\n\n\n\n<div style=\"height:27px\" aria-hidden=\"true\" class=\"wp-block-spacer\"><\/div>\n\n\n\n<h2 class=\"wp-block-heading\"><strong>SPONSORID<\/strong><\/h2>\n\n\n\n<div style=\"height:29px\" aria-hidden=\"true\" class=\"wp-block-spacer\"><\/div>\n\n\n\n<h3 class=\"wp-block-heading\"><strong>Accord Healthcare<\/strong><\/h3>\n\n\n\n<figure class=\"wp-block-image size-full is-resized\"><a href=\"https:\/\/www.accord-healthcare.com\/\"><img loading=\"lazy\" decoding=\"async\" width=\"337\" height=\"149\" src=\"https:\/\/sisu.ut.ee\/wp-content\/uploads\/sites\/462\/accord.png\" alt=\"\" class=\"wp-image-251\" style=\"width:168px;height:auto\" srcset=\"https:\/\/sisu.ut.ee\/wp-content\/uploads\/sites\/462\/accord.png 337w, https:\/\/sisu.ut.ee\/wp-content\/uploads\/sites\/462\/accord-300x133.png 300w\" sizes=\"auto, (max-width: 337px) 100vw, 337px\"><\/a><\/figure>\n\n\n\n<div style=\"height:29px\" aria-hidden=\"true\" class=\"wp-block-spacer\"><\/div>\n\n\n\n<h3 class=\"wp-block-heading\">Grindex<\/h3>\n\n\n\n<p><\/p>\n\n\n\n<figure class=\"wp-block-image size-full is-resized\"><a href=\"https:\/\/grindeks.com\/en\/\"><img loading=\"lazy\" decoding=\"async\" width=\"502\" height=\"131\" src=\"https:\/\/sisu.ut.ee\/wp-content\/uploads\/sites\/462\/Grindex-uus-logo_130215.png\" alt=\"\" class=\"wp-image-208\" style=\"width:167px;height:auto\" srcset=\"https:\/\/sisu.ut.ee\/wp-content\/uploads\/sites\/462\/Grindex-uus-logo_130215.png 502w, https:\/\/sisu.ut.ee\/wp-content\/uploads\/sites\/462\/Grindex-uus-logo_130215-300x78.png 300w\" sizes=\"auto, (max-width: 502px) 100vw, 502px\"><\/a><\/figure>\n\n\n\n<div style=\"height:29px\" aria-hidden=\"true\" class=\"wp-block-spacer\"><\/div>\n\n\n\n<div class=\"wp-block-group is-nowrap is-layout-flex wp-container-core-group-is-layout-ad2f72ca wp-block-group-is-layout-flex\">\n<h3 class=\"wp-block-heading\">Servier<\/h3>\n<\/div>\n\n\n\n<div class=\"wp-block-group is-nowrap is-layout-flex wp-container-core-group-is-layout-ad2f72ca wp-block-group-is-layout-flex\">\n<p><br><\/p>\n\n\n\n<figure class=\"wp-block-image size-full\"><img loading=\"lazy\" decoding=\"async\" width=\"503\" height=\"100\" src=\"https:\/\/sisu.ut.ee\/wp-content\/uploads\/sites\/462\/servier-002.png\" alt=\"\" class=\"wp-image-491\" srcset=\"https:\/\/sisu.ut.ee\/wp-content\/uploads\/sites\/462\/servier-002.png 503w, https:\/\/sisu.ut.ee\/wp-content\/uploads\/sites\/462\/servier-002-300x60.png 300w\" sizes=\"auto, (max-width: 503px) 100vw, 503px\"><\/figure>\n\n\n\n<p><br><\/p>\n<\/div>\n\n\n\n<div style=\"height:29px\" aria-hidden=\"true\" class=\"wp-block-spacer\"><\/div>\n\n\n\n<div style=\"height:29px\" aria-hidden=\"true\" class=\"wp-block-spacer\"><\/div>\n\n\n\n<h3 class=\"wp-block-heading\">Boehringer Ingelheim Eesti<\/h3>\n\n\n\n<figure class=\"wp-block-image size-large is-resized\"><a href=\"https:\/\/www.boehringer-ingelheim.com\/\"><img loading=\"lazy\" decoding=\"async\" width=\"1024\" height=\"310\" src=\"https:\/\/sisu.ut.ee\/wp-content\/uploads\/sites\/462\/BI_Logo_Blue-1024x310.png\" alt=\"\" class=\"wp-image-253\" style=\"width:187px;height:auto\" srcset=\"https:\/\/sisu.ut.ee\/wp-content\/uploads\/sites\/462\/BI_Logo_Blue-1024x310.png 1024w, https:\/\/sisu.ut.ee\/wp-content\/uploads\/sites\/462\/BI_Logo_Blue-300x91.png 300w, https:\/\/sisu.ut.ee\/wp-content\/uploads\/sites\/462\/BI_Logo_Blue-768x233.png 768w, https:\/\/sisu.ut.ee\/wp-content\/uploads\/sites\/462\/BI_Logo_Blue.png 1195w\" sizes=\"auto, (max-width: 1024px) 100vw, 1024px\"><\/a><\/figure>\n\n\n\n<div style=\"height:29px\" aria-hidden=\"true\" class=\"wp-block-spacer\"><\/div>\n\n\n\n<h3 class=\"wp-block-heading\">Eli Lilly<\/h3>\n\n\n\n<figure class=\"wp-block-image size-large is-resized\"><a href=\"https:\/\/www.lilly.com\/\"><img loading=\"lazy\" decoding=\"async\" width=\"1024\" height=\"327\" src=\"https:\/\/sisu.ut.ee\/wp-content\/uploads\/sites\/462\/Lilly-AMC-Lockup-H-Red-RGB-1024x327.png\" alt=\"\" class=\"wp-image-210\" style=\"width:491px;height:auto\" srcset=\"https:\/\/sisu.ut.ee\/wp-content\/uploads\/sites\/462\/Lilly-AMC-Lockup-H-Red-RGB-1024x327.png 1024w, https:\/\/sisu.ut.ee\/wp-content\/uploads\/sites\/462\/Lilly-AMC-Lockup-H-Red-RGB-300x96.png 300w, https:\/\/sisu.ut.ee\/wp-content\/uploads\/sites\/462\/Lilly-AMC-Lockup-H-Red-RGB-768x245.png 768w, https:\/\/sisu.ut.ee\/wp-content\/uploads\/sites\/462\/Lilly-AMC-Lockup-H-Red-RGB-1536x490.png 1536w, https:\/\/sisu.ut.ee\/wp-content\/uploads\/sites\/462\/Lilly-AMC-Lockup-H-Red-RGB-2048x653.png 2048w, https:\/\/sisu.ut.ee\/wp-content\/uploads\/sites\/462\/Lilly-AMC-Lockup-H-Red-RGB-1920x612.png 1920w\" sizes=\"auto, (max-width: 1024px) 100vw, 1024px\"><\/a><\/figure>\n\n\n\n<h3 class=\"wp-block-heading\">AstraZeneca<\/h3>\n\n\n\n<figure class=\"wp-block-image size-large is-resized\"><a href=\"https:\/\/www.astrazeneca.com\/country-sites\/estonia.html\"><img loading=\"lazy\" decoding=\"async\" width=\"1024\" height=\"248\" src=\"https:\/\/sisu.ut.ee\/wp-content\/uploads\/sites\/462\/AstraZeneca-1024x248.jpg\" alt=\"\" class=\"wp-image-207\" style=\"width:332px;height:auto\" srcset=\"https:\/\/sisu.ut.ee\/wp-content\/uploads\/sites\/462\/AstraZeneca-1024x248.jpg 1024w, https:\/\/sisu.ut.ee\/wp-content\/uploads\/sites\/462\/AstraZeneca-300x73.jpg 300w, https:\/\/sisu.ut.ee\/wp-content\/uploads\/sites\/462\/AstraZeneca-768x186.jpg 768w, https:\/\/sisu.ut.ee\/wp-content\/uploads\/sites\/462\/AstraZeneca.jpg 1181w\" sizes=\"auto, (max-width: 1024px) 100vw, 1024px\"><\/a><\/figure>\n\n\n\n<p><br><\/p>\n\n\n\n<div style=\"height:29px\" aria-hidden=\"true\" class=\"wp-block-spacer\"><\/div>\n\n\n\n<h3 class=\"wp-block-heading\">Magnapharm<\/h3>\n\n\n\n<p><\/p>\n\n\n\n<figure class=\"wp-block-image size-full is-resized\"><a href=\"https:\/\/magnapharm.eu\/\"><img loading=\"lazy\" decoding=\"async\" width=\"437\" height=\"115\" src=\"https:\/\/sisu.ut.ee\/wp-content\/uploads\/sites\/462\/magnapharm.png\" alt=\"\" class=\"wp-image-254\" style=\"width:233px;height:auto\" srcset=\"https:\/\/sisu.ut.ee\/wp-content\/uploads\/sites\/462\/magnapharm.png 437w, https:\/\/sisu.ut.ee\/wp-content\/uploads\/sites\/462\/magnapharm-300x79.png 300w\" sizes=\"auto, (max-width: 437px) 100vw, 437px\"><\/a><\/figure>\n\n\n\n<p><br><\/p>\n\n\n\n<div style=\"height:29px\" aria-hidden=\"true\" class=\"wp-block-spacer\"><\/div>\n\n\n\n<h3 class=\"wp-block-heading\">Nutrimedical O\u00dc<\/h3>\n\n\n\n<p><\/p>\n\n\n\n<figure class=\"wp-block-image size-full is-resized\"><a href=\"https:\/\/www.nutricia.ee\/\"><img loading=\"lazy\" decoding=\"async\" width=\"406\" height=\"276\" src=\"https:\/\/sisu.ut.ee\/wp-content\/uploads\/sites\/462\/NutrimedicalL.png\" alt=\"\" class=\"wp-image-212\" style=\"width:152px;height:auto\" srcset=\"https:\/\/sisu.ut.ee\/wp-content\/uploads\/sites\/462\/NutrimedicalL.png 406w, https:\/\/sisu.ut.ee\/wp-content\/uploads\/sites\/462\/NutrimedicalL-300x204.png 300w\" sizes=\"auto, (max-width: 406px) 100vw, 406px\"><\/a><\/figure>\n\n\n\n<div style=\"height:29px\" aria-hidden=\"true\" class=\"wp-block-spacer\"><\/div>\n\n\n\n<p><br><\/p>\n\n\n\n<h3 class=\"wp-block-heading\">Hortus Medicus O\u00dc<\/h3>\n\n\n\n<p><\/p>\n\n\n\n<figure class=\"wp-block-image size-large is-resized\"><a href=\"https:\/\/hortusmedicus.ee\/\"><img loading=\"lazy\" decoding=\"async\" width=\"1024\" height=\"259\" src=\"https:\/\/sisu.ut.ee\/wp-content\/uploads\/sites\/462\/HortusMedicus_logo_130201-1024x259.jpeg\" alt=\"\" class=\"wp-image-209\" style=\"width:203px;height:auto\" srcset=\"https:\/\/sisu.ut.ee\/wp-content\/uploads\/sites\/462\/HortusMedicus_logo_130201-1024x259.jpeg 1024w, https:\/\/sisu.ut.ee\/wp-content\/uploads\/sites\/462\/HortusMedicus_logo_130201-300x76.jpeg 300w, https:\/\/sisu.ut.ee\/wp-content\/uploads\/sites\/462\/HortusMedicus_logo_130201-768x194.jpeg 768w, https:\/\/sisu.ut.ee\/wp-content\/uploads\/sites\/462\/HortusMedicus_logo_130201-1536x389.jpeg 1536w, https:\/\/sisu.ut.ee\/wp-content\/uploads\/sites\/462\/HortusMedicus_logo_130201-2048x518.jpeg 2048w, https:\/\/sisu.ut.ee\/wp-content\/uploads\/sites\/462\/HortusMedicus_logo_130201-1920x486.jpeg 1920w\" sizes=\"auto, (max-width: 1024px) 100vw, 1024px\"><\/a><\/figure>\n\n\n\n<div style=\"height:29px\" aria-hidden=\"true\" class=\"wp-block-spacer\"><\/div>\n\n\n\n<p><br><\/p>\n\n\n\n<p><\/p>\n\n\n\n<h3 class=\"wp-block-heading\">W\u00f6rwag Pharma GmbH &amp; Co. KG<\/h3>\n\n\n\n<figure class=\"wp-block-image size-full is-resized\"><a href=\"https:\/\/www.woerwagpharma.lv\/et\"><img loading=\"lazy\" decoding=\"async\" width=\"91\" height=\"69\" src=\"https:\/\/sisu.ut.ee\/wp-content\/uploads\/sites\/462\/worwag.jpg\" alt=\"\" class=\"wp-image-216\" style=\"width:123px;height:auto\"><\/a><\/figure>\n\n\n\n<div style=\"height:29px\" aria-hidden=\"true\" class=\"wp-block-spacer\"><\/div>\n\n\n\n<p><br><\/p>\n\n\n\n<p><br><\/p>\n\n\n\n<div style=\"height:29px\" aria-hidden=\"true\" class=\"wp-block-spacer\"><\/div>\n\n\n\n<h3 class=\"wp-block-heading\">Orivas<\/h3>\n\n\n\n<figure class=\"wp-block-image size-full is-resized\"><a href=\"https:\/\/orivas.lt\/et\/home-et\/\"><img loading=\"lazy\" decoding=\"async\" width=\"1024\" height=\"318\" src=\"https:\/\/sisu.ut.ee\/wp-content\/uploads\/sites\/462\/orivas.jpg\" alt=\"\" class=\"wp-image-213\" style=\"width:182px;height:auto\" srcset=\"https:\/\/sisu.ut.ee\/wp-content\/uploads\/sites\/462\/orivas.jpg 1024w, https:\/\/sisu.ut.ee\/wp-content\/uploads\/sites\/462\/orivas-300x93.jpg 300w, https:\/\/sisu.ut.ee\/wp-content\/uploads\/sites\/462\/orivas-768x239.jpg 768w\" sizes=\"auto, (max-width: 1024px) 100vw, 1024px\"><\/a><\/figure>\n\n\n\n<div style=\"height:29px\" aria-hidden=\"true\" class=\"wp-block-spacer\"><\/div>\n\n\n\n<h3 class=\"wp-block-heading\">Medivar<\/h3>\n\n\n\n<p><br> <br><\/p>\n\n\n\n<figure class=\"wp-block-image size-large is-resized\"><img loading=\"lazy\" decoding=\"async\" width=\"1024\" height=\"251\" src=\"https:\/\/sisu.ut.ee\/wp-content\/uploads\/sites\/462\/image-3-1024x251.png\" alt=\"\" class=\"wp-image-482\" style=\"aspect-ratio:4.079873000062255;width:228px;height:auto\" srcset=\"https:\/\/sisu.ut.ee\/wp-content\/uploads\/sites\/462\/image-3-1024x251.png 1024w, https:\/\/sisu.ut.ee\/wp-content\/uploads\/sites\/462\/image-3-300x73.png 300w, https:\/\/sisu.ut.ee\/wp-content\/uploads\/sites\/462\/image-3-768x188.png 768w, https:\/\/sisu.ut.ee\/wp-content\/uploads\/sites\/462\/image-3-1920x470.png 1920w\" sizes=\"auto, (max-width: 1024px) 100vw, 1024px\"><\/figure>\n\n\n\n<div style=\"height:47px\" aria-hidden=\"true\" class=\"wp-block-spacer\"><\/div>\n\n\n\n<h2 class=\"wp-block-heading\"><strong>SPONSORPAKETID<\/strong><\/h2>\n\n\n\n<p><\/p>\n\n\n\n<p><strong>KLIINIK 2026 sponsorpaketid<\/strong><\/p>\n\n\n\n<p><strong>SUURSPONSOR 2500\u20ac (sh KM 24%)<\/strong><\/p>\n\n\n\n<ul class=\"wp-block-list\">\n<li>n\u00e4itusekoht (2 lauda ja 4 tooli, elektri v\u00f5imalus)<\/li>\n\n\n\n<li>n\u00e4itusekoht v\u00f5ib olla nii ravimin\u00e4ituse alal kui \u00fcldalal<\/li>\n\n\n\n<li>eelis\u00f5igus n\u00e4itusekoha valimisel<\/li>\n\n\n\n<li>logo kuvatakse pauside ajal veebis ja fuajeealal<\/li>\n\n\n\n<li>neli tasuta piletit konverentsile<\/li>\n\n\n\n<li>lingitud logo konverentsi kodulehel<\/li>\n<\/ul>\n\n\n\n<p><strong>SPONSOR 1500\u20ac (sh KM 24%)<\/strong><\/p>\n\n\n\n<ul class=\"wp-block-list\">\n<li>n\u00e4itusekoht (1 laud ja kaks tooli, elektri v\u00f5imalus)<\/li>\n\n\n\n<li>n\u00e4itusekoht ravimin\u00e4ituse alal v\u00f5i \u00fcldalal<\/li>\n\n\n\n<li>n\u00e4itusekoha saab valida siis, kui suursponsorid on oma valiku teinud<\/li>\n\n\n\n<li>logo kuvatakse pauside ajal veebis ja fuajeealal<\/li>\n\n\n\n<li>kaks tasuta piletit konverentsile<\/li>\n\n\n\n<li>lingitud logo konverentsi kodulehel<\/li>\n<\/ul>\n\n\n\n<p><strong>DIGISPONSOR 1500\u20ac (sh KM 24%)<\/strong><\/p>\n\n\n\n<ul class=\"wp-block-list\">\n<li>veebi\u00fclekandes kuvatakse kuni 1-minuti pikkune reklaam iga pausi alguses. Ei tohi olla ravimireklaam. Klipp tuleb koosk\u00f5lastada korraldajatega enne \u00fcritust.<\/li>\n\n\n\n<li>logo kuvatakse pauside ajal veebis ja fuajeealal<\/li>\n\n\n\n<li>lingitud logo konverentsi kodulehel<\/li>\n\n\n\n<li>kaks tasuta piletit konverentsile<\/li>\n\n\n\n<li>Zoom Events keskkonnas v\u00f5imalus n\u00e4ituseala luua, kuhu saab laadida reklaammaterjale ja mille kaudu saab eksponent ala k\u00fclastajatega suhelda<\/li>\n<\/ul>\n\n\n\n<p><\/p>\n\n\n\n<p>Sponsorite kontaktisik on <strong>Teno Kikkul.<\/strong> K\u00f5ik k\u00fcsimused on oodatud aadressil\u00a0<a href=\"mailto:kliinik2026sponsorid@publicon.ee.\">teno@publicon.ee<\/a><\/p>\n\n\n\n<p><\/p>\n\n\n\n<p><\/p>\n","protected":false},"excerpt":{"rendered":"<p>Konverentsi Kliinik 2026 sponsorluse partneriks on Publicon O\u00dc KONVERENTSI SPONSORID SUURSPONSORID B. Braun Medical O\u00dc Novo Nordisk AS Eesti filiaal SPONSORID Accord Healthcare Grindex Servier Boehringer Ingelheim Eesti Eli Lilly AstraZeneca Magnapharm Nutrimedical O\u00dc Hortus Medicus O\u00dc W\u00f6rwag Pharma GmbH &#8230;<\/p>\n","protected":false},"author":62,"featured_media":0,"parent":0,"menu_order":0,"comment_status":"closed","ping_status":"closed","template":"","meta":{"_acf_changed":false,"inline_featured_image":false,"footnotes":""},"class_list":["post-165","page","type-page","status-publish","hentry"],"acf":[],"_links":{"self":[{"href":"https:\/\/sisu.ut.ee\/konverentskliinik\/wp-json\/wp\/v2\/pages\/165","targetHints":{"allow":["GET"]}}],"collection":[{"href":"https:\/\/sisu.ut.ee\/konverentskliinik\/wp-json\/wp\/v2\/pages"}],"about":[{"href":"https:\/\/sisu.ut.ee\/konverentskliinik\/wp-json\/wp\/v2\/types\/page"}],"author":[{"embeddable":true,"href":"https:\/\/sisu.ut.ee\/konverentskliinik\/wp-json\/wp\/v2\/users\/62"}],"replies":[{"embeddable":true,"href":"https:\/\/sisu.ut.ee\/konverentskliinik\/wp-json\/wp\/v2\/comments?post=165"}],"version-history":[{"count":30,"href":"https:\/\/sisu.ut.ee\/konverentskliinik\/wp-json\/wp\/v2\/pages\/165\/revisions"}],"predecessor-version":[{"id":492,"href":"https:\/\/sisu.ut.ee\/konverentskliinik\/wp-json\/wp\/v2\/pages\/165\/revisions\/492"}],"wp:attachment":[{"href":"https:\/\/sisu.ut.ee\/konverentskliinik\/wp-json\/wp\/v2\/media?parent=165"}],"curies":[{"name":"wp","href":"https:\/\/api.w.org\/{rel}","templated":true}]}}