{"id":9,"date":"2024-04-04T02:24:38","date_gmt":"2024-04-03T23:24:38","guid":{"rendered":"https:\/\/sisu.ut.ee\/kohtumised\/kreeka-katoliku\/"},"modified":"2025-03-18T19:56:30","modified_gmt":"2025-03-18T17:56:30","slug":"kreeka-katoliku","status":"publish","type":"page","link":"https:\/\/sisu.ut.ee\/kohtumised\/kreeka-katoliku\/","title":{"rendered":"Anatoli Ukraina kreeka-katoliku kirikust"},"content":{"rendered":"<p>Kreeka-katoliiklased on kristlased. Paljud Tallinnas elavad ukrainlased k\u00e4ivad koos Ukraina kultuurikeskuses ja kirikus. See on v\u00e4ike v\u00f5lumaailm, kus eriliselt palvetatakse looduse eest. N\u00e4iteks leiab sealsel ikoonil lehma Nudipea. Kirikus leiab Poeetilise Punase Raamatu ning palju omatehtud m\u00e4nguasju. Anatoli Ljutjuk r\u00e4\u00e4gib, miks nad seda teevad.<\/p>\n<p><\/p><div class=\"ratio ratio-16x9 mb-3\"><div class=\"video-placeholder-wrapper video-placeholder-wrapper--16x9\">\n\t\t\t    <div class=\"video-placeholder d-flex justify-content-center align-items-center\">\n\t\t\t        <div class=\"overlay text-white p-2 w-100 text-center d-block justify-content-center align-items-center\">\n\t\t\t            <div>Kolmandate osapoolte sisu n\u00e4gemiseks palun n\u00f5ustu k\u00fcpsistega.<\/div>\n\t\t\t            <button class=\"btn btn-secondary btn-sm mt-1 consent-change\">Muuda n\u00f5usolekut<\/button>\n\t\t\t        <\/div>\n\t\t\t    <\/div>\n\t\t\t<\/div>\n<\/div>(<a href=\"_wp_link_placeholder\" data-wplink-edit=\"true\">https:\/\/youtu.be\/NKD0FxZ5EaI<\/a>)\n<p>Arutage:<\/p>\n<ul>\n<li>Anatoli r\u00e4\u00e4kis, et neil r\u00e4\u00e4givad loomad ja taimed oma maa keeles. Kuidas on v\u00f5imalik m\u00f5ista loomi ja taimi?<\/li>\n<li>Mille poolest erineb tavaline Eesti Punane Raamat ja Poeetiline Punane Raamat? V\u00f5rdle kahte kirjeldust!<\/li>\n<\/ul>\n<p><\/p><div class=\"accordion mb-3\">\n        <div class=\"accordion-item accordion-item--white\">\n        <h2 class=\"accordion-header\" id=\"accordion-69e1e99824bd8-heading\">\n            <button class=\"accordion-button collapsed\" type=\"button\" data-bs-toggle=\"collapse\" data-bs-target=\"#accordion-69e1e99824bd8-collapse\" aria-expanded=\"true\" aria-controls=\"accordion-69e1e99824bd8-collapse\">Lendorav<\/button>\n        <\/h2>\n        <div id=\"accordion-69e1e99824bd8-collapse\" class=\"accordion-collapse collapse\" aria-labelledby=\"accordion-69e1e99824bd8-heading\">\n            <div class=\"accordion-body\"><span style=\"text-decoration: underline;\">Eesti Punane Raamat<\/span>: Lendorav ehk harilik lendorav on oravlaste sugukonda kuuluv haruldane n\u00e4riline. Emaslendorav kaalub umbes 150 grammi, isasloomad on keskmiselt pisut v\u00e4iksemad. Nende keha on 13\u201320 cm pikk, lamejas saba on 9\u201314 cm pikk. Lendorava silmad on suhteliselt suured ja mustad. Suured silmad on talle kasulikud \u00f6\u00f6sel pimedas n\u00e4gemiseks, sest lendorav on aktiivne peamiselt \u00f6\u00f6siti. Keha katab \u00fcleni hall karvastik, k\u00f5huosa on m\u00f5nev\u00f5rra heledam kui selg. Esi- ja tagaj\u00e4semete vahel paikneb nahakurd. \/\u2026\/ Elavad nad tavaliselt 5 kuni 6 aasta vanuseks.Lendorav on looduskaitse all. (Marite Ehrlich, <a href=\"https:\/\/elurikkus.ee\/bie-hub\/species\/94944\">https:\/\/elurikkus.ee\/bie-hub\/species\/94944<\/a>)\n<p><span style=\"text-decoration: underline;\">Poeetiline Punane Raamat<\/span>: Juba ammu v\u00f5patan ma r\u00e4hnide trummelduste peale. Ronin oma haava\u00f5\u00f5nsusest v\u00e4lja kuulama kas see pole mitte mootorsae h\u00e4\u00e4l (<a href=\"http:\/\/www.ukk.ee\/Ora%20et%20Labora\/Punane%20raamat\/Eesti\">http:\/\/www.ukk.ee\/Ora%20et%20Labora\/Punane%20raamat\/Eesti<\/a>) Vaata ka lehek\u00fclge kuningkiilist: <a href=\"https:\/\/ukk.ee\/et\/poeesia\/\">https:\/\/ukk.ee\/et\/poeesia\/<\/a><\/p><\/div>\n        <\/div>\n        <\/div>\n    <\/div>\n<ul>\n<li>Millise taime v\u00f5i looma valiksid sina oma poeetilisse punasesse raamatusse ja miks? Mida sa temast kirjutaksid?<\/li>\n<\/ul>\n<p>\u00a0<\/p><div class=\"accordion mb-3\">\n        <div class=\"accordion-item accordion-item--white\">\n        <h2 class=\"accordion-header\" id=\"accordion-69e1e99824bf9-heading\">\n            <button class=\"accordion-button collapsed\" type=\"button\" data-bs-toggle=\"collapse\" data-bs-target=\"#accordion-69e1e99824bf9-collapse\" aria-expanded=\"true\" aria-controls=\"accordion-69e1e99824bf9-collapse\">Tund ikoonist II kooliastmele<\/button>\n        <\/h2>\n        <div id=\"accordion-69e1e99824bf9-collapse\" class=\"accordion-collapse collapse\" aria-labelledby=\"accordion-69e1e99824bf9-heading\">\n            <div class=\"accordion-body\">\n<p style=\"line-height: 1.2; margin-top: 0pt; margin-bottom: 0pt;\"><em>Tunni idee autor: Nete Tutsu<\/em><\/p>\n<p style=\"line-height: 1.2; margin-top: 0pt; margin-bottom: 0pt;\"><strong>Sissejuhatus teemasse<\/strong><\/p>\n<p style=\"line-height: 1.2; margin-top: 0pt; margin-bottom: 0pt;\">Ikoone kasutatakse palju arvutite maailmas \u2013 seal on ikoon m\u00e4rk, mis mingi sarnase joone t\u00f5ttu viitab mingile objektile v\u00f5i t\u00e4hendusele. K\u00fcsi lastelt, milliseid ikoone nad tunnevad ja kasutavad.\u00a0 M\u00f5iste on aga tulnud kreeka keelest, kus \u03b5\u1f30\u03ba\u03ce\u03bd\u00a0 t\u00e4hendab \u2018kuju\u2019 v\u00f5i \u2018kujutist\u2019. Ikoon on palju vanem m\u00f5iste kui arvuti, seda on juba mitu aastatuhandet kasutatud kirikus.<\/p>\n<p style=\"line-height: 1.2; margin-top: 0pt; margin-bottom: 0pt;\"><strong>Ikoonid ida kirikus<\/strong><\/p>\n<p style=\"line-height: 1.2; margin-top: 0pt; margin-bottom: 0pt;\">Ikoonid on Ukraina kreeka-katoliku kirikust leiab eest palju ikoone. Sarnaselt \u00f5igeusu kirikule on ikoonid siin v\u00e4ga olulised. K\u00fcsi lastelt, kes on ikoone n\u00e4inud, mida ikoonide juures tehakse. Ilmselt on lapsi, kelle kogemusele saab siin toetuda.<\/p>\n<p style=\"line-height: 1.2; margin-top: 0pt; margin-bottom: 0pt;\">Seej\u00e4rel t\u00e4itke t\u00f6\u00f6lehelt \u00fclesanne m\u00f5testada P\u00fcha Gregorius Suure m\u00f5ttetera ikoonide t\u00e4hendusest ida kiriku traditsioonis.\u00a0<\/p>\n<p style=\"line-height: 1.2; margin-top: 0pt; margin-bottom: 0pt;\"><img loading=\"lazy\" decoding=\"async\" id=\"docs-internal-guid-7a5294b9-722c-3dc4-000e-295ec7380aca\" style=\"border: none;\" src=\"https:\/\/lh5.googleusercontent.com\/pTkacmbfoyfDmfqNJL2BoQSO4pjcuVyEDnipl9sak1B1qYNu5u4x8b583qHpTxWE5El4jEXU8ZlvZCjcKMLiovYU0fJd_Urq_8ONueZEytS5Fsuh_kMzt1KfwAcmWmDGUOux04GRUNxk0TBSwQ\" width=\"527\" height=\"284\"><\/p>\n<p style=\"line-height: 1.2; margin-top: 0pt; margin-bottom: 0pt;\">Vaadake koos videoklippi sellest, kuidas valmib keerukas ikoon:<\/p>\n<p style=\"line-height: 1.2; margin-top: 0pt; margin-bottom: 0pt;\"><\/p><div class=\"ratio ratio-16x9 mb-3\"><div class=\"video-placeholder-wrapper video-placeholder-wrapper--16x9\">\n\t\t\t    <div class=\"video-placeholder d-flex justify-content-center align-items-center\">\n\t\t\t        <div class=\"overlay text-white p-2 w-100 text-center d-block justify-content-center align-items-center\">\n\t\t\t            <div>Kolmandate osapoolte sisu n\u00e4gemiseks palun n\u00f5ustu k\u00fcpsistega.<\/div>\n\t\t\t            <button class=\"btn btn-secondary btn-sm mt-1 consent-change\">Muuda n\u00f5usolekut<\/button>\n\t\t\t        <\/div>\n\t\t\t    <\/div>\n\t\t\t<\/div>\n<\/div>\n<p style=\"line-height: 1.2; margin-top: 0pt; margin-bottom: 0pt;\"><strong>Oma ikoon<\/strong><\/p>\n<p style=\"line-height: 1.2; margin-top: 0pt; margin-bottom: 0pt;\">Ikooni loomise protsessi nimetatakse kirjutamiseks v\u00e4rvidega. Igal v\u00e4rvil on oma t\u00e4hendus.\u00a0<\/p>\n<p style=\"line-height: 1.2; margin-top: 0pt; margin-bottom: 0pt;\">\u00d5pilase saavad kas valida \u00fche ikooni, mille nad tahavad v\u00e4rvida (failid \u201cIkoon 1\u201d \u2013 \u201cIkoon4\u201d) v\u00f5i teha oma ikooni sellest, milles tema oma valikute tegemisel juhindub. Palu lastel ikooni k\u00f5rvale kirjutada ka iga v\u00e4rvi t\u00e4hendus, nagu nemad seda oma ikoonil kasutavad. Traditsioonilised v\u00e4rvide t\u00e4hendused leiab lehel \u201cV\u00e4rvide t\u00e4hendus ikoonidel\u201d. \u00d5pilased oma ikoonil v\u00e4rvidele anda oma t\u00e4henduse, kuid inspiratsiooni saab ammutada ka vanast traditsioonist.<\/p>\n<p>Ikooni loomise taustaks v\u00f5ib kuulata Soomes Valamos tegutseva \u00f5igeusu kloostri munkade laulu.<\/p>\n<p><\/p><div class=\"ratio ratio-16x9 mb-3\"><div class=\"video-placeholder-wrapper video-placeholder-wrapper--16x9\">\n\t\t\t    <div class=\"video-placeholder d-flex justify-content-center align-items-center\">\n\t\t\t        <div class=\"overlay text-white p-2 w-100 text-center d-block justify-content-center align-items-center\">\n\t\t\t            <div>Kolmandate osapoolte sisu n\u00e4gemiseks palun n\u00f5ustu k\u00fcpsistega.<\/div>\n\t\t\t            <button class=\"btn btn-secondary btn-sm mt-1 consent-change\">Muuda n\u00f5usolekut<\/button>\n\t\t\t        <\/div>\n\t\t\t    <\/div>\n\t\t\t<\/div>\n<\/div>\n<p>Tunni l\u00f5pus tutvustavad \u00f5pilased \u00fcksteisele valminud t\u00f6id.<\/p>\n<p style=\"line-height: 1.2; margin-top: 0pt; margin-bottom: 0pt;\"><span style=\"font-size: 11pt; font-family: 'Helvetica Neue'; color: #000000; background-color: transparent; font-weight: 400; font-style: normal; font-variant: normal; text-decoration: none; vertical-align: baseline;\">Kasutatud kirjandus:<\/span><\/p>\n<p style=\"line-height: 1.2; margin-top: 0pt; margin-bottom: 0pt;\"><span style=\"font-size: 11pt; font-family: 'Helvetica Neue'; color: #000000; background-color: transparent; font-weight: bold; font-style: normal; font-variant: normal; text-decoration: none; vertical-align: baseline;\">Michel Quenot,<\/span><span style=\"font-size: 11pt; font-family: 'Helvetica Neue'; color: #000000; background-color: transparent; font-weight: 400; font-style: normal; font-variant: normal; text-decoration: none; vertical-align: baseline;\"> 1991<em> Ikoon. Aken Kuningriiki<\/em>. Logos<\/span><\/p>\n<p style=\"line-height: 1.2; margin-top: 0pt; margin-bottom: 0pt;\"><span style=\"font-size: 11pt; font-family: 'Helvetica Neue'; color: #000000; background-color: transparent; font-weight: bold; font-style: normal; font-variant: normal; text-decoration: none; vertical-align: baseline;\">Konrad Onasch, Annemarie Schnieper<\/span><span style=\"font-size: 11pt; font-family: 'Helvetica Neue'; color: #000000; background-color: transparent; font-style: normal; font-variant: normal; text-decoration: none; vertical-align: baseline;\">, 2003<\/span><em><span style=\"font-size: 11pt; font-family: 'Helvetica Neue'; color: #000000; background-color: transparent; font-weight: 400; font-variant: normal; text-decoration: none; vertical-align: baseline;\"> Ikoonid. Lummus ja t<\/span><span style=\"font-size: 11pt; font-family: Arimo; color: #000000; background-color: transparent; font-weight: 400; font-variant: normal; text-decoration: none; vertical-align: baseline;\">\u00f5<\/span><\/em><span style=\"font-size: 11pt; font-family: 'Helvetica Neue'; color: #000000; background-color: transparent; font-weight: 400; font-style: normal; font-variant: normal; text-decoration: none; vertical-align: baseline;\"><em>elisus<\/em>. O<\/span><span style=\"font-size: 11pt; font-family: Arimo; color: #000000; background-color: transparent; font-weight: 400; font-style: normal; font-variant: normal; text-decoration: none; vertical-align: baseline;\">\u00dc <\/span><span style=\"font-size: 11pt; font-family: 'Helvetica Neue'; color: #000000; background-color: transparent; font-weight: 400; font-style: normal; font-variant: normal; text-decoration: none; vertical-align: baseline;\">Trak Pen<\/span><\/p>\n<p><span style=\"font-size: 11pt; font-family: 'Helvetica Neue'; color: #000000; background-color: transparent; font-weight: 400; font-style: normal; font-variant: normal; text-decoration: none; vertical-align: baseline;\">pilt \u2013 Andrei Rubljov ikoon <\/span><span style=\"font-size: 11pt; font-family: Arimo; color: #000000; background-color: transparent; font-weight: 400; font-style: normal; font-variant: normal; text-decoration: none; vertical-align: baseline;\">\u201c<\/span><span style=\"font-size: 11pt; font-family: 'Helvetica Neue'; color: #000000; background-color: transparent; font-weight: 400; font-style: normal; font-variant: normal; text-decoration: none; vertical-align: baseline;\">Kolmainsus<\/span><span style=\"font-size: 11pt; font-family: Arimo; color: #000000; background-color: transparent; font-weight: 400; font-style: normal; font-variant: normal; text-decoration: none; vertical-align: baseline;\">\u201d<\/span><\/p><\/div>\n        <\/div>\n        <\/div>\n    <\/div>\n\n\n<div class=\"wp-block-group attached-files-group is-layout-constrained wp-block-group-is-layout-constrained\">\n<div class=\"wp-block-file\"><a id=\"wp-block-file--media-3737ee83-bbfc-4928-954b-6d2084cbaacc\" href=\"https:\/\/sisu.ut.ee\/wp-content\/uploads\/sites\/167\/ikoon_4.pdf\" target=\"_blank\" rel=\"noreferrer noopener\">Ikoon 4<\/a><\/div>\n\n\n\n<div class=\"wp-block-file\"><a id=\"wp-block-file--media-5971d603-f003-4921-893e-b89195fc49ef\" href=\"https:\/\/sisu.ut.ee\/wp-content\/uploads\/sites\/167\/ikoon_2.pdf\" target=\"_blank\" rel=\"noreferrer noopener\">Ikoon 2<\/a><\/div>\n\n\n\n<div class=\"wp-block-file\"><a id=\"wp-block-file--media-4169b4a0-9a14-4fed-aced-58f5e3a4b3d2\" href=\"https:\/\/sisu.ut.ee\/wp-content\/uploads\/sites\/167\/ikoon_3.pdf\" target=\"_blank\" rel=\"noreferrer noopener\">Ikoon 3<\/a><\/div>\n\n\n\n<div class=\"wp-block-file\"><a id=\"wp-block-file--media-b83af1fb-2375-4997-a9a6-bed702c65d57\" href=\"https:\/\/sisu.ut.ee\/wp-content\/uploads\/sites\/167\/ikoon_1.pdf\" target=\"_blank\" rel=\"noreferrer noopener\">Ikoon 1<\/a><\/div>\n\n\n\n<div class=\"wp-block-file\"><a id=\"wp-block-file--media-ccb3f47c-ecfd-440f-ac42-21cdda925c18\" href=\"https:\/\/sisu.ut.ee\/wp-content\/uploads\/sites\/167\/varvide_tahendus_ikoonidel.pdf\" target=\"_blank\" rel=\"noreferrer noopener\">V\u00e4rvide tahendus ikoonidel<\/a><\/div>\n<\/div>\n","protected":false},"excerpt":{"rendered":"<p>Kreeka-katoliiklased on kristlased. Paljud Tallinnas elavad ukrainlased k\u00e4ivad koos Ukraina kultuurikeskuses ja kirikus. See on v\u00e4ike v\u00f5lumaailm, kus eriliselt palvetatakse looduse eest. N\u00e4iteks leiab sealsel ikoonil lehma Nudipea. Kirikus leiab Poeetilise Punase Raamatu ning palju omatehtud m\u00e4nguasju. Anatoli Ljutjuk r\u00e4\u00e4gib, &#8230;<\/p>\n","protected":false},"author":31,"featured_media":0,"parent":0,"menu_order":0,"comment_status":"closed","ping_status":"closed","template":"","meta":{"_acf_changed":false,"inline_featured_image":false,"footnotes":""},"class_list":["post-9","page","type-page","status-publish","hentry"],"acf":[],"_links":{"self":[{"href":"https:\/\/sisu.ut.ee\/kohtumised\/wp-json\/wp\/v2\/pages\/9","targetHints":{"allow":["GET"]}}],"collection":[{"href":"https:\/\/sisu.ut.ee\/kohtumised\/wp-json\/wp\/v2\/pages"}],"about":[{"href":"https:\/\/sisu.ut.ee\/kohtumised\/wp-json\/wp\/v2\/types\/page"}],"author":[{"embeddable":true,"href":"https:\/\/sisu.ut.ee\/kohtumised\/wp-json\/wp\/v2\/users\/31"}],"replies":[{"embeddable":true,"href":"https:\/\/sisu.ut.ee\/kohtumised\/wp-json\/wp\/v2\/comments?post=9"}],"version-history":[{"count":10,"href":"https:\/\/sisu.ut.ee\/kohtumised\/wp-json\/wp\/v2\/pages\/9\/revisions"}],"predecessor-version":[{"id":195,"href":"https:\/\/sisu.ut.ee\/kohtumised\/wp-json\/wp\/v2\/pages\/9\/revisions\/195"}],"wp:attachment":[{"href":"https:\/\/sisu.ut.ee\/kohtumised\/wp-json\/wp\/v2\/media?parent=9"}],"curies":[{"name":"wp","href":"https:\/\/api.w.org\/{rel}","templated":true}]}}