{"id":8,"date":"2024-04-04T02:24:38","date_gmt":"2024-04-03T23:24:38","guid":{"rendered":"https:\/\/sisu.ut.ee\/kohtumised\/benedikt-nelipuhi-kirikust\/"},"modified":"2025-03-18T19:56:04","modified_gmt":"2025-03-18T17:56:04","slug":"benedikt-nelipuhi-kirikust","status":"publish","type":"page","link":"https:\/\/sisu.ut.ee\/kohtumised\/benedikt-nelipuhi-kirikust\/","title":{"rendered":"Benedikt nelip\u00fchi kirikust"},"content":{"rendered":"<p>Nelip\u00fchilased on kristlased. Nad on oma nime saanud nelip\u00fchade j\u00e4rgi. See m\u00e4rgib P\u00fcha Vaimu t\u00e4htsust nende elus. Nelip\u00fchilaste jaoks teeb P\u00fcha Vaim usu elavaks. Nelip\u00fchilased palvetavad n\u00e4iteks haigete tervenemise eest ja r\u00e4\u00e4givad sellest, kuidas nad on kogenud palvevastuseid.<\/p>\n<p>Benedikt oskab r\u00e4\u00e4kida viies keeles. Ta on nelip\u00fchi kirikust. Ta r\u00e4\u00e4gib, mida ta seal teeb ning mis on palve. Kuuleme ka tema perest ja sellest, millega ta veel tegeleb. Benedikt arutab, mis on tema jaoks \u00fcksteisest lugupidamine.<\/p>\n<p>Arutlege:<\/p>\n<ul>\n<li>Benedikti jutu vahele n\u00e4idatakse l\u00f5ike nelip\u00fchi kiriku jumateenistusest.\u00a0 Kuidas sina kirjeldaksid seda?<\/li>\n<li>Mida sinu jaoks t\u00e4hendab \u00fcksteistest lugupidamine? Kuidas me selle \u00e4ra tunneme?<\/li>\n<\/ul>\n<p><\/p><div class=\"ratio ratio-16x9 mb-3\"><div class=\"video-placeholder-wrapper video-placeholder-wrapper--16x9\">\n\t\t\t    <div class=\"video-placeholder d-flex justify-content-center align-items-center\">\n\t\t\t        <div class=\"overlay text-white p-2 w-100 text-center d-block justify-content-center align-items-center\">\n\t\t\t            <div>Kolmandate osapoolte sisu n\u00e4gemiseks palun n\u00f5ustu k\u00fcpsistega.<\/div>\n\t\t\t            <button class=\"btn btn-secondary btn-sm mt-1 consent-change\">Muuda n\u00f5usolekut<\/button>\n\t\t\t        <\/div>\n\t\t\t    <\/div>\n\t\t\t<\/div>\n<\/div> (<a href=\"_wp_link_placeholder\" data-wplink-edit=\"true\">https:\/\/youtu.be\/XF1tbJzOOno<\/a>)\n\n\n<div class=\"wp-block-group attached-files-group is-layout-constrained wp-block-group-is-layout-constrained\"><\/div>\n","protected":false},"excerpt":{"rendered":"<p>Nelip\u00fchilased on kristlased. Nad on oma nime saanud nelip\u00fchade j\u00e4rgi. See m\u00e4rgib P\u00fcha Vaimu t\u00e4htsust nende elus. Nelip\u00fchilaste jaoks teeb P\u00fcha Vaim usu elavaks. Nelip\u00fchilased palvetavad n\u00e4iteks haigete tervenemise eest ja r\u00e4\u00e4givad sellest, kuidas nad on kogenud palvevastuseid. Benedikt oskab &#8230;<\/p>\n","protected":false},"author":31,"featured_media":0,"parent":0,"menu_order":0,"comment_status":"closed","ping_status":"closed","template":"","meta":{"_acf_changed":false,"inline_featured_image":false,"footnotes":""},"class_list":["post-8","page","type-page","status-publish","hentry"],"acf":[],"_links":{"self":[{"href":"https:\/\/sisu.ut.ee\/kohtumised\/wp-json\/wp\/v2\/pages\/8","targetHints":{"allow":["GET"]}}],"collection":[{"href":"https:\/\/sisu.ut.ee\/kohtumised\/wp-json\/wp\/v2\/pages"}],"about":[{"href":"https:\/\/sisu.ut.ee\/kohtumised\/wp-json\/wp\/v2\/types\/page"}],"author":[{"embeddable":true,"href":"https:\/\/sisu.ut.ee\/kohtumised\/wp-json\/wp\/v2\/users\/31"}],"replies":[{"embeddable":true,"href":"https:\/\/sisu.ut.ee\/kohtumised\/wp-json\/wp\/v2\/comments?post=8"}],"version-history":[{"count":5,"href":"https:\/\/sisu.ut.ee\/kohtumised\/wp-json\/wp\/v2\/pages\/8\/revisions"}],"predecessor-version":[{"id":194,"href":"https:\/\/sisu.ut.ee\/kohtumised\/wp-json\/wp\/v2\/pages\/8\/revisions\/194"}],"wp:attachment":[{"href":"https:\/\/sisu.ut.ee\/kohtumised\/wp-json\/wp\/v2\/media?parent=8"}],"curies":[{"name":"wp","href":"https:\/\/api.w.org\/{rel}","templated":true}]}}