{"id":7,"date":"2024-04-04T02:24:38","date_gmt":"2024-04-03T23:24:38","guid":{"rendered":"https:\/\/sisu.ut.ee\/kohtumised\/oigeusk\/"},"modified":"2025-03-18T19:58:30","modified_gmt":"2025-03-18T17:58:30","slug":"oigeusk","status":"publish","type":"page","link":"https:\/\/sisu.ut.ee\/kohtumised\/oigeusk\/","title":{"rendered":"Anni ja Mari \u00f5igeusu kirikust"},"content":{"rendered":"<p>\u00d5igeusk on iidne kristlik konfessioon. \u00d5igeusu kirikuid leiame \u00fcle terve Eestimaa, neil on tihti toredad sibulakujulised kuplid. \u00d5igeusklike ehk ortodokside kodudes on ikoonid, millel on kujutatud nende jaoks p\u00fchad s\u00fcndmused ja inimesed ehk p\u00fchakud.<\/p>\n<p>Anni ja Mari elavad Setomaal ja nad on oigeusklikud. Nad r\u00e4\u00e4givad sellest, kuidas nemad \u00fclest\u00f5usmisp\u00fchi ehk munadep\u00fchi peavad \u2013 \u00f6isest jumalateenistusest, kirmaskist ja munaloomkast. Lisaks n\u00e4itavad nad ka oma rahvariideid, mida p\u00fchade ajal selga pannakse.<\/p>\n<p>Arutlege:<\/p>\n<ul>\n<li>Mida sa nende p\u00fchade pidamisest teada said? Mida tahaksid veel teada?<\/li>\n<li>Millised p\u00fchad on teie peres olulised? Kuidas teie neid t\u00e4histate?<\/li>\n<li>Annil ja Maril oli mitmeid erilisi esemeid, n\u00e4iteks p\u00fchasenurk ning rahvariided. Millised esemed on sinu jaoks erilised?<\/li>\n<\/ul>\n<p><\/p><div class=\"ratio ratio-16x9 mb-3\"><div class=\"video-placeholder-wrapper video-placeholder-wrapper--16x9\">\n\t\t\t    <div class=\"video-placeholder d-flex justify-content-center align-items-center\">\n\t\t\t        <div class=\"overlay text-white p-2 w-100 text-center d-block justify-content-center align-items-center\">\n\t\t\t            <div>Kolmandate osapoolte sisu n\u00e4gemiseks palun n\u00f5ustu k\u00fcpsistega.<\/div>\n\t\t\t            <button class=\"btn btn-secondary btn-sm mt-1 consent-change\">Muuda n\u00f5usolekut<\/button>\n\t\t\t        <\/div>\n\t\t\t    <\/div>\n\t\t\t<\/div>\n<\/div> (<a href=\"https:\/\/youtu.be\/b4S_x1LhdWQ\">https:\/\/youtu.be\/b4S_x1LhdWQ<\/a>)\n<p><\/p><div class=\"accordion mb-3\">\n        <div class=\"accordion-item accordion-item--white\">\n        <h2 class=\"accordion-header\" id=\"accordion-69dedf304491e-heading\">\n            <button class=\"accordion-button collapsed\" type=\"button\" data-bs-toggle=\"collapse\" data-bs-target=\"#accordion-69dedf304491e-collapse\" aria-expanded=\"true\" aria-controls=\"accordion-69dedf304491e-collapse\">\u00d5igeusk ja \u00fclest\u00f5usmisp\u00fchad \u2013 tund II kooliastmes<\/button>\n        <\/h2>\n        <div id=\"accordion-69dedf304491e-collapse\" class=\"accordion-collapse collapse\" aria-labelledby=\"accordion-69dedf304491e-heading\">\n            <div class=\"accordion-body\">\n<p><em>Tunni idee autor: Aleksandra Sooniste<\/em><\/p>\n<p><strong>Sissejuhatus<\/strong>. \u00d5petaja r\u00e4\u00e4gib v\u00f5i loevad \u00f5pilased iseseisvalt.<\/p>\n<p><em>\u00d5igeusu kirik on \u00fcks suurematest kristlikest kirikutest. See t\u00e4hendab, et tal on teiste kristlike kirikutega v\u00e4ga palju sarnast ja m\u00f5ningad erinevused. K\u00f5ige sarnasem on \u00f5igeusu kirik katoliku kirikule. Maailmas on \u00fcle 250 miljoni oigeuskliku.\u00a0 Sarnaselt katoliiklastele usuvad oigeusklikud, et Jumal (Jeesus Kristus) seadis sisse p\u00fchad toimingud, mille kaudu antakse usklikele edasi Jumala arm.<\/em><\/p>\n<hr>\n<p><strong>M\u00e4ngi Kahooti<\/strong> (\u00fcksi v\u00f5i koos paarilisega) ja saad teada, millised p\u00fchad toimingud on \u00f5igeusu kiriku sakramendid. Kahooti saab m\u00e4ngida mobiiltelefonis:\u00a0 kahoot.it, m\u00e4ngunumber 9727716.<\/p>\n<hr>\n<p>J\u00e4rgmine \u00fclesanne lahendatakse k\u00f5igepealt individuaalselt, seej\u00e4rel arutatakse paarilisega: <strong>Millised toimingud on olulised sinule ja sinu l\u00e4hedastele<\/strong>?<\/p>\n<hr>\n<p><strong>\u00dclest\u00f5usmise t\u00e4hendus \u00f5igeusus<\/strong>.<\/p>\n<p><em>Nagu teisedki kristlased, usuvad oigeusklikud, et Jeesus t\u00f5usis kolmandal p\u00e4eval p\u00e4rast ristisurma \u00fcles ja lunastas oma surmaga inimeste patud. Jeesuse \u00fclest\u00f5usmisele on p\u00fchendatud oigeusklike k\u00f5ige t\u00e4htsam p\u00fcha \u2013 Paasap\u00fcha. Lisaks muudele toimetustele kaunistavad oigeusklikud \u00fclest\u00f5usmisp\u00fchadel mune. Nad ei nimeta seda kaunistamist v\u00e4rvimiseks, nagu meie seda teeme, vaid kirjutamiseks.<\/em><\/p>\n<p>Hoolega kirjutatud munad on t\u00f5elised kunstiteosed. Vaata videot ja uuri pilte.<\/p>\n<p><\/p><div class=\"ratio ratio-16x9 mb-3\"><div class=\"video-placeholder-wrapper video-placeholder-wrapper--16x9\">\n\t\t\t    <div class=\"video-placeholder d-flex justify-content-center align-items-center\">\n\t\t\t        <div class=\"overlay text-white p-2 w-100 text-center d-block justify-content-center align-items-center\">\n\t\t\t            <div>Kolmandate osapoolte sisu n\u00e4gemiseks palun n\u00f5ustu k\u00fcpsistega.<\/div>\n\t\t\t            <button class=\"btn btn-secondary btn-sm mt-1 consent-change\">Muuda n\u00f5usolekut<\/button>\n\t\t\t        <\/div>\n\t\t\t    <\/div>\n\t\t\t<\/div>\n<\/div>\n<hr>\n<p>Klassi vestlus: <strong>Millised on teie pere \u00fclest\u00f5usmisp\u00fchade kombed?<\/strong><\/p>\n<hr>\n<p><strong>\u00dclesanne t\u00f6\u00f6lehelt<\/strong>: V\u00e4rvi muna ja vaata, kellel sinu klassikaaslastest on sinuga k\u00f5ige sarnasem tulemus.<\/p>\n<hr>\n<p><strong>T\u00f6\u00f6lehel kasutatud pildid:<\/strong><\/p>\n<p>http:\/\/www.emuszine.com\/Egg%20Contest%20Archives\/images\/Lorrie%20Popow%20pysanky%20emu%20egg%201.jpg<\/p>\n<p><a href=\"http:\/\/www.emuszine.com\/Egg%20Contest%20Archives\/images\/Lorrie%20Popow%20pysanky%204.jpg\">http:\/\/www.emuszine.com\/Egg%20Contest%20Archives\/images\/Lorrie%20Popow%20pysanky%204.jpg<\/a><\/p>\n<p>https:\/\/2.bp.blogspot.com\/-mu96oitVcyU\/WCZAuUET65I\/AAAAAAAAB6k\/FqWxjVQ-Kc4WA39BCAbh924T_8bTTXHhQCLcB\/s1600\/lorrie-popow-egg-184.jpg<\/p>\n<p><\/p><\/div>\n        <\/div>\n        <\/div>\n    <\/div>\n\n\n<div class=\"wp-block-group attached-files-group is-layout-constrained wp-block-group-is-layout-constrained\">\n<div class=\"wp-block-file\"><a href=\"https:\/\/sisu.ut.ee\/wp-content\/uploads\/sites\/167\/oigeusk_ja_ulestousmispuhad.pdf\" target=\"_blank\" rel=\"noreferrer noopener\">\u00d5igeusk_ja_\u00fclest\u00f5usmisp\u00fchad<\/a><\/div>\n<\/div>\n","protected":false},"excerpt":{"rendered":"<p>\u00d5igeusk on iidne kristlik konfessioon. \u00d5igeusu kirikuid leiame \u00fcle terve Eestimaa, neil on tihti toredad sibulakujulised kuplid. \u00d5igeusklike ehk ortodokside kodudes on ikoonid, millel on kujutatud nende jaoks p\u00fchad s\u00fcndmused ja inimesed ehk p\u00fchakud. Anni ja Mari elavad Setomaal ja &#8230;<\/p>\n","protected":false},"author":31,"featured_media":0,"parent":0,"menu_order":0,"comment_status":"closed","ping_status":"closed","template":"","meta":{"_acf_changed":false,"inline_featured_image":false,"footnotes":""},"class_list":["post-7","page","type-page","status-publish","hentry"],"acf":[],"_links":{"self":[{"href":"https:\/\/sisu.ut.ee\/kohtumised\/wp-json\/wp\/v2\/pages\/7","targetHints":{"allow":["GET"]}}],"collection":[{"href":"https:\/\/sisu.ut.ee\/kohtumised\/wp-json\/wp\/v2\/pages"}],"about":[{"href":"https:\/\/sisu.ut.ee\/kohtumised\/wp-json\/wp\/v2\/types\/page"}],"author":[{"embeddable":true,"href":"https:\/\/sisu.ut.ee\/kohtumised\/wp-json\/wp\/v2\/users\/31"}],"replies":[{"embeddable":true,"href":"https:\/\/sisu.ut.ee\/kohtumised\/wp-json\/wp\/v2\/comments?post=7"}],"version-history":[{"count":6,"href":"https:\/\/sisu.ut.ee\/kohtumised\/wp-json\/wp\/v2\/pages\/7\/revisions"}],"predecessor-version":[{"id":202,"href":"https:\/\/sisu.ut.ee\/kohtumised\/wp-json\/wp\/v2\/pages\/7\/revisions\/202"}],"wp:attachment":[{"href":"https:\/\/sisu.ut.ee\/kohtumised\/wp-json\/wp\/v2\/media?parent=7"}],"curies":[{"name":"wp","href":"https:\/\/api.w.org\/{rel}","templated":true}]}}