{"id":6,"date":"2024-04-04T02:24:38","date_gmt":"2024-04-03T23:24:38","guid":{"rendered":"https:\/\/sisu.ut.ee\/kohtumised\/baptism\/"},"modified":"2025-03-18T19:54:49","modified_gmt":"2025-03-18T17:54:49","slug":"baptism","status":"publish","type":"page","link":"https:\/\/sisu.ut.ee\/kohtumised\/baptism\/","title":{"rendered":"Lisete baptistikogudusest"},"content":{"rendered":"<p>Baptistid on kristlased. Eestis leidub baptiste k\u00f5igis maakondades. Nende eripalgelised kogudused on koondund\u00a0Eesti Evangeeliumi Kristlaste ja Baptistide Koguduste Liiduks. Baptistid peavad oluliseks, et usk m\u00f5jutab ka nende k\u00e4itumist. Nad \u00f5pivad koos piiblit tundma, palvetavad ja laulavad. Nad tegelevad ka vaeste abistamisega. Selleks on loodud n\u00e4iteks poekett \u201cS\u00f5bralt s\u00f5brale\u201d.<\/p>\n<p>Lisete peres on neli last. Ta r\u00e4\u00e4gib oma perest, sellest, mida ta usub ning oma usuleust.<\/p>\n<p>Arutlege:<\/p>\n<ul>\n<li>Mida Lisete usub? Kuidas see m\u00f5jutab tema elu?<\/li>\n<li>Mis uskudega oled sa veel kokku puutunud?<\/li>\n<li>Kas sinul on midagi, mida sa nimetaksid p\u00fchaks?<\/li>\n<\/ul>\n<p><\/p><div class=\"ratio ratio-16x9 mb-3\"><div class=\"video-placeholder-wrapper video-placeholder-wrapper--16x9\">\n\t\t\t    <div class=\"video-placeholder d-flex justify-content-center align-items-center\">\n\t\t\t        <div class=\"overlay text-white p-2 w-100 text-center d-block justify-content-center align-items-center\">\n\t\t\t            <div>Kolmandate osapoolte sisu n\u00e4gemiseks palun n\u00f5ustu k\u00fcpsistega.<\/div>\n\t\t\t            <button class=\"btn btn-secondary btn-sm mt-1 consent-change\">Muuda n\u00f5usolekut<\/button>\n\t\t\t        <\/div>\n\t\t\t    <\/div>\n\t\t\t<\/div>\n<\/div> (<a href=\"https:\/\/youtu.be\/L0grbNAVg_g\">https:\/\/youtu.be\/L0grbNAVg_g<\/a>)\n<p><\/p><div class=\"accordion mb-3\">\n        <div class=\"accordion-item accordion-item--white\">\n        <h2 class=\"accordion-header\" id=\"accordion-69df57bfc3c6e-heading\">\n            <button class=\"accordion-button collapsed\" type=\"button\" data-bs-toggle=\"collapse\" data-bs-target=\"#accordion-69df57bfc3c6e-collapse\" aria-expanded=\"true\" aria-controls=\"accordion-69df57bfc3c6e-collapse\">Baptism ja osadus. Tunni ideid II kooliastmele<\/button>\n        <\/h2>\n        <div id=\"accordion-69df57bfc3c6e-collapse\" class=\"accordion-collapse collapse\" aria-labelledby=\"accordion-69df57bfc3c6e-heading\">\n            <div class=\"accordion-body\">\n<p><em><em>Tunni idee autor: Aleksandra Sooniste<\/em><\/em><\/p>\n<p><strong>Sissejuhatus<\/strong>. \u00d5petaja r\u00e4\u00e4gib v\u00f5i loevad \u00f5pilased t\u00f6\u00f6lehelt.<\/p>\n<p><em>Baptistid on kristlased. See t\u00e4hendab, et nagu teisedki kristlased usuvad baptistid, et inimene elab maailmas ainult \u00fcks kord ja maapealsele elule j\u00e4rgneb igavene elu. Baptisti kirik sai alguse reformatsioonist ja erinevalt teistest kirikutest ristivad nad ainult t\u00e4iskasvanuid, sest usuvad, et kristlaseks olemine peab olema iga inimese teadlik ja vabatahtlik otsus.<\/em><\/p>\n<hr>\n<p><strong>Arutelu: kes on t\u00e4sikasvanu?<\/strong>\u00a0<\/p>\n<p>Kui vanalt saab inimene t\u00e4iskasvanuks? Selle \u00fclesande v\u00f5ib teha r\u00fchmat\u00f6\u00f6na, kus iga r\u00fchm saab \u00fche pildil oleva inimesed (vastavalt Lines Justin, Malala Yousufzai, Abiola Pipps). Uurige, mille poolest on tuntud pildil olevad inimesed. Otsustage \u00fcheskoos, kui t\u00e4iskasvanud inimene on. P\u00f5hjendage oma arvamust.<\/p>\n<p>Kirjutage koos pinginaabriga 4 asja, mida oskavad lapsed t\u00e4iskasvanutest paremini ja 4 asja\u00a0 mida oskavad t\u00e4iskasvanud lapsest paremini?<\/p>\n<p>Mida t\u00e4hendab t\u00e4iskasvanuks olemine?<\/p>\n<p>Mis te arvate, miks ristivad baptistid ainult t\u00e4iskasvanuid?<\/p>\n<hr>\n<p><strong>Heateo projekt<\/strong><\/p>\n<p>Baptistid on tuntud aktiivse heategevuse ja osalemise eest \u00fchiskonnas. Eestis tegeletakse p\u00f5hiliselt humanitaarabi andmise, sotsiaalt\u00f6\u00f6 ja t\u00e4navalastet\u00f6\u00f6ga. Iga inimene saab teha maailma paremaks.<\/p>\n<p>Viige oma klassis l\u00e4bi projekt \u201cIgap\u00e4evane heategu\u201d ja \u00fcllatage oma koolikaaslasi.<\/p>\n<p>Projekti l\u00e4biviimiseks l\u00e4heb vaja kalendrit (v\u00f5ib olla ka virutaalne v\u00f5i Google Calendar, mida saab jagada terve klassiga), arvutit ja projektorit.<\/p>\n<p>Tegevused:<\/p>\n<ol>\n<li>Iga \u00f5pilane kirjutab \u00fche heateo m\u00e4rkmepaberile. Heategu peab olema selline, mida saab teha kas koolis v\u00f5i kodukohas.<\/li>\n<li>K\u00f5ik m\u00e4rkmepaberid kogutakse kokku ja \u00fcks \u00f5pilane v\u00f5i \u00f5petaja sisestab need loosirattasse:<\/li>\n<\/ol>\n<p><a href=\"https:\/\/www.classtools.net\/random-name-picker\/\">https:\/\/www.classtools.net\/random-name-picker\/<\/a> (heategude sisestamiseks tuleb vajutada loosiratta all olevaid s\u00f5nu \u201cEdit\/Save\u201d, seej\u00e4rel tuleb sisestada heateod \u00fcksteise alla. Kui k\u00f5ik heateod on sisestatud, tuleb klikkida Submit).<\/p>\n<p>3. Otsige v\u00e4lja kalender, kuhu saab kuup\u00e4evadele juurde kirjutada ja hakake loosiratast keerutama. Loosiga saadud heategu kirjutage kalendrisse sobivale p\u00e4evale. Siis vajutage \u201cRemove\u201d ja loosige j\u00e4rgmine heategu.<\/p>\n<p>P.S Inspiratsiooniks v\u00f5ib vaadata Youtubest videosid otsingus\u00f5nadega \u201cRandom act of kindness\u201d.<\/p>\n<p>Soovi korral v\u00f5ite oma toredamaid heategusid jagada \u00fcleilmses keskkonnas <a href=\"https:\/\/s3.amazonaws.com\/compassionreports\/index.html\">https:\/\/s3.amazonaws.com\/compassionreports\/index.html<\/a><\/p>\n<hr>\n<p><strong>T\u00f6\u00f6lehel kasutaud fotod<\/strong><\/p>\n<p><a href=\"https:\/\/www.google.ee\/search?q=lines+justin+pipps&amp;source=lnms&amp;tbm=isch&amp;sa=X&amp;ved=0ahUKEwjkl_DOlrnYAhUGMZoKHUDEDSAQ_AUICigB&amp;biw=1366&amp;bih=637#imgrc=4NdGZSnSWnrUGM\">https:\/\/www.google.ee\/search?q=lines+justin+pipps&amp;source=lnms&amp;tbm=isch&amp;sa=X&amp;ved=0ahUKEwjkl_DOlrnYAhUGMZoKHUDEDSAQ_AUICigB&amp;biw=1366&amp;bih=637#imgrc=4NdGZSnSWnrUGM<\/a>:<\/p>\n<p><a href=\"https:\/\/www.huffingtonpost.com\/2013\/10\/10\/malala-faith-islam-next-generation_n_4072645.html\">https:\/\/www.huffingtonpost.com\/2013\/10\/10\/malala-faith-islam-next-generation_n_4072645.html<\/a><\/p>\n<p>http:\/\/www.nigerianmonitor.com\/photos-of-21-year-old-girl-inducted-by-the-nigerian-medical-council\/<\/p>\n<p><\/p><\/div>\n        <\/div>\n        <\/div>\n    <\/div>\n<p>\u00a0<\/p>\n\n\n<div class=\"wp-block-group attached-files-group is-layout-constrained wp-block-group-is-layout-constrained\">\n<div class=\"wp-block-file\"><a href=\"https:\/\/sisu.ut.ee\/wp-content\/uploads\/sites\/167\/baptism_ja_osadus.pdf\" target=\"_blank\" rel=\"noreferrer noopener\">Baptism_ja_osadus<\/a><\/div>\n<\/div>\n","protected":false},"excerpt":{"rendered":"<p>Baptistid on kristlased. Eestis leidub baptiste k\u00f5igis maakondades. Nende eripalgelised kogudused on koondund\u00a0Eesti Evangeeliumi Kristlaste ja Baptistide Koguduste Liiduks. Baptistid peavad oluliseks, et usk m\u00f5jutab ka nende k\u00e4itumist. Nad \u00f5pivad koos piiblit tundma, palvetavad ja laulavad. Nad tegelevad ka vaeste &#8230;<\/p>\n","protected":false},"author":31,"featured_media":0,"parent":0,"menu_order":0,"comment_status":"closed","ping_status":"closed","template":"","meta":{"_acf_changed":false,"inline_featured_image":false,"footnotes":""},"class_list":["post-6","page","type-page","status-publish","hentry"],"acf":[],"_links":{"self":[{"href":"https:\/\/sisu.ut.ee\/kohtumised\/wp-json\/wp\/v2\/pages\/6","targetHints":{"allow":["GET"]}}],"collection":[{"href":"https:\/\/sisu.ut.ee\/kohtumised\/wp-json\/wp\/v2\/pages"}],"about":[{"href":"https:\/\/sisu.ut.ee\/kohtumised\/wp-json\/wp\/v2\/types\/page"}],"author":[{"embeddable":true,"href":"https:\/\/sisu.ut.ee\/kohtumised\/wp-json\/wp\/v2\/users\/31"}],"replies":[{"embeddable":true,"href":"https:\/\/sisu.ut.ee\/kohtumised\/wp-json\/wp\/v2\/comments?post=6"}],"version-history":[{"count":4,"href":"https:\/\/sisu.ut.ee\/kohtumised\/wp-json\/wp\/v2\/pages\/6\/revisions"}],"predecessor-version":[{"id":192,"href":"https:\/\/sisu.ut.ee\/kohtumised\/wp-json\/wp\/v2\/pages\/6\/revisions\/192"}],"wp:attachment":[{"href":"https:\/\/sisu.ut.ee\/kohtumised\/wp-json\/wp\/v2\/media?parent=6"}],"curies":[{"name":"wp","href":"https:\/\/api.w.org\/{rel}","templated":true}]}}