{"id":5,"date":"2024-04-04T02:24:38","date_gmt":"2024-04-03T23:24:38","guid":{"rendered":"https:\/\/sisu.ut.ee\/kohtumised\/katoliiklus\/"},"modified":"2025-03-18T19:57:11","modified_gmt":"2025-03-18T17:57:11","slug":"katoliiklus","status":"publish","type":"page","link":"https:\/\/sisu.ut.ee\/kohtumised\/katoliiklus\/","title":{"rendered":"Anna katoliku kirikust"},"content":{"rendered":"<p>Katoliiklased on kristlased. Eestis on palju katoliiklasi.\u00a0Katoliku kogudused tegutsevad Tallinnas, Tartus, P\u00e4rnus, Valgas ja mitmes kohas Ida-ja L\u00e4\u00e4ne-Virumaal. Lisaks on katoliku kirikul Eestis mitu kloostrit ja ka \u00fcks \u00fcldhariduskool.<\/p>\n<p>Anna r\u00e4\u00e4gib oma elust katoliiklasena, Maarjast, paastuajast, oma r\u00f5\u00f5mudest ja muredest.<\/p>\n<p>Arutage:<\/p>\n<ul>\n<li>Mida te huvitavat teada saite?<\/li>\n<li>Anna r\u00e4\u00e4kis, mis teda r\u00f5\u00f5mustab. Arutage omavahel, mis teid r\u00f5\u00f5msaks ja kurvaks teeb?<\/li>\n<li>Anna r\u00e4\u00e4kis, mille poolest erineb tema peres paastuaeg tavalisest ajast. Mida teie teete, kui tahate keskenduda teie jaoks olulistele asjadele?<\/li>\n<\/ul>\n<p><\/p><div class=\"ratio ratio-16x9 mb-3\"><div class=\"video-placeholder-wrapper video-placeholder-wrapper--16x9\">\n\t\t\t    <div class=\"video-placeholder d-flex justify-content-center align-items-center\">\n\t\t\t        <div class=\"overlay text-white p-2 w-100 text-center d-block justify-content-center align-items-center\">\n\t\t\t            <div>Kolmandate osapoolte sisu n\u00e4gemiseks palun n\u00f5ustu k\u00fcpsistega.<\/div>\n\t\t\t            <button class=\"btn btn-secondary btn-sm mt-1 consent-change\">Muuda n\u00f5usolekut<\/button>\n\t\t\t        <\/div>\n\t\t\t    <\/div>\n\t\t\t<\/div>\n<\/div> (<a href=\"_wp_link_placeholder\" data-wplink-edit=\"true\">https:\/\/youtu.be\/qkxfYW2rNaE<\/a>)\n<p><\/p><div class=\"accordion mb-3\">\n        <div class=\"accordion-item accordion-item--white\">\n        <h2 class=\"accordion-header\" id=\"accordion-69df3e8a05c53-heading\">\n            <button class=\"accordion-button collapsed\" type=\"button\" data-bs-toggle=\"collapse\" data-bs-target=\"#accordion-69df3e8a05c53-collapse\" aria-expanded=\"true\" aria-controls=\"accordion-69df3e8a05c53-collapse\">Paastuaja kombeid erinevates katoliku maades \u2013 II kooliastmele<\/button>\n        <\/h2>\n        <div id=\"accordion-69df3e8a05c53-collapse\" class=\"accordion-collapse collapse\" aria-labelledby=\"accordion-69df3e8a05c53-heading\">\n            <div class=\"accordion-body\">\n<p><em>Idee autor: Aleksandra Sooniste<\/em><\/p>\n<p><strong>\u00dclest\u00f5usmisp\u00fchad ja sellele eelnev periood<\/strong><\/p>\n<p style=\"line-height: 1.38; margin-top: 0pt; margin-bottom: 0pt;\"><span style=\"font-size: 11pt; font-family: Arial; color: #000000; background-color: transparent; font-weight: 400; font-variant: normal; text-decoration: none; vertical-align: baseline;\">Katoliku kirik on k\u00f5ige suurem kristlik kirik. Nagu teisedki kristlikud kirikud usuvad katoliiklased, et on ainult \u00fcks Jumal, kes on loonud k\u00f5ik oleva ning Jeesus Kristus on Jumala poeg. <\/span><\/p>\n<p style=\"line-height: 1.38; margin-top: 0pt; margin-bottom: 0pt;\"><span style=\"font-size: 11pt; font-family: Arial; color: #000000; background-color: transparent; font-weight: 400; font-variant: normal; text-decoration: none; vertical-align: baseline;\">Kristlased t\u00e4histavad paastuajaga perioodi enne Kristuse \u00fclest\u00f5usmist. <strong>Paastuaeg<\/strong> algab 40 p\u00e4eva enne \u00fclest\u00f5usmisp\u00fchi. Sellel ajal tegelevad paljud kristlased vaimsete asjadega \u2013 m\u00f5tisklevad, palvetavad ja <\/span><span style=\"font-size: 11pt; font-family: Arial; color: #000000; background-color: transparent; font-weight: 400; font-variant: normal; text-decoration: underline; vertical-align: baseline;\">paastuvad<\/span><span style=\"font-size: 11pt; font-family: Arial; color: #000000; background-color: transparent; font-weight: 400; font-style: normal; font-variant: normal; text-decoration: none; vertical-align: baseline;\">. <\/span><\/p>\n<hr>\n<p style=\"line-height: 1.38; margin-top: 0pt; margin-bottom: 0pt;\"><span style=\"font-size: 11pt; font-family: Arial; color: #000000; background-color: transparent; font-weight: 400; font-style: normal; font-variant: normal; text-decoration: underline; vertical-align: baseline;\">Paastumine<\/span><span style=\"font-size: 11pt; font-family: Arial; color: #000000; background-color: transparent; font-weight: 400; font-style: normal; font-variant: normal; text-decoration: none; vertical-align: baseline;\"> on hoidumine m\u00f5nest toidust v\u00f5i joogist kindla perioodi v\u00e4ltel.<\/span><\/p>\n<hr>\n<p><span style=\"font-size: 11pt; font-family: Arial; color: #000000; background-color: transparent; font-weight: 400; font-variant: normal; text-decoration: none; vertical-align: baseline;\">Maailmas on \u00fcle miljardi katoliiklase. Kuna neid on nii palju, on nad ka v\u00e4ga erinevad. Vaatame, kuidas t\u00e4histavad katoliiklased \u00fcle maailma paastuaja viimast n\u00e4dalat, mida kutsutakse <strong>Suureks n\u00e4dalaks <\/strong>v\u00f5i<strong> Vaikseks n\u00e4dalaks<\/strong>.<\/span><\/p>\n<p><span style=\"font-size: 11pt; font-family: Arial; color: #000000; background-color: transparent; font-weight: 400; font-variant: normal; text-decoration: none; vertical-align: baseline;\"><strong>Palmipuudep\u00fcha<\/strong> on p\u00fchap\u00e4ev enne \u00fclest\u00f5usmisp\u00fcha. Palmipuudep\u00fchal meenutavad kristlased lugu,milles Jeesus <\/span><span style=\"font-size: 11pt; font-family: Arial; color: #000000; background-color: transparent; font-weight: 400; font-variant: normal; text-decoration: none; vertical-align: baseline;\">ratsutas <\/span><span style=\"font-size: 11pt; font-family: Arial; color: #000000; background-color: transparent; font-weight: 400; font-variant: normal; text-decoration: none; vertical-align: baseline;\">eesli seljas Jerusalemma. Inimesed tervitasid Jeesust nagu kuningat ning asetasid ta teele riideid ja palmilehti.<\/span><\/p>\n<p style=\"line-height: 1.38; margin-top: 0pt; margin-bottom: 0pt;\"><span style=\"font-size: 11pt; font-family: Arial; color: #000000; background-color: transparent; font-weight: 400; font-style: normal; font-variant: normal; text-decoration: none; vertical-align: baseline;\">Vaata pilti: <img loading=\"lazy\" decoding=\"async\" class=\"\" src=\"https:\/\/philippines.licas.news\/wp-content\/uploads\/2023\/04\/ADS_8353-e1680416572971.jpg\" width=\"389\" height=\"260\">(https:\/\/philippines.licas.news\/wp-content\/uploads\/2023\/04\/ADS_8353-e1680416572971.jpg)<\/span><\/p>\n<p style=\"line-height: 1.38; margin-top: 0pt; margin-bottom: 0pt;\"><span style=\"font-size: 11pt; font-family: Arial; color: #000000; background-color: transparent; font-weight: 400; font-style: normal; font-variant: normal; text-decoration: none; vertical-align: baseline;\">Filipiinlased t\u00e4histavad palmipuudep\u00fcha suurte rongk\u00e4ikudega, kus inimestel on k\u00e4es palmioksad ja pildid Jeesusest. Filipiinidel on umbes 84 miljonit katoliiklast. Igast 10-st inimesest 8 on katoliiklased.<\/span><\/p>\n<p style=\"line-height: 1.38; margin-top: 0pt; margin-bottom: 0pt;\"><span style=\"font-size: 11pt; font-family: Arial; color: #000000; background-color: transparent; font-weight: 400; font-style: normal; font-variant: normal; text-decoration: none; vertical-align: baseline;\">Filipiinid asuvad siin: <\/span><\/p>\n<p style=\"line-height: 1.38; margin-top: 0pt; margin-bottom: 0pt;\"><img decoding=\"async\" src=\"https:\/\/geology.com\/world\/map\/map-of-philippines.gif\">(https:\/\/geology.com\/world\/map\/map-of-philippines.gif)<\/p>\n<p style=\"line-height: 1.38; margin-top: 0pt; margin-bottom: 0pt;\"><span style=\"font-size: 11pt; font-family: Arial; color: #000000; background-color: transparent; font-weight: 400; font-style: normal; font-variant: normal; text-decoration: none; vertical-align: baseline;\"><strong>Suurel neljap\u00e4eval<\/strong> meenutatakse seda, kuidas Jeesus s\u00f5i koos oma \u00f5pilastega viimast korda koos ja andis neile k\u00e4su \u00fcksteist armastada. Enne s\u00f6\u00f6maaega pesi ta oma j\u00fcngrite (\u00f5pilaste) jalgu. Tavaliselt pesi k\u00fclaliste jalgu teener. <\/span><\/p>\n<pre><br>Vaata pilti lehelt <a href=\"https:\/\/relevantmagazine.com\/slices\/pope-francis-washes-feet-refugees-easter-mass\">https:\/\/relevantmagazine.com\/slices\/pope-francis-washes-feet-refugees-easter-mass<\/a><\/pre>\n<p><span style=\"font-size: 11pt; font-family: Arial; color: #000000; background-color: transparent; font-weight: 400; font-style: normal; font-variant: normal; text-decoration: none; vertical-align: baseline;\">Pildil on n\u00e4ha, kuidas katoliku kiriku pea, paavst Franciscus, peseb suurel neljap\u00e4eval Vatikanis s\u00f5jap\u00f5genike jalgu. Vatikan on maalima k\u00f5ige v\u00e4iksem riik, ainult 0,44 km2. <\/span><\/p>\n<p style=\"line-height: 1.38; margin-top: 0pt; margin-bottom: 0pt;\"><span style=\"font-size: 11pt; font-family: Arial; color: #000000; background-color: transparent; font-weight: 400; font-style: normal; font-variant: normal; text-decoration: none; vertical-align: baseline;\">Vatikan asub siin: <a href=\"http:\/\/cyndiimenna.blogspot.com.ee\/2007\/05\/vatican-city-map-in-world.html\">http:\/\/cyndiimenna.blogspot.com.ee\/2007\/05\/vatican-city-map-in-world.html<\/a><\/span><\/p>\n<p style=\"line-height: 1.38; margin-top: 0pt; margin-bottom: 0pt;\"><span style=\"font-size: 11pt; font-family: Arial; color: #000000; background-color: transparent; font-weight: 400; font-style: normal; font-variant: normal; text-decoration: none; vertical-align: baseline;\"><strong>Suurel reedel <\/strong><\/span><span style=\"font-size: 11pt; font-family: Arial; color: #000000; background-color: transparent; font-weight: 400; font-style: normal; font-variant: normal; text-decoration: none; vertical-align: baseline;\">m\u00e4lestatakse Jeesuse ristil\u00f6\u00f6mist. <span style=\"font-size: 11pt; font-family: Arial; color: #000000; background-color: transparent; font-weight: 400; font-style: normal; font-variant: normal; text-decoration: none; vertical-align: baseline;\">Suur reede on kristlaste jaoks k\u00f5ige kurvem p\u00e4ev aastas. Sellel p\u00e4eval l\u00f6\u00f6di Jeesus risti ja ta suri seal. Hiljem maeti Jeesus koopasse.<\/span><\/span><\/p>\n<p style=\"line-height: 1.38; margin-top: 0pt; margin-bottom: 0pt;\">Vaata pilti siit: <a href=\"http:\/\/www.dailymail.co.uk\/wires\/ap\/article-3025552\/PICTURED-Latin-America-remembers-Passion-Christ.html\">http:\/\/www.dailymail.co.uk\/wires\/ap\/article-3025552\/PICTURED-Latin-America-remembers-Passion-Christ.html<\/a><\/p>\n<p style=\"line-height: 1.38; margin-top: 0pt; margin-bottom: 0pt;\"><span style=\"font-size: 11pt; font-family: Arial; color: #000000; background-color: transparent; font-weight: 400; font-style: normal; font-variant: normal; text-decoration: none; vertical-align: baseline;\">Pildil on n\u00e4ha, kuidas teevad seda naised<\/span> <span style=\"font-size: 11pt; font-family: Arial; color: #000000; background-color: transparent; font-weight: 400; font-style: normal; font-variant: normal; text-decoration: none; vertical-align: baseline;\">Ecuadoris. Patukahetsuse m\u00e4rgiks on nad riietunud lillasse. Ecuadoris on \u00fcle 80% elanikest katoliiklased. <\/span><\/p>\n<p style=\"line-height: 1.38; margin-top: 0pt; margin-bottom: 0pt;\"><span style=\"font-size: 11pt; font-family: Arial; color: #000000; background-color: transparent; font-weight: 400; font-style: normal; font-variant: normal; text-decoration: none; vertical-align: baseline;\">Ecuador asub siin: <img decoding=\"async\" src=\"https:\/\/geology.com\/world\/map\/map-of-ecuador.gif\">(https:\/\/geology.com\/world\/map\/map-of-ecuador.gif)<\/span><\/p>\n<p style=\"line-height: 1.38; margin-top: 0pt; margin-bottom: 0pt;\"><span style=\"font-size: 11pt; font-family: Arial; color: #000000; background-color: transparent; font-weight: 400; font-style: normal; font-variant: normal; text-decoration: none; vertical-align: baseline;\">Suurele reedele j\u00e4rgneb <strong>vaikne laup\u00e4ev<\/strong>. Laup\u00e4ev on juutide puhkep\u00e4ev, sabat. Siis ei tohtinud teha \u00fchtegi t\u00f6\u00f6d ega toimetust. Ka t\u00e4nap\u00e4eval t\u00e4histatakse vaikset laup\u00e4eva vaikselt m\u00f5tiskledes ja palvetades. <\/span><\/p>\n<p style=\"line-height: 1.38; margin-top: 0pt; margin-bottom: 0pt;\"><span style=\"font-size: 11pt; font-family: Arial; color: #000000; background-color: transparent; font-weight: 400; font-style: normal; font-variant: normal; text-decoration: none; vertical-align: baseline;\">Paastuaja l\u00f5petab kristlaste jaoks k\u00f5ige t\u00e4htsam p\u00fcha \u2013 <strong>\u00fclest\u00f5usmisp\u00fcha<\/strong>. <\/span><span style=\"font-size: 11pt; font-family: Arial; color: #000000; background-color: transparent; font-weight: 400; font-style: normal; font-variant: normal; text-decoration: none; vertical-align: baseline;\">Kristlased usuvad, et p\u00e4rast kolmandal p\u00e4eval p\u00e4rast surma t\u00f5usis Kristus surnuist \u00fcles ja l\u00e4ks taevasse. T\u00e4nu sellele ei ole surm enam l\u00f5pp, vaid uue ja igavese elu algus koos Jumalaga.<\/span><\/p>\n<p>Vaata pilti: <img loading=\"lazy\" decoding=\"async\" class=\"\" src=\"https:\/\/i.dawn.com\/primary\/2018\/04\/5ac0f37fc3407.jpg\" width=\"399\" height=\"256\">(https:\/\/i.dawn.com\/primary\/2018\/04\/5ac0f37fc3407.jpg=<\/p>\n<p style=\"line-height: 1.38; margin-top: 0pt; margin-bottom: 0pt;\"><span style=\"font-size: 11pt; font-family: Arial; color: #000000; background-color: transparent; font-weight: 400; font-style: normal; font-variant: normal; text-decoration: none; vertical-align: baseline;\">Pildil on \u00fclest\u00f5usmisp\u00fchade t\u00e4histamine Pakistanis. Pakistan on katoliiklasi v\u00e4hem kui 1%. <\/span><\/p>\n<p style=\"line-height: 1.38; margin-top: 0pt; margin-bottom: 0pt;\"><span style=\"font-size: 11pt; font-family: Arial; color: #000000; background-color: transparent; font-weight: 400; font-style: normal; font-variant: normal; text-decoration: none; vertical-align: baseline;\">Pakistan asub siin: <img decoding=\"async\" src=\"https:\/\/geology.com\/world\/map\/map-of-pakistan.gif\">(https:\/\/geology.com\/world\/map\/map-of-pakistan.gif)<\/span><\/p>\n<p><span style=\"font-size: 11pt; font-family: Arial; color: #000000; background-color: #f9cb9c; font-weight: 400; font-style: normal; font-variant: normal; text-decoration: none; vertical-align: baseline;\"><span style=\"background-color: #ffffff;\"><strong>Arutlege<\/strong>:<\/span><\/span><\/p>\n<ul style=\"margin-top: 0pt; margin-bottom: 0pt;\">\n<li style=\"list-style-type: disc; font-size: 11pt; font-family: Arial; color: #000000; background-color: transparent; font-weight: 400; font-style: normal; font-variant: normal; text-decoration: none; vertical-align: baseline;\">\n<p style=\"line-height: 1.38; margin-top: 0pt; margin-bottom: 0pt;\"><span style=\"font-size: 11pt; font-family: Arial; color: #000000; background-color: #ffffff; font-weight: 400; font-style: normal; font-variant: normal; text-decoration: none; vertical-align: baseline;\">Kas usk on pildil olevatele inimestele oluline? Miks?<\/span><\/p>\n<\/li>\n<li style=\"list-style-type: disc; font-size: 11pt; font-family: Arial; color: #000000; background-color: transparent; font-weight: 400; font-style: normal; font-variant: normal; text-decoration: none; vertical-align: baseline;\">\n<p style=\"line-height: 1.38; margin-top: 0pt; margin-bottom: 0pt;\"><span style=\"font-size: 11pt; font-family: Arial; color: #000000; background-color: #ffffff; font-weight: 400; font-style: normal; font-variant: normal; text-decoration: none; vertical-align: baseline;\">Kas on midagi, mida me m\u00f5istame k\u00f5ikide inimestega maailmas sarnaselt?<\/span><\/p>\n<\/li>\n<\/ul>\n<p><\/p><\/div>\n        <\/div>\n        <\/div>\n    <\/div>\n<p><\/p><div class=\"accordion mb-3\">\n        <div class=\"accordion-item accordion-item--white\">\n        <h2 class=\"accordion-header\" id=\"accordion-69df3e8a05c67-heading\">\n            <button class=\"accordion-button collapsed\" type=\"button\" data-bs-toggle=\"collapse\" data-bs-target=\"#accordion-69df3e8a05c67-collapse\" aria-expanded=\"true\" aria-controls=\"accordion-69df3e8a05c67-collapse\">P\u00fchakud<\/button>\n        <\/h2>\n        <div id=\"accordion-69df3e8a05c67-collapse\" class=\"accordion-collapse collapse\" aria-labelledby=\"accordion-69df3e8a05c67-heading\">\n            <div class=\"accordion-body\">\n<p>Katoliiklased, nagu ka oigeusklikud usuvad p\u00fchakutesse. P\u00fchakud on erilised ja p\u00fchad inimesed, kelle kaudu Jumal maailmas toimib. Katoliiklaste uskumuste kohaselt saab p\u00fchakute poole palvetada ja nad on inimeste eestkostjaks Jumala ees. Kaitsep\u00fchak on p\u00fchak, keda peetakse m\u00f5ne koha, ameti v\u00f5i kiriku eestkostjaks. Kui inimesele on antud ristimisel p\u00fchaku nimi, siis on see p\u00fchak ka tema kaitsep\u00fchak.\u00a0<\/p><\/div>\n        <\/div>\n        <\/div>\n    <\/div>\n\n\n<div class=\"wp-block-group attached-files-group is-layout-constrained wp-block-group-is-layout-constrained\"><\/div>\n","protected":false},"excerpt":{"rendered":"<p>Katoliiklased on kristlased. Eestis on palju katoliiklasi.\u00a0Katoliku kogudused tegutsevad Tallinnas, Tartus, P\u00e4rnus, Valgas ja mitmes kohas Ida-ja L\u00e4\u00e4ne-Virumaal. Lisaks on katoliku kirikul Eestis mitu kloostrit ja ka \u00fcks \u00fcldhariduskool. Anna r\u00e4\u00e4gib oma elust katoliiklasena, Maarjast, paastuajast, oma r\u00f5\u00f5mudest ja muredest. &#8230;<\/p>\n","protected":false},"author":31,"featured_media":0,"parent":0,"menu_order":0,"comment_status":"closed","ping_status":"closed","template":"","meta":{"_acf_changed":false,"inline_featured_image":false,"footnotes":""},"class_list":["post-5","page","type-page","status-publish","hentry"],"acf":[],"_links":{"self":[{"href":"https:\/\/sisu.ut.ee\/kohtumised\/wp-json\/wp\/v2\/pages\/5","targetHints":{"allow":["GET"]}}],"collection":[{"href":"https:\/\/sisu.ut.ee\/kohtumised\/wp-json\/wp\/v2\/pages"}],"about":[{"href":"https:\/\/sisu.ut.ee\/kohtumised\/wp-json\/wp\/v2\/types\/page"}],"author":[{"embeddable":true,"href":"https:\/\/sisu.ut.ee\/kohtumised\/wp-json\/wp\/v2\/users\/31"}],"replies":[{"embeddable":true,"href":"https:\/\/sisu.ut.ee\/kohtumised\/wp-json\/wp\/v2\/comments?post=5"}],"version-history":[{"count":6,"href":"https:\/\/sisu.ut.ee\/kohtumised\/wp-json\/wp\/v2\/pages\/5\/revisions"}],"predecessor-version":[{"id":196,"href":"https:\/\/sisu.ut.ee\/kohtumised\/wp-json\/wp\/v2\/pages\/5\/revisions\/196"}],"wp:attachment":[{"href":"https:\/\/sisu.ut.ee\/kohtumised\/wp-json\/wp\/v2\/media?parent=5"}],"curies":[{"name":"wp","href":"https:\/\/api.w.org\/{rel}","templated":true}]}}