{"id":4,"date":"2024-04-04T02:24:38","date_gmt":"2024-04-03T23:24:38","guid":{"rendered":"https:\/\/sisu.ut.ee\/kohtumised\/islam\/"},"modified":"2025-03-18T19:54:36","modified_gmt":"2025-03-18T17:54:36","slug":"islam","status":"publish","type":"page","link":"https:\/\/sisu.ut.ee\/kohtumised\/islam\/","title":{"rendered":"Kristi islami kogudusest"},"content":{"rendered":"<p>Islamiusuliste kogukond Eestis on v\u00e4ga kirju. On peresid, kes on elanud siin v\u00e4ga kaua ning neid, kes on tulnud Eestisse hiljuti. Islamiusuliste seas on v\u00e4ga erinevate rahvuste esindajaid \u2013 tatarlasi, aserbaid\u017eaanlasi, araablasi, egiptlasi, aga ka eestlasi ja venelasi.<\/p>\n<p>Oma elust islamiusulisena r\u00e4\u00e4gib Kristi. Ta r\u00e4\u00e4gib oma pere traditsioonidest, palvest\u00a0 ja paastukuust ramadaanist.<\/p>\n<p>Arutage<\/p>\n<ul>\n<li>Mis Sinu arvates Kristi jutus eriti huvitav oli?<\/li>\n<li>Kuidas sina oma perest teistele r\u00e4\u00e4giksid?<\/li>\n<li>Mille poolest olete erilised? Mida te koos teete?<\/li>\n<\/ul>\n<p><\/p><div class=\"ratio ratio-16x9 mb-3\"><div class=\"video-placeholder-wrapper video-placeholder-wrapper--16x9\">\n\t\t\t    <div class=\"video-placeholder d-flex justify-content-center align-items-center\">\n\t\t\t        <div class=\"overlay text-white p-2 w-100 text-center d-block justify-content-center align-items-center\">\n\t\t\t            <div>Kolmandate osapoolte sisu n\u00e4gemiseks palun n\u00f5ustu k\u00fcpsistega.<\/div>\n\t\t\t            <button class=\"btn btn-secondary btn-sm mt-1 consent-change\">Muuda n\u00f5usolekut<\/button>\n\t\t\t        <\/div>\n\t\t\t    <\/div>\n\t\t\t<\/div>\n<\/div> (<a href=\"https:\/\/youtu.be\/QdxDxViE270\">https:\/\/youtu.be\/QdxDxViE270<\/a>)\n<p><\/p><div class=\"accordion mb-3\">\n        <div class=\"accordion-item accordion-item--white\">\n        <h2 class=\"accordion-header\" id=\"accordion-69dedf308567d-heading\">\n            <button class=\"accordion-button collapsed\" type=\"button\" data-bs-toggle=\"collapse\" data-bs-target=\"#accordion-69dedf308567d-collapse\" aria-expanded=\"true\" aria-controls=\"accordion-69dedf308567d-collapse\">T\u00f6\u00f6lehed Islami k\u00e4sitlemiseks 1.-2. koolistmes<\/button>\n        <\/h2>\n        <div id=\"accordion-69dedf308567d-collapse\" class=\"accordion-collapse collapse\" aria-labelledby=\"accordion-69dedf308567d-heading\">\n            <div class=\"accordion-body\"><em>Idee autor: Nete Tutsu<\/em><\/div>\n        <\/div>\n        <\/div>\n    <\/div>\n<p>\u00a0<\/p>\n\n\n<div class=\"wp-block-group attached-files-group is-layout-constrained wp-block-group-is-layout-constrained\">\n<div class=\"wp-block-file\"><a href=\"https:\/\/sisu.ut.ee\/wp-content\/uploads\/sites\/167\/islam.pdf\" target=\"_blank\" rel=\"noreferrer noopener\">T\u00f6\u00f6lehed: islam.pdf<\/a><\/div>\n<\/div>\n","protected":false},"excerpt":{"rendered":"<p>Islamiusuliste kogukond Eestis on v\u00e4ga kirju. On peresid, kes on elanud siin v\u00e4ga kaua ning neid, kes on tulnud Eestisse hiljuti. Islamiusuliste seas on v\u00e4ga erinevate rahvuste esindajaid \u2013 tatarlasi, aserbaid\u017eaanlasi, araablasi, egiptlasi, aga ka eestlasi ja venelasi. Oma elust &#8230;<\/p>\n","protected":false},"author":31,"featured_media":0,"parent":0,"menu_order":0,"comment_status":"closed","ping_status":"closed","template":"","meta":{"_acf_changed":false,"inline_featured_image":false,"footnotes":""},"class_list":["post-4","page","type-page","status-publish","hentry"],"acf":[],"_links":{"self":[{"href":"https:\/\/sisu.ut.ee\/kohtumised\/wp-json\/wp\/v2\/pages\/4","targetHints":{"allow":["GET"]}}],"collection":[{"href":"https:\/\/sisu.ut.ee\/kohtumised\/wp-json\/wp\/v2\/pages"}],"about":[{"href":"https:\/\/sisu.ut.ee\/kohtumised\/wp-json\/wp\/v2\/types\/page"}],"author":[{"embeddable":true,"href":"https:\/\/sisu.ut.ee\/kohtumised\/wp-json\/wp\/v2\/users\/31"}],"replies":[{"embeddable":true,"href":"https:\/\/sisu.ut.ee\/kohtumised\/wp-json\/wp\/v2\/comments?post=4"}],"version-history":[{"count":4,"href":"https:\/\/sisu.ut.ee\/kohtumised\/wp-json\/wp\/v2\/pages\/4\/revisions"}],"predecessor-version":[{"id":191,"href":"https:\/\/sisu.ut.ee\/kohtumised\/wp-json\/wp\/v2\/pages\/4\/revisions\/191"}],"wp:attachment":[{"href":"https:\/\/sisu.ut.ee\/kohtumised\/wp-json\/wp\/v2\/media?parent=4"}],"curies":[{"name":"wp","href":"https:\/\/api.w.org\/{rel}","templated":true}]}}