{"id":3,"date":"2024-04-04T02:24:38","date_gmt":"2024-04-03T23:24:38","guid":{"rendered":"https:\/\/sisu.ut.ee\/kohtumised\/avaleht\/"},"modified":"2024-04-04T02:24:48","modified_gmt":"2024-04-03T23:24:48","slug":"avaleht","status":"publish","type":"page","link":"https:\/\/sisu.ut.ee\/kohtumised\/","title":{"rendered":"Avaleht"},"content":{"rendered":"<p><span style=\"color: #000080\"><strong>\u00a0<\/strong><\/span><\/p>\n\n<p>Sellelt lehestikult leiate videod, mille vahendusel saate kohtuda Eestis elavate inimestega, kes kuuluvad erinevatesse religioonidesse ja kristlikesse konfessioonidesse. Nad r\u00e4\u00e4givad sellest, mis neile t\u00e4htis on, mis valmistab r\u00f5\u00f5mu ja muret, kuidas nad peavad p\u00fchi ja elavad igap\u00e4evast elu.<\/p>\n<p>Kl\u00f5psates k\u00f5rvaloleval men\u00fc\u00fcl, avaneb usulise liikumise l\u00fchitutvustus, saab n\u00e4ha videot ning leiab ka m\u00f5ned k\u00fcsimused, mida \u00fcheskoos arutada.\u00a0 \u00d5ppematerjalid on koostatud silmas pidades 1. kooliastet. M\u00f5ned videod on seotud ka p\u00fchadega: n\u00e4iteks Anneli luteri kirikust r\u00e4\u00e4gib advendi- ja j\u00f5uluaegsetest toimetustest, Anni ja Mari \u00fclest\u00f5usmisp\u00fchadest, Anna paastuajast, Kristi aga ramadaani pidamisest.<\/p>\n<p><em>T\u00e4name k\u00f5iki videotes osalenud peresid! <br><span>Klippide teostus: Brit Laak, Eleri L\u00f5hmus, Ivika Saaroja, Kadri Ugur,\u00a0<em><span>Olga Schihalejev; <br>tekstid luges sisse Mikk Kaasik.<\/span><\/em><\/span><\/em><\/p>\n","protected":false},"excerpt":{"rendered":"<p>\u00a0 Sellelt lehestikult leiate videod, mille vahendusel saate kohtuda Eestis elavate inimestega, kes kuuluvad erinevatesse religioonidesse ja kristlikesse konfessioonidesse. Nad r\u00e4\u00e4givad sellest, mis neile t\u00e4htis on, mis valmistab r\u00f5\u00f5mu ja muret, kuidas nad peavad p\u00fchi ja elavad igap\u00e4evast elu. Kl\u00f5psates &#8230;<\/p>\n","protected":false},"author":31,"featured_media":0,"parent":0,"menu_order":0,"comment_status":"closed","ping_status":"closed","template":"","meta":{"_acf_changed":false,"inline_featured_image":false,"footnotes":""},"class_list":["post-3","page","type-page","status-publish","hentry"],"acf":[],"_links":{"self":[{"href":"https:\/\/sisu.ut.ee\/kohtumised\/wp-json\/wp\/v2\/pages\/3","targetHints":{"allow":["GET"]}}],"collection":[{"href":"https:\/\/sisu.ut.ee\/kohtumised\/wp-json\/wp\/v2\/pages"}],"about":[{"href":"https:\/\/sisu.ut.ee\/kohtumised\/wp-json\/wp\/v2\/types\/page"}],"author":[{"embeddable":true,"href":"https:\/\/sisu.ut.ee\/kohtumised\/wp-json\/wp\/v2\/users\/31"}],"replies":[{"embeddable":true,"href":"https:\/\/sisu.ut.ee\/kohtumised\/wp-json\/wp\/v2\/comments?post=3"}],"version-history":[{"count":1,"href":"https:\/\/sisu.ut.ee\/kohtumised\/wp-json\/wp\/v2\/pages\/3\/revisions"}],"predecessor-version":[{"id":135,"href":"https:\/\/sisu.ut.ee\/kohtumised\/wp-json\/wp\/v2\/pages\/3\/revisions\/135"}],"wp:attachment":[{"href":"https:\/\/sisu.ut.ee\/kohtumised\/wp-json\/wp\/v2\/media?parent=3"}],"curies":[{"name":"wp","href":"https:\/\/api.w.org\/{rel}","templated":true}]}}