{"id":14,"date":"2024-04-04T02:24:38","date_gmt":"2024-04-03T23:24:38","guid":{"rendered":"https:\/\/sisu.ut.ee\/kohtumised\/artikleid\/"},"modified":"2024-04-04T02:24:48","modified_gmt":"2024-04-03T23:24:48","slug":"artikleid","status":"publish","type":"page","link":"https:\/\/sisu.ut.ee\/kohtumised\/artikleid\/","title":{"rendered":"Artikleid ja t\u00f6id noorte usust ja usundi \u00f5petamisest"},"content":{"rendered":"<p class=\"Standard\">Allpool leiate uuringu\u00a0 \u201cNoorte usuliste veendumuste ja usulisse mitmekesisusse suhtumise kontekstuaalsed tegurid\u201d (Eesti Teadusfondi grant 9108) raames valminud artikleid ja magistrit\u00f6id:<\/p><ul><li>empiirilisel materjalil p\u00f5hinevad magistrit\u00f6\u00f6d erinevate uskude noortest (Kristi\u00a0 Lee \u201cNelip\u00fchi kiriku noorte arusaamine Jumalast \u00fche koguduse n\u00e4itel\u201d; Evija Leiaru-Kuldsaar \u201cJehoova tunnistajate retseptsioon usu m\u00f5just sotsiaalsetele suhetele\u201d, Jane Andreit\u0161ik \u201cMaausuliste noorte uskumused ja usuline praktika\u201d)<\/li><li>tegevusuuringul p\u00f5hinevaid magistrit\u00f6id ja artikleid erinevate metoodikate kasutamisest usunditega tutvusmisel (Aleksandra Sooniste \u201cProjekt- ja probleem\u00f5pe p\u00f5hikooli teise ja kolmanda astme usundi\u00f5petuse tundides\u201d ja l\u00fchem artikkel sotsiaalkonstruktivistlikust \u00f5ppest; Greete Palksaar \u201cUsundi\u00f5petust \u00f5ppinud ja mitte\u00f5ppinud \u00f5pilaste erinevused usuliste motiivide \u00e4ratundmises ja nende kriitilises anal\u00fc\u00fcsis Eesti menukirjanduse n\u00e4itel\u201d; Yvonne Lagle \u201cLood v\u00e4ljapaistvatest isikutest religiooni\u00f5petuses v\u00e4\u00e4rtustalituse paradigmas\u201d; Eleri Soidla \u201cM\u00e4ngude kasutamine usundi\u00f5petuses: \u00d5pilaste hinnangud lauam\u00e4ngu m\u00f5ju kohta nende motivatsioonile\u201d)<\/li><li>artikleid usundi\u00f5petuse m\u00f5just ja l\u00e4henemistest (Schihalejevi artiklid; Evija Leiaru artikkel usust kui hariduslikust erivajadusest)<\/li><\/ul><p>\u00a0<\/p><br><div class=\"wp-block-group attached-files-group is-layout-constrained wp-block-group-is-layout-constrained\"><div class=\"wp-block-file\"><a href=\"https:\/\/sisu.ut.ee\/wp-content\/uploads\/sites\/167\/leiaru._religioossus_kui_hariduslik_erivajadus.pdf\" target=\"_blank\" rel=\"noreferrer noopener\">Leiaru. Religioossus kui hariduslik erivajadus<\/a><\/div><div class=\"wp-block-file\"><a href=\"https:\/\/sisu.ut.ee\/wp-content\/uploads\/sites\/167\/sooniste._konstruktivistlik_opikasitlus.pdf\" target=\"_blank\" rel=\"noreferrer noopener\">Sooniste. Konstruktivistlik opikasitlus usundi \u00f5ppimisel<\/a><\/div><div class=\"wp-block-file\"><a href=\"https:\/\/sisu.ut.ee\/wp-content\/uploads\/sites\/167\/lee_ra_ma_2012.pdf\" target=\"_blank\" rel=\"noreferrer noopener\">Lee. Nelip\u00fchi noorte arusaam Jumalast<\/a><\/div><div class=\"wp-block-file\"><a href=\"https:\/\/sisu.ut.ee\/wp-content\/uploads\/sites\/167\/leiaru-kuldsaar_us_ma_2012.pdf\" target=\"_blank\" rel=\"noreferrer noopener\">Leiaru. Jehoova tunnistajad<\/a><\/div><div class=\"wp-block-file\"><a href=\"https:\/\/sisu.ut.ee\/wp-content\/uploads\/sites\/167\/andreitshik_j_us_ma_2014.pdf\" target=\"_blank\" rel=\"noreferrer noopener\">Andreit\u0161ik. Maausulised<\/a><\/div><div class=\"wp-block-file\"><a href=\"https:\/\/sisu.ut.ee\/wp-content\/uploads\/sites\/167\/palksaar_g_us_ma_2014.pdf\" target=\"_blank\" rel=\"noreferrer noopener\">Palksaar. Usuliste motiivide tundmine menukirjanduses<\/a><\/div><div class=\"wp-block-file\"><a href=\"https:\/\/sisu.ut.ee\/wp-content\/uploads\/sites\/167\/lagle_lood_valjapaistvatest_isikutest.pdf\" target=\"_blank\" rel=\"noreferrer noopener\">Lagle. Lood valjapaistvatest isikutest<\/a><\/div><div class=\"wp-block-file\"><a href=\"https:\/\/sisu.ut.ee\/wp-content\/uploads\/sites\/167\/kjt.ee-elatud_usust_ja_opiku_usust.pdf\" target=\"_blank\" rel=\"noreferrer noopener\">Schihalejev. Elatud usust ja \u00f5piku usust<\/a><\/div><div class=\"wp-block-file\"><a href=\"https:\/\/sisu.ut.ee\/wp-content\/uploads\/sites\/167\/schihalejev._usundiopetuse_volud_ja_hirmud.pdf\" target=\"_blank\" rel=\"noreferrer noopener\">Schihalejev. Usundi\u00f5petuse v\u00f5lud ja hirmud<\/a><\/div><div class=\"wp-block-file\"><a href=\"https:\/\/sisu.ut.ee\/wp-content\/uploads\/sites\/167\/schihalejev._usundiopetuse_mitu_palet.pdf\" target=\"_blank\" rel=\"noreferrer noopener\">Schihalejev. Usundi\u00f5petuse mitu palet<\/a><\/div><div class=\"wp-block-file\"><a href=\"https:\/\/sisu.ut.ee\/wp-content\/uploads\/sites\/167\/soidla_eleri_magistritoo_2015_valmis.pdf\" target=\"_blank\" rel=\"noreferrer noopener\">Soidla. M\u00e4ngude m\u00f5ju motivatsioonile<\/a><\/div><div class=\"wp-block-file\"><a href=\"https:\/\/sisu.ut.ee\/wp-content\/uploads\/sites\/167\/sooniste_us_ma_2012_2.pdf\" target=\"_blank\" rel=\"noreferrer noopener\">Sooniste. Projekt- ja probleem\u00f5pe<\/a><\/div><\/div>","protected":false},"excerpt":{"rendered":"<p>Allpool leiate uuringu\u00a0 \u201cNoorte usuliste veendumuste ja usulisse mitmekesisusse suhtumise kontekstuaalsed tegurid\u201d (Eesti Teadusfondi grant 9108) raames valminud artikleid ja magistrit\u00f6id: empiirilisel materjalil p\u00f5hinevad magistrit\u00f6\u00f6d erinevate uskude noortest (Kristi\u00a0 Lee \u201cNelip\u00fchi kiriku noorte arusaamine Jumalast \u00fche koguduse n\u00e4itel\u201d; Evija Leiaru-Kuldsaar &#8230;<\/p>\n","protected":false},"author":31,"featured_media":0,"parent":0,"menu_order":0,"comment_status":"closed","ping_status":"closed","template":"","meta":{"_acf_changed":false,"inline_featured_image":false,"footnotes":""},"class_list":["post-14","page","type-page","status-publish","hentry"],"acf":[],"_links":{"self":[{"href":"https:\/\/sisu.ut.ee\/kohtumised\/wp-json\/wp\/v2\/pages\/14","targetHints":{"allow":["GET"]}}],"collection":[{"href":"https:\/\/sisu.ut.ee\/kohtumised\/wp-json\/wp\/v2\/pages"}],"about":[{"href":"https:\/\/sisu.ut.ee\/kohtumised\/wp-json\/wp\/v2\/types\/page"}],"author":[{"embeddable":true,"href":"https:\/\/sisu.ut.ee\/kohtumised\/wp-json\/wp\/v2\/users\/31"}],"replies":[{"embeddable":true,"href":"https:\/\/sisu.ut.ee\/kohtumised\/wp-json\/wp\/v2\/comments?post=14"}],"version-history":[{"count":2,"href":"https:\/\/sisu.ut.ee\/kohtumised\/wp-json\/wp\/v2\/pages\/14\/revisions"}],"predecessor-version":[{"id":137,"href":"https:\/\/sisu.ut.ee\/kohtumised\/wp-json\/wp\/v2\/pages\/14\/revisions\/137"}],"wp:attachment":[{"href":"https:\/\/sisu.ut.ee\/kohtumised\/wp-json\/wp\/v2\/media?parent=14"}],"curies":[{"name":"wp","href":"https:\/\/api.w.org\/{rel}","templated":true}]}}