{"id":10,"date":"2024-04-04T02:24:38","date_gmt":"2024-04-03T23:24:38","guid":{"rendered":"https:\/\/sisu.ut.ee\/kohtumised\/luterlus\/"},"modified":"2025-03-18T19:57:58","modified_gmt":"2025-03-18T17:57:58","slug":"luterlus","status":"publish","type":"page","link":"https:\/\/sisu.ut.ee\/kohtumised\/luterlus\/","title":{"rendered":"Anneli luteri kirikust"},"content":{"rendered":"<p>Luterlased on kristlased. Ajalooliselt on luterlik kirik olnud eestlaste rahvakirik. Luterlikke kirikuid leiab \u00fcle terve Eestimaa. Kiriku torni tipus on tavaliselt rist v\u00f5i kukk. Luteri kiriku jumalateenistused on tavaliselt vaiksed ja m\u00f5tlikud, paljudes kirikutes m\u00e4ngitakse <a href=\"#\" data-bs-toggle=\"modal\" data-bs-target=\"#popup-modal\" data-title=\"orelit\" data-content='Orelit on nimetatud pillide kuningaks. Ta on suur ja ta teeb v\u00e4ga erinevaid helisid. Sarnaselt klaverile on orelil klaviatuur. tegelikult on orelil mitu klaviatuuri &amp;#8211; nii k\u00e4te kui jalgade jaoks. Erinevalt klaverist teevad helisid erineva suurusega viled. Seega on orel hoopiski vilepill. Eesti suurim orel on Tallinna Kaarli kirikus. &lt;img class=\"alignnone wp-image-23\" title=\"kirikuorel.jpg\" src=\"https:\/\/sisu.ut.ee\/wp-content\/uploads\/sites\/167\/kirikuorel.jpg\" alt=\"kirikuorel.jpg\" \/&gt;'>orelit<\/a>. Luterlus v\u00e4\u00e4rtustab haridust ja haritust. esimesed rahvakoolide \u00f5petajad olid luteri kiriku \u00f5petajad. Luterlased peavad Jeesust ja tema \u00f5petust oluliseks. Nad peavad kirikup\u00fchadest eriti oluliseks j\u00f5ulup\u00fchi ja j\u00f5ulu\u00f5htu jumalateenistust, kus lauldakse j\u00f5ululaule.<\/p>\n<p>Anneli r\u00e4\u00e4gib, kuidas nende peres advendiaega ja j\u00f5ule peetakse ja miks inimesed kirikus k\u00e4ivad.<\/p>\n<p>Arutage:<\/p>\n<ul>\n<li>Miks Anneli kirikus k\u00e4ib, mida ta seal teeb?<\/li>\n<li>Millised kohad on Sinu jaoks erilised?<\/li>\n<li>Mida kristlased j\u00f5ulu ajal t\u00e4histavad?<\/li>\n<li>Milline t\u00e4hendus on teie kodus j\u00f5uludel? Millised meeleolud siis on? Kuidas te neid peate?<\/li>\n<\/ul>\n<p><\/p><div class=\"ratio ratio-16x9 mb-3\"><div class=\"video-placeholder-wrapper video-placeholder-wrapper--16x9\">\n\t\t\t    <div class=\"video-placeholder d-flex justify-content-center align-items-center\">\n\t\t\t        <div class=\"overlay text-white p-2 w-100 text-center d-block justify-content-center align-items-center\">\n\t\t\t            <div>Kolmandate osapoolte sisu n\u00e4gemiseks palun n\u00f5ustu k\u00fcpsistega.<\/div>\n\t\t\t            <button class=\"btn btn-secondary btn-sm mt-1 consent-change\">Muuda n\u00f5usolekut<\/button>\n\t\t\t        <\/div>\n\t\t\t    <\/div>\n\t\t\t<\/div>\n<\/div>(<a href=\"https:\/\/youtu.be\/2rt5HGXGg2E\">https:\/\/youtu.be\/2rt5HGXGg2E<\/a>)\n<p id=\"docs-internal-guid-c60c7481-7284-87e0-486d-c4c52ea0bf9a\"><\/p><div class=\"accordion mb-3\">\n        <div class=\"accordion-item accordion-item--white\">\n        <h2 class=\"accordion-header\" id=\"accordion-69df3edb5d6c0-heading\">\n            <button class=\"accordion-button collapsed\" type=\"button\" data-bs-toggle=\"collapse\" data-bs-target=\"#accordion-69df3edb5d6c0-collapse\" aria-expanded=\"true\" aria-controls=\"accordion-69df3edb5d6c0-collapse\">Luterlus ja j\u00f5ulud \u2013 tunniideid II kooliastmele<\/button>\n        <\/h2>\n        <div id=\"accordion-69df3edb5d6c0-collapse\" class=\"accordion-collapse collapse\" aria-labelledby=\"accordion-69df3edb5d6c0-heading\">\n            <div class=\"accordion-body\">\n<p><em>Tunni idee autor: Aleksandra Sooniste<\/em><\/p>\n<p><strong>Sissejuhatus<\/strong><\/p>\n<p style=\"line-height: 1.38; margin-top: 0pt; margin-bottom: 0pt;\"><em><span style=\"font-size: 11pt; font-family: Arial; color: #000000; background-color: transparent; font-weight: 400; font-variant: normal; text-decoration: none; vertical-align: baseline;\">Luterlik kirik on \u00fcks kristlikest kirikutest. K\u00f5ik kristlikud kirikud usuvad, et Jeesus Kristus on Jumala poeg, kes s\u00fcndis neitsist Maarjast ja tuli maa peale inimesi p\u00e4\u00e4stma. Jeesuse s\u00fcndi t\u00e4histame j\u00f5uludel. <\/span><\/em><\/p>\n<p style=\"line-height: 1.38; margin-top: 0pt; margin-bottom: 0pt;\"><em><span style=\"font-size: 11pt; font-family: Arial; color: #000000; background-color: transparent; font-weight: 400; font-variant: normal; text-decoration: none; vertical-align: baseline;\">Luteri kirik sai nime Martin Lutheri j\u00e4rgi, kes elas Saksamaal 16 sajandil. Ta ei olnud rahul katoliku kirikuga ja tahtis seda<\/span><span style=\"font-size: 11pt; font-family: Arial; color: #000000; background-color: transparent; font-weight: 400; font-variant: normal; text-decoration: underline; vertical-align: baseline;\"> reformida.<\/span><span style=\"font-size: 11pt; font-family: Arial; color: #000000; background-color: transparent; font-weight: 400; font-variant: normal; text-decoration: none; vertical-align: baseline;\"> Selleks peab olema tark ja julge inimene. Martin Luter tegi <\/span><span style=\"font-size: 11pt; font-family: Arial; color: #000000; background-color: transparent; font-weight: 400; font-variant: normal; text-decoration: underline; vertical-align: baseline;\">jumalateenistuse<\/span><\/em><span style=\"font-size: 11pt; font-family: Arial; color: #000000; background-color: transparent; font-weight: 400; font-style: normal; font-variant: normal; text-decoration: none; vertical-align: baseline;\"><em> arusaadavaks k\u00f5ikidele inimestele.<\/em><\/span><\/p>\n<hr>\n<p style=\"line-height: 1.38; margin-top: 0pt; margin-bottom: 0pt;\"><span style=\"font-size: 11pt; font-family: Arial; color: #000000; background-color: transparent; font-weight: 400; font-style: italic; font-variant: normal; text-decoration: none; vertical-align: baseline;\">Reformima \u2013 uuendama, \u00fcmber kujundama<\/span><\/p>\n<p style=\"line-height: 1.38; margin-top: 0pt; margin-bottom: 0pt;\"><span style=\"font-size: 11pt; font-family: Arial; color: #000000; background-color: transparent; font-weight: 400; font-style: italic; font-variant: normal; text-decoration: none; vertical-align: baseline;\">Reformatsioon \u2013 usuline uuendusliikumine, mille k\u00e4igus eraldusid katoliku kirikust uued kirikud. <\/span><\/p>\n<p style=\"line-height: 1.38; margin-top: 0pt; margin-bottom: 0pt;\"><span style=\"font-size: 11pt; font-family: Arial; color: #000000; background-color: transparent; font-weight: 400; font-style: italic; font-variant: normal; text-decoration: none; vertical-align: baseline;\">Jumalateenistus \u2013 tavaliselt kirikus v\u00f5i kabelis preestri v\u00f5i pastori poolt l\u00e4biviidud usuline talitus<\/span><span style=\"font-size: 11pt; font-family: Arial; color: #000000; background-color: transparent; font-weight: 400; font-style: normal; font-variant: normal; text-decoration: none; vertical-align: baseline;\">. <\/span><\/p>\n<hr>\n<p><strong>Miljonim\u00e4ng<\/strong> luteriusu erijoontest: (kliki pildil)<\/p>\n<p style=\"line-height: 1.38; margin-top: 0pt; margin-bottom: 0pt;\"><a style=\"text-decoration: none;\" href=\"https:\/\/learningapps.org\/display?v=p10jhc3nt17\"><span style=\"font-size: 11pt; font-family: Arial; color: #1155cc; background-color: transparent; font-weight: 400; font-style: normal; font-variant: normal; text-decoration: underline; vertical-align: baseline;\"><img loading=\"lazy\" decoding=\"async\" style=\"border: none;\" src=\"https:\/\/lh4.googleusercontent.com\/HBtACak9XGXD7PxYWBX-tebZtx9El7j480qBrS7r4YpcBv7ccllIBeUWlrGUxd2jDWc5BjuuP-s3Y03rPEccGGkmXQLlZe_wft1-LRP0t2ixuTaLfUvfhcCSpA8WKXwBRcwjbOu9\" width=\"150\" height=\"125\"><\/span><\/a><\/p>\n<hr>\n<p style=\"line-height: 1.38; margin-top: 0pt; margin-bottom: 0pt;\"><span style=\"font-size: 11pt; font-family: Arial; color: #000000; background-color: transparent; font-weight: 400; font-style: normal; font-variant: normal; text-decoration: none; vertical-align: baseline;\"><strong>\u00dclesanne t\u00f6\u00f6lehelt<\/strong>: Vaata pilte ja m\u00f5tle, kas ja kuidas tahaksid sina maailma muuta. Viimane pilt kujunda ise.<\/span><\/p>\n<hr>\n<p style=\"line-height: 1.38; margin-top: 0pt; margin-bottom: 0pt;\"><span style=\"font-size: 11pt; font-family: Arial; color: #000000; background-color: transparent; font-weight: 400; font-style: normal; font-variant: normal; text-decoration: none; vertical-align: baseline;\"><strong>Kuula lugu<\/strong>. Esimesed j\u00f5ulud \u2013 seda v\u00f5ib kuulata nt T\u00f5nu Aava esituses CD-lt Uue testamendi lood.<\/span><\/p>\n<hr>\n<p style=\"line-height: 1.38; margin-top: 0pt; margin-bottom: 0pt;\"><strong><span style=\"font-size: 11pt; font-family: Arial; color: #000000; background-color: transparent; font-style: normal; font-variant: normal; text-decoration: none; vertical-align: baseline;\">Jutusta lugu!<\/span><\/strong><\/p>\n<p style=\"line-height: 1.38; margin-top: 0pt; margin-bottom: 0pt;\"><span style=\"font-size: 11pt; font-family: Arial; color: #000000; background-color: transparent; font-weight: 400; font-style: normal; font-variant: normal; text-decoration: none; vertical-align: baseline;\"><em>S\u00fcndimise lugu on \u00fcks lugudest, mis \u00fchendab k\u00f5iki maailma kristlasi. J\u00f5ulup\u00fchadel valitseb j\u00f5ulurahu ja inimesed p\u00fc\u00fcavad mitte s\u00f5dida, t\u00fclitseda ning ka jahimehed nendel p\u00e4evadel jahti ei pea.<\/em> <\/span><\/p>\n<p style=\"line-height: 1.38; margin-top: 0pt; margin-bottom: 0pt;\"><span style=\"font-size: 11pt; font-family: Arial; color: #000000; background-color: transparent; font-weight: 400; font-style: normal; font-variant: normal; text-decoration: none; vertical-align: baseline;\">M\u00f5tle oma paarilisega lugu, mis \u00fchendaks inimesi. Kasuta loo loomiseks seda keskkonda: <\/span><\/p>\n<p style=\"line-height: 1.38; margin-top: 0pt; margin-bottom: 0pt;\"><a style=\"text-decoration: none;\" href=\"http:\/\/www.makebeliefscomix.com\/Comix\/\"><span style=\"font-size: 11pt; font-family: Arial; color: #1155cc; background-color: transparent; font-weight: 400; font-style: normal; font-variant: normal; text-decoration: underline; vertical-align: baseline;\">http:\/\/www.makebeliefscomix.com\/Comix\/<\/span><\/a><\/p>\n<hr>\n<p style=\"line-height: 1.38; margin-top: 0pt; margin-bottom: 0pt;\"><span style=\"font-size: 11pt; font-family: Arial; color: #000000; background-color: transparent; font-weight: 400; font-style: normal; font-variant: normal; text-decoration: none; vertical-align: baseline;\"><strong>T\u00f6\u00f6lehel kasutatud pildid:<\/strong> <\/span><\/p>\n<p style=\"line-height: 1.38; margin-top: 0pt; margin-bottom: 0pt;\"><a style=\"text-decoration: none;\" href=\"http:\/\/www.tv3.ee\/tv3-juubel\/vaata-kes-tahab-saada-miljonariks-saadet-siit\"><span style=\"font-size: 11pt; font-family: Arial; color: #1155cc; background-color: transparent; font-weight: 400; font-style: normal; font-variant: normal; text-decoration: underline; vertical-align: baseline;\">http:\/\/www.tv3.ee\/tv3-juubel\/vaata-kes-tahab-saada-miljonariks-saadet-siit<\/span><\/a><\/p>\n<p style=\"line-height: 1.38; margin-top: 0pt; margin-bottom: 0pt;\"><a style=\"text-decoration: none;\" href=\"http:\/\/www.togetheragainstbullying.org\/tab\/targets\/elementary-school-ages\/\"><span style=\"font-size: 11pt; font-family: Arial; color: #1155cc; background-color: transparent; font-weight: 400; font-style: normal; font-variant: normal; text-decoration: underline; vertical-align: baseline;\">http:\/\/www.togetheragainstbullying.org\/tab\/targets\/elementary-school-ages\/<\/span><\/a><\/p>\n<p style=\"line-height: 1.38; margin-top: 0pt; margin-bottom: 0pt;\"><a style=\"text-decoration: none;\" href=\"https:\/\/www.huffingtonpost.com\/2014\/10\/23\/pollution-looks-like-photos_n_6030652.html\"><span style=\"font-size: 11pt; font-family: Arial; color: #1155cc; background-color: transparent; font-weight: 400; font-style: normal; font-variant: normal; text-decoration: underline; vertical-align: baseline;\">https:\/\/www.huffingtonpost.com\/2014\/10\/23\/pollution-looks-like-photos_n_6030652.html<\/span><\/a><\/p>\n<p style=\"line-height: 1.38; margin-top: 0pt; margin-bottom: 0pt;\"><a style=\"text-decoration: none;\" href=\"https:\/\/www.unhcr.ca\/news\/syria-loss-of-hope-and-deepening-poverty-driving-syrians-to-seek-refuge-in-europe\/\"><span style=\"font-size: 11pt; font-family: Arial; color: #1155cc; background-color: transparent; font-weight: 400; font-style: normal; font-variant: normal; text-decoration: underline; vertical-align: baseline;\">https:\/\/www.unhcr.ca\/news\/syria-loss-of-hope-and-deepening-poverty-driving-syrians-to-seek-refuge-in-europe\/<\/span><\/a><\/p>\n<p style=\"line-height: 1.38; margin-top: 0pt; margin-bottom: 0pt;\"><a style=\"text-decoration: none;\" href=\"https:\/\/www.dreamstime.com\/photos-images\/empty-frame.html\"><span style=\"font-size: 11pt; font-family: Arial; color: #1155cc; background-color: transparent; font-weight: 400; font-style: normal; font-variant: normal; text-decoration: underline; vertical-align: baseline;\">https:\/\/www.dreamstime.com\/photos-images\/empty-frame.html<\/span><\/a><\/p>\n<p style=\"line-height: 1.38; margin-top: 0pt; margin-bottom: 0pt;\"><a style=\"text-decoration: none;\" href=\"https:\/\/www.realmofhistory.com\/2016\/12\/27\/5000-year-nativity-scene-egypt\/\"><span style=\"font-size: 11pt; font-family: Arial; color: #1155cc; background-color: transparent; font-weight: 400; font-style: normal; font-variant: normal; text-decoration: underline; vertical-align: baseline;\">https:\/\/www.realmofhistory.com\/2016\/12\/27\/5000-year-nativity-scene-egypt\/<\/span><\/a><\/p>\n<p style=\"line-height: 1.38; margin-top: 0pt; margin-bottom: 0pt;\"><span style=\"font-size: 11pt; font-family: Arial; color: #000000; background-color: transparent; font-weight: 400; font-style: normal; font-variant: normal; text-decoration: none; vertical-align: baseline;\"><\/span><\/p><\/div>\n        <\/div>\n        <\/div>\n    <\/div>\n\n\n<div class=\"wp-block-group attached-files-group is-layout-constrained wp-block-group-is-layout-constrained\">\n<div class=\"wp-block-file\"><a href=\"https:\/\/sisu.ut.ee\/wp-content\/uploads\/sites\/167\/luterlus_ja_joulud.pdf\" target=\"_blank\" rel=\"noreferrer noopener\">Luterlus_ja_j\u00f5ulud<\/a><\/div>\n<\/div>\n","protected":false},"excerpt":{"rendered":"<p>Luterlased on kristlased. Ajalooliselt on luterlik kirik olnud eestlaste rahvakirik. Luterlikke kirikuid leiab \u00fcle terve Eestimaa. Kiriku torni tipus on tavaliselt rist v\u00f5i kukk. Luteri kiriku jumalateenistused on tavaliselt vaiksed ja m\u00f5tlikud, paljudes kirikutes m\u00e4ngitakse . Luterlus v\u00e4\u00e4rtustab haridust ja &#8230;<\/p>\n","protected":false},"author":31,"featured_media":0,"parent":0,"menu_order":0,"comment_status":"closed","ping_status":"closed","template":"","meta":{"_acf_changed":false,"inline_featured_image":false,"footnotes":""},"class_list":["post-10","page","type-page","status-publish","hentry"],"acf":[],"_links":{"self":[{"href":"https:\/\/sisu.ut.ee\/kohtumised\/wp-json\/wp\/v2\/pages\/10","targetHints":{"allow":["GET"]}}],"collection":[{"href":"https:\/\/sisu.ut.ee\/kohtumised\/wp-json\/wp\/v2\/pages"}],"about":[{"href":"https:\/\/sisu.ut.ee\/kohtumised\/wp-json\/wp\/v2\/types\/page"}],"author":[{"embeddable":true,"href":"https:\/\/sisu.ut.ee\/kohtumised\/wp-json\/wp\/v2\/users\/31"}],"replies":[{"embeddable":true,"href":"https:\/\/sisu.ut.ee\/kohtumised\/wp-json\/wp\/v2\/comments?post=10"}],"version-history":[{"count":6,"href":"https:\/\/sisu.ut.ee\/kohtumised\/wp-json\/wp\/v2\/pages\/10\/revisions"}],"predecessor-version":[{"id":199,"href":"https:\/\/sisu.ut.ee\/kohtumised\/wp-json\/wp\/v2\/pages\/10\/revisions\/199"}],"wp:attachment":[{"href":"https:\/\/sisu.ut.ee\/kohtumised\/wp-json\/wp\/v2\/media?parent=10"}],"curies":[{"name":"wp","href":"https:\/\/api.w.org\/{rel}","templated":true}]}}