{"id":9,"date":"2024-04-03T23:15:15","date_gmt":"2024-04-03T20:15:15","guid":{"rendered":"https:\/\/sisu.ut.ee\/kognitiivnesemantika\/kirjandus\/"},"modified":"2024-04-03T23:15:24","modified_gmt":"2024-04-03T20:15:24","slug":"kirjandus","status":"publish","type":"page","link":"https:\/\/sisu.ut.ee\/kognitiivnesemantika\/kirjandus\/","title":{"rendered":"Kirjandus"},"content":{"rendered":"<p><span style=\"font-family: verdana, geneva;font-size: medium\"><strong>Kursusel viidatud kirjandus <\/strong><span style=\"font-size: small\">(ei sisalda teemade l\u00f5pus viidatud soovituslikku kirjandust)<\/span><\/span><\/p>\n<p><strong style=\"font-family: verdana, geneva;line-height: 1.6em\">Brugman<\/strong><span style=\"font-family: verdana, geneva;line-height: 1.6em\">, Claudia 1988 [1981]. The Story of <\/span><em style=\"font-family: verdana, geneva;line-height: 1.6em\">over<\/em><span style=\"font-family: verdana, geneva;line-height: 1.6em\">: Polysemy, Semantics, and the Structure of the Lexicon. New York: Garland Press.<\/span><\/p>\n<p><span style=\"font-family: verdana, geneva\"><strong>Cuyckens<\/strong>, Hubert, Britta <strong>Zawada<\/strong> 2001. Introduction. \u2013 H. Cuyckens, B. Zawada (eds.). Polysemy in Cognitive Linguistics. Selected Papers from the Fifth International Cognitive Linguistics Conference, Amsterdam, 1997. Amsterdam\/Philadelphia: John Benjamins, ix\u2013xxvii.<\/span><\/p>\n<p><span style=\"font-family: verdana, geneva\"><strong>Evans<\/strong>, Vyvyan, Melanie <strong>Green<\/strong> 2006.Cognitive Linguistics. An Introduction. Edinburgh University Press.<\/span><\/p>\n<p><span style=\"font-family: verdana, geneva\"><strong>Gibbs<\/strong>, Raymond Jr. 2006. Embodiment and Cognitive Science. Cambridge University Press.<\/span><\/p>\n<p><span style=\"font-family: verdana, geneva\"><strong>Heine<\/strong>, Bernd 1997. Cognitive foundation of grammar. New York &amp; Oxford: Oxford University Press.<\/span><\/p>\n<p><span style=\"font-family: verdana, geneva\"><strong>Janda<\/strong>, Laura A. A metaphor in search of a source domain: the categories of Slavic aspect. <em>Cognitive Linguistics<\/em> 15.4 (2004): 471-527.<\/span><\/p>\n<p><span style=\"font-family: verdana, geneva\"><strong>Johnson<\/strong>, Mark 1987 The Body in the Mind: The Bodily Basis of Meaning, Imagination and Reason. Chicago: Chicago University Press.<\/span><\/p>\n<p><span style=\"font-family: verdana, geneva\"><strong>Lakoff<\/strong>, George 1987. Women, Fire and Dangerous Things: What Categories Reveal about the Mind, Chicago: University of Chicago Press.<\/span><\/p>\n<p><span style=\"font-family: verdana, geneva\"><strong>Lakoff<\/strong>, George 1988. Cognitive Semantics. U. Eco, M. Santambrogio, P. Violi (eds.), Meaning and Mental Representations, 119-54. Bloomington and Indianapolis: Indiana University Press.<\/span><\/p>\n<p><span style=\"font-family: verdana, geneva\"><strong>Lakoff<\/strong>, George, Mark Johnson 1980. Metaphors we live by. Chicago: University of Chicago Press.<\/span><\/p>\n<p><span style=\"font-family: verdana, geneva\"><strong>Lakoff<\/strong>, Johnson 2011. Metafoorid, mille j\u00e4rgi me elame. Tlk E. Vainik. Tallinn: Tallinna \u00dclikooli Kirjastus.<\/span><\/p>\n<p><span style=\"font-family: verdana, geneva\"><strong>Lakoff<\/strong>, George, and Mark <strong>Turner<\/strong> 1989. More than cool reason: The power of poetic metaphor. Chicago: University of Chicago Press.<\/span><\/p>\n<p><span style=\"font-family: verdana, geneva\"><strong>Langacker<\/strong>, Ronald W. 2008. Cognitive Grammar. A Basic Introduction. Oxford: Oxford University Press.<\/span><\/p>\n<p><span style=\"font-family: verdana, geneva\"><strong>Mandler<\/strong>, Jean M. 2004. The Foundations of Mind: Origins of Conceptual Thought. Oxford: Oxford University Press.<\/span><\/p>\n<p><span style=\"font-family: verdana, geneva\"><strong>Riemer<\/strong>, Nick 2010. Introducing Semantics. Cambridge: Cambridge University Press.<\/span><\/p>\n<p><span style=\"font-family: verdana, geneva\"><strong>Rosch<\/strong>, Eleanor 1975. Cognitive Representations of Semantic Categories. Journal of Experimental Psychology: General, 104(3), 192\u2013233.<\/span><\/p>\n<p><span style=\"font-family: verdana, geneva\"><strong>Rosch<\/strong>, Eleanor 1978. Principles of Categorization. \u2013 E. Rosch, B. B. Lloyd (eds.). Cognition and Categorization. Hillsdale, N.J: Lawrence Erlbaum, 27\u201348.<\/span><\/p>\n<p><span style=\"font-family: verdana, geneva\"><strong>Rosch<\/strong>, Eleanor, Carolyn B. <strong>Mervis<\/strong> 1975. Family resemblances: Studies in the internal structure of categories. Cognitive Psychology, 7, 573\u2013605.Saeed 1997<\/span><\/p>\n<p><span style=\"font-family: verdana, geneva\"><strong>Saeed, <\/strong>John I. 1997. Semantics. Oxford: Blackwell.<\/span><\/p>\n<p><span style=\"font-family: verdana, geneva\"><strong>Tyler<\/strong>, Andrea, Vyvyan <strong>Evans<\/strong> 2001. Reconsidering prepositional polysemy networks: The case of over. \u2014 Language, 77-4, 724-765.<\/span><\/p>\n<p><span style=\"font-family: verdana, geneva\"><strong>Tyler<\/strong>, Andrea,\u00a0 Vyvyan <strong>Evans<\/strong>, 2003. The case of <em>over<\/em>. \u2013 B. Nerlich, Z. Todd, V. Her-man, D. Clarke, (eds.). Polysemy. Flexible Patterns of Meaning in Mind and Language. Mouton de Gruyter, Berlin\/New York, 99-159.<\/span><\/p>\n<p><span style=\"font-family: verdana, geneva\"><strong>Vandeloise, <\/strong>Claude 1991. Spatial prepositions: A case study from French. Chicago: University of Chicago Press.<\/span><\/p>\n<p><span style=\"font-family: verdana, geneva\"><strong>Veismann<\/strong>, Ann. 2009. Eesti keele kaas- ja m\u00e4\u00e4rs\u00f5nade semantika v\u00f5imalusi [Semantics of Estonian Adpositions and Adverbs]. Dissertationes Linguisticae Universitatis Tartuensis 11. Tartu: University of Tartu Press.<\/span><\/p>\n<p><span style=\"font-family: verdana, geneva\"><strong>Wittgenstein<\/strong>, Ludwig 1953. Philosophical Investigations. Oxford: Blackwell.<\/span><\/p>\n","protected":false},"excerpt":{"rendered":"<p>Kursusel viidatud kirjandus (ei sisalda teemade l\u00f5pus viidatud soovituslikku kirjandust) Brugman, Claudia 1988 [1981]. The Story of over: Polysemy, Semantics, and the Structure of the Lexicon. New York: Garland Press. Cuyckens, Hubert, Britta Zawada 2001. Introduction. \u2013 H. Cuyckens, B. &#8230;<\/p>\n","protected":false},"author":22,"featured_media":0,"parent":0,"menu_order":0,"comment_status":"closed","ping_status":"closed","template":"","meta":{"_acf_changed":false,"inline_featured_image":false,"footnotes":""},"class_list":["post-9","page","type-page","status-publish","hentry"],"acf":[],"_links":{"self":[{"href":"https:\/\/sisu.ut.ee\/kognitiivnesemantika\/wp-json\/wp\/v2\/pages\/9","targetHints":{"allow":["GET"]}}],"collection":[{"href":"https:\/\/sisu.ut.ee\/kognitiivnesemantika\/wp-json\/wp\/v2\/pages"}],"about":[{"href":"https:\/\/sisu.ut.ee\/kognitiivnesemantika\/wp-json\/wp\/v2\/types\/page"}],"author":[{"embeddable":true,"href":"https:\/\/sisu.ut.ee\/kognitiivnesemantika\/wp-json\/wp\/v2\/users\/22"}],"replies":[{"embeddable":true,"href":"https:\/\/sisu.ut.ee\/kognitiivnesemantika\/wp-json\/wp\/v2\/comments?post=9"}],"version-history":[{"count":1,"href":"https:\/\/sisu.ut.ee\/kognitiivnesemantika\/wp-json\/wp\/v2\/pages\/9\/revisions"}],"predecessor-version":[{"id":90,"href":"https:\/\/sisu.ut.ee\/kognitiivnesemantika\/wp-json\/wp\/v2\/pages\/9\/revisions\/90"}],"wp:attachment":[{"href":"https:\/\/sisu.ut.ee\/kognitiivnesemantika\/wp-json\/wp\/v2\/media?parent=9"}],"curies":[{"name":"wp","href":"https:\/\/api.w.org\/{rel}","templated":true}]}}