{"id":5,"date":"2024-04-03T23:15:15","date_gmt":"2024-04-03T20:15:15","guid":{"rendered":"https:\/\/sisu.ut.ee\/kognitiivnesemantika\/avaleht\/"},"modified":"2024-04-30T16:33:27","modified_gmt":"2024-04-30T13:33:27","slug":"avaleht","status":"publish","type":"page","link":"https:\/\/sisu.ut.ee\/kognitiivnesemantika\/","title":{"rendered":"Avaleht"},"content":{"rendered":"<p style=\"text-align: center\">\n<\/p><p style=\"text-align: left\"><span style=\"font-family: verdana, geneva;font-size: small\">\u00d5piobjekt \u201cKognitiivne semantika\u201d on loodud p\u00f5hiteadmiste <\/span><span style=\"font-family: verdana, geneva;font-size: small;line-height: 1.6em\">koondamiseks<\/span><span style=\"font-family: verdana, geneva;font-size: small;line-height: 1.6em\">\u00a0kognitiivsest semantikast.\u00a0Materjal on m\u00f5eldud bakalaureuseastme \u00fcli\u00f5pilastele, kuid seda saavad kasutada ka magistrastme \u00fcli\u00f5pilased, kes ei ole l\u00e4binud t\u00e4hendus\u00f5petuse kursust bakalaureuseastmes. Kognitiivsest semantikast on juttu mitmes Tartu \u00dclikooli eesti ja soome-ugri keeleteaduse \u00f5ppekava aines (nt sissejuhatus keeleteadusesse, keeleuurimise meetodid, funktsionaalsed l\u00e4henemised keeleteaduses). Siinse \u00f5piobjekti eesm\u00e4rgiks on pakkuda tuge p\u00f5hiteadmistes, mida igal konkreetsel ainekursusel on v\u00f5imalik t\u00e4iendada. \u00d5piobjekt on jaotatud neljaks p\u00f5hiteemaks:<\/span><\/p>\n<ul>\n<li><strong style=\"font-family: verdana, geneva;font-size: small;line-height: 1.6em\">kognitiivse semantika p\u00f5hiprintsiibid<\/strong><\/li>\n<li><strong style=\"font-family: verdana, geneva;font-size: small;line-height: 1.6em\">metafoor ja metonuumia<\/strong><\/li>\n<li><strong style=\"font-family: verdana, geneva;font-size: small;line-height: 1.6em\">skeemkujutlus<\/strong><\/li>\n<li><strong style=\"font-family: verdana, geneva;font-size: small;line-height: 1.6em\">s\u00f5nat\u00e4hendus kui radiaalne kategooria<\/strong><\/li>\n<\/ul>\n<p style=\"text-align: left\"><span style=\"font-family: verdana, geneva;font-size: small\">P\u00f5hiteemadele eelnevad sissejuhatus ja meeldetuletus. Sissejuhatus on soovitatav igal juhul l\u00e4bida. Meeldetuletuse osa aitab meelde tuletada kognitiivse keeleteaduse, mille osaks on kognitiivne semantika, p\u00f5hialused. Neil, kel varem pole kokkupuudet kognitiivse keeleteadusega olnud, aitab see ennast teemaga kurssi viia. V\u00f5imalik on sellest osast l\u00e4bida ka ainult test, mis n\u00e4itab, kui h\u00e4sti kognitiivse keeleteaduse p\u00f5hiolemust tuntakse. Teemad on soovitatav l\u00e4bida nende loomulikus j\u00e4rjekorras, kuna j\u00e4rgnev osa viitab enamasti eelneva(te)le. Samuti annab \u00f5piobjekt viiteid\u00a0<\/span><span style=\"font-family: verdana, geneva;font-size: small;line-height: 1.6em\">suurema huvi korral<\/span><span style=\"font-family: verdana, geneva;font-size: small;line-height: 1.6em\">\u00a0<\/span><span style=\"font-family: verdana, geneva;font-size: small;line-height: 1.6em\">edasilugemiseks.<\/span><\/p>\n<p style=\"text-align: left\"><span style=\"font-family: verdana, geneva;font-size: small\"><strong>Head \u00f5ppimist!<\/strong><\/span><\/p>\n<p style=\"text-align: left\"><span style=\"font-family: verdana, geneva;font-size: small\">Ann Veismann<br><span style=\"line-height: 1.6em\">T\u00dc \u00fcldkeeleteadus teadur<br><\/span><em id=\"__mceDel\" style=\"font-family: 'Open Sans', sans-serif;font-size: 13px;line-height: 1.6em\"><span style=\"font-family: verdana, geneva;font-size: small\">ann.veismann@ut.ee<\/span><\/em><\/span><\/p>\n<p style=\"text-align: left\"><span style=\"font-family: verdana, geneva;font-size: small\">Oktoober 2013<\/span><\/p>\n","protected":false},"excerpt":{"rendered":"<p>\u00d5piobjekt \u201cKognitiivne semantika\u201d on loodud p\u00f5hiteadmiste koondamiseks\u00a0kognitiivsest semantikast.\u00a0Materjal on m\u00f5eldud bakalaureuseastme \u00fcli\u00f5pilastele, kuid seda saavad kasutada ka magistrastme \u00fcli\u00f5pilased, kes ei ole l\u00e4binud t\u00e4hendus\u00f5petuse kursust bakalaureuseastmes. Kognitiivsest semantikast on juttu mitmes Tartu \u00dclikooli eesti ja soome-ugri keeleteaduse \u00f5ppekava aines (nt &#8230;<\/p>\n","protected":false},"author":22,"featured_media":0,"parent":0,"menu_order":0,"comment_status":"closed","ping_status":"closed","template":"","meta":{"_acf_changed":false,"inline_featured_image":false,"footnotes":""},"class_list":["post-5","page","type-page","status-publish","hentry"],"acf":[],"_links":{"self":[{"href":"https:\/\/sisu.ut.ee\/kognitiivnesemantika\/wp-json\/wp\/v2\/pages\/5","targetHints":{"allow":["GET"]}}],"collection":[{"href":"https:\/\/sisu.ut.ee\/kognitiivnesemantika\/wp-json\/wp\/v2\/pages"}],"about":[{"href":"https:\/\/sisu.ut.ee\/kognitiivnesemantika\/wp-json\/wp\/v2\/types\/page"}],"author":[{"embeddable":true,"href":"https:\/\/sisu.ut.ee\/kognitiivnesemantika\/wp-json\/wp\/v2\/users\/22"}],"replies":[{"embeddable":true,"href":"https:\/\/sisu.ut.ee\/kognitiivnesemantika\/wp-json\/wp\/v2\/comments?post=5"}],"version-history":[{"count":2,"href":"https:\/\/sisu.ut.ee\/kognitiivnesemantika\/wp-json\/wp\/v2\/pages\/5\/revisions"}],"predecessor-version":[{"id":105,"href":"https:\/\/sisu.ut.ee\/kognitiivnesemantika\/wp-json\/wp\/v2\/pages\/5\/revisions\/105"}],"wp:attachment":[{"href":"https:\/\/sisu.ut.ee\/kognitiivnesemantika\/wp-json\/wp\/v2\/media?parent=5"}],"curies":[{"name":"wp","href":"https:\/\/api.w.org\/{rel}","templated":true}]}}