{"id":4,"date":"2024-04-03T23:15:15","date_gmt":"2024-04-03T20:15:15","guid":{"rendered":"https:\/\/sisu.ut.ee\/kognitiivnesemantika\/skeemkujutluse-omadused\/"},"modified":"2024-04-03T23:15:24","modified_gmt":"2024-04-03T20:15:24","slug":"skeemkujutluse-omadused","status":"publish","type":"page","link":"https:\/\/sisu.ut.ee\/kognitiivnesemantika\/skeemkujutluse-omadused\/","title":{"rendered":"N\u00e4iteid skeemkujutlustest: SISALDUMINE"},"content":{"rendered":"<p><span style=\"font-family: verdana, geneva;font-size: small\"><strong>Sisaldumise<\/strong> skeemkujutluse aluseks on meie kehaline kogemus 1) sellest kuidas meie keha ise on v\u00f5imeline sisaldama; 2) sellest kuidas meie keha ruumis on f\u00fc\u00fcsiliselt piiratud; 3) sellest kuidas objekte saab anumatesse asetada.<\/span><\/p>\n<p><span style=\"font-family: verdana, geneva;font-size: small\">Nii iseloomustavad sisaldumist kogemusest p\u00e4rinevad jooned: sisaldavad anumad on eristajad, saab olla kas sees v\u00f5i v\u00e4ljas; sisaldumine on transitiivne (kui ma leban voodi<strong>s<\/strong>, mis asub minu toa<strong>s<\/strong>, siis olen ma ka oma toa<strong>s<\/strong>).<\/span><\/p>\n<p><span style=\"font-family: verdana, geneva;font-size: small\">Skeemkujutlused on n-\u00f6 <strong>loomulikult t\u00e4henduslikud<\/strong>, st nad on seotud kogemusest tekkivate j\u00e4reldustega, sisaldumise puhul n\u00e4iteks kaasneb sisaldumise kogemusega kaitse v\u00e4lisj\u00f5udude eest (sees-v\u00e4ljas eristusest); piiratud liikumine; suhteline fikseeritus; m\u00f5ju n\u00e4htavusele (sisaldav anum v\u00f5ib sisaldatavat kas varjata v\u00f5i vaatamiseks v\u00e4lja panna).<\/span><\/p>\n<p><span style=\"font-family: verdana, geneva;font-size: small\">Skeemkujutlusliku t\u00e4henduse tervikuga on n\u00e4iteks seletatud, miks visuaalselt \u00fcks ja sama esemete konfiguratsioon, saab \u00fcks kord m\u00f5istestatud kui <em>sees <\/em>ja teine kord kui <em>peal<\/em>. V\u00f5rdleme n\u00e4iteks kaht pilti:<\/span><\/p>\n<p><span style=\"font-family: verdana, geneva;font-size: small\"><\/span><\/p>\n<p><span style=\"font-family: verdana, geneva;font-size: small\"><\/span><\/p>\n<p><span style=\"font-family: verdana, geneva;font-size: small\"><\/span><\/p>\n<p><span style=\"font-family: verdana, geneva;font-size: small\"><img loading=\"lazy\" decoding=\"async\" width=\"194\" height=\"312\" class=\"alignnone wp-image-25\" style=\"float: left\" src=\"https:\/\/sisu.ut.ee\/wp-content\/uploads\/sites\/57\/sees_peal_lambipirn.jpg\" title=\"sees_peal_lambipirn.jpg\" alt=\"sees_peal_lambipirn.jpg\" srcset=\"https:\/\/sisu.ut.ee\/wp-content\/uploads\/sites\/57\/sees_peal_lambipirn.jpg 194w, https:\/\/sisu.ut.ee\/wp-content\/uploads\/sites\/57\/sees_peal_lambipirn-187x300.jpg 187w\" sizes=\"auto, (max-width: 194px) 100vw, 194px\"><\/span><\/p>\n<p><span style=\"font-family: verdana, geneva;font-size: small\"><img loading=\"lazy\" decoding=\"async\" width=\"177\" height=\"332\" class=\"alignnone wp-image-26\" style=\"float: left\" src=\"https:\/\/sisu.ut.ee\/wp-content\/uploads\/sites\/57\/pudel.jpg\" title=\"pudel.jpg\" alt=\"pudel.jpg\" srcset=\"https:\/\/sisu.ut.ee\/wp-content\/uploads\/sites\/57\/pudel.jpg 177w, https:\/\/sisu.ut.ee\/wp-content\/uploads\/sites\/57\/pudel-160x300.jpg 160w\" sizes=\"auto, (max-width: 177px) 100vw, 177px\"><\/span><\/p>\n<p><span style=\"font-family: verdana, geneva;font-size: small\">Objektide asetuse m\u00f5ttes on pildid v\u00e4ga sarnased. Kuid \u00fche pildi kohta saame \u00f6elda <em>Lambi<strong>pirn<\/strong> on <strong>pesas<\/strong>.<\/em> ja teise kohta peame \u00fctlema <em><strong>kork<\/strong> on pudeli <strong>peal<\/strong>. <\/em>Pole v\u00f5imalik \u00f6elda *<em> Pesa on <\/em><em>pirni peal\u00a0<\/em>ja <em>pudel on korgi sees <\/em>ei ole ka tavap\u00e4rane v\u00e4ljendus. Sellise m\u00f5istestamise taga on n\u00e4htud just nimelt skeemkujutluslikkust \u2014 (erinevalt korgist) pesa hoiab pirni kinni, fikseerib pirni asukoha. (N\u00e4ide p\u00e4rit Claude Vandeloise 1991)<\/span><\/p>\n<p><span style=\"font-family: verdana, geneva;font-size: small\">ANUMA skeemkujutluse metafoorilisted laiendustena v\u00f5ib eesti keelest v\u00e4lja tuua n\u00e4iteks:<\/span><\/p>\n<ul>\n<li><span style=\"font-family: verdana, geneva;font-size: small;line-height: 1.6em\">N\u00e4gemisv\u00e4li kui anum \u2013 <\/span><em style=\"font-family: verdana, geneva;font-size: small;line-height: 1.6em\">Ilmus mu vaatev\u00e4lja. Kadus silmist<\/em><span style=\"font-family: verdana, geneva;font-size: small;line-height: 1.6em\">. (seejuures on silm siin ise metonuumia)<\/span><\/li>\n<li><span style=\"font-family: verdana, geneva;font-size: small;line-height: 1.6em\">(meele)seisund kui anum \u2013 on eufooria-s, mure-s, h\u00fcsteeria-s.<\/span><\/li>\n<\/ul>\n","protected":false},"excerpt":{"rendered":"<p>Sisaldumise skeemkujutluse aluseks on meie kehaline kogemus 1) sellest kuidas meie keha ise on v\u00f5imeline sisaldama; 2) sellest kuidas meie keha ruumis on f\u00fc\u00fcsiliselt piiratud; 3) sellest kuidas objekte saab anumatesse asetada. Nii iseloomustavad sisaldumist kogemusest p\u00e4rinevad jooned: sisaldavad anumad &#8230;<\/p>\n","protected":false},"author":22,"featured_media":0,"parent":0,"menu_order":0,"comment_status":"closed","ping_status":"closed","template":"","meta":{"_acf_changed":false,"inline_featured_image":false,"footnotes":""},"class_list":["post-4","page","type-page","status-publish","hentry"],"acf":[],"_links":{"self":[{"href":"https:\/\/sisu.ut.ee\/kognitiivnesemantika\/wp-json\/wp\/v2\/pages\/4","targetHints":{"allow":["GET"]}}],"collection":[{"href":"https:\/\/sisu.ut.ee\/kognitiivnesemantika\/wp-json\/wp\/v2\/pages"}],"about":[{"href":"https:\/\/sisu.ut.ee\/kognitiivnesemantika\/wp-json\/wp\/v2\/types\/page"}],"author":[{"embeddable":true,"href":"https:\/\/sisu.ut.ee\/kognitiivnesemantika\/wp-json\/wp\/v2\/users\/22"}],"replies":[{"embeddable":true,"href":"https:\/\/sisu.ut.ee\/kognitiivnesemantika\/wp-json\/wp\/v2\/comments?post=4"}],"version-history":[{"count":1,"href":"https:\/\/sisu.ut.ee\/kognitiivnesemantika\/wp-json\/wp\/v2\/pages\/4\/revisions"}],"predecessor-version":[{"id":85,"href":"https:\/\/sisu.ut.ee\/kognitiivnesemantika\/wp-json\/wp\/v2\/pages\/4\/revisions\/85"}],"wp:attachment":[{"href":"https:\/\/sisu.ut.ee\/kognitiivnesemantika\/wp-json\/wp\/v2\/media?parent=4"}],"curies":[{"name":"wp","href":"https:\/\/api.w.org\/{rel}","templated":true}]}}