{"id":23,"date":"2024-04-03T23:15:16","date_gmt":"2024-04-03T20:15:16","guid":{"rendered":"https:\/\/sisu.ut.ee\/kognitiivnesemantika\/metonuumia\/"},"modified":"2024-04-03T23:15:24","modified_gmt":"2024-04-03T20:15:24","slug":"metonuumia","status":"publish","type":"page","link":"https:\/\/sisu.ut.ee\/kognitiivnesemantika\/metonuumia\/","title":{"rendered":"Meton\u00fc\u00fcmia"},"content":{"rendered":"<p><span style=\"font-family: verdana, geneva;font-size: small\">Metafoori k\u00f5rval tuleb r\u00e4\u00e4kida ka teisest meie igap\u00e4evast k\u00f5net ja m\u00f5tlemist suunavast n\u00e4htusest, <strong>metonuumiast<\/strong>. Kui metafoor aitas \u00fcht valdkonda m\u00f5ista ja v\u00e4ljendada teise kaudu, siis metonuumiat iseloomustab \u00fche valdkonna\/teema sees r\u00e4\u00e4kimine \u00fchest asjast teise, teda esindava n\u00e4htuse kaudu. N\u00e4iteks saame me r\u00e4\u00e4kida teosest selle autori kaudu (<em>lugesin eile Dostojevskit<\/em>) v\u00f5i tootest selle firma nime kaudu (<em>ostis Volvo<\/em>). K\u00f5ige tavalisemad meton\u00fc\u00fcmilised seosed ongi:<\/span><\/p>\n<p><span style=\"font-family: verdana, geneva;font-size: small\">AUTOR TEOSE ASEMEL (<em>mulle meeldib Hvostov<\/em>)<\/span><\/p>\n<p><span style=\"font-family: verdana, geneva;font-size: small\">KOHT S\u00dcNDMUSE ASEMEL (Iraak on uus Vietnam)<\/span><\/p>\n<p><span style=\"font-family: verdana, geneva;font-size: small\">KOHT INSTITUTSIOONI ASEMEL (<em>Toompea tahab kilekotte maksustada<\/em>)<\/span><\/p>\n<p><span style=\"font-family: verdana, geneva;font-size: small\">TOOTJA TOOTE ASEMEL (<em>pampersid <\/em>\u2019m\u00e4hkmed\u2019<em><\/em>)<\/span><\/p>\n<p><span style=\"font-family: verdana, geneva;font-size: small\">Osa terviku asemel metonuumia ei avaldu ainult keeleliselt, vaid ka m\u00f5tlemises, nii on tavap\u00e4rane, et inimest esindab pildil ainult tema n\u00e4gu. N\u00e4iteks vastuseks k\u00fcsimusele: \u201cKuidas n\u00e4eb v\u00e4lja USA president Barack Obama?\u201d oleme t\u00e4iesti rahul j\u00e4rgmise pildiga (pilt p\u00e4rit: http:\/\/grassrootjournal.com\/the-non-denial-denials-of-barack-obama-and-the-rise-of-ignorance-in-the-executive\/).<\/span><\/p>\n<p><span style=\"font-family: verdana, geneva;font-size: small\"><img loading=\"lazy\" decoding=\"async\" width=\"305\" height=\"165\" class=\"alignnone wp-image-40\" src=\"https:\/\/sisu.ut.ee\/wp-content\/uploads\/sites\/57\/barack_obama.jpg\" title=\"barack_obama.jpg\" alt=\"barack_obama.jpg\" srcset=\"https:\/\/sisu.ut.ee\/wp-content\/uploads\/sites\/57\/barack_obama.jpg 305w, https:\/\/sisu.ut.ee\/wp-content\/uploads\/sites\/57\/barack_obama-300x162.jpg 300w\" sizes=\"auto, (max-width: 305px) 100vw, 305px\"><\/span><\/p>\n<p><span style=\"font-family: verdana, geneva;font-size: small\">Prooviks v\u00f5ib sisestada Google pildi-otsingusse Barack Obama nime ja vaadata, mitu vastet tuleb \u201cterve inimene\u201d ja mitu vastet \u201cainult n\u00e4gu\u201d.<\/span><\/p>\n<p><span style=\"font-family: verdana, geneva;font-size: small\">Kuid inimest v\u00f5ib esindada ka tema tegevusala (<em>saksofonil on t\u00e4na kerge gripp<\/em>), kohvikus tellitud toit (<em>kreemikook ootab arvet<\/em>) v\u00f5i ravitud haigus (<em>pimesool tahab koju minna<\/em>). Sellise metonuumia kasutus on kontekstiga piiratud (orkester, ettekandjad kohvikus, arstid haiglas).<\/span><\/p>\n","protected":false},"excerpt":{"rendered":"<p>Metafoori k\u00f5rval tuleb r\u00e4\u00e4kida ka teisest meie igap\u00e4evast k\u00f5net ja m\u00f5tlemist suunavast n\u00e4htusest, metonuumiast. Kui metafoor aitas \u00fcht valdkonda m\u00f5ista ja v\u00e4ljendada teise kaudu, siis metonuumiat iseloomustab \u00fche valdkonna\/teema sees r\u00e4\u00e4kimine \u00fchest asjast teise, teda esindava n\u00e4htuse kaudu. N\u00e4iteks saame &#8230;<\/p>\n","protected":false},"author":22,"featured_media":0,"parent":0,"menu_order":0,"comment_status":"closed","ping_status":"closed","template":"","meta":{"_acf_changed":false,"inline_featured_image":false,"footnotes":""},"class_list":["post-23","page","type-page","status-publish","hentry"],"acf":[],"_links":{"self":[{"href":"https:\/\/sisu.ut.ee\/kognitiivnesemantika\/wp-json\/wp\/v2\/pages\/23","targetHints":{"allow":["GET"]}}],"collection":[{"href":"https:\/\/sisu.ut.ee\/kognitiivnesemantika\/wp-json\/wp\/v2\/pages"}],"about":[{"href":"https:\/\/sisu.ut.ee\/kognitiivnesemantika\/wp-json\/wp\/v2\/types\/page"}],"author":[{"embeddable":true,"href":"https:\/\/sisu.ut.ee\/kognitiivnesemantika\/wp-json\/wp\/v2\/users\/22"}],"replies":[{"embeddable":true,"href":"https:\/\/sisu.ut.ee\/kognitiivnesemantika\/wp-json\/wp\/v2\/comments?post=23"}],"version-history":[{"count":1,"href":"https:\/\/sisu.ut.ee\/kognitiivnesemantika\/wp-json\/wp\/v2\/pages\/23\/revisions"}],"predecessor-version":[{"id":83,"href":"https:\/\/sisu.ut.ee\/kognitiivnesemantika\/wp-json\/wp\/v2\/pages\/23\/revisions\/83"}],"wp:attachment":[{"href":"https:\/\/sisu.ut.ee\/kognitiivnesemantika\/wp-json\/wp\/v2\/media?parent=23"}],"curies":[{"name":"wp","href":"https:\/\/api.w.org\/{rel}","templated":true}]}}