{"id":21,"date":"2024-04-03T23:15:16","date_gmt":"2024-04-03T20:15:16","guid":{"rendered":"https:\/\/sisu.ut.ee\/kognitiivnesemantika\/orientatsioonimetafoorid\/"},"modified":"2024-04-03T23:15:24","modified_gmt":"2024-04-03T20:15:24","slug":"orientatsioonimetafoorid","status":"publish","type":"page","link":"https:\/\/sisu.ut.ee\/kognitiivnesemantika\/orientatsioonimetafoorid\/","title":{"rendered":"Orientatsioonimetafoorid"},"content":{"rendered":"<p><span style=\"font-family: verdana, geneva;font-size: small\">\u00dcks liik metafoore, <strong>orientatsioonimetafoorid,<\/strong> toetavad tugevalt eelmises peat\u00fckis k\u00e4sitletud kehap\u00f5hisuse teooriat.<\/span><\/p>\n<ul>\n<li><span style=\"font-family: verdana, geneva;font-size: small\">HEA ON \u00dcLEVAL, HALB ON ALL<\/span><\/li>\n<\/ul>\n<p><span style=\"font-family: verdana, geneva;font-size: small\"><em>Asjad l\u00e4hevad \u00fclesm\u00e4ge\/allam\u00e4ge. Tipptasemel t\u00f6\u00f6<\/em><\/span><\/p>\n<ul>\n<li><span style=\"font-family: verdana, geneva;font-size: small\">\u00d5NNELIKKUS ON \u00dcLEVAL; KURBUS ON ALL<\/span><\/li>\n<\/ul>\n<p><span style=\"font-family: verdana, geneva;font-size: small\"><em>Tuju t\u00f5useb\/langeb, on madalseisus, on \u00f5nne tipul<\/em>,<\/span><\/p>\n<ul>\n<li><span style=\"font-family: verdana, geneva;font-size: small\">TEADVUSELOLEK ON \u00dcLEVAL; TEADVUSETUS ALL<\/span><\/li>\n<\/ul>\n<p><span style=\"font-family: verdana, geneva;font-size: small\"><em>\u00c4rkas \u00fcles; langes minestusse, koomasse<\/em><\/span><\/p>\n<ul>\n<li><span style=\"font-family: verdana, geneva;font-size: small\">KONTROLLI V\u00d5I J\u00d5U OMAMINE ON \u00dcLEVAL; KONTROLLI V\u00d5I J\u00d5U SUBJEKT OLEMINE ON ALL<\/span><\/li>\n<\/ul>\n<p><span style=\"font-family: verdana, geneva;font-size: small\"><em>Mul on tema \u00fcle kontroll, ta on k\u00f5rgemal positsioonil, ta on minust j\u00f5u poolest \u00fcle, alluv ja \u00fclemus<\/em><\/span><\/p>\n<p><span style=\"font-family: verdana, geneva;font-size: small\"><em><\/em><\/span><\/p>\n<p><span style=\"font-family: verdana, geneva;font-size: small\">Orientatsioonimetafoorid v\u00f5tavad aluseks ruumisuunad (vertikaalne ja horisontaalne asetus) ja kasutavad inimese kogemust f\u00fc\u00fcsiliste objektide asetsemisest ruumis. N\u00e4iteks p\u00f5hinevad osad orientatsioonimetafoorid meie kehalisel kogemusel sellest, kuidas me maas lamame ja \u00fcles t\u00f5useme ja kogemus seostest teadvuse, tervise ja j\u00f5uga\/v\u00f5imuga. St vertikaalsus inimkogemuses.<\/span><\/p>\n<p><span style=\"font-family: verdana, geneva;font-size: small\">Need ei ole retoorilised v\u00f5tted v\u00f5i poeetilised k\u00f5ne ilustamised: see ongi see, kuidas me kujutleme \u00f5nnelikkust, tervist jne. St metafoorid on m\u00f5istelised struktuurid, mis l\u00e4bivad tavalist keelt.<\/span><\/p>\n","protected":false},"excerpt":{"rendered":"<p>\u00dcks liik metafoore, orientatsioonimetafoorid, toetavad tugevalt eelmises peat\u00fckis k\u00e4sitletud kehap\u00f5hisuse teooriat. HEA ON \u00dcLEVAL, HALB ON ALL Asjad l\u00e4hevad \u00fclesm\u00e4ge\/allam\u00e4ge. Tipptasemel t\u00f6\u00f6 \u00d5NNELIKKUS ON \u00dcLEVAL; KURBUS ON ALL Tuju t\u00f5useb\/langeb, on madalseisus, on \u00f5nne tipul, TEADVUSELOLEK ON \u00dcLEVAL; TEADVUSETUS ALL &#8230;<\/p>\n","protected":false},"author":22,"featured_media":0,"parent":0,"menu_order":0,"comment_status":"closed","ping_status":"closed","template":"","meta":{"_acf_changed":false,"inline_featured_image":false,"footnotes":""},"class_list":["post-21","page","type-page","status-publish","hentry"],"acf":[],"_links":{"self":[{"href":"https:\/\/sisu.ut.ee\/kognitiivnesemantika\/wp-json\/wp\/v2\/pages\/21","targetHints":{"allow":["GET"]}}],"collection":[{"href":"https:\/\/sisu.ut.ee\/kognitiivnesemantika\/wp-json\/wp\/v2\/pages"}],"about":[{"href":"https:\/\/sisu.ut.ee\/kognitiivnesemantika\/wp-json\/wp\/v2\/types\/page"}],"author":[{"embeddable":true,"href":"https:\/\/sisu.ut.ee\/kognitiivnesemantika\/wp-json\/wp\/v2\/users\/22"}],"replies":[{"embeddable":true,"href":"https:\/\/sisu.ut.ee\/kognitiivnesemantika\/wp-json\/wp\/v2\/comments?post=21"}],"version-history":[{"count":1,"href":"https:\/\/sisu.ut.ee\/kognitiivnesemantika\/wp-json\/wp\/v2\/pages\/21\/revisions"}],"predecessor-version":[{"id":81,"href":"https:\/\/sisu.ut.ee\/kognitiivnesemantika\/wp-json\/wp\/v2\/pages\/21\/revisions\/81"}],"wp:attachment":[{"href":"https:\/\/sisu.ut.ee\/kognitiivnesemantika\/wp-json\/wp\/v2\/media?parent=21"}],"curies":[{"name":"wp","href":"https:\/\/api.w.org\/{rel}","templated":true}]}}