{"id":19,"date":"2024-04-03T23:15:15","date_gmt":"2024-04-03T20:15:15","guid":{"rendered":"https:\/\/sisu.ut.ee\/kognitiivnesemantika\/3-kehapohisus-embodiment\/"},"modified":"2024-04-03T23:15:24","modified_gmt":"2024-04-03T20:15:24","slug":"3-kehapohisus-embodiment","status":"publish","type":"page","link":"https:\/\/sisu.ut.ee\/kognitiivnesemantika\/3-kehapohisus-embodiment\/","title":{"rendered":"3. Kehap\u00f5hisus (embodiment)"},"content":{"rendered":"<p><span style=\"font-family: verdana, geneva;font-size: small\">\u00dcheks oluliseks kognitiivses semantikas esilekerkinud teooriaks on nn<strong> kehap\u00f5hisuse<\/strong> v\u00f5i <strong>kehalisuse (<em>embodiment<\/em>) v\u00e4ide<\/strong>. See t\u00e4hendab, et v\u00e4idetavalt on inimtunnetus (m\u00f5tlemine, teadmiste hankimine ja talletamine) v\u00e4ga oluliselt kujundatud inimese kehalisest\/f\u00fc\u00fcsilisest kogemusest. \u00dche tuntuma kehalisuse teooria arendaja, Ameerika ps\u00fchholoogi ja kognitiivteadlase Raymond Gibbsi j\u00e4rgi <em>\u201eKehastumine ei pruugi anda ainsat alust kogu m\u00f5tlemisele ja keelele, kuid see on olemuslikult oluline osa tajulistes ja kognitiivsetes protsessides, millega me muudame m\u00f5ttekaks oma kogemused\u00a0 maailmas\u201c<\/em> (Gibbs 2006: 3).<\/span><\/p>\n<p><span style=\"font-family: verdana, geneva;font-size: small\">Kehap\u00f5hisust uurivad kognitiivsed ps\u00fchholoogid on teinud katseid, et uurida n\u00e4iteks seda, kuidas seostatakse soojust ja emotsionaalset l\u00e4hedust nii keeles (<em>soe\/k\u00fclm inimene, tegi s\u00fcdame soojaks, Sally on j\u00e4\u00e4m\u00e4gi <\/em>jne) kui ka m\u00f5tlemises.\u00a0 Katse, milles sooja joogiga tassi v\u00f5i sooja padjakest k\u00e4es hoidval inimesel palutakse teatud otsustusi teha (kas teha kingitus endale v\u00f5i s\u00f5brale) v\u00f5i teist inimest hinnata, n\u00e4itas, et f\u00fc\u00fcsiliselt soojust tundnud inimesed kaldusid tegema otsust, mis eelistas teisele inimesele head ja ka inimesele antud hinnangutes n\u00e4hti teises inimeses pigem \u201csooja\u201d. (Williams, L.E. and J.A. Bargh, Experiencing physical warmth promotes interpersonal warmth. <em>Science,<\/em> 2008. 322: p. 606-607).\u00a0 Samuti on katseliselt n\u00e4idatud, kuidas kogemus f\u00fc\u00fcsilisest kaalust on tugevalt seotud meie hinnanguga t\u00e4htsusest\/olulisusest (Jostmann, N.B., D. Lakens, and T.W. Schubert, Weight as anembodiment of importance. <em>Psychological Science<\/em>, 2009. 20(9): p. 1169-1174).<\/span><\/p>\n<p><span style=\"font-family: verdana, geneva;font-size: small\">Kognitiivsed keeleteadlased on juhtinud n\u00e4iteks t\u00e4helepanu, et aine ja asjas\u00f5nade eristamisel on sarnasus l\u00f5petamata ja l\u00f5petatud tegevuse eristamisega verbigrammatikas (vt nt L. Janda 2004). Kehap\u00f5hisust uurinud kognitiivsed ps\u00fchholingvistid on teinud katseid selle kohta, kuidas kehaline kogemus m\u00f5jutab valima grammatilist vormi. Katsealused, kes hoidsid k\u00e4tt vee sees (ilma konkreetsete piirideta aine sees) kaldusid jutustamisel kasutama oluliselt rohkem kestvat ajavormi\/aspekti kui need katsealused, kes hoidsid k\u00e4es kindlapiirilist objekti (kasutasid perfekti, mis viitab piiritletud, l\u00f5petatud tegevusele). Spivey, Michael J., Daniel C Richardson, Monica Gonzalez-Marquez 2005. On the Perceptual-Motor and Image-Schematic Infrastructure of Language. In: Pecher, Diane &amp; Rolf A. Zwaan <em>Grounding Cognition. The Role of Perception and Action in Memory, Language, and Thinking<\/em>. Cambridge: Cambridge University Press, pp. 246-281.<\/span><\/p>\n<p><span style=\"font-family: verdana, geneva;font-size: small\">J\u00e4tkuks eelnevale kategoriseerimise peat\u00fckile v\u00f5ib v\u00e4lja tuua G. Lakoffi v\u00e4ite, et teatud kategooriate omadused on tingitud inimese biloogiliste v\u00f5imete olemusest ja inimese kogemusest f\u00fc\u00fcsilises ja sotsiaalses keskkonnas tegutsemisest. (Lakoff 1987: 12) Kehap\u00f5hisusel on oluline roll metafoorides, mille kaudu inimene m\u00f5istab lihtsamate, f\u00fc\u00fcsilisemate n\u00e4htuste analoogia alusel keerulisemaid, abstraktsemaid protsesse. Nii toob ka L. Janda oma artiklis v\u00e4lja vene keele aspektis\u00fcsteemi iseloomustavad metafoorid PERFECTIVE IS A DISCRETE SOLID OBJECT <em>versus<\/em> IMPERFECTIVE IS A FLUID SUBSTANCE (Janda 2004).<\/span><\/p>\n","protected":false},"excerpt":{"rendered":"<p>\u00dcheks oluliseks kognitiivses semantikas esilekerkinud teooriaks on nn kehap\u00f5hisuse v\u00f5i kehalisuse (embodiment) v\u00e4ide. See t\u00e4hendab, et v\u00e4idetavalt on inimtunnetus (m\u00f5tlemine, teadmiste hankimine ja talletamine) v\u00e4ga oluliselt kujundatud inimese kehalisest\/f\u00fc\u00fcsilisest kogemusest. \u00dche tuntuma kehalisuse teooria arendaja, Ameerika ps\u00fchholoogi ja kognitiivteadlase Raymond &#8230;<\/p>\n","protected":false},"author":22,"featured_media":0,"parent":0,"menu_order":0,"comment_status":"closed","ping_status":"closed","template":"","meta":{"_acf_changed":false,"inline_featured_image":false,"footnotes":""},"class_list":["post-19","page","type-page","status-publish","hentry"],"acf":[],"_links":{"self":[{"href":"https:\/\/sisu.ut.ee\/kognitiivnesemantika\/wp-json\/wp\/v2\/pages\/19","targetHints":{"allow":["GET"]}}],"collection":[{"href":"https:\/\/sisu.ut.ee\/kognitiivnesemantika\/wp-json\/wp\/v2\/pages"}],"about":[{"href":"https:\/\/sisu.ut.ee\/kognitiivnesemantika\/wp-json\/wp\/v2\/types\/page"}],"author":[{"embeddable":true,"href":"https:\/\/sisu.ut.ee\/kognitiivnesemantika\/wp-json\/wp\/v2\/users\/22"}],"replies":[{"embeddable":true,"href":"https:\/\/sisu.ut.ee\/kognitiivnesemantika\/wp-json\/wp\/v2\/comments?post=19"}],"version-history":[{"count":1,"href":"https:\/\/sisu.ut.ee\/kognitiivnesemantika\/wp-json\/wp\/v2\/pages\/19\/revisions"}],"predecessor-version":[{"id":100,"href":"https:\/\/sisu.ut.ee\/kognitiivnesemantika\/wp-json\/wp\/v2\/pages\/19\/revisions\/100"}],"wp:attachment":[{"href":"https:\/\/sisu.ut.ee\/kognitiivnesemantika\/wp-json\/wp\/v2\/media?parent=19"}],"curies":[{"name":"wp","href":"https:\/\/api.w.org\/{rel}","templated":true}]}}