{"id":15,"date":"2024-04-03T23:15:15","date_gmt":"2024-04-03T20:15:15","guid":{"rendered":"https:\/\/sisu.ut.ee\/kognitiivnesemantika\/veel-huvipakkuvat-kirjandust-eesti-keeles\/"},"modified":"2024-04-03T23:15:24","modified_gmt":"2024-04-03T20:15:24","slug":"veel-huvipakkuvat-kirjandust-eesti-keeles","status":"publish","type":"page","link":"https:\/\/sisu.ut.ee\/kognitiivnesemantika\/veel-huvipakkuvat-kirjandust-eesti-keeles\/","title":{"rendered":"Kirjandust \u00fcldiselt kognitiivse keeleteaduse kohta eesti keeles"},"content":{"rendered":"<p><span style=\"font-family: verdana, geneva;font-size: small\">Vainik, E. 1995. Eesti keele v\u00e4liskohak\u00e4\u00e4nete semantika kognitiivse grammatika vaatenurgast. Tallinn: Eesti Teaduste Akadeemia Eesti Keele Instituut, lk 20-36.<\/span><\/p>\n<p><span style=\"font-family: verdana, geneva;font-size: small\">Vainik, E. 1992. Genereerib inimene, mitte grammatika. \u2013 Keel ja Kirjandus, nr 3\u20134, lk 156\u2013160, 216\u2013223;<\/span><\/p>\n<p><span style=\"font-family: verdana, geneva;font-size: small\">H. \u00d5im 2008. \u201eKognitiivne p\u00f6\u00f6re\u201c, Keel ja Kirjandus, nr 8-9, lk 617-627. Link: <a href=\"http:\/\/keeljakirjandus.eki.ee\/617-627.pdf\">http:\/\/keeljakirjandus.eki.ee\/617-627.pdf<\/a><\/span><\/p>\n<p><span style=\"font-family: verdana, geneva;font-size: small\">\u00d5im, H. 2006. Hargnemisi teoreetilises keeleteaduses, Teoreetiline keeleteaduse Eestis II, toim. I. Tragel ja H. \u00d5im, Tartu \u00fclikooli \u00fcldkeeleteaduse \u00f5ppetooli toimetised 7, Tartu, lk 9-20.<\/span><\/p>\n<p><span style=\"font-family: verdana, geneva;font-size: small\">\u00d5im, H. 2002.\u00a0 Teoreetiline keeleteadus Eestis. \u2014 Teoreetiline keeleteadus Eestis, toim. Ilona Tragel, Tartu \u00fclikooli \u00fcldkeeleteaduse \u00f5ppetooli toimetised 4, Tartu, lk 11-23.<\/span><\/p>\n<p><span style=\"font-family: verdana, geneva;font-size: small\">\u00d5im, H. 1996, Teoreetiline keeleteadus ja integreeritud keeleteooria. \u2013 Keel ja Kirjandus, nr 11, lk 731\u2013744.<\/span><\/p>\n<p><span style=\"font-family: verdana, geneva;font-size: small\">\u00d5im, H. 1990, Kognitiivse l\u00e4henemise v\u00f5imalusi keeleteaduses. \u2013 Akadeemia, nr 9, lk 1818\u20131838;<\/span><\/p>\n<p><span style=\"font-family: verdana, geneva;font-size: small\">\u00d5im, H.; Tragel, I. (2007). Teoreetilise keeleteaduse arengust mujal ja meil XXI sajandi alguses. Keel ja Kirjandus, 2, 98 \u2013 115<\/span><\/p>\n<p><span style=\"font-family: verdana, geneva;font-size: small\">Tragel, I. 2002. Kognitiivne lingvistika mujal ja meil. \u2014 Teoreetiline keeleteadus Eestis, toim. Ilona Tragel, Tartu \u00fclikooli \u00fcldkeeleteaduse \u00f5ppetooli toimetised 4, Tartu, lk 272-286.<\/span><\/p>\n<p><span style=\"font-family: verdana, geneva;font-size: small\">Tragel, I. 2002. Kognitiivsest lingvistikast. Mida kognitiivne t\u00e4hendab ja mis tal keelega pistmist on? \u2013 Oma Keel, nr 1, lk 5-11.<\/span><\/p>\n<p><span style=\"font-family: verdana, geneva;font-size: small\">Tragel, I., A. Veismann, H. \u00d5im\u00a0 2000. Kognitiivse keeleteaduse konverentsist ja teoreetilise keeleteaduse arengust selle taustal. \u2013 Keel ja Kirjandus, nr 4, lk 260\u2013268;<\/span><\/p>\n<p><span style=\"font-family: verdana, geneva;font-size: small\">Tragel, I., K. K\u00e4hrik, H. \u00d5im 2004. Kaheksas kognitiivse keeleteaduse maailmakonverents. \u2013 Keel ja Kirjandus, nr 1, lk 71\u201374.<\/span><\/p>\n","protected":false},"excerpt":{"rendered":"<p>Vainik, E. 1995. Eesti keele v\u00e4liskohak\u00e4\u00e4nete semantika kognitiivse grammatika vaatenurgast. Tallinn: Eesti Teaduste Akadeemia Eesti Keele Instituut, lk 20-36. Vainik, E. 1992. Genereerib inimene, mitte grammatika. \u2013 Keel ja Kirjandus, nr 3\u20134, lk 156\u2013160, 216\u2013223; H. \u00d5im 2008. \u201eKognitiivne p\u00f6\u00f6re\u201c, &#8230;<\/p>\n","protected":false},"author":22,"featured_media":0,"parent":0,"menu_order":0,"comment_status":"closed","ping_status":"closed","template":"","meta":{"_acf_changed":false,"inline_featured_image":false,"footnotes":""},"class_list":["post-15","page","type-page","status-publish","hentry"],"acf":[],"_links":{"self":[{"href":"https:\/\/sisu.ut.ee\/kognitiivnesemantika\/wp-json\/wp\/v2\/pages\/15","targetHints":{"allow":["GET"]}}],"collection":[{"href":"https:\/\/sisu.ut.ee\/kognitiivnesemantika\/wp-json\/wp\/v2\/pages"}],"about":[{"href":"https:\/\/sisu.ut.ee\/kognitiivnesemantika\/wp-json\/wp\/v2\/types\/page"}],"author":[{"embeddable":true,"href":"https:\/\/sisu.ut.ee\/kognitiivnesemantika\/wp-json\/wp\/v2\/users\/22"}],"replies":[{"embeddable":true,"href":"https:\/\/sisu.ut.ee\/kognitiivnesemantika\/wp-json\/wp\/v2\/comments?post=15"}],"version-history":[{"count":1,"href":"https:\/\/sisu.ut.ee\/kognitiivnesemantika\/wp-json\/wp\/v2\/pages\/15\/revisions"}],"predecessor-version":[{"id":96,"href":"https:\/\/sisu.ut.ee\/kognitiivnesemantika\/wp-json\/wp\/v2\/pages\/15\/revisions\/96"}],"wp:attachment":[{"href":"https:\/\/sisu.ut.ee\/kognitiivnesemantika\/wp-json\/wp\/v2\/media?parent=15"}],"curies":[{"name":"wp","href":"https:\/\/api.w.org\/{rel}","templated":true}]}}