{"id":113,"date":"2024-04-30T16:36:12","date_gmt":"2024-04-30T13:36:12","guid":{"rendered":"https:\/\/sisu.ut.ee\/kognitiivnesemantika\/ulesanne-leia-definitsioonile-allikas\/"},"modified":"2024-04-30T16:36:12","modified_gmt":"2024-04-30T13:36:12","slug":"ulesanne-leia-definitsioonile-allikas","status":"publish","type":"page","link":"https:\/\/sisu.ut.ee\/kognitiivnesemantika\/ulesanne-leia-definitsioonile-allikas\/","title":{"rendered":"\u00dclesanne: leia definitsioonile allikas"},"content":{"rendered":"<div id=\"watupro_quiz\" class=\"quiz-area single-page-quiz\">\n<p id=\"submittingExam7\" style=\"display:none;text-align:center;\"><img loading=\"lazy\" decoding=\"async\" src=\"https:\/\/sisu.ut.ee\/wp-content\/plugins\/watupro\/img\/loading.gif\" width=\"16\" height=\"16\"><\/p>\n\n\n\n<form action=\"\" method=\"post\" class=\"quiz-form\" id=\"quiz-7\" enctype=\"multipart\/form-data\">\n<div class=\"watu-question \" id=\"question-1\" style=\";\"><div id=\"questionWrap-1\" class=\"  watupro-required-9 watupro-question-id-9\">\n\t\t\t<div class=\"question-content\"><p>Leia igale definitsioonile allikas.<\/p><div class=\"question-choices\"><table class=\"question-choices watupro-matrix-droppable\" id=\"watuPROMatrixDroppable_9\"><tr><td class=\"watupro-matrix-left-cell\">Tunnetus on tegelikkuse peegeldumine inimteadvuses.<\/td>\n\t\t\t\t\t\t<td class=\"watupro-matrix-right-cell watuPRODroppable9\" id=\"watuPRODroppableCell33\"><div class=\"question-choices\"><div class=\"watupro-matrix-right\"><div id=\"watuproNMatrixSelection-0-0\" class=\" watupro-matrix-draggable watupro-nmatrix-answer-0\" onclick=\"WatuPROINMatrix.sel(this, 'watuPRODroppableCell33', 0);return false;\">Oxfordi filosoofialeksikon<!--WTPMD55ae199936584b58d2617af6d88356d2d--><p class=\"watupro-nmatrix-unselect\">Unselect<\/p><\/div><div id=\"watuproNMatrixSelection-0-1\" class=\" watupro-matrix-draggable watupro-nmatrix-answer-1\" onclick=\"WatuPROINMatrix.sel(this, 'watuPRODroppableCell33', 1);return false;\">EKSS<!--WTPMD55314223f5ebaa706f6e785c95ad2d279--><p class=\"watupro-nmatrix-unselect\">Unselect<\/p><\/div><div id=\"watuproNMatrixSelection-0-2\" class=\" watupro-matrix-draggable watupro-nmatrix-answer-2\" onclick=\"WatuPROINMatrix.sel(this, 'watuPRODroppableCell33', 2);return false;\">Eesti Ents\u00fcklopeedia<!--WTPMD50b43acf52f284927afb3dfc1da0a9151--><p class=\"watupro-nmatrix-unselect\">Unselect<\/p><\/div><div id=\"watuproNMatrixSelection-0-3\" class=\" watupro-matrix-draggable watupro-nmatrix-answer-3\" onclick=\"WatuPROINMatrix.sel(this, 'watuPRODroppableCell33', 3);return false;\">Z. K\u00f6vecses \u201eLanguage, Mind, and Culture\u201c<!--WTPMD5687c960af4301eb2f3d7a32518a0e47e--><p class=\"watupro-nmatrix-unselect\">Unselect<\/p><\/div><div id=\"watuproNMatrixSelection-0-4\" class=\" watupro-matrix-draggable watupro-nmatrix-answer-4\" onclick=\"WatuPROINMatrix.sel(this, 'watuPRODroppableCell33', 4);return false;\">\u00d5S<!--WTPMD56f426429313274e5948322b7536f93c5--><p class=\"watupro-nmatrix-unselect\">Unselect<\/p><\/div><\/div><\/div><input type=\"hidden\" class=\"answerof-9 watupro-nmatrix-answer-field\" id=\"field-watuPRODroppableCell33\" name=\"matrix-left-33\" value=\"\"><\/td><\/tr><tr><td class=\"watupro-matrix-left-cell\">Tunnetus on teadmiste saamine, maailma kajastumine teadvuses.<\/td>\n\t\t\t\t\t\t<td class=\"watupro-matrix-right-cell watuPRODroppable9\" id=\"watuPRODroppableCell34\"><div class=\"question-choices\"><div class=\"watupro-matrix-right\"><div id=\"watuproNMatrixSelection-1-0\" class=\" watupro-matrix-draggable watupro-nmatrix-answer-0\" onclick=\"WatuPROINMatrix.sel(this, 'watuPRODroppableCell34', 0);return false;\">Oxfordi filosoofialeksikon<!--WTPMD55ae199936584b58d2617af6d88356d2d--><p class=\"watupro-nmatrix-unselect\">Unselect<\/p><\/div><div id=\"watuproNMatrixSelection-1-1\" class=\" watupro-matrix-draggable watupro-nmatrix-answer-1\" onclick=\"WatuPROINMatrix.sel(this, 'watuPRODroppableCell34', 1);return false;\">EKSS<!--WTPMD55314223f5ebaa706f6e785c95ad2d279--><p class=\"watupro-nmatrix-unselect\">Unselect<\/p><\/div><div id=\"watuproNMatrixSelection-1-2\" class=\" watupro-matrix-draggable watupro-nmatrix-answer-2\" onclick=\"WatuPROINMatrix.sel(this, 'watuPRODroppableCell34', 2);return false;\">Eesti Ents\u00fcklopeedia<!--WTPMD50b43acf52f284927afb3dfc1da0a9151--><p class=\"watupro-nmatrix-unselect\">Unselect<\/p><\/div><div id=\"watuproNMatrixSelection-1-3\" class=\" watupro-matrix-draggable watupro-nmatrix-answer-3\" onclick=\"WatuPROINMatrix.sel(this, 'watuPRODroppableCell34', 3);return false;\">Z. K\u00f6vecses \u201eLanguage, Mind, and Culture\u201c<!--WTPMD5687c960af4301eb2f3d7a32518a0e47e--><p class=\"watupro-nmatrix-unselect\">Unselect<\/p><\/div><div id=\"watuproNMatrixSelection-1-4\" class=\" watupro-matrix-draggable watupro-nmatrix-answer-4\" onclick=\"WatuPROINMatrix.sel(this, 'watuPRODroppableCell34', 4);return false;\">\u00d5S<!--WTPMD56f426429313274e5948322b7536f93c5--><p class=\"watupro-nmatrix-unselect\">Unselect<\/p><\/div><\/div><\/div><input type=\"hidden\" class=\"answerof-9 watupro-nmatrix-answer-field\" id=\"field-watuPRODroppableCell34\" name=\"matrix-left-34\" value=\"\"><\/td><\/tr><tr><td class=\"watupro-matrix-left-cell\">Kognitiivsed protsessid on aluseks meie teadmistele ja teadvusele. Nende hulka kuuluvad kogemuse t\u00f6\u00f6tlemine, tajumine, m\u00e4lu ning verbaalne m\u00f5tlemine, t\u00e4helepanu.<\/td>\n\t\t\t\t\t\t<td class=\"watupro-matrix-right-cell watuPRODroppable9\" id=\"watuPRODroppableCell35\"><div class=\"question-choices\"><div class=\"watupro-matrix-right\"><div id=\"watuproNMatrixSelection-2-0\" class=\" watupro-matrix-draggable watupro-nmatrix-answer-0\" onclick=\"WatuPROINMatrix.sel(this, 'watuPRODroppableCell35', 0);return false;\">Oxfordi filosoofialeksikon<!--WTPMD55ae199936584b58d2617af6d88356d2d--><p class=\"watupro-nmatrix-unselect\">Unselect<\/p><\/div><div id=\"watuproNMatrixSelection-2-1\" class=\" watupro-matrix-draggable watupro-nmatrix-answer-1\" onclick=\"WatuPROINMatrix.sel(this, 'watuPRODroppableCell35', 1);return false;\">EKSS<!--WTPMD55314223f5ebaa706f6e785c95ad2d279--><p class=\"watupro-nmatrix-unselect\">Unselect<\/p><\/div><div id=\"watuproNMatrixSelection-2-2\" class=\" watupro-matrix-draggable watupro-nmatrix-answer-2\" onclick=\"WatuPROINMatrix.sel(this, 'watuPRODroppableCell35', 2);return false;\">Eesti Ents\u00fcklopeedia<!--WTPMD50b43acf52f284927afb3dfc1da0a9151--><p class=\"watupro-nmatrix-unselect\">Unselect<\/p><\/div><div id=\"watuproNMatrixSelection-2-3\" class=\" watupro-matrix-draggable watupro-nmatrix-answer-3\" onclick=\"WatuPROINMatrix.sel(this, 'watuPRODroppableCell35', 3);return false;\">Z. K\u00f6vecses \u201eLanguage, Mind, and Culture\u201c<!--WTPMD5687c960af4301eb2f3d7a32518a0e47e--><p class=\"watupro-nmatrix-unselect\">Unselect<\/p><\/div><div id=\"watuproNMatrixSelection-2-4\" class=\" watupro-matrix-draggable watupro-nmatrix-answer-4\" onclick=\"WatuPROINMatrix.sel(this, 'watuPRODroppableCell35', 4);return false;\">\u00d5S<!--WTPMD56f426429313274e5948322b7536f93c5--><p class=\"watupro-nmatrix-unselect\">Unselect<\/p><\/div><\/div><\/div><input type=\"hidden\" class=\"answerof-9 watupro-nmatrix-answer-field\" id=\"field-watuPRODroppableCell35\" name=\"matrix-left-35\" value=\"\"><\/td><\/tr><tr><td class=\"watupro-matrix-left-cell\">Tunnetus on reaalsuse kajastumine inimese teadvuses, teadmiste saamine individuaalses ja \u00fchiskondlik-ajaloolises tunnetustegevuses<\/td>\n\t\t\t\t\t\t<td class=\"watupro-matrix-right-cell watuPRODroppable9\" id=\"watuPRODroppableCell36\"><div class=\"question-choices\"><div class=\"watupro-matrix-right\"><div id=\"watuproNMatrixSelection-3-0\" class=\" watupro-matrix-draggable watupro-nmatrix-answer-0\" onclick=\"WatuPROINMatrix.sel(this, 'watuPRODroppableCell36', 0);return false;\">Oxfordi filosoofialeksikon<!--WTPMD55ae199936584b58d2617af6d88356d2d--><p class=\"watupro-nmatrix-unselect\">Unselect<\/p><\/div><div id=\"watuproNMatrixSelection-3-1\" class=\" watupro-matrix-draggable watupro-nmatrix-answer-1\" onclick=\"WatuPROINMatrix.sel(this, 'watuPRODroppableCell36', 1);return false;\">EKSS<!--WTPMD55314223f5ebaa706f6e785c95ad2d279--><p class=\"watupro-nmatrix-unselect\">Unselect<\/p><\/div><div id=\"watuproNMatrixSelection-3-2\" class=\" watupro-matrix-draggable watupro-nmatrix-answer-2\" onclick=\"WatuPROINMatrix.sel(this, 'watuPRODroppableCell36', 2);return false;\">Eesti Ents\u00fcklopeedia<!--WTPMD50b43acf52f284927afb3dfc1da0a9151--><p class=\"watupro-nmatrix-unselect\">Unselect<\/p><\/div><div id=\"watuproNMatrixSelection-3-3\" class=\" watupro-matrix-draggable watupro-nmatrix-answer-3\" onclick=\"WatuPROINMatrix.sel(this, 'watuPRODroppableCell36', 3);return false;\">Z. K\u00f6vecses \u201eLanguage, Mind, and Culture\u201c<!--WTPMD5687c960af4301eb2f3d7a32518a0e47e--><p class=\"watupro-nmatrix-unselect\">Unselect<\/p><\/div><div id=\"watuproNMatrixSelection-3-4\" class=\" watupro-matrix-draggable watupro-nmatrix-answer-4\" onclick=\"WatuPROINMatrix.sel(this, 'watuPRODroppableCell36', 4);return false;\">\u00d5S<!--WTPMD56f426429313274e5948322b7536f93c5--><p class=\"watupro-nmatrix-unselect\">Unselect<\/p><\/div><\/div><\/div><input type=\"hidden\" class=\"answerof-9 watupro-nmatrix-answer-field\" id=\"field-watuPRODroppableCell36\" name=\"matrix-left-36\" value=\"\"><\/td><\/tr><tr><td class=\"watupro-matrix-left-cell\">(Inim)tunnetuse uurimine tegeleb peamiselt kolme k\u00fcsimusega: 1) milline on teadmise olemus; 2) kuidas teadmisi omandatakse; 3) kuidas teadmised on esitatud inimese meeles\/vaimus.<\/td>\n\t\t\t\t\t\t<td class=\"watupro-matrix-right-cell watuPRODroppable9\" id=\"watuPRODroppableCell37\"><div class=\"question-choices\"><div class=\"watupro-matrix-right\"><div id=\"watuproNMatrixSelection-4-0\" class=\" watupro-matrix-draggable watupro-nmatrix-answer-0\" onclick=\"WatuPROINMatrix.sel(this, 'watuPRODroppableCell37', 0);return false;\">Oxfordi filosoofialeksikon<!--WTPMD55ae199936584b58d2617af6d88356d2d--><p class=\"watupro-nmatrix-unselect\">Unselect<\/p><\/div><div id=\"watuproNMatrixSelection-4-1\" class=\" watupro-matrix-draggable watupro-nmatrix-answer-1\" onclick=\"WatuPROINMatrix.sel(this, 'watuPRODroppableCell37', 1);return false;\">EKSS<!--WTPMD55314223f5ebaa706f6e785c95ad2d279--><p class=\"watupro-nmatrix-unselect\">Unselect<\/p><\/div><div id=\"watuproNMatrixSelection-4-2\" class=\" watupro-matrix-draggable watupro-nmatrix-answer-2\" onclick=\"WatuPROINMatrix.sel(this, 'watuPRODroppableCell37', 2);return false;\">Eesti Ents\u00fcklopeedia<!--WTPMD50b43acf52f284927afb3dfc1da0a9151--><p class=\"watupro-nmatrix-unselect\">Unselect<\/p><\/div><div id=\"watuproNMatrixSelection-4-3\" class=\" watupro-matrix-draggable watupro-nmatrix-answer-3\" onclick=\"WatuPROINMatrix.sel(this, 'watuPRODroppableCell37', 3);return false;\">Z. K\u00f6vecses \u201eLanguage, Mind, and Culture\u201c<!--WTPMD5687c960af4301eb2f3d7a32518a0e47e--><p class=\"watupro-nmatrix-unselect\">Unselect<\/p><\/div><div id=\"watuproNMatrixSelection-4-4\" class=\" watupro-matrix-draggable watupro-nmatrix-answer-4\" onclick=\"WatuPROINMatrix.sel(this, 'watuPRODroppableCell37', 4);return false;\">\u00d5S<!--WTPMD56f426429313274e5948322b7536f93c5--><p class=\"watupro-nmatrix-unselect\">Unselect<\/p><\/div><\/div><\/div><input type=\"hidden\" class=\"answerof-9 watupro-nmatrix-answer-field\" id=\"field-watuPRODroppableCell37\" name=\"matrix-left-37\" value=\"\"><\/td><\/tr><\/table><\/div><input type=\"hidden\" name=\"question_id[]\" id=\"qID_1\" value=\"9\" class=\"watupro-question-id\"><input type=\"hidden\" id=\"answerType9\" class=\"answerTypeCnt1\" value=\"nmatrix\"><input type=\"hidden\" id=\"watupro-required-question-9\"><!-- end question-content--><\/div><!-- end questionWrap--><\/div><\/div><div style=\"display:none\" id=\"question-2\">\n\t<div class=\"question-content\">\n\t\t<img loading=\"lazy\" decoding=\"async\" src=\"https:\/\/sisu.ut.ee\/wp-content\/plugins\/watupro\/img\/loading.gif\" width=\"16\" height=\"16\" alt=\"Loading...\" title=\"Loading...\">\u00a0Loading...\t<\/div>\n<\/div>\n\n<br>\n\t\n\t\t\t<div class=\"watupro_buttons flex \" id=\"watuPROButtons7\">\n\t\t  <div id=\"prev-question\" style=\"display:none;\"><input type=\"button\" value=\"&lt; Previous\" onclick=\"WatuPRO.nextQuestion(event, 'previous');\"><\/div>\t\t  \t\t  \t\t   \n\t\t   \t  \t\t<div><input type=\"button\" name=\"action\" class=\"watupro-submit-button\" onclick=\"WatuPRO.submitResult(event)\" id=\"action-button\" value=\"View Results\">\n\t\t<\/div>\n\t\t<\/div>\n\t\t\n\t<input type=\"hidden\" name=\"quiz_id\" value=\"7\" id=\"watuPROExamID\">\n\t<input type=\"hidden\" name=\"start_time\" id=\"startTime\" value=\"2026-04-12 13:06:35\">\n\t<input type=\"hidden\" name=\"start_timestamp\" id=\"startTimeStamp\" value=\"1775999195\">\n\t<input type=\"hidden\" name=\"question_ids\" value=\"\">\n\t<input type=\"hidden\" name=\"watupro_questions\" value=\"9:33,34,35,36,37\">\n\t<input type=\"hidden\" name=\"no_ajax\" value=\"0\">\t\t\t<\/form>\n\t<p>\u00a0<\/p>\n<\/div>\n\n<script type=\"text\/javascript\">\n\/\/jQuery(document).ready(function(){\ndocument.addEventListener(\"DOMContentLoaded\", function(event) { \t\nvar question_ids = \"9\";\nWatuPROSettings[7] = {};\nWatuPRO.qArr = question_ids.split(',');\nWatuPRO.exam_id = 7;\t    \nWatuPRO.post_id = 113;\nWatuPRO.store_progress = 0;\nWatuPRO.curCatPage = 1;\nWatuPRO.requiredIDs=\"0,9\".split(\",\");\nWatuPRO.hAppID = \"0.64434800 1775988395\";\nvar url = \"https:\/\/sisu.ut.ee\/wp-content\/plugins\/watupro\/show_exam.php\";\nWatuPRO.examMode = 1;\nWatuPRO.siteURL=\"https:\/\/sisu.ut.ee\/kognitiivnesemantika\/wp-admin\/admin-ajax.php\";\nWatuPRO.emailIsNotRequired = 0;\nWatuPRO.perDecade = 10;\nWatuPROIntel.init(7);\nWatuPRO.inCategoryPages=1;});    \t \n<\/script>\n\n","protected":false},"excerpt":{"rendered":"","protected":false},"author":28,"featured_media":0,"parent":0,"menu_order":0,"comment_status":"closed","ping_status":"closed","template":"","meta":{"_acf_changed":false,"inline_featured_image":false,"footnotes":""},"class_list":["post-113","page","type-page","status-publish","hentry"],"acf":[],"_links":{"self":[{"href":"https:\/\/sisu.ut.ee\/kognitiivnesemantika\/wp-json\/wp\/v2\/pages\/113","targetHints":{"allow":["GET"]}}],"collection":[{"href":"https:\/\/sisu.ut.ee\/kognitiivnesemantika\/wp-json\/wp\/v2\/pages"}],"about":[{"href":"https:\/\/sisu.ut.ee\/kognitiivnesemantika\/wp-json\/wp\/v2\/types\/page"}],"author":[{"embeddable":true,"href":"https:\/\/sisu.ut.ee\/kognitiivnesemantika\/wp-json\/wp\/v2\/users\/28"}],"replies":[{"embeddable":true,"href":"https:\/\/sisu.ut.ee\/kognitiivnesemantika\/wp-json\/wp\/v2\/comments?post=113"}],"version-history":[{"count":0,"href":"https:\/\/sisu.ut.ee\/kognitiivnesemantika\/wp-json\/wp\/v2\/pages\/113\/revisions"}],"wp:attachment":[{"href":"https:\/\/sisu.ut.ee\/kognitiivnesemantika\/wp-json\/wp\/v2\/media?parent=113"}],"curies":[{"name":"wp","href":"https:\/\/api.w.org\/{rel}","templated":true}]}}