{"id":110,"date":"2024-04-30T16:35:35","date_gmt":"2024-04-30T13:35:35","guid":{"rendered":"https:\/\/sisu.ut.ee\/kognitiivnesemantika\/ulesanne-metonuumiast\/"},"modified":"2024-04-30T16:35:35","modified_gmt":"2024-04-30T13:35:35","slug":"ulesanne-metonuumiast","status":"publish","type":"page","link":"https:\/\/sisu.ut.ee\/kognitiivnesemantika\/ulesanne-metonuumiast\/","title":{"rendered":"\u00dclesanne meton\u00fc\u00fcmiast"},"content":{"rendered":"<div id=\"watupro_quiz\" class=\"quiz-area single-page-quiz\">\n<p id=\"submittingExam4\" style=\"display:none;text-align:center;\"><img loading=\"lazy\" decoding=\"async\" src=\"https:\/\/sisu.ut.ee\/wp-content\/plugins\/watupro\/img\/loading.gif\" width=\"16\" height=\"16\"><\/p>\n\n\n\n<form action=\"\" method=\"post\" class=\"quiz-form\" id=\"quiz-4\" enctype=\"multipart\/form-data\">\n<div class=\"watu-question \" id=\"question-1\" style=\";\"><div id=\"questionWrap-1\" class=\"  watupro-required-2 watupro-question-id-2\">\n\t\t\t<div class=\"question-content\"><p>Leia igas lauses metonuumia<\/p><div class=\"question-choices\"><table class=\"question-choices watupro-matrix-droppable\" id=\"watuPROMatrixDroppable_2\"><tr><td class=\"watupro-matrix-left-cell\">\u00dche pala alguses m\u00e4ngis klaver \u00fcksi pikalt aeglast ja kurba muusikat.<\/td>\n\t\t\t\t\t\t<td class=\"watupro-matrix-right-cell watuPRODroppable2\" id=\"watuPRODroppableCell9\"><div class=\"question-choices\"><div class=\"watupro-matrix-right\"><div id=\"watuproNMatrixSelection-0-0\" class=\" watupro-matrix-draggable watupro-nmatrix-answer-0\" onclick=\"WatuPROINMatrix.sel(this, 'watuPRODroppableCell9', 0);return false;\">KOHT S\u00dcNDMUSE ASEMEL<!--WTPMD5d6bd6dee4d9ed17c0284529ed0bb7822--><p class=\"watupro-nmatrix-unselect\">Unselect<\/p><\/div><div id=\"watuproNMatrixSelection-0-1\" class=\" watupro-matrix-draggable watupro-nmatrix-answer-1\" onclick=\"WatuPROINMatrix.sel(this, 'watuPRODroppableCell9', 1);return false;\">T\u00d6\u00d6VAHEND INIMESE ASEMEL<!--WTPMD5e4959c019c0e5bc13ac85ca8c43753b8--><p class=\"watupro-nmatrix-unselect\">Unselect<\/p><\/div><div id=\"watuproNMatrixSelection-0-2\" class=\" watupro-matrix-draggable watupro-nmatrix-answer-2\" onclick=\"WatuPROINMatrix.sel(this, 'watuPRODroppableCell9', 2);return false;\">TAGAJ\u00c4RG P\u00d5HJUSE ASEMEL<!--WTPMD59c379147241ef75d07f4fadd3745aa66--><p class=\"watupro-nmatrix-unselect\">Unselect<\/p><\/div><div id=\"watuproNMatrixSelection-0-3\" class=\" watupro-matrix-draggable watupro-nmatrix-answer-3\" onclick=\"WatuPROINMatrix.sel(this, 'watuPRODroppableCell9', 3);return false;\">TOOTJA TOOTE ASEMEL<!--WTPMD5d43c8331df05a723052a92e6a7fa1801--><p class=\"watupro-nmatrix-unselect\">Unselect<\/p><\/div><div id=\"watuproNMatrixSelection-0-4\" class=\" watupro-matrix-draggable watupro-nmatrix-answer-4\" onclick=\"WatuPROINMatrix.sel(this, 'watuPRODroppableCell9', 4);return false;\">INSTRUMENT INTERPREEDI ASEMEL<!--WTPMD5c9a77335a4fdb68d69821c800912faf6--><p class=\"watupro-nmatrix-unselect\">Unselect<\/p><\/div><\/div><\/div><input type=\"hidden\" class=\"answerof-2 watupro-nmatrix-answer-field\" id=\"field-watuPRODroppableCell9\" name=\"matrix-left-9\" value=\"\"><\/td><\/tr><tr><td class=\"watupro-matrix-left-cell\">T\u00e4nane teater meeldis mulle v\u00e4ga. <\/td>\n\t\t\t\t\t\t<td class=\"watupro-matrix-right-cell watuPRODroppable2\" id=\"watuPRODroppableCell10\"><div class=\"question-choices\"><div class=\"watupro-matrix-right\"><div id=\"watuproNMatrixSelection-1-0\" class=\" watupro-matrix-draggable watupro-nmatrix-answer-0\" onclick=\"WatuPROINMatrix.sel(this, 'watuPRODroppableCell10', 0);return false;\">KOHT S\u00dcNDMUSE ASEMEL<!--WTPMD5d6bd6dee4d9ed17c0284529ed0bb7822--><p class=\"watupro-nmatrix-unselect\">Unselect<\/p><\/div><div id=\"watuproNMatrixSelection-1-1\" class=\" watupro-matrix-draggable watupro-nmatrix-answer-1\" onclick=\"WatuPROINMatrix.sel(this, 'watuPRODroppableCell10', 1);return false;\">T\u00d6\u00d6VAHEND INIMESE ASEMEL<!--WTPMD5e4959c019c0e5bc13ac85ca8c43753b8--><p class=\"watupro-nmatrix-unselect\">Unselect<\/p><\/div><div id=\"watuproNMatrixSelection-1-2\" class=\" watupro-matrix-draggable watupro-nmatrix-answer-2\" onclick=\"WatuPROINMatrix.sel(this, 'watuPRODroppableCell10', 2);return false;\">TAGAJ\u00c4RG P\u00d5HJUSE ASEMEL<!--WTPMD59c379147241ef75d07f4fadd3745aa66--><p class=\"watupro-nmatrix-unselect\">Unselect<\/p><\/div><div id=\"watuproNMatrixSelection-1-3\" class=\" watupro-matrix-draggable watupro-nmatrix-answer-3\" onclick=\"WatuPROINMatrix.sel(this, 'watuPRODroppableCell10', 3);return false;\">TOOTJA TOOTE ASEMEL<!--WTPMD5d43c8331df05a723052a92e6a7fa1801--><p class=\"watupro-nmatrix-unselect\">Unselect<\/p><\/div><div id=\"watuproNMatrixSelection-1-4\" class=\" watupro-matrix-draggable watupro-nmatrix-answer-4\" onclick=\"WatuPROINMatrix.sel(this, 'watuPRODroppableCell10', 4);return false;\">INSTRUMENT INTERPREEDI ASEMEL<!--WTPMD5c9a77335a4fdb68d69821c800912faf6--><p class=\"watupro-nmatrix-unselect\">Unselect<\/p><\/div><\/div><\/div><input type=\"hidden\" class=\"answerof-2 watupro-nmatrix-answer-field\" id=\"field-watuPRODroppableCell10\" name=\"matrix-left-10\" value=\"\"><\/td><\/tr><tr><td class=\"watupro-matrix-left-cell\">Eelistan juua Sakut. <\/td>\n\t\t\t\t\t\t<td class=\"watupro-matrix-right-cell watuPRODroppable2\" id=\"watuPRODroppableCell11\"><div class=\"question-choices\"><div class=\"watupro-matrix-right\"><div id=\"watuproNMatrixSelection-2-0\" class=\" watupro-matrix-draggable watupro-nmatrix-answer-0\" onclick=\"WatuPROINMatrix.sel(this, 'watuPRODroppableCell11', 0);return false;\">KOHT S\u00dcNDMUSE ASEMEL<!--WTPMD5d6bd6dee4d9ed17c0284529ed0bb7822--><p class=\"watupro-nmatrix-unselect\">Unselect<\/p><\/div><div id=\"watuproNMatrixSelection-2-1\" class=\" watupro-matrix-draggable watupro-nmatrix-answer-1\" onclick=\"WatuPROINMatrix.sel(this, 'watuPRODroppableCell11', 1);return false;\">T\u00d6\u00d6VAHEND INIMESE ASEMEL<!--WTPMD5e4959c019c0e5bc13ac85ca8c43753b8--><p class=\"watupro-nmatrix-unselect\">Unselect<\/p><\/div><div id=\"watuproNMatrixSelection-2-2\" class=\" watupro-matrix-draggable watupro-nmatrix-answer-2\" onclick=\"WatuPROINMatrix.sel(this, 'watuPRODroppableCell11', 2);return false;\">TAGAJ\u00c4RG P\u00d5HJUSE ASEMEL<!--WTPMD59c379147241ef75d07f4fadd3745aa66--><p class=\"watupro-nmatrix-unselect\">Unselect<\/p><\/div><div id=\"watuproNMatrixSelection-2-3\" class=\" watupro-matrix-draggable watupro-nmatrix-answer-3\" onclick=\"WatuPROINMatrix.sel(this, 'watuPRODroppableCell11', 3);return false;\">TOOTJA TOOTE ASEMEL<!--WTPMD5d43c8331df05a723052a92e6a7fa1801--><p class=\"watupro-nmatrix-unselect\">Unselect<\/p><\/div><div id=\"watuproNMatrixSelection-2-4\" class=\" watupro-matrix-draggable watupro-nmatrix-answer-4\" onclick=\"WatuPROINMatrix.sel(this, 'watuPRODroppableCell11', 4);return false;\">INSTRUMENT INTERPREEDI ASEMEL<!--WTPMD5c9a77335a4fdb68d69821c800912faf6--><p class=\"watupro-nmatrix-unselect\">Unselect<\/p><\/div><\/div><\/div><input type=\"hidden\" class=\"answerof-2 watupro-nmatrix-answer-field\" id=\"field-watuPRODroppableCell11\" name=\"matrix-left-11\" value=\"\"><\/td><\/tr><tr><td class=\"watupro-matrix-left-cell\">Otsime oma k\u00f6\u00f6gimeeskonda teravat nuga. <\/td>\n\t\t\t\t\t\t<td class=\"watupro-matrix-right-cell watuPRODroppable2\" id=\"watuPRODroppableCell12\"><div class=\"question-choices\"><div class=\"watupro-matrix-right\"><div id=\"watuproNMatrixSelection-3-0\" class=\" watupro-matrix-draggable watupro-nmatrix-answer-0\" onclick=\"WatuPROINMatrix.sel(this, 'watuPRODroppableCell12', 0);return false;\">KOHT S\u00dcNDMUSE ASEMEL<!--WTPMD5d6bd6dee4d9ed17c0284529ed0bb7822--><p class=\"watupro-nmatrix-unselect\">Unselect<\/p><\/div><div id=\"watuproNMatrixSelection-3-1\" class=\" watupro-matrix-draggable watupro-nmatrix-answer-1\" onclick=\"WatuPROINMatrix.sel(this, 'watuPRODroppableCell12', 1);return false;\">T\u00d6\u00d6VAHEND INIMESE ASEMEL<!--WTPMD5e4959c019c0e5bc13ac85ca8c43753b8--><p class=\"watupro-nmatrix-unselect\">Unselect<\/p><\/div><div id=\"watuproNMatrixSelection-3-2\" class=\" watupro-matrix-draggable watupro-nmatrix-answer-2\" onclick=\"WatuPROINMatrix.sel(this, 'watuPRODroppableCell12', 2);return false;\">TAGAJ\u00c4RG P\u00d5HJUSE ASEMEL<!--WTPMD59c379147241ef75d07f4fadd3745aa66--><p class=\"watupro-nmatrix-unselect\">Unselect<\/p><\/div><div id=\"watuproNMatrixSelection-3-3\" class=\" watupro-matrix-draggable watupro-nmatrix-answer-3\" onclick=\"WatuPROINMatrix.sel(this, 'watuPRODroppableCell12', 3);return false;\">TOOTJA TOOTE ASEMEL<!--WTPMD5d43c8331df05a723052a92e6a7fa1801--><p class=\"watupro-nmatrix-unselect\">Unselect<\/p><\/div><div id=\"watuproNMatrixSelection-3-4\" class=\" watupro-matrix-draggable watupro-nmatrix-answer-4\" onclick=\"WatuPROINMatrix.sel(this, 'watuPRODroppableCell12', 4);return false;\">INSTRUMENT INTERPREEDI ASEMEL<!--WTPMD5c9a77335a4fdb68d69821c800912faf6--><p class=\"watupro-nmatrix-unselect\">Unselect<\/p><\/div><\/div><\/div><input type=\"hidden\" class=\"answerof-2 watupro-nmatrix-answer-field\" id=\"field-watuPRODroppableCell12\" name=\"matrix-left-12\" value=\"\"><\/td><\/tr><tr><td class=\"watupro-matrix-left-cell\">Kumb tee on kiirem? [p\u00f6\u00f6ra t\u00e4helepanu s\u00f5nale \"kiirem\"<\/td>\n\t\t\t\t\t\t<td class=\"watupro-matrix-right-cell watuPRODroppable2\" id=\"watuPRODroppableCell13\"><div class=\"question-choices\"><div class=\"watupro-matrix-right\"><div id=\"watuproNMatrixSelection-4-0\" class=\" watupro-matrix-draggable watupro-nmatrix-answer-0\" onclick=\"WatuPROINMatrix.sel(this, 'watuPRODroppableCell13', 0);return false;\">KOHT S\u00dcNDMUSE ASEMEL<!--WTPMD5d6bd6dee4d9ed17c0284529ed0bb7822--><p class=\"watupro-nmatrix-unselect\">Unselect<\/p><\/div><div id=\"watuproNMatrixSelection-4-1\" class=\" watupro-matrix-draggable watupro-nmatrix-answer-1\" onclick=\"WatuPROINMatrix.sel(this, 'watuPRODroppableCell13', 1);return false;\">T\u00d6\u00d6VAHEND INIMESE ASEMEL<!--WTPMD5e4959c019c0e5bc13ac85ca8c43753b8--><p class=\"watupro-nmatrix-unselect\">Unselect<\/p><\/div><div id=\"watuproNMatrixSelection-4-2\" class=\" watupro-matrix-draggable watupro-nmatrix-answer-2\" onclick=\"WatuPROINMatrix.sel(this, 'watuPRODroppableCell13', 2);return false;\">TAGAJ\u00c4RG P\u00d5HJUSE ASEMEL<!--WTPMD59c379147241ef75d07f4fadd3745aa66--><p class=\"watupro-nmatrix-unselect\">Unselect<\/p><\/div><div id=\"watuproNMatrixSelection-4-3\" class=\" watupro-matrix-draggable watupro-nmatrix-answer-3\" onclick=\"WatuPROINMatrix.sel(this, 'watuPRODroppableCell13', 3);return false;\">TOOTJA TOOTE ASEMEL<!--WTPMD5d43c8331df05a723052a92e6a7fa1801--><p class=\"watupro-nmatrix-unselect\">Unselect<\/p><\/div><div id=\"watuproNMatrixSelection-4-4\" class=\" watupro-matrix-draggable watupro-nmatrix-answer-4\" onclick=\"WatuPROINMatrix.sel(this, 'watuPRODroppableCell13', 4);return false;\">INSTRUMENT INTERPREEDI ASEMEL<!--WTPMD5c9a77335a4fdb68d69821c800912faf6--><p class=\"watupro-nmatrix-unselect\">Unselect<\/p><\/div><\/div><\/div><input type=\"hidden\" class=\"answerof-2 watupro-nmatrix-answer-field\" id=\"field-watuPRODroppableCell13\" name=\"matrix-left-13\" value=\"\"><\/td><\/tr><\/table><\/div><input type=\"hidden\" name=\"question_id[]\" id=\"qID_1\" value=\"2\" class=\"watupro-question-id\"><input type=\"hidden\" id=\"answerType2\" class=\"answerTypeCnt1\" value=\"nmatrix\"><input type=\"hidden\" id=\"watupro-required-question-2\"><!-- end question-content--><\/div><!-- end questionWrap--><\/div><\/div><div style=\"display:none\" id=\"question-2\">\n\t<div class=\"question-content\">\n\t\t<img loading=\"lazy\" decoding=\"async\" src=\"https:\/\/sisu.ut.ee\/wp-content\/plugins\/watupro\/img\/loading.gif\" width=\"16\" height=\"16\" alt=\"Loading...\" title=\"Loading...\">\u00a0Loading...\t<\/div>\n<\/div>\n\n<br>\n\t\n\t\t\t<div class=\"watupro_buttons flex \" id=\"watuPROButtons4\">\n\t\t  <div id=\"prev-question\" style=\"display:none;\"><input type=\"button\" value=\"&lt; Previous\" onclick=\"WatuPRO.nextQuestion(event, 'previous');\"><\/div>\t\t  \t\t  \t\t   \n\t\t   \t  \t\t<div><input type=\"button\" name=\"action\" class=\"watupro-submit-button\" onclick=\"WatuPRO.submitResult(event)\" id=\"action-button\" value=\"View Results\">\n\t\t<\/div>\n\t\t<\/div>\n\t\t\n\t<input type=\"hidden\" name=\"quiz_id\" value=\"4\" id=\"watuPROExamID\">\n\t<input type=\"hidden\" name=\"start_time\" id=\"startTime\" value=\"2026-04-12 14:48:53\">\n\t<input type=\"hidden\" name=\"start_timestamp\" id=\"startTimeStamp\" value=\"1776005333\">\n\t<input type=\"hidden\" name=\"question_ids\" value=\"\">\n\t<input type=\"hidden\" name=\"watupro_questions\" value=\"2:9,10,11,12,13\">\n\t<input type=\"hidden\" name=\"no_ajax\" value=\"0\">\t\t\t<\/form>\n\t<p>\u00a0<\/p>\n<\/div>\n\n<script type=\"text\/javascript\">\n\/\/jQuery(document).ready(function(){\ndocument.addEventListener(\"DOMContentLoaded\", function(event) { \t\nvar question_ids = \"2\";\nWatuPROSettings[4] = {};\nWatuPRO.qArr = question_ids.split(',');\nWatuPRO.exam_id = 4;\t    \nWatuPRO.post_id = 110;\nWatuPRO.store_progress = 0;\nWatuPRO.curCatPage = 1;\nWatuPRO.requiredIDs=\"0,2\".split(\",\");\nWatuPRO.hAppID = \"0.59418900 1775994533\";\nvar url = \"https:\/\/sisu.ut.ee\/wp-content\/plugins\/watupro\/show_exam.php\";\nWatuPRO.examMode = 1;\nWatuPRO.siteURL=\"https:\/\/sisu.ut.ee\/kognitiivnesemantika\/wp-admin\/admin-ajax.php\";\nWatuPRO.emailIsNotRequired = 0;\nWatuPRO.perDecade = 10;\nWatuPROIntel.init(4);\nWatuPRO.inCategoryPages=1;});    \t \n<\/script>\n\n","protected":false},"excerpt":{"rendered":"","protected":false},"author":28,"featured_media":0,"parent":0,"menu_order":0,"comment_status":"closed","ping_status":"closed","template":"","meta":{"_acf_changed":false,"inline_featured_image":false,"footnotes":""},"class_list":["post-110","page","type-page","status-publish","hentry"],"acf":[],"_links":{"self":[{"href":"https:\/\/sisu.ut.ee\/kognitiivnesemantika\/wp-json\/wp\/v2\/pages\/110","targetHints":{"allow":["GET"]}}],"collection":[{"href":"https:\/\/sisu.ut.ee\/kognitiivnesemantika\/wp-json\/wp\/v2\/pages"}],"about":[{"href":"https:\/\/sisu.ut.ee\/kognitiivnesemantika\/wp-json\/wp\/v2\/types\/page"}],"author":[{"embeddable":true,"href":"https:\/\/sisu.ut.ee\/kognitiivnesemantika\/wp-json\/wp\/v2\/users\/28"}],"replies":[{"embeddable":true,"href":"https:\/\/sisu.ut.ee\/kognitiivnesemantika\/wp-json\/wp\/v2\/comments?post=110"}],"version-history":[{"count":0,"href":"https:\/\/sisu.ut.ee\/kognitiivnesemantika\/wp-json\/wp\/v2\/pages\/110\/revisions"}],"wp:attachment":[{"href":"https:\/\/sisu.ut.ee\/kognitiivnesemantika\/wp-json\/wp\/v2\/media?parent=110"}],"curies":[{"name":"wp","href":"https:\/\/api.w.org\/{rel}","templated":true}]}}