{"id":11,"date":"2024-04-03T23:15:15","date_gmt":"2024-04-03T20:15:15","guid":{"rendered":"https:\/\/sisu.ut.ee\/kognitiivnesemantika\/0-sissejuhatus-mis-tunnetus-ehk-kognitsioon\/"},"modified":"2024-04-30T16:51:35","modified_gmt":"2024-04-30T13:51:35","slug":"0-sissejuhatus-mis-tunnetus-ehk-kognitsioon","status":"publish","type":"page","link":"https:\/\/sisu.ut.ee\/kognitiivnesemantika\/0-sissejuhatus-mis-tunnetus-ehk-kognitsioon\/","title":{"rendered":"Sissejuhatus. Mis on tunnetus ehk kognitsioon?"},"content":{"rendered":"<p><span style=\"font-family: verdana, geneva;\"><img loading=\"lazy\" decoding=\"async\" class=\"alignnone wp-image-32\" style=\"line-height: 1.6em; float: right;\" title=\"mutripea2.jpg\" src=\"https:\/\/sisu.ut.ee\/wp-content\/uploads\/sites\/57\/mutripea2-scaled.jpg\" alt=\"mutripea2.jpg\" width=\"139\" height=\"194\" srcset=\"https:\/\/sisu.ut.ee\/wp-content\/uploads\/sites\/57\/mutripea2-scaled.jpg 1839w, https:\/\/sisu.ut.ee\/wp-content\/uploads\/sites\/57\/mutripea2-216x300.jpg 216w, https:\/\/sisu.ut.ee\/wp-content\/uploads\/sites\/57\/mutripea2-736x1024.jpg 736w, https:\/\/sisu.ut.ee\/wp-content\/uploads\/sites\/57\/mutripea2-768x1069.jpg 768w, https:\/\/sisu.ut.ee\/wp-content\/uploads\/sites\/57\/mutripea2-1104x1536.jpg 1104w, https:\/\/sisu.ut.ee\/wp-content\/uploads\/sites\/57\/mutripea2-1472x2048.jpg 1472w, https:\/\/sisu.ut.ee\/wp-content\/uploads\/sites\/57\/mutripea2-1920x2672.jpg 1920w\" sizes=\"auto, (max-width: 139px) 100vw, 139px\"><span style=\"font-size: small;\"><span style=\"line-height: 1.6em;\">Loe l\u00e4bi allpool antud<\/span><span style=\"line-height: 1.6em;\">\u00a0<\/span><strong style=\"line-height: 1.6em;\">tunnetuse\u00a0<\/strong><span style=\"line-height: 1.6em;\">definitsioonid ja p\u00fc\u00fca \u00e4ra arvata, milline neist p\u00e4rineb millisest allikast (Z. K\u00f6vecsese raamat, Eesti Ents\u00fcklopeedia, Eesti kirjakeele seletuss\u00f5naraamat, Oxfordi filosoofialeksikon, \u00d5igekeelsuss\u00f5naraamat, t\u00e4psemalt vaata viiteid eraldi lehelt). V\u00f5rdle definitsioone ja m\u00f5tle, mille poolest need erinevad ja mida on neis k\u00f5ikides \u00fchist. Kontrolli testiga, kas leidsid \u00f5iged allikad.<\/span><\/span><\/span><\/p>\n<p><span style=\"font-family: verdana, geneva; font-size: small;\"><strong>Tunnetus on:<\/strong><\/span><\/p>\n<ul>\n<li><span style=\"font-family: verdana, geneva; font-size: small; line-height: 1.6em;\">tegelikkuse peegeldumine inimteadvuses<\/span><\/li>\n<li><span style=\"font-family: verdana, geneva; font-size: small; line-height: 1.6em;\">teadmiste saamine, maailma kajastumine teadvuses<\/span><\/li>\n<li><span style=\"font-family: verdana, geneva; font-size: small; line-height: 1.6em;\">Kognitiivsed protsessid on aluseks meie teadmistele ja teadvusele. Nende hulka kuuluvad kogemuse t\u00f6\u00f6tlemine, tajumine, m\u00e4lu ning verbaalne m\u00f5tlemine, t\u00e4helepanu.<\/span><\/li>\n<li><span style=\"font-family: verdana, geneva;\"><span style=\"font-size: small; line-height: 1.6em;\">reaalsuse kajastumine inimese teadvuses, teadmiste saamine individuaalses ja \u00fchiskondlik-ajaloolises<\/span><strong style=\"font-size: small; line-height: 1.6em; font-family: verdana, geneva;\">\u00a0tunnetus<\/strong><span style=\"font-size: small; line-height: 1.6em;\">tegevuses<\/span><\/span><\/li>\n<\/ul>\n<p><span style=\"font-family: verdana, geneva; font-size: small;\">(Inim)tunnetuse uurimine tegeleb peamiselt kolme k\u00fcsimusega: 1) milline on teadmise olemus; 2) kuidas teadmisi omandatakse; 3) kuidas teadmised on esitatud inimese meeles\/vaimus.<\/span><\/p>\n<table class=\"table table-hover\" style=\"width: 501px; height: 107px; background-color: #fbf4cf;\" border=\"0\" cellspacing=\"0\" cellpadding=\"0\">\n<tbody>\n<tr>\n<td valign=\"top\"><span style=\"font-family: verdana, geneva; font-size: small;\"><strong>PANE T\u00c4HELE!<\/strong><br>\nladina verb <em>congnosco<\/em> (con \u2018koos\u2019 + gn\u014dsc\u014d \u2018teadma\u2019), vana-kreeka verb \u03b3\u03bd\u03ce\u03c3\u03ba\u03c9 (gn\u03ccsko) \u2018\u00f5ppima\u2019 (nimis\u00f5na \u03b3\u03bd\u03ce\u03c3\u03b9\u03c2 (gn\u03ccsis) \u2018teadmine\u2019)<\/span><\/td>\n<\/tr>\n<\/tbody>\n<\/table>\n<p><strong><img loading=\"lazy\" decoding=\"async\" width=\"102\" height=\"102\" class=\"alignnone wp-image-33\" title=\"raamat.jpg\" src=\"https:\/\/sisu.ut.ee\/wp-content\/uploads\/sites\/57\/raamat-1.jpg\" alt=\"raamat.jpg\">SOOVITUSLIK LISALUGEMINE<\/strong>:<\/p>\n<p>Kangilaski, Jaak. Lehmad tunnetavad kevadet. Keel ja Kirjandus, 1985, nr 9, lk 548-550.<\/p>\n","protected":false},"excerpt":{"rendered":"<p>Loe l\u00e4bi allpool antud\u00a0tunnetuse\u00a0definitsioonid ja p\u00fc\u00fca \u00e4ra arvata, milline neist p\u00e4rineb millisest allikast (Z. K\u00f6vecsese raamat, Eesti Ents\u00fcklopeedia, Eesti kirjakeele seletuss\u00f5naraamat, Oxfordi filosoofialeksikon, \u00d5igekeelsuss\u00f5naraamat, t\u00e4psemalt vaata viiteid eraldi lehelt). V\u00f5rdle definitsioone ja m\u00f5tle, mille poolest need erinevad ja mida on &#8230;<\/p>\n","protected":false},"author":22,"featured_media":0,"parent":0,"menu_order":0,"comment_status":"closed","ping_status":"closed","template":"","meta":{"_acf_changed":false,"inline_featured_image":false,"footnotes":""},"class_list":["post-11","page","type-page","status-publish","hentry"],"acf":[],"_links":{"self":[{"href":"https:\/\/sisu.ut.ee\/kognitiivnesemantika\/wp-json\/wp\/v2\/pages\/11","targetHints":{"allow":["GET"]}}],"collection":[{"href":"https:\/\/sisu.ut.ee\/kognitiivnesemantika\/wp-json\/wp\/v2\/pages"}],"about":[{"href":"https:\/\/sisu.ut.ee\/kognitiivnesemantika\/wp-json\/wp\/v2\/types\/page"}],"author":[{"embeddable":true,"href":"https:\/\/sisu.ut.ee\/kognitiivnesemantika\/wp-json\/wp\/v2\/users\/22"}],"replies":[{"embeddable":true,"href":"https:\/\/sisu.ut.ee\/kognitiivnesemantika\/wp-json\/wp\/v2\/comments?post=11"}],"version-history":[{"count":2,"href":"https:\/\/sisu.ut.ee\/kognitiivnesemantika\/wp-json\/wp\/v2\/pages\/11\/revisions"}],"predecessor-version":[{"id":126,"href":"https:\/\/sisu.ut.ee\/kognitiivnesemantika\/wp-json\/wp\/v2\/pages\/11\/revisions\/126"}],"wp:attachment":[{"href":"https:\/\/sisu.ut.ee\/kognitiivnesemantika\/wp-json\/wp\/v2\/media?parent=11"}],"curies":[{"name":"wp","href":"https:\/\/api.w.org\/{rel}","templated":true}]}}