{"id":7,"date":"2024-04-04T03:38:30","date_gmt":"2024-04-04T00:38:30","guid":{"rendered":"https:\/\/sisu.ut.ee\/knitting2018\/lat-inita-heinola\/"},"modified":"2024-04-04T03:42:21","modified_gmt":"2024-04-04T00:42:21","slug":"lat-inita-heinola","status":"publish","type":"page","link":"https:\/\/sisu.ut.ee\/knitting2018\/lat-inita-heinola\/","title":{"rendered":"Inita Heinola (LAT)"},"content":{"rendered":"<p>Title of the lecture: <strong>Knitted gloves, mittens, socks and stockings in Latvia.<\/strong><\/p><p>In the presentation, Inita Heinola shortly will introduce knitted garments from the collection of Clothing and Textiles of the National History Museum of Latvia. She will about the oldest items of collection from the 18th century until the first half of the 19th century, for their typical features \u2013 colors, patterns, composition. Inita will give a brief insight into how knitted garments changed in the second half of the 19th century and later on.\u00a0<\/p><p><\/p><p><em><strong>Inita Heinola<\/strong> is a chief curator of Clothing and Textiles collection in National History Museum of Latvia.<\/em><\/p><p><em>Her last major work was to curate the exhibition \u201cK\u016blainis, p\u0113rstainis delnainis\u2026\u201d (\u201cGloves, Mittens\u2026\u201d) at the NHML (26.10. 2016.-05.03.2017.)\u00a0<a href=\"http:\/\/lnvm.lv\/?p=8068\">http:\/\/lnvm.lv\/?p=8068<\/a>. Virtual version of the exhibition is also visible there (click on text in latvian \u2013 Apskati ar\u012b virtu\u0101lo izst\u0101di \u201cK\u016blainis, p\u0113rstainis, delnainis\u2026\u201d \u2013 on the bottom of page).<\/em><\/p><p><\/p><p><em>Last publication: Wall Calendars Kit for 2017 and 2018 year \u201cK\u016blainis, p\u0113rstainis delnainis\u00a0\u00a0 \u201d (\u201cGloves, Mittens\u2026\u201d). NHML edition.<\/em><\/p><p>Title of the attached photo:\u00a0Gloves and mittens. Second half of 19th century \u2013 beginning of 20th century. NHML collection.<\/p><br><figure class=\"wp-block-gallery has-nested-images columns-3 is-cropped wp-block-gallery-1 is-layout-flex wp-block-gallery-is-layout-flex\"><figure class=\"wp-block-image size-large\"><a href=\"https:\/\/sisu.ut.ee\/wp-content\/uploads\/sites\/245\/dsc_8968-scaled.jpg\"><img decoding=\"async\" data-id=\"70\" src=\"https:\/\/sisu.ut.ee\/wp-content\/uploads\/sites\/245\/dsc_8968-scaled.jpg\" alt=\"\" class=\"wp-ima&lt;\/figcaption&gt;&lt;\/figure&gt;&lt;figure class=\" wp-block-image size-large><\/a><a href=\"https:\/\/sisu.ut.ee\/wp-content\/uploads\/sites\/245\/dsc_3987.jpg\"><img decoding=\"async\" data-id=\"71\" src=\"https:\/\/sisu.ut.ee\/wp-content\/uploads\/sites\/245\/dsc_3987.jpg\" alt=\"\" class=\"wp-ima&lt;\/figcaption&gt;&lt;\/figure&gt;&lt;\/figure&gt;\"><\/a><\/figure><\/figure>","protected":false},"excerpt":{"rendered":"<p>Title of the lecture: Knitted gloves, mittens, socks and stockings in Latvia. In the presentation, Inita Heinola shortly will introduce knitted garments from the collection of Clothing and Textiles of the National History Museum of Latvia. She will about the &#8230;<\/p>\n","protected":false},"author":124,"featured_media":0,"parent":0,"menu_order":0,"comment_status":"closed","ping_status":"closed","template":"","meta":{"_acf_changed":false,"inline_featured_image":false,"footnotes":""},"class_list":["post-7","page","type-page","status-publish","hentry"],"acf":[],"_links":{"self":[{"href":"https:\/\/sisu.ut.ee\/knitting2018\/wp-json\/wp\/v2\/pages\/7","targetHints":{"allow":["GET"]}}],"collection":[{"href":"https:\/\/sisu.ut.ee\/knitting2018\/wp-json\/wp\/v2\/pages"}],"about":[{"href":"https:\/\/sisu.ut.ee\/knitting2018\/wp-json\/wp\/v2\/types\/page"}],"author":[{"embeddable":true,"href":"https:\/\/sisu.ut.ee\/knitting2018\/wp-json\/wp\/v2\/users\/124"}],"replies":[{"embeddable":true,"href":"https:\/\/sisu.ut.ee\/knitting2018\/wp-json\/wp\/v2\/comments?post=7"}],"version-history":[{"count":2,"href":"https:\/\/sisu.ut.ee\/knitting2018\/wp-json\/wp\/v2\/pages\/7\/revisions"}],"predecessor-version":[{"id":365,"href":"https:\/\/sisu.ut.ee\/knitting2018\/wp-json\/wp\/v2\/pages\/7\/revisions\/365"}],"wp:attachment":[{"href":"https:\/\/sisu.ut.ee\/knitting2018\/wp-json\/wp\/v2\/media?parent=7"}],"curies":[{"name":"wp","href":"https:\/\/api.w.org\/{rel}","templated":true}]}}