{"id":46,"date":"2024-04-04T03:38:33","date_gmt":"2024-04-04T00:38:33","guid":{"rendered":"https:\/\/sisu.ut.ee\/knitting2018\/irita-zeiere\/"},"modified":"2024-04-04T03:42:20","modified_gmt":"2024-04-04T00:42:20","slug":"irita-zeiere","status":"publish","type":"page","link":"https:\/\/sisu.ut.ee\/knitting2018\/irita-zeiere\/","title":{"rendered":"Irita \u017deiere (LAT)"},"content":{"rendered":"<p>Title of the lecture:<span><\/span><em><span>\u00a0<\/span><\/em><strong>Knitted Items in the Latvian Archaeological Materials<\/strong><\/p><p>In Latvia, around fifty samples of knitted items have been uncovered during archaeological research. These samples date back to the turn of the thirteenth century and represent the archaeological material up to the end of the eighteenth century. Among the finds are fragments of male and female gloves and mittens, socks and hats. Some of the fragments are very small and have been uncovered at various burial sites, some represent accidental finds, and some are complete or semi-complete items that represent the cultural layers of Riga.<\/p><p>The knitted items can be grouped into two categories \u2012 those made in nalbinding technique and those knitted with two needles. During this lecture the most significant finds of each category, as well as their connection with the ethnographic material will be discussed.\u00a0<\/p><p><span>\u00a0<\/span><\/p><p><em><strong>Irita \u017deiere<\/strong> has a Master\u2019s degree in History. She is an archaeologist and a researcher of archaeological textiles. She currently holds the position of a researcher at the Archaeology Department of the National History Museum of Latvia.<\/em><\/p><p><em><span style=\"text-decoration: underline\">Professional activities<\/span>:\u00a0<\/em><\/p><p><em>Archaeological textile research, development and distribution of reconstructions, participation in excavations, preparation of exhibitions, publications and presentations for seminars and conferences, as well as lectures and tutorials on the history of clothing.<\/em><\/p><p><em><span style=\"text-decoration: underline\">Latest publications<\/span>:<\/em><\/p><p><em>Irita \u017deiere. Arheolo\u0123iskais t\u0113rps, t\u0101 darin\u0101\u0161ana, valk\u0101\u0161ana un komplekt\u0113\u0161ana m\u016bsdienu Latvij\u0101. Riga, 2016.<\/em><\/p><p><em>Dress and accessories. On the road to becoming Latvian. Riga, LNVM, 2016,\u00a0<\/em><em>pp. 77-94.<\/em><\/p><p><em>Latvie\u0161u senais ap\u0123\u0113rbs. Latvie\u0161i un Latvija, 1.s\u0113j., Latvie\u0161i. Riga, 2013, pp. 372-423.\u00a0\u00a0\u00a0 \u00a0\u00a0\u00a0\u00a0\u00a0\u00a0\u00a0\u00a0\u00a0\u00a0\u00a0<\/em><\/p><p><em>Fragments of Male Dress from a 9<sup>th<\/sup> Century Bog Hoard in Latvia. NESAT XI. Rahden\/Westf., 2013, pp. 187-192.<\/em><\/p><p><em>Astru izmanto\u0161ana ap\u0123\u0113rb\u0101 Latvij\u0101. Latvijas Nacion\u0101l\u0101 V\u0113stures muzeja raksti Nr. 19. LNVM Zin\u0101tniskie las\u012bjumi 2007.-2010., Riga, 2013, pp. 129-136.<\/em><\/p><p><span>Description under the photograph:<\/span><span>\u00a0Left hand glove and its reconstruction. L\u012bv\u0101ni, 15<span>th<\/span>-16<span>th<\/span>\u00a0century. Collection of the National History Museum of Latvia. Photo by Roberts Kani\u0146\u0161<\/span><\/p><br><figure class=\"wp-block-gallery has-nested-images columns-3 is-cropped wp-block-gallery-1 is-layout-flex wp-block-gallery-is-layout-flex\"><figure class=\"wp-block-image size-large\"><a href=\"https:\/\/sisu.ut.ee\/wp-content\/uploads\/sites\/245\/foto-doc.jpg\"><img decoding=\"async\" data-id=\"194\" src=\"https:\/\/sisu.ut.ee\/wp-content\/uploads\/sites\/245\/foto-doc.jpg\" alt=\"\" class=\"wp-ima&gt;&lt;\/figcaption&gt;&lt;\/figure&gt;&lt;figure class=\" wp-block-image size-large><\/a><a href=\"https:\/\/sisu.ut.ee\/wp-content\/uploads\/sites\/245\/fig_2_01-scaled.jpg\"><img decoding=\"async\" data-id=\"195\" src=\"https:\/\/sisu.ut.ee\/wp-content\/uploads\/sites\/245\/fig_2_01-scaled.jpg\" alt=\"\" class=\"wp-ima&gt;&lt;\/figcaption&gt;&lt;\/figure&gt;&lt;figure class=\" wp-block-image size-large><\/a><a href=\"https:\/\/sisu.ut.ee\/wp-content\/uploads\/sites\/245\/fig_1_01.jpg\"><img decoding=\"async\" data-id=\"196\" src=\"https:\/\/sisu.ut.ee\/wp-content\/uploads\/sites\/245\/fig_1_01.jpg\" alt=\"\" class=\"wp-ima&gt;&lt;\/figcaption&gt;&lt;\/figure&gt;&lt;\/figure&gt;\"><\/a><\/figure><\/figure>","protected":false},"excerpt":{"rendered":"<p>Title of the lecture:\u00a0Knitted Items in the Latvian Archaeological Materials In Latvia, around fifty samples of knitted items have been uncovered during archaeological research. These samples date back to the turn of the thirteenth century and represent the archaeological material &#8230;<\/p>\n","protected":false},"author":124,"featured_media":0,"parent":0,"menu_order":0,"comment_status":"closed","ping_status":"closed","template":"","meta":{"_acf_changed":false,"inline_featured_image":false,"footnotes":""},"class_list":["post-46","page","type-page","status-publish","hentry"],"acf":[],"_links":{"self":[{"href":"https:\/\/sisu.ut.ee\/knitting2018\/wp-json\/wp\/v2\/pages\/46","targetHints":{"allow":["GET"]}}],"collection":[{"href":"https:\/\/sisu.ut.ee\/knitting2018\/wp-json\/wp\/v2\/pages"}],"about":[{"href":"https:\/\/sisu.ut.ee\/knitting2018\/wp-json\/wp\/v2\/types\/page"}],"author":[{"embeddable":true,"href":"https:\/\/sisu.ut.ee\/knitting2018\/wp-json\/wp\/v2\/users\/124"}],"replies":[{"embeddable":true,"href":"https:\/\/sisu.ut.ee\/knitting2018\/wp-json\/wp\/v2\/comments?post=46"}],"version-history":[{"count":2,"href":"https:\/\/sisu.ut.ee\/knitting2018\/wp-json\/wp\/v2\/pages\/46\/revisions"}],"predecessor-version":[{"id":335,"href":"https:\/\/sisu.ut.ee\/knitting2018\/wp-json\/wp\/v2\/pages\/46\/revisions\/335"}],"wp:attachment":[{"href":"https:\/\/sisu.ut.ee\/knitting2018\/wp-json\/wp\/v2\/media?parent=46"}],"curies":[{"name":"wp","href":"https:\/\/api.w.org\/{rel}","templated":true}]}}